{"id":894,"date":"2020-03-19T12:42:32","date_gmt":"2020-03-19T11:42:32","guid":{"rendered":"https:\/\/agora.xtec.cat\/llarcanroura\/?page_id=894"},"modified":"2020-07-24T11:20:02","modified_gmt":"2020-07-24T09:20:02","slug":"psicopedagogic","status":"publish","type":"page","link":"https:\/\/agora.xtec.cat\/llarcanroura\/psicopedagogic\/","title":{"rendered":"Psicopedag\u00f2gic"},"content":{"rendered":"<p>&nbsp;<\/p>\n<p style=\"text-align: justify;\"><span style=\"font-weight: 400;\">El servei psicopedag\u00f2gic, \u00e9s un servei adre\u00e7at a totes les fam\u00edlies que tenen un fill o filla escolaritzat al nostre poble.<\/span><\/p>\n<p style=\"text-align: justify;\"><span style=\"font-weight: 400;\">Aquest servei sempre ha estat un ajut tant per les fam\u00edlies com per les pr\u00f2pies educadores. \u00c9s important detectar i assessorar per agafar les coses a temps. La informaci\u00f3 i prevenci\u00f3 s\u00f3n el primer pas per resoldre. Cal treballar plegats per adonar-nos de la import\u00e0ncia de la nostra etapa educativa.<\/span><\/p>\n<p>Per a qualsevol informaci\u00f3 es pot fer directament a l&#8217;escola o trucar a la Merc\u00e8 Fonts al seu despatx. T<span style=\"font-weight: 400;\">el. 93 753 37 56.\/ e-mail: fontssm@vilassardedalt.cat<\/span><\/p>\n<p>&nbsp;<\/p>\n<p style=\"text-align: justify;\"><a href=\"https:\/\/agora.xtec.cat\/llarcanroura\/wp-content\/uploads\/usu2037\/2020\/03\/descarga-4.jpg\"><img loading=\"lazy\" decoding=\"async\" class=\"size-thumbnail wp-image-1044 aligncenter\" src=\"https:\/\/agora.xtec.cat\/llarcanroura\/wp-content\/uploads\/usu2037\/2020\/03\/descarga-4-150x150.jpg\" alt=\"\" width=\"150\" height=\"150\" \/><\/a><\/p>\n","protected":false},"excerpt":{"rendered":"<p>&nbsp;<br \/>\nEl servei psicopedag\u00f2gic, \u00e9s un servei adre\u00e7at a totes les fam\u00edlies que tenen un fill o filla escolaritzat al nostre poble.<br \/>\nAquest servei sempre ha estat un ajut tant per les fam\u00edlies com per les pr\u00f2pies educadores. \u00c9s important detectar i assessorar per agafar les coses&hellip;  <a href=\"https:\/\/agora.xtec.cat\/llarcanroura\/psicopedagogic\/\" title=\"Read Psicopedag\u00f2gic\">Llegeix m\u00e9s\u00bb<\/a><\/p>\n","protected":false},"author":4,"featured_media":0,"parent":0,"menu_order":0,"comment_status":"closed","ping_status":"closed","template":"","meta":{"_bbp_topic_count":0,"_bbp_reply_count":0,"_bbp_total_topic_count":0,"_bbp_total_reply_count":0,"_bbp_voice_count":0,"_bbp_anonymous_reply_count":0,"_bbp_topic_count_hidden":0,"_bbp_reply_count_hidden":0,"_bbp_forum_subforum_count":0,"footnotes":""},"class_list":["post-894","page","type-page","status-publish","hentry"],"post_mailing_queue_ids":[],"_links":{"self":[{"href":"https:\/\/agora.xtec.cat\/llarcanroura\/wp-json\/wp\/v2\/pages\/894","targetHints":{"allow":["GET"]}}],"collection":[{"href":"https:\/\/agora.xtec.cat\/llarcanroura\/wp-json\/wp\/v2\/pages"}],"about":[{"href":"https:\/\/agora.xtec.cat\/llarcanroura\/wp-json\/wp\/v2\/types\/page"}],"author":[{"embeddable":true,"href":"https:\/\/agora.xtec.cat\/llarcanroura\/wp-json\/wp\/v2\/users\/4"}],"replies":[{"embeddable":true,"href":"https:\/\/agora.xtec.cat\/llarcanroura\/wp-json\/wp\/v2\/comments?post=894"}],"version-history":[{"count":3,"href":"https:\/\/agora.xtec.cat\/llarcanroura\/wp-json\/wp\/v2\/pages\/894\/revisions"}],"predecessor-version":[{"id":1798,"href":"https:\/\/agora.xtec.cat\/llarcanroura\/wp-json\/wp\/v2\/pages\/894\/revisions\/1798"}],"wp:attachment":[{"href":"https:\/\/agora.xtec.cat\/llarcanroura\/wp-json\/wp\/v2\/media?parent=894"}],"curies":[{"name":"wp","href":"https:\/\/api.w.org\/{rel}","templated":true}]}}