{"id":882,"date":"2025-04-09T12:38:56","date_gmt":"2025-04-09T10:38:56","guid":{"rendered":"https:\/\/agora.xtec.cat\/llarcanroura\/?page_id=882"},"modified":"2025-09-16T16:47:17","modified_gmt":"2025-09-16T14:47:17","slug":"menjador","status":"publish","type":"page","link":"https:\/\/agora.xtec.cat\/llarcanroura\/menjador\/","title":{"rendered":"Menjador"},"content":{"rendered":"<p style=\"text-align: justify;\"><span style=\"font-weight: 400;\">La nostra escola disposa de cuina pr\u00f2pia, en la qual s\u2019elaboren di\u00e0riament els men\u00fas. A principi de curs, es facilita el men\u00fa (mensual) perqu\u00e8 les fam\u00edlies el coneguin i puguin planificar el sopar de manera complement\u00e0ria a casa.\u00a0<\/span><\/p>\n<p style=\"text-align: justify;\"><span style=\"font-weight: 400;\">Els men\u00fas que s\u2019ofereixen als infants s\u00f3n equilibrats i supervisats pel Servei de pediatria del CAP d Vilassar de Dalt. Si per alguna ra\u00f3 el pediatre de l&#8217;infant considera que li conv\u00e9 una dieta especial o si t\u00e9 al\u00b7l\u00e8rgia o intoler\u00e0ncia a algun aliment, mitjan\u00e7ant l&#8217;informe corresponent \u2014 em\u00e8s per un metge col\u00b7legiat\u2014 s\u2019atendr\u00e0 les necessitats espec\u00edfiques.<\/span><\/p>\n<p style=\"text-align: justify;\"><span style=\"font-weight: 400;\">Per raons higienico-sanit\u00e0ries i organitzatives, les fam\u00edlies no poden portar el dinar de casa en substituci\u00f3 del que proporciona l\u2019escola, ja que suposaria l\u2019entrada al centre de menjars sense el control sanitari que l\u2019escola ha de garantir.<\/span><\/p>\n<p style=\"text-align: justify;\"><span style=\"font-weight: 400;\">El dinar es servir\u00e0 a les 12h. del migdia a cada aula i ser\u00e0 l\u2019educadora qui vetllar\u00e0 per que els infants mengin correctament.<\/span><\/p>\n<p style=\"text-align: justify;\"><span style=\"font-weight: 400;\">Amb el preu del dinar s\u2019inclou el dinar, el berenar i les dues hores de perman\u00e8ncia al migdia. <\/span><b><i>Taxa de menjador: enlla\u00e7 directe a l&#8217;apartat de taxes<\/i><\/b><\/p>\n<p style=\"text-align: justify;\"><span style=\"font-weight: 400;\">A l\u2019escola bressol es facilita la possibilitat de continuar l\u2019alletament matern amb els infants, tant de manera presencial com mitjan\u00e7ant l\u2019administraci\u00f3 de la llet que la mare s\u2019hagi extret pr\u00e8viament. Aix\u00ed, doncs, amb l\u2019establiment d\u2019acords amb la direcci\u00f3 del centre es garanteix:\u00a0<\/span><\/p>\n<ul style=\"text-align: justify;\">\n<li style=\"font-weight: 400;\"><span style=\"font-weight: 400;\">La possibilitat que la mare pugui alletar l&#8217;infant a la mateixa aula de l\u2019escola.<\/span><\/li>\n<li style=\"font-weight: 400;\"><span style=\"font-weight: 400;\">La possibilitat de guardar, al frigor\u00edfic o al congelador de l\u2019escola, les unitats de llet materna aportades per la fam\u00edlia en dosis d\u2019una sola presa, etiquetades amb el nom i cognoms de l\u2019infant i la data de consumici\u00f3.<\/span><\/li>\n<\/ul>\n<p><a href=\"https:\/\/agora.xtec.cat\/llarcanroura\/menu-1-7\/\">https:\/\/agora.xtec.cat\/llarcanroura\/menu-1-7\/<\/a><\/p>\n<p>&nbsp;<\/p>\n<p style=\"text-align: center;\"><strong>MEN\u00da MENSUAL SENCER<\/strong><\/p>\n<table style=\"width: 100%;\">\n<tbody>\n<tr>\n<td style=\"width: 8.71744%;\"><\/td>\n<td style=\"width: 16.1323%;\"><b>DILLUNS<\/b><\/td>\n<td style=\"width: 19.0381%;\"><b>DIMARTS<\/b><\/td>\n<td style=\"width: 18.0361%;\"><b>DIMECRES<\/b><\/td>\n<td style=\"width: 18.2365%;\"><b>DIJOUS<\/b><\/td>\n<td style=\"width: 18.5371%;\"><b>DIVENDRES<\/b><\/td>\n<\/tr>\n<tr>\n<td style=\"width: 8.71744%;\"><b>MEN\u00da A<\/b><\/td>\n<td style=\"width: 16.1323%;\"><span style=\"font-weight: 400;\">Patates i verdura<\/span><\/p>\n<p><span style=\"font-weight: 400;\">Hamburguesa de carn\u00a0<\/span><\/p>\n<p><span style=\"font-weight: 400;\">Fruita<\/span><\/td>\n<td style=\"width: 19.0381%;\"><span style=\"font-weight: 400;\">Llenties amb verdures i pollastre\u00a0<\/span><\/p>\n<p><span style=\"font-weight: 400;\">Fruita\u00a0<\/span><\/td>\n<td style=\"width: 18.0361%;\"><span style=\"font-weight: 400;\">Fumet amb arr\u00f2s<\/span><\/p>\n<p><span style=\"font-weight: 400;\">\u00a0i peix\u00a0<\/span><\/p>\n<p><span style=\"font-weight: 400;\">Fruita\u00a0<\/span><\/td>\n<td style=\"width: 18.2365%;\"><span style=\"font-weight: 400;\">Pasta amb verdures i formatge\u00a0<\/span><\/p>\n<p><span style=\"font-weight: 400;\">Fruita\u00a0<\/span><\/td>\n<td style=\"width: 18.5371%;\"><span style=\"font-weight: 400;\">Mandonguilles a la jardinera<\/span><\/p>\n<p><span style=\"font-weight: 400;\">Fruita<\/span><\/td>\n<\/tr>\n<tr>\n<td style=\"width: 8.71744%;\"><b>MEN\u00da B<\/b><\/td>\n<td style=\"width: 16.1323%;\"><span style=\"font-weight: 400;\">Llenties amb verdures i arr\u00f2s<\/span><\/p>\n<p><span style=\"font-weight: 400;\">\u00a0Fruita<\/span><\/td>\n<td style=\"width: 19.0381%;\"><span style=\"font-weight: 400;\">Patates i verdures<\/span><\/p>\n<p><span style=\"font-weight: 400;\">Pollastre arrebossat<\/span><\/p>\n<p><span style=\"font-weight: 400;\">Fruita<\/span><\/td>\n<td style=\"width: 18.0361%;\"><span style=\"font-weight: 400;\">Macarrons a la bolonyesa\u00a0<\/span><\/p>\n<p><span style=\"font-weight: 400;\">Fruita<\/span><\/td>\n<td style=\"width: 18.2365%;\"><span style=\"font-weight: 400;\">Llegum amb verdures<\/span><\/p>\n<p><span style=\"font-weight: 400;\">Fruita\u00a0<\/span><\/td>\n<td style=\"width: 18.5371%;\"><span style=\"font-weight: 400;\">Estofat de peix\u00a0<\/span><\/p>\n<p><span style=\"font-weight: 400;\">Fruita<\/span><\/td>\n<\/tr>\n<tr>\n<td style=\"width: 8.71744%;\"><b>MEN\u00da C<\/b><\/td>\n<td style=\"width: 16.1323%;\"><span style=\"font-weight: 400;\">Patates i verdures<\/span><\/p>\n<p><span style=\"font-weight: 400;\">Ous remenats<\/span><\/p>\n<p><span style=\"font-weight: 400;\">Fruita<\/span><\/td>\n<td style=\"width: 19.0381%;\"><span style=\"font-weight: 400;\">Llenties amb verdures<\/span><\/p>\n<p><span style=\"font-weight: 400;\">i pollastre<\/span><\/p>\n<p><span style=\"font-weight: 400;\">Fruita<\/span><\/td>\n<td style=\"width: 18.0361%;\"><span style=\"font-weight: 400;\">Escudella i carn d\u2019olla Fruita\u00a0<\/span><\/td>\n<td style=\"width: 18.2365%;\"><span style=\"font-weight: 400;\">Crema de verdures<\/span><\/p>\n<p><span style=\"font-weight: 400;\">Peix enfarinat\u00a0<\/span><\/p>\n<p><span style=\"font-weight: 400;\">Fruita<\/span><\/td>\n<td style=\"width: 18.5371%;\"><span style=\"font-weight: 400;\">Pasta amb verdures i formatge<\/span><\/p>\n<p><span style=\"font-weight: 400;\">Fruita<\/span><\/td>\n<\/tr>\n<tr>\n<td style=\"width: 8.71744%;\"><b>MEN\u00da D<\/b><\/td>\n<td style=\"width: 16.1323%;\"><span style=\"font-weight: 400;\">Arr\u00f2s tres del\u00edcies<\/span><\/p>\n<p><span style=\"font-weight: 400;\">Fruita\u00a0<\/span><\/td>\n<td style=\"width: 19.0381%;\"><span style=\"font-weight: 400;\">Macarrons a la bolonyesa<\/span><\/p>\n<p><span style=\"font-weight: 400;\">Fruita\u00a0<\/span><\/td>\n<td style=\"width: 18.0361%;\"><span style=\"font-weight: 400;\">Llegum amb verdures i patata\u00a0<\/span><\/p>\n<p><span style=\"font-weight: 400;\">Fruita<\/span><\/td>\n<td style=\"width: 18.2365%;\"><span style=\"font-weight: 400;\">Patates i verdura<\/span><\/p>\n<p><span style=\"font-weight: 400;\">Gall d\u2019indi arrebossat<\/span><\/p>\n<p><span style=\"font-weight: 400;\">Fruita<\/span><\/td>\n<td style=\"width: 18.5371%;\"><span style=\"font-weight: 400;\">Estofat de peix<\/span><\/p>\n<p><span style=\"font-weight: 400;\">Fruita<\/span><\/td>\n<\/tr>\n<\/tbody>\n<\/table>\n<p>&nbsp;<\/p>\n<p><span style=\"font-weight: 400;\">Cada dia acompanyarem els plats amb amanida verda (enciam, tom\u00e0quet, cogombre, pastanaga&#8230;., anirem variant.)<\/span><\/p>\n<p><span style=\"font-weight: 400;\">No s\u2019afegir\u00e0 sal en l\u2019elaboraci\u00f3 dels menjars<\/span><\/p>\n<p><span style=\"font-weight: 400;\">Els bastonets i el pa ser\u00e0 integral.<\/span><\/p>\n<p>&nbsp;<\/p>\n<table>\n<tbody>\n<tr>\n<td><b>BERENAR<\/b><\/td>\n<td><span style=\"font-weight: 400;\">Iogurt amb bastonets<\/span><\/td>\n<td><span style=\"font-weight: 400;\">Entrep\u00e0 de formatge\u00a0<\/span><\/td>\n<td><span style=\"font-weight: 400;\">Iogurt amb bastonets<\/span><\/td>\n<td><span style=\"font-weight: 400;\">Pl\u00e0tan amb pa<\/span><\/td>\n<td><span style=\"font-weight: 400;\">Iogurt amb bastonets<\/span><\/td>\n<\/tr>\n<\/tbody>\n<\/table>\n<p>&nbsp;<\/p>\n<p><b>TRITURAT<\/b><\/p>\n<table>\n<tbody>\n<tr>\n<td><b>DILLUNS<\/b><\/td>\n<td><b>DIMARTS<\/b><\/td>\n<td><b>DIMECRES<\/b><\/td>\n<td><b>DIJOUS<\/b><\/td>\n<td><b>DIVENDRES<\/b><\/td>\n<\/tr>\n<tr>\n<td><span style=\"font-weight: 400;\">Pur\u00e9 de verdures<\/span><\/p>\n<p><span style=\"font-weight: 400;\">Pollastre a la planxa<\/span><\/p>\n<p><span style=\"font-weight: 400;\">Iogurt<\/span><\/td>\n<td><span style=\"font-weight: 400;\">Pur\u00e9 de verdures<\/span><\/p>\n<p><span style=\"font-weight: 400;\">Vedella a la planxa<\/span><\/p>\n<p><span style=\"font-weight: 400;\">Suc de taronja<\/span><\/td>\n<td><span style=\"font-weight: 400;\">Pur\u00e9 de verdures<\/span><\/p>\n<p><span style=\"font-weight: 400;\">Gall d\u2019indi a la planxa<\/span><\/p>\n<p><span style=\"font-weight: 400;\">Iogurt\u00a0<\/span><\/td>\n<td><span style=\"font-weight: 400;\">Pur\u00e9 de verdures<\/span><\/p>\n<p><span style=\"font-weight: 400;\">Peix<\/span><\/p>\n<p><span style=\"font-weight: 400;\">Suc de taronja<\/span><\/td>\n<td><span style=\"font-weight: 400;\">Pur\u00e9 de verdures<\/span><\/p>\n<p><span style=\"font-weight: 400;\">Pollastre a la planxa<\/span><\/p>\n<p><span style=\"font-weight: 400;\">Iogurt<\/span><\/td>\n<\/tr>\n<\/tbody>\n<\/table>\n<p>&nbsp;<\/p>\n<table>\n<tbody>\n<tr>\n<td><b>DILLUNS<\/b><\/td>\n<td><b>DIMARTS<\/b><\/td>\n<td><b>DIMECRES<\/b><\/td>\n<td><b>DIJOUS<\/b><\/td>\n<td><b>DIVENDRES<\/b><\/td>\n<\/tr>\n<tr>\n<td><span style=\"font-weight: 400;\">Pur\u00e9 de fruites<\/span><\/td>\n<td><span style=\"font-weight: 400;\">Iogurt amb bastonets<\/span><\/td>\n<td><span style=\"font-weight: 400;\">Pur\u00e9 de fruites<\/span><\/td>\n<td><span style=\"font-weight: 400;\">Iogurt amb bastonets<\/span><\/td>\n<td><span style=\"font-weight: 400;\">Pur\u00e9 de fruites<\/span><\/td>\n<\/tr>\n<\/tbody>\n<\/table>\n<p>&nbsp;<\/p>\n<p><strong><u>GALERIA DE FOTOS DELS MEN\u00daS<\/u><\/strong><\/p>\n<p style=\"text-align: justify;\"><strong>PLATS \u00daNICS<\/strong><\/p>\n<p style=\"text-align: justify;\"><img loading=\"lazy\" decoding=\"async\" class=\" wp-image-1999 alignleft\" src=\"https:\/\/agora.xtec.cat\/llarcanroura\/wp-content\/uploads\/usu2037\/2021\/04\/Imagen-3-300x300.jpg\" alt=\"\" width=\"197\" height=\"197\" srcset=\"https:\/\/agora.xtec.cat\/llarcanroura\/wp-content\/uploads\/usu2037\/2021\/04\/Imagen-3-300x300.jpg 300w, https:\/\/agora.xtec.cat\/llarcanroura\/wp-content\/uploads\/usu2037\/2021\/04\/Imagen-3-150x150.jpg 150w, https:\/\/agora.xtec.cat\/llarcanroura\/wp-content\/uploads\/usu2037\/2021\/04\/Imagen-3.jpg 436w\" sizes=\"auto, (max-width: 197px) 100vw, 197px\" \/><img loading=\"lazy\" decoding=\"async\" class=\" wp-image-982 alignleft\" src=\"https:\/\/agora.xtec.cat\/llarcanroura\/wp-content\/uploads\/usu2037\/2020\/03\/Captura-de-pantalla-2020-03-23-a-las-13.35.22.png\" alt=\"\" width=\"199\" height=\"200\" srcset=\"https:\/\/agora.xtec.cat\/llarcanroura\/wp-content\/uploads\/usu2037\/2020\/03\/Captura-de-pantalla-2020-03-23-a-las-13.35.22.png 292w, https:\/\/agora.xtec.cat\/llarcanroura\/wp-content\/uploads\/usu2037\/2020\/03\/Captura-de-pantalla-2020-03-23-a-las-13.35.22-150x150.png 150w\" sizes=\"auto, (max-width: 199px) 100vw, 199px\" \/><\/p>\n<p style=\"text-align: justify;\"><img loading=\"lazy\" decoding=\"async\" class=\"wp-image-981 alignleft\" src=\"https:\/\/agora.xtec.cat\/llarcanroura\/wp-content\/uploads\/usu2037\/2020\/03\/Captura-de-pantalla-2020-03-23-a-las-13.35.12.png\" alt=\"\" width=\"203\" height=\"200\" \/><\/p>\n<p><img loading=\"lazy\" decoding=\"async\" class=\" wp-image-2011 alignleft\" src=\"https:\/\/agora.xtec.cat\/llarcanroura\/wp-content\/uploads\/usu2037\/2021\/04\/Imagen-5-300x300.jpg\" alt=\"\" width=\"191\" height=\"191\" srcset=\"https:\/\/agora.xtec.cat\/llarcanroura\/wp-content\/uploads\/usu2037\/2021\/04\/Imagen-5-300x300.jpg 300w, https:\/\/agora.xtec.cat\/llarcanroura\/wp-content\/uploads\/usu2037\/2021\/04\/Imagen-5-150x150.jpg 150w, https:\/\/agora.xtec.cat\/llarcanroura\/wp-content\/uploads\/usu2037\/2021\/04\/Imagen-5.jpg 655w\" sizes=\"auto, (max-width: 191px) 100vw, 191px\" \/><\/p>\n<p>&nbsp;<\/p>\n<p>&nbsp;<\/p>\n<p>&nbsp;<\/p>\n<p>&nbsp;<\/p>\n<p>&nbsp;<\/p>\n<p>&nbsp;<\/p>\n<p>&nbsp;<\/p>\n<p>&nbsp;<\/p>\n<p>&nbsp;<\/p>\n<p><img loading=\"lazy\" decoding=\"async\" class=\"wp-image-980 alignleft\" src=\"https:\/\/agora.xtec.cat\/llarcanroura\/wp-content\/uploads\/usu2037\/2020\/03\/Captura-de-pantalla-2020-03-23-a-las-13.35.01.png\" alt=\"\" width=\"197\" height=\"197\" srcset=\"https:\/\/agora.xtec.cat\/llarcanroura\/wp-content\/uploads\/usu2037\/2020\/03\/Captura-de-pantalla-2020-03-23-a-las-13.35.01.png 294w, https:\/\/agora.xtec.cat\/llarcanroura\/wp-content\/uploads\/usu2037\/2020\/03\/Captura-de-pantalla-2020-03-23-a-las-13.35.01-150x150.png 150w\" sizes=\"auto, (max-width: 197px) 100vw, 197px\" \/><\/p>\n<p>&nbsp;<\/p>\n<p><img loading=\"lazy\" decoding=\"async\" class=\"wp-image-1997 alignleft\" src=\"https:\/\/agora.xtec.cat\/llarcanroura\/wp-content\/uploads\/usu2037\/2021\/04\/Imagen-1-2-300x300.jpg\" alt=\"\" width=\"192\" height=\"192\" srcset=\"https:\/\/agora.xtec.cat\/llarcanroura\/wp-content\/uploads\/usu2037\/2021\/04\/Imagen-1-2-300x300.jpg 300w, https:\/\/agora.xtec.cat\/llarcanroura\/wp-content\/uploads\/usu2037\/2021\/04\/Imagen-1-2-150x150.jpg 150w, https:\/\/agora.xtec.cat\/llarcanroura\/wp-content\/uploads\/usu2037\/2021\/04\/Imagen-1-2.jpg 436w\" sizes=\"auto, (max-width: 192px) 100vw, 192px\" \/><\/p>\n<p>&nbsp;<\/p>\n<p>&nbsp;<\/p>\n<p>&nbsp;<\/p>\n<p>&nbsp;<\/p>\n<p>&nbsp;<\/p>\n<p>&nbsp;<\/p>\n<p style=\"text-align: justify;\"><strong>PRIMERS PLATS<\/strong><\/p>\n<p style=\"text-align: justify;\"><img loading=\"lazy\" decoding=\"async\" class=\"wp-image-992 alignleft\" src=\"https:\/\/agora.xtec.cat\/llarcanroura\/wp-content\/uploads\/usu2037\/2020\/03\/Captura-de-pantalla-2020-03-23-a-las-13.36.33.png\" alt=\"\" width=\"198\" height=\"198\" srcset=\"https:\/\/agora.xtec.cat\/llarcanroura\/wp-content\/uploads\/usu2037\/2020\/03\/Captura-de-pantalla-2020-03-23-a-las-13.36.33.png 296w, https:\/\/agora.xtec.cat\/llarcanroura\/wp-content\/uploads\/usu2037\/2020\/03\/Captura-de-pantalla-2020-03-23-a-las-13.36.33-150x150.png 150w\" sizes=\"auto, (max-width: 198px) 100vw, 198px\" \/> <img loading=\"lazy\" decoding=\"async\" class=\"wp-image-993 alignleft\" src=\"https:\/\/agora.xtec.cat\/llarcanroura\/wp-content\/uploads\/usu2037\/2020\/03\/Captura-de-pantalla-2020-03-23-a-las-13.36.40.png\" alt=\"\" width=\"200\" height=\"199\" srcset=\"https:\/\/agora.xtec.cat\/llarcanroura\/wp-content\/uploads\/usu2037\/2020\/03\/Captura-de-pantalla-2020-03-23-a-las-13.36.40.png 298w, https:\/\/agora.xtec.cat\/llarcanroura\/wp-content\/uploads\/usu2037\/2020\/03\/Captura-de-pantalla-2020-03-23-a-las-13.36.40-150x150.png 150w\" sizes=\"auto, (max-width: 200px) 100vw, 200px\" \/> <img loading=\"lazy\" decoding=\"async\" class=\"wp-image-994 alignleft\" src=\"https:\/\/agora.xtec.cat\/llarcanroura\/wp-content\/uploads\/usu2037\/2020\/03\/Captura-de-pantalla-2020-03-23-a-las-13.36.52.png\" alt=\"\" width=\"199\" height=\"200\" srcset=\"https:\/\/agora.xtec.cat\/llarcanroura\/wp-content\/uploads\/usu2037\/2020\/03\/Captura-de-pantalla-2020-03-23-a-las-13.36.52.png 296w, https:\/\/agora.xtec.cat\/llarcanroura\/wp-content\/uploads\/usu2037\/2020\/03\/Captura-de-pantalla-2020-03-23-a-las-13.36.52-150x150.png 150w\" sizes=\"auto, (max-width: 199px) 100vw, 199px\" \/> <img loading=\"lazy\" decoding=\"async\" class=\"wp-image-995 alignleft\" src=\"https:\/\/agora.xtec.cat\/llarcanroura\/wp-content\/uploads\/usu2037\/2020\/03\/Captura-de-pantalla-2020-03-23-a-las-13.37.04.png\" alt=\"\" width=\"200\" height=\"200\" srcset=\"https:\/\/agora.xtec.cat\/llarcanroura\/wp-content\/uploads\/usu2037\/2020\/03\/Captura-de-pantalla-2020-03-23-a-las-13.37.04.png 296w, https:\/\/agora.xtec.cat\/llarcanroura\/wp-content\/uploads\/usu2037\/2020\/03\/Captura-de-pantalla-2020-03-23-a-las-13.37.04-150x150.png 150w\" sizes=\"auto, (max-width: 200px) 100vw, 200px\" \/><\/p>\n<p>&nbsp;<\/p>\n<p>&nbsp;<\/p>\n<p>&nbsp;<\/p>\n<p>&nbsp;<\/p>\n<p>&nbsp;<\/p>\n<p style=\"text-align: justify;\"><img loading=\"lazy\" decoding=\"async\" class=\"wp-image-996 alignleft\" src=\"https:\/\/agora.xtec.cat\/llarcanroura\/wp-content\/uploads\/usu2037\/2020\/03\/Captura-de-pantalla-2020-03-23-a-las-13.38.55.png\" alt=\"\" width=\"195\" height=\"194\" srcset=\"https:\/\/agora.xtec.cat\/llarcanroura\/wp-content\/uploads\/usu2037\/2020\/03\/Captura-de-pantalla-2020-03-23-a-las-13.38.55.png 296w, https:\/\/agora.xtec.cat\/llarcanroura\/wp-content\/uploads\/usu2037\/2020\/03\/Captura-de-pantalla-2020-03-23-a-las-13.38.55-150x150.png 150w\" sizes=\"auto, (max-width: 195px) 100vw, 195px\" \/><\/p>\n<p><img loading=\"lazy\" decoding=\"async\" class=\" wp-image-1998 alignleft\" src=\"https:\/\/agora.xtec.cat\/llarcanroura\/wp-content\/uploads\/usu2037\/2021\/04\/Imagen-2-300x300.jpg\" alt=\"\" width=\"191\" height=\"191\" srcset=\"https:\/\/agora.xtec.cat\/llarcanroura\/wp-content\/uploads\/usu2037\/2021\/04\/Imagen-2-300x300.jpg 300w, https:\/\/agora.xtec.cat\/llarcanroura\/wp-content\/uploads\/usu2037\/2021\/04\/Imagen-2-150x150.jpg 150w, https:\/\/agora.xtec.cat\/llarcanroura\/wp-content\/uploads\/usu2037\/2021\/04\/Imagen-2.jpg 436w\" sizes=\"auto, (max-width: 191px) 100vw, 191px\" \/><\/p>\n<p>&nbsp;<\/p>\n<p>&nbsp;<\/p>\n<p>&nbsp;<\/p>\n<p>&nbsp;<\/p>\n<p>&nbsp;<\/p>\n<p>&nbsp;<\/p>\n<p style=\"text-align: justify;\"><strong>SEGONS PLATS<\/strong><\/p>\n<p style=\"text-align: justify;\"><img loading=\"lazy\" decoding=\"async\" class=\" wp-image-987 alignleft\" src=\"https:\/\/agora.xtec.cat\/llarcanroura\/wp-content\/uploads\/usu2037\/2020\/03\/Captura-de-pantalla-2020-03-23-a-las-13.37.11.png\" alt=\"\" width=\"194\" height=\"194\" srcset=\"https:\/\/agora.xtec.cat\/llarcanroura\/wp-content\/uploads\/usu2037\/2020\/03\/Captura-de-pantalla-2020-03-23-a-las-13.37.11.png 296w, https:\/\/agora.xtec.cat\/llarcanroura\/wp-content\/uploads\/usu2037\/2020\/03\/Captura-de-pantalla-2020-03-23-a-las-13.37.11-150x150.png 150w\" sizes=\"auto, (max-width: 194px) 100vw, 194px\" \/> <img loading=\"lazy\" decoding=\"async\" class=\" wp-image-988 alignleft\" src=\"https:\/\/agora.xtec.cat\/llarcanroura\/wp-content\/uploads\/usu2037\/2020\/03\/Captura-de-pantalla-2020-03-23-a-las-13.37.19.png\" alt=\"\" width=\"199\" height=\"200\" srcset=\"https:\/\/agora.xtec.cat\/llarcanroura\/wp-content\/uploads\/usu2037\/2020\/03\/Captura-de-pantalla-2020-03-23-a-las-13.37.19.png 294w, https:\/\/agora.xtec.cat\/llarcanroura\/wp-content\/uploads\/usu2037\/2020\/03\/Captura-de-pantalla-2020-03-23-a-las-13.37.19-150x150.png 150w\" sizes=\"auto, (max-width: 199px) 100vw, 199px\" \/> <img loading=\"lazy\" decoding=\"async\" class=\" wp-image-989 alignleft\" src=\"https:\/\/agora.xtec.cat\/llarcanroura\/wp-content\/uploads\/usu2037\/2020\/03\/Captura-de-pantalla-2020-03-23-a-las-13.37.26-300x294.png\" alt=\"\" width=\"200\" height=\"196\" \/> <img loading=\"lazy\" decoding=\"async\" class=\" wp-image-990 alignleft\" src=\"https:\/\/agora.xtec.cat\/llarcanroura\/wp-content\/uploads\/usu2037\/2020\/03\/Captura-de-pantalla-2020-03-23-a-las-13.37.35.png\" alt=\"\" width=\"196\" height=\"196\" srcset=\"https:\/\/agora.xtec.cat\/llarcanroura\/wp-content\/uploads\/usu2037\/2020\/03\/Captura-de-pantalla-2020-03-23-a-las-13.37.35.png 292w, https:\/\/agora.xtec.cat\/llarcanroura\/wp-content\/uploads\/usu2037\/2020\/03\/Captura-de-pantalla-2020-03-23-a-las-13.37.35-150x150.png 150w\" sizes=\"auto, (max-width: 196px) 100vw, 196px\" \/><\/p>\n<p>&nbsp;<\/p>\n<p>&nbsp;<\/p>\n<p>&nbsp;<\/p>\n<p>&nbsp;<\/p>\n<p>&nbsp;<\/p>\n<p>&nbsp;<\/p>\n<p><img loading=\"lazy\" decoding=\"async\" class=\" wp-image-2000 alignleft\" src=\"https:\/\/agora.xtec.cat\/llarcanroura\/wp-content\/uploads\/usu2037\/2021\/04\/Imagen-4-300x300.jpg\" alt=\"\" width=\"197\" height=\"197\" srcset=\"https:\/\/agora.xtec.cat\/llarcanroura\/wp-content\/uploads\/usu2037\/2021\/04\/Imagen-4-300x300.jpg 300w, https:\/\/agora.xtec.cat\/llarcanroura\/wp-content\/uploads\/usu2037\/2021\/04\/Imagen-4-150x150.jpg 150w, https:\/\/agora.xtec.cat\/llarcanroura\/wp-content\/uploads\/usu2037\/2021\/04\/Imagen-4.jpg 436w\" sizes=\"auto, (max-width: 197px) 100vw, 197px\" \/><\/p>\n<p>&nbsp;<\/p>\n<p>&nbsp;<\/p>\n<p>&nbsp;<\/p>\n<p>&nbsp;<\/p>\n<p>&nbsp;<\/p>\n<p>&nbsp;<\/p>\n<p style=\"text-align: justify;\"><strong>GUARNICIONS I POSTRES<\/strong><\/p>\n<p style=\"text-align: justify;\"><img loading=\"lazy\" decoding=\"async\" class=\" wp-image-997 alignleft\" src=\"https:\/\/agora.xtec.cat\/llarcanroura\/wp-content\/uploads\/usu2037\/2020\/03\/Captura-de-pantalla-2020-03-23-a-las-13.34.09.png\" alt=\"\" width=\"188\" height=\"187\" srcset=\"https:\/\/agora.xtec.cat\/llarcanroura\/wp-content\/uploads\/usu2037\/2020\/03\/Captura-de-pantalla-2020-03-23-a-las-13.34.09.png 296w, https:\/\/agora.xtec.cat\/llarcanroura\/wp-content\/uploads\/usu2037\/2020\/03\/Captura-de-pantalla-2020-03-23-a-las-13.34.09-150x150.png 150w\" sizes=\"auto, (max-width: 188px) 100vw, 188px\" \/> <img loading=\"lazy\" decoding=\"async\" class=\"wp-image-999 alignleft\" src=\"https:\/\/agora.xtec.cat\/llarcanroura\/wp-content\/uploads\/usu2037\/2020\/03\/Captura-de-pantalla-2020-03-23-a-las-13.34.30.png\" alt=\"\" width=\"190\" height=\"189\" srcset=\"https:\/\/agora.xtec.cat\/llarcanroura\/wp-content\/uploads\/usu2037\/2020\/03\/Captura-de-pantalla-2020-03-23-a-las-13.34.30.png 296w, https:\/\/agora.xtec.cat\/llarcanroura\/wp-content\/uploads\/usu2037\/2020\/03\/Captura-de-pantalla-2020-03-23-a-las-13.34.30-150x150.png 150w\" sizes=\"auto, (max-width: 190px) 100vw, 190px\" \/><\/p>\n<p>&nbsp;<\/p>\n<p>&nbsp;<\/p>\n<p>&nbsp;<\/p>\n<p>&nbsp;<\/p>\n<p>&nbsp;<\/p>\n<p><img loading=\"lazy\" decoding=\"async\" class=\"\" src=\"https:\/\/agora.xtec.cat\/llarcanroura\/wp-content\/uploads\/usu2037\/2025\/09\/unnamed-150x150.jpg\" width=\"183\" height=\"183\" \/><\/p>\n<p>&nbsp;<\/p>\n<p>&nbsp;<\/p>\n<p style=\"text-align: justify;\"><strong>BERENARS<\/strong><\/p>\n<p style=\"text-align: justify;\"><img loading=\"lazy\" decoding=\"async\" class=\" wp-image-1000 alignleft\" src=\"https:\/\/agora.xtec.cat\/llarcanroura\/wp-content\/uploads\/usu2037\/2020\/03\/Captura-de-pantalla-2020-03-23-a-las-13.32.51-300x298.png\" alt=\"\" width=\"189\" height=\"188\" srcset=\"https:\/\/agora.xtec.cat\/llarcanroura\/wp-content\/uploads\/usu2037\/2020\/03\/Captura-de-pantalla-2020-03-23-a-las-13.32.51.png 300w, https:\/\/agora.xtec.cat\/llarcanroura\/wp-content\/uploads\/usu2037\/2020\/03\/Captura-de-pantalla-2020-03-23-a-las-13.32.51-150x150.png 150w\" sizes=\"auto, (max-width: 189px) 100vw, 189px\" \/> <img loading=\"lazy\" decoding=\"async\" class=\" wp-image-1001 alignleft\" src=\"https:\/\/agora.xtec.cat\/llarcanroura\/wp-content\/uploads\/usu2037\/2020\/03\/Captura-de-pantalla-2020-03-23-a-las-13.33.42-300x296.png\" alt=\"\" width=\"190\" height=\"187\" srcset=\"https:\/\/agora.xtec.cat\/llarcanroura\/wp-content\/uploads\/usu2037\/2020\/03\/Captura-de-pantalla-2020-03-23-a-las-13.33.42-300x296.png 300w, https:\/\/agora.xtec.cat\/llarcanroura\/wp-content\/uploads\/usu2037\/2020\/03\/Captura-de-pantalla-2020-03-23-a-las-13.33.42.png 306w\" sizes=\"auto, (max-width: 190px) 100vw, 190px\" \/> <img loading=\"lazy\" decoding=\"async\" class=\" wp-image-1002 alignleft\" src=\"https:\/\/agora.xtec.cat\/llarcanroura\/wp-content\/uploads\/usu2037\/2020\/03\/Captura-de-pantalla-2020-03-23-a-las-13.33.51-300x298.png\" alt=\"\" width=\"191\" height=\"190\" srcset=\"https:\/\/agora.xtec.cat\/llarcanroura\/wp-content\/uploads\/usu2037\/2020\/03\/Captura-de-pantalla-2020-03-23-a-las-13.33.51-300x298.png 300w, https:\/\/agora.xtec.cat\/llarcanroura\/wp-content\/uploads\/usu2037\/2020\/03\/Captura-de-pantalla-2020-03-23-a-las-13.33.51-150x150.png 150w, https:\/\/agora.xtec.cat\/llarcanroura\/wp-content\/uploads\/usu2037\/2020\/03\/Captura-de-pantalla-2020-03-23-a-las-13.33.51.png 306w\" sizes=\"auto, (max-width: 191px) 100vw, 191px\" \/><\/p>\n<p>&nbsp;<\/p>\n<p>&nbsp;<\/p>\n<p>&nbsp;<\/p>\n<p>&nbsp;<\/p>\n<p>&nbsp;<\/p>\n<p>&nbsp;<\/p>\n","protected":false},"excerpt":{"rendered":"<p>La nostra escola disposa de cuina pr\u00f2pia, en la qual s\u2019elaboren di\u00e0riament els men\u00fas. A principi de curs, es facilita el men\u00fa (mensual) perqu\u00e8 les fam\u00edlies el coneguin i puguin planificar el sopar de manera complement\u00e0ria a casa.\u00a0<br \/>\nEls men\u00fas que s\u2019ofereixen als infants s\u00f3n equilibrats&hellip;  <a href=\"https:\/\/agora.xtec.cat\/llarcanroura\/menjador\/\" title=\"Read Menjador\">Llegeix m\u00e9s\u00bb<\/a><\/p>\n","protected":false},"author":4,"featured_media":0,"parent":0,"menu_order":0,"comment_status":"closed","ping_status":"closed","template":"","meta":{"_bbp_topic_count":0,"_bbp_reply_count":0,"_bbp_total_topic_count":0,"_bbp_total_reply_count":0,"_bbp_voice_count":0,"_bbp_anonymous_reply_count":0,"_bbp_topic_count_hidden":0,"_bbp_reply_count_hidden":0,"_bbp_forum_subforum_count":0,"footnotes":""},"class_list":["post-882","page","type-page","status-publish","hentry"],"post_mailing_queue_ids":[],"_links":{"self":[{"href":"https:\/\/agora.xtec.cat\/llarcanroura\/wp-json\/wp\/v2\/pages\/882","targetHints":{"allow":["GET"]}}],"collection":[{"href":"https:\/\/agora.xtec.cat\/llarcanroura\/wp-json\/wp\/v2\/pages"}],"about":[{"href":"https:\/\/agora.xtec.cat\/llarcanroura\/wp-json\/wp\/v2\/types\/page"}],"author":[{"embeddable":true,"href":"https:\/\/agora.xtec.cat\/llarcanroura\/wp-json\/wp\/v2\/users\/4"}],"replies":[{"embeddable":true,"href":"https:\/\/agora.xtec.cat\/llarcanroura\/wp-json\/wp\/v2\/comments?post=882"}],"version-history":[{"count":10,"href":"https:\/\/agora.xtec.cat\/llarcanroura\/wp-json\/wp\/v2\/pages\/882\/revisions"}],"predecessor-version":[{"id":2482,"href":"https:\/\/agora.xtec.cat\/llarcanroura\/wp-json\/wp\/v2\/pages\/882\/revisions\/2482"}],"wp:attachment":[{"href":"https:\/\/agora.xtec.cat\/llarcanroura\/wp-json\/wp\/v2\/media?parent=882"}],"curies":[{"name":"wp","href":"https:\/\/api.w.org\/{rel}","templated":true}]}}