{"id":863,"date":"2020-03-18T19:39:52","date_gmt":"2020-03-18T18:39:52","guid":{"rendered":"https:\/\/agora.xtec.cat\/llarcanroura\/?page_id=863"},"modified":"2020-05-08T16:53:32","modified_gmt":"2020-05-08T14:53:32","slug":"sala-sensorial","status":"publish","type":"page","link":"https:\/\/agora.xtec.cat\/llarcanroura\/lescola\/instal%c2%b7lacions\/sala-sensorial\/","title":{"rendered":"Sala multisensorial"},"content":{"rendered":"<p style=\"text-align: justify;\">La sala de multisensorial, \u00e9s una sala que ofereix la possibilitat d&#8217;obtenir experi\u00e8ncies sensorials agradables en una atmosfera de confian\u00e7a, relaxaci\u00f3 i comunicaci\u00f3, a trav\u00e9s de l&#8217;estimulaci\u00f3 de les diferents \u00e0rees b\u00e0siques de percepci\u00f3: tacte, o\u00efda, vista, olfacte, gust, cin\u00e8tic&#8230;<\/p>\n<p style=\"text-align: justify;\">Els materials que tenim en la nostra sala multisensorial s\u00f3n:<\/p>\n<ul>\n<li style=\"text-align: justify;\">Taules de llum: amb diferents transpar\u00e8ncies com ara fulles i animals de granja. Ampolles d&#8217;aigua amb colorant i objectes a dins, entre d&#8217;altres.<\/li>\n<\/ul>\n<p><a href=\"https:\/\/agora.xtec.cat\/llarcanroura\/wp-content\/uploads\/usu2037\/2020\/04\/IMG_1727.jpeg\"><img loading=\"lazy\" decoding=\"async\" class=\"alignnone wp-image-1185\" src=\"https:\/\/agora.xtec.cat\/llarcanroura\/wp-content\/uploads\/usu2037\/2020\/04\/IMG_1727-150x150.jpeg\" alt=\"\" width=\"200\" height=\"200\" \/>\u00a0<\/a><\/p>\n<p>&nbsp;<\/p>\n<ul>\n<li>Llum fluorescent: paper blanc per pintar-hi amb retoladors fluorescents, tamb\u00e9 diferents objectes que es veuen en la foscor, com ara contes, estels i lluna, pilotes&#8230;<\/li>\n<\/ul>\n<p><img loading=\"lazy\" decoding=\"async\" class=\" wp-image-1227 alignleft\" src=\"https:\/\/agora.xtec.cat\/llarcanroura\/wp-content\/uploads\/usu2037\/2020\/04\/IMG_3383-e1587661586729-225x300.jpg\" alt=\"\" width=\"200\" height=\"267\" srcset=\"https:\/\/agora.xtec.cat\/llarcanroura\/wp-content\/uploads\/usu2037\/2020\/04\/IMG_3383-e1587661586729-225x300.jpg 225w, https:\/\/agora.xtec.cat\/llarcanroura\/wp-content\/uploads\/usu2037\/2020\/04\/IMG_3383-e1587661586729-768x1024.jpg 768w\" sizes=\"auto, (max-width: 200px) 100vw, 200px\" \/><\/p>\n<p><img loading=\"lazy\" decoding=\"async\" class=\"wp-image-1249 alignleft\" src=\"https:\/\/agora.xtec.cat\/llarcanroura\/wp-content\/uploads\/usu2037\/2020\/04\/Captura-de-pantalla-2020-04-23-a-las-18.52.53-226x300.png\" alt=\"\" width=\"202\" height=\"268\" srcset=\"https:\/\/agora.xtec.cat\/llarcanroura\/wp-content\/uploads\/usu2037\/2020\/04\/Captura-de-pantalla-2020-04-23-a-las-18.52.53-226x300.png 226w, https:\/\/agora.xtec.cat\/llarcanroura\/wp-content\/uploads\/usu2037\/2020\/04\/Captura-de-pantalla-2020-04-23-a-las-18.52.53-768x1018.png 768w, https:\/\/agora.xtec.cat\/llarcanroura\/wp-content\/uploads\/usu2037\/2020\/04\/Captura-de-pantalla-2020-04-23-a-las-18.52.53-772x1024.png 772w, https:\/\/agora.xtec.cat\/llarcanroura\/wp-content\/uploads\/usu2037\/2020\/04\/Captura-de-pantalla-2020-04-23-a-las-18.52.53.png 828w\" sizes=\"auto, (max-width: 202px) 100vw, 202px\" \/><\/p>\n<p><img loading=\"lazy\" decoding=\"async\" class=\" wp-image-1248 alignleft\" src=\"https:\/\/agora.xtec.cat\/llarcanroura\/wp-content\/uploads\/usu2037\/2020\/04\/Captura-de-pantalla-2020-04-23-a-las-18.52.27-300x225.png\" alt=\"\" width=\"267\" height=\"200\" srcset=\"https:\/\/agora.xtec.cat\/llarcanroura\/wp-content\/uploads\/usu2037\/2020\/04\/Captura-de-pantalla-2020-04-23-a-las-18.52.27-300x225.png 300w, https:\/\/agora.xtec.cat\/llarcanroura\/wp-content\/uploads\/usu2037\/2020\/04\/Captura-de-pantalla-2020-04-23-a-las-18.52.27-768x577.png 768w, https:\/\/agora.xtec.cat\/llarcanroura\/wp-content\/uploads\/usu2037\/2020\/04\/Captura-de-pantalla-2020-04-23-a-las-18.52.27-200x150.png 200w, https:\/\/agora.xtec.cat\/llarcanroura\/wp-content\/uploads\/usu2037\/2020\/04\/Captura-de-pantalla-2020-04-23-a-las-18.52.27.png 828w\" sizes=\"auto, (max-width: 267px) 100vw, 267px\" \/><\/p>\n<p>&nbsp;<\/p>\n<p>&nbsp;<\/p>\n<p>&nbsp;<\/p>\n<p>&nbsp;<\/p>\n<p>&nbsp;<\/p>\n<p>&nbsp;<\/p>\n<p>&nbsp;<\/p>\n<p>&nbsp;<\/p>\n","protected":false},"excerpt":{"rendered":"<p>La sala de multisensorial, \u00e9s una sala que ofereix la possibilitat d&#8217;obtenir experi\u00e8ncies sensorials agradables en una atmosfera de confian\u00e7a, relaxaci\u00f3 i comunicaci\u00f3, a trav\u00e9s de l&#8217;estimulaci\u00f3 de les diferents \u00e0rees b\u00e0siques de percepci\u00f3: tacte, o\u00efda, vista, olfacte, gust, cin\u00e8tic&#8230;<br \/>\nEls materials que tenim en la&hellip;  <a href=\"https:\/\/agora.xtec.cat\/llarcanroura\/lescola\/instal%c2%b7lacions\/sala-sensorial\/\" title=\"Read Sala multisensorial\">Llegeix m\u00e9s\u00bb<\/a><\/p>\n","protected":false},"author":3,"featured_media":0,"parent":30,"menu_order":20,"comment_status":"closed","ping_status":"closed","template":"page-templates\/side-menu.php","meta":{"_bbp_topic_count":0,"_bbp_reply_count":0,"_bbp_total_topic_count":0,"_bbp_total_reply_count":0,"_bbp_voice_count":0,"_bbp_anonymous_reply_count":0,"_bbp_topic_count_hidden":0,"_bbp_reply_count_hidden":0,"_bbp_forum_subforum_count":0,"footnotes":""},"class_list":["post-863","page","type-page","status-publish","hentry"],"post_mailing_queue_ids":[],"_links":{"self":[{"href":"https:\/\/agora.xtec.cat\/llarcanroura\/wp-json\/wp\/v2\/pages\/863","targetHints":{"allow":["GET"]}}],"collection":[{"href":"https:\/\/agora.xtec.cat\/llarcanroura\/wp-json\/wp\/v2\/pages"}],"about":[{"href":"https:\/\/agora.xtec.cat\/llarcanroura\/wp-json\/wp\/v2\/types\/page"}],"author":[{"embeddable":true,"href":"https:\/\/agora.xtec.cat\/llarcanroura\/wp-json\/wp\/v2\/users\/3"}],"replies":[{"embeddable":true,"href":"https:\/\/agora.xtec.cat\/llarcanroura\/wp-json\/wp\/v2\/comments?post=863"}],"version-history":[{"count":6,"href":"https:\/\/agora.xtec.cat\/llarcanroura\/wp-json\/wp\/v2\/pages\/863\/revisions"}],"predecessor-version":[{"id":1688,"href":"https:\/\/agora.xtec.cat\/llarcanroura\/wp-json\/wp\/v2\/pages\/863\/revisions\/1688"}],"up":[{"embeddable":true,"href":"https:\/\/agora.xtec.cat\/llarcanroura\/wp-json\/wp\/v2\/pages\/30"}],"wp:attachment":[{"href":"https:\/\/agora.xtec.cat\/llarcanroura\/wp-json\/wp\/v2\/media?parent=863"}],"curies":[{"name":"wp","href":"https:\/\/api.w.org\/{rel}","templated":true}]}}