{"id":859,"date":"2020-03-18T19:01:11","date_gmt":"2020-03-18T18:01:11","guid":{"rendered":"https:\/\/agora.xtec.cat\/llarcanroura\/?page_id=859"},"modified":"2020-04-23T22:47:17","modified_gmt":"2020-04-23T20:47:17","slug":"cuina-propia","status":"publish","type":"page","link":"https:\/\/agora.xtec.cat\/llarcanroura\/lescola\/instal%c2%b7lacions\/cuina-propia\/","title":{"rendered":"Cuina pr\u00f2pia"},"content":{"rendered":"<p><span style=\"font-weight: 400;\">La nostra escola disposa de cuina pr\u00f2pia, en la qual s\u2019elaboren di\u00e0riament els men\u00fas. A principi de curs, es facilita el men\u00fa (mensual) perqu\u00e8 les fam\u00edlies el coneguin i puguin planificar el sopar de manera complement\u00e0ria a casa.<\/span><\/p>\n<p><span style=\"font-weight: 400;\">Els men\u00fas que s\u2019ofereixen als infants s\u00f3n equilibrats i supervisats pel Servei de pediatria del CAP de Vilassar de Dalt.\u00a0<\/span><\/p>\n<p><a href=\"https:\/\/agora.xtec.cat\/llarcanroura\/wp-content\/uploads\/usu2037\/2020\/04\/IMG-20200416-WA0022.jpg\"><br \/>\n<img loading=\"lazy\" decoding=\"async\" class=\" wp-image-1158 aligncenter\" src=\"https:\/\/agora.xtec.cat\/llarcanroura\/wp-content\/uploads\/usu2037\/2020\/04\/IMG-20200416-WA0022-150x150.jpg\" alt=\"\" width=\"237\" height=\"237\" \/><\/a><\/p>\n<p>&nbsp;<\/p>\n","protected":false},"excerpt":{"rendered":"<p>La nostra escola disposa de cuina pr\u00f2pia, en la qual s\u2019elaboren di\u00e0riament els men\u00fas. A principi de curs, es facilita el men\u00fa (mensual) perqu\u00e8 les fam\u00edlies el coneguin i puguin planificar el sopar de manera complement\u00e0ria a casa.<br \/>\nEls men\u00fas que s\u2019ofereixen als infants s\u00f3n equilibrats&hellip;  <a href=\"https:\/\/agora.xtec.cat\/llarcanroura\/lescola\/instal%c2%b7lacions\/cuina-propia\/\" title=\"Read Cuina pr\u00f2pia\">Llegeix m\u00e9s\u00bb<\/a><\/p>\n","protected":false},"author":3,"featured_media":0,"parent":30,"menu_order":30,"comment_status":"closed","ping_status":"closed","template":"page-templates\/side-menu.php","meta":{"_bbp_topic_count":0,"_bbp_reply_count":0,"_bbp_total_topic_count":0,"_bbp_total_reply_count":0,"_bbp_voice_count":0,"_bbp_anonymous_reply_count":0,"_bbp_topic_count_hidden":0,"_bbp_reply_count_hidden":0,"_bbp_forum_subforum_count":0,"footnotes":""},"class_list":["post-859","page","type-page","status-publish","hentry"],"post_mailing_queue_ids":[],"_links":{"self":[{"href":"https:\/\/agora.xtec.cat\/llarcanroura\/wp-json\/wp\/v2\/pages\/859","targetHints":{"allow":["GET"]}}],"collection":[{"href":"https:\/\/agora.xtec.cat\/llarcanroura\/wp-json\/wp\/v2\/pages"}],"about":[{"href":"https:\/\/agora.xtec.cat\/llarcanroura\/wp-json\/wp\/v2\/types\/page"}],"author":[{"embeddable":true,"href":"https:\/\/agora.xtec.cat\/llarcanroura\/wp-json\/wp\/v2\/users\/3"}],"replies":[{"embeddable":true,"href":"https:\/\/agora.xtec.cat\/llarcanroura\/wp-json\/wp\/v2\/comments?post=859"}],"version-history":[{"count":4,"href":"https:\/\/agora.xtec.cat\/llarcanroura\/wp-json\/wp\/v2\/pages\/859\/revisions"}],"predecessor-version":[{"id":1272,"href":"https:\/\/agora.xtec.cat\/llarcanroura\/wp-json\/wp\/v2\/pages\/859\/revisions\/1272"}],"up":[{"embeddable":true,"href":"https:\/\/agora.xtec.cat\/llarcanroura\/wp-json\/wp\/v2\/pages\/30"}],"wp:attachment":[{"href":"https:\/\/agora.xtec.cat\/llarcanroura\/wp-json\/wp\/v2\/media?parent=859"}],"curies":[{"name":"wp","href":"https:\/\/api.w.org\/{rel}","templated":true}]}}