{"id":857,"date":"2020-03-18T18:59:17","date_gmt":"2020-03-18T17:59:17","guid":{"rendered":"https:\/\/agora.xtec.cat\/llarcanroura\/?page_id=857"},"modified":"2020-04-26T20:07:33","modified_gmt":"2020-04-26T18:07:33","slug":"patis","status":"publish","type":"page","link":"https:\/\/agora.xtec.cat\/llarcanroura\/lescola\/instal%c2%b7lacions\/patis\/","title":{"rendered":"Patis"},"content":{"rendered":"<p style=\"text-align: justify;\">Els patis de l&#8217;escola esdeven espais d&#8217;oportunitats educatives, essent\u00a0 la base per al desenvolupament f\u00edsic, mental, emocional i social de l&#8217;infant. L&#8217;educaci\u00f3 en el medi propicia l&#8217;exercici saludable, fomenta el joc creatiu i cooperatiu, millora considerablement el rendiment escolar i l&#8217;autoestima i proporciona una m\u00e9s gran destresa en la resoluci\u00f3 de conflictes, en el desenvolupament del pensament cr\u00edtic i en la presa de decisions.<\/p>\n<p style=\"text-align: justify;\">\u00c9s per aix\u00f2 que des de l&#8217;escola fomentem espais de joc i de relacions per tal d&#8217;afavorir les relacions de conviv\u00e8ncia entre alumnes, estimular la creativitat i el joc lliure i potenciar els beneficis de la natura en la salut i el benestar dels infants.<\/p>\n<p>&nbsp;<\/p>\n<p><a href=\"https:\/\/agora.xtec.cat\/llarcanroura\/wp-content\/uploads\/usu2037\/2020\/04\/IMG-20200416-WA0028.jpg\"><img loading=\"lazy\" decoding=\"async\" class=\"alignnone wp-image-1162 alignleft\" src=\"https:\/\/agora.xtec.cat\/llarcanroura\/wp-content\/uploads\/usu2037\/2020\/04\/IMG-20200416-WA0028-150x150.jpg\" alt=\"\" width=\"200\" height=\"200\" \/><\/a><a href=\"https:\/\/agora.xtec.cat\/llarcanroura\/wp-content\/uploads\/usu2037\/2020\/04\/IMG-20200416-WA0027.jpg\"><img loading=\"lazy\" decoding=\"async\" class=\"wp-image-1161 alignleft\" src=\"https:\/\/agora.xtec.cat\/llarcanroura\/wp-content\/uploads\/usu2037\/2020\/04\/IMG-20200416-WA0027-150x150.jpg\" alt=\"\" width=\"200\" height=\"200\" \/><\/a><a href=\"https:\/\/agora.xtec.cat\/llarcanroura\/wp-content\/uploads\/usu2037\/2020\/04\/IMG-20200416-WA0025.jpg\"><img loading=\"lazy\" decoding=\"async\" class=\"wp-image-1160 alignleft\" src=\"https:\/\/agora.xtec.cat\/llarcanroura\/wp-content\/uploads\/usu2037\/2020\/04\/IMG-20200416-WA0025-150x150.jpg\" alt=\"\" width=\"200\" height=\"200\" \/><img loading=\"lazy\" decoding=\"async\" class=\"wp-image-1252 alignleft\" src=\"https:\/\/agora.xtec.cat\/llarcanroura\/wp-content\/uploads\/usu2037\/2020\/04\/Captura-de-pantalla-2020-04-23-a-las-18.54.45-300x226.png\" alt=\"\" width=\"265\" height=\"200\" srcset=\"https:\/\/agora.xtec.cat\/llarcanroura\/wp-content\/uploads\/usu2037\/2020\/04\/Captura-de-pantalla-2020-04-23-a-las-18.54.45-300x226.png 300w, https:\/\/agora.xtec.cat\/llarcanroura\/wp-content\/uploads\/usu2037\/2020\/04\/Captura-de-pantalla-2020-04-23-a-las-18.54.45-768x577.png 768w, https:\/\/agora.xtec.cat\/llarcanroura\/wp-content\/uploads\/usu2037\/2020\/04\/Captura-de-pantalla-2020-04-23-a-las-18.54.45-200x150.png 200w, https:\/\/agora.xtec.cat\/llarcanroura\/wp-content\/uploads\/usu2037\/2020\/04\/Captura-de-pantalla-2020-04-23-a-las-18.54.45.png 814w\" sizes=\"auto, (max-width: 265px) 100vw, 265px\" \/><br \/>\n<\/a><\/p>\n<p>&nbsp;<\/p>\n<p>&nbsp;<\/p>\n<p>&nbsp;<\/p>\n<p>&nbsp;<\/p>\n<p><img loading=\"lazy\" decoding=\"async\" class=\" wp-image-1250 alignleft\" src=\"https:\/\/agora.xtec.cat\/llarcanroura\/wp-content\/uploads\/usu2037\/2020\/04\/Captura-de-pantalla-2020-04-23-a-las-18.53.59-300x210.png\" alt=\"\" width=\"286\" height=\"200\" srcset=\"https:\/\/agora.xtec.cat\/llarcanroura\/wp-content\/uploads\/usu2037\/2020\/04\/Captura-de-pantalla-2020-04-23-a-las-18.53.59-300x210.png 300w, https:\/\/agora.xtec.cat\/llarcanroura\/wp-content\/uploads\/usu2037\/2020\/04\/Captura-de-pantalla-2020-04-23-a-las-18.53.59-768x538.png 768w, https:\/\/agora.xtec.cat\/llarcanroura\/wp-content\/uploads\/usu2037\/2020\/04\/Captura-de-pantalla-2020-04-23-a-las-18.53.59.png 836w\" sizes=\"auto, (max-width: 286px) 100vw, 286px\" \/><\/p>\n<p><img loading=\"lazy\" decoding=\"async\" class=\" wp-image-1251 alignleft\" src=\"https:\/\/agora.xtec.cat\/llarcanroura\/wp-content\/uploads\/usu2037\/2020\/04\/Captura-de-pantalla-2020-04-23-a-las-18.54.16-300x220.png\" alt=\"\" width=\"273\" height=\"200\" srcset=\"https:\/\/agora.xtec.cat\/llarcanroura\/wp-content\/uploads\/usu2037\/2020\/04\/Captura-de-pantalla-2020-04-23-a-las-18.54.16-300x220.png 300w, https:\/\/agora.xtec.cat\/llarcanroura\/wp-content\/uploads\/usu2037\/2020\/04\/Captura-de-pantalla-2020-04-23-a-las-18.54.16-768x564.png 768w, https:\/\/agora.xtec.cat\/llarcanroura\/wp-content\/uploads\/usu2037\/2020\/04\/Captura-de-pantalla-2020-04-23-a-las-18.54.16.png 830w\" sizes=\"auto, (max-width: 273px) 100vw, 273px\" \/><\/p>\n<p><img loading=\"lazy\" decoding=\"async\" class=\" wp-image-1182 alignleft\" src=\"https:\/\/agora.xtec.cat\/llarcanroura\/wp-content\/uploads\/usu2037\/2020\/04\/IMG_5524-300x225.jpg\" alt=\"\" width=\"267\" height=\"200\" srcset=\"https:\/\/agora.xtec.cat\/llarcanroura\/wp-content\/uploads\/usu2037\/2020\/04\/IMG_5524-300x225.jpg 300w, https:\/\/agora.xtec.cat\/llarcanroura\/wp-content\/uploads\/usu2037\/2020\/04\/IMG_5524-768x576.jpg 768w, https:\/\/agora.xtec.cat\/llarcanroura\/wp-content\/uploads\/usu2037\/2020\/04\/IMG_5524-1024x768.jpg 1024w, https:\/\/agora.xtec.cat\/llarcanroura\/wp-content\/uploads\/usu2037\/2020\/04\/IMG_5524-200x150.jpg 200w, https:\/\/agora.xtec.cat\/llarcanroura\/wp-content\/uploads\/usu2037\/2020\/04\/IMG_5524.jpg 2048w\" sizes=\"auto, (max-width: 267px) 100vw, 267px\" \/><\/p>\n<p>&nbsp;<\/p>\n<p>&nbsp;<\/p>\n<p>&nbsp;<\/p>\n<p>&nbsp;<\/p>\n<p>&nbsp;<\/p>\n<p><a href=\"https:\/\/agora.xtec.cat\/llarcanroura\/wp-content\/uploads\/usu2037\/2020\/04\/IMG-20200416-WA0025.jpg\"><img loading=\"lazy\" decoding=\"async\" class=\" wp-image-1247 alignleft\" src=\"https:\/\/agora.xtec.cat\/llarcanroura\/wp-content\/uploads\/usu2037\/2020\/04\/Captura-de-pantalla-2020-04-23-a-las-18.51.47-257x300.png\" alt=\"\" width=\"172\" height=\"200\" srcset=\"https:\/\/agora.xtec.cat\/llarcanroura\/wp-content\/uploads\/usu2037\/2020\/04\/Captura-de-pantalla-2020-04-23-a-las-18.51.47-257x300.png 257w, https:\/\/agora.xtec.cat\/llarcanroura\/wp-content\/uploads\/usu2037\/2020\/04\/Captura-de-pantalla-2020-04-23-a-las-18.51.47-768x896.png 768w, https:\/\/agora.xtec.cat\/llarcanroura\/wp-content\/uploads\/usu2037\/2020\/04\/Captura-de-pantalla-2020-04-23-a-las-18.51.47.png 828w\" sizes=\"auto, (max-width: 172px) 100vw, 172px\" \/> <img loading=\"lazy\" decoding=\"async\" class=\" wp-image-1246 alignleft\" src=\"https:\/\/agora.xtec.cat\/llarcanroura\/wp-content\/uploads\/usu2037\/2020\/04\/Captura-de-pantalla-2020-04-23-a-las-18.51.06-300x225.png\" alt=\"\" width=\"267\" height=\"200\" srcset=\"https:\/\/agora.xtec.cat\/llarcanroura\/wp-content\/uploads\/usu2037\/2020\/04\/Captura-de-pantalla-2020-04-23-a-las-18.51.06-300x225.png 300w, https:\/\/agora.xtec.cat\/llarcanroura\/wp-content\/uploads\/usu2037\/2020\/04\/Captura-de-pantalla-2020-04-23-a-las-18.51.06-768x576.png 768w, https:\/\/agora.xtec.cat\/llarcanroura\/wp-content\/uploads\/usu2037\/2020\/04\/Captura-de-pantalla-2020-04-23-a-las-18.51.06-200x150.png 200w, https:\/\/agora.xtec.cat\/llarcanroura\/wp-content\/uploads\/usu2037\/2020\/04\/Captura-de-pantalla-2020-04-23-a-las-18.51.06.png 832w\" sizes=\"auto, (max-width: 267px) 100vw, 267px\" \/><\/a><img loading=\"lazy\" decoding=\"async\" class=\" wp-image-1304 alignleft\" src=\"https:\/\/agora.xtec.cat\/llarcanroura\/wp-content\/uploads\/usu2037\/2020\/04\/94BDE7F6-62ED-475F-8CA8-C25456C3CD3B-300x225.jpg\" alt=\"\" width=\"267\" height=\"200\" srcset=\"https:\/\/agora.xtec.cat\/llarcanroura\/wp-content\/uploads\/usu2037\/2020\/04\/94BDE7F6-62ED-475F-8CA8-C25456C3CD3B-300x225.jpg 300w, https:\/\/agora.xtec.cat\/llarcanroura\/wp-content\/uploads\/usu2037\/2020\/04\/94BDE7F6-62ED-475F-8CA8-C25456C3CD3B-768x576.jpg 768w, https:\/\/agora.xtec.cat\/llarcanroura\/wp-content\/uploads\/usu2037\/2020\/04\/94BDE7F6-62ED-475F-8CA8-C25456C3CD3B-200x150.jpg 200w, https:\/\/agora.xtec.cat\/llarcanroura\/wp-content\/uploads\/usu2037\/2020\/04\/94BDE7F6-62ED-475F-8CA8-C25456C3CD3B.jpg 960w\" sizes=\"auto, (max-width: 267px) 100vw, 267px\" \/><\/p>\n<p><img loading=\"lazy\" decoding=\"async\" class=\" wp-image-1302 alignleft\" src=\"https:\/\/agora.xtec.cat\/llarcanroura\/wp-content\/uploads\/usu2037\/2020\/04\/E0AE175F-5F79-4061-A1A5-1EFBB49C4BFC-300x225.jpg\" alt=\"\" width=\"267\" height=\"200\" srcset=\"https:\/\/agora.xtec.cat\/llarcanroura\/wp-content\/uploads\/usu2037\/2020\/04\/E0AE175F-5F79-4061-A1A5-1EFBB49C4BFC-300x225.jpg 300w, https:\/\/agora.xtec.cat\/llarcanroura\/wp-content\/uploads\/usu2037\/2020\/04\/E0AE175F-5F79-4061-A1A5-1EFBB49C4BFC-768x576.jpg 768w, https:\/\/agora.xtec.cat\/llarcanroura\/wp-content\/uploads\/usu2037\/2020\/04\/E0AE175F-5F79-4061-A1A5-1EFBB49C4BFC-200x150.jpg 200w, https:\/\/agora.xtec.cat\/llarcanroura\/wp-content\/uploads\/usu2037\/2020\/04\/E0AE175F-5F79-4061-A1A5-1EFBB49C4BFC.jpg 960w\" sizes=\"auto, (max-width: 267px) 100vw, 267px\" \/><\/p>\n<p>&nbsp;<\/p>\n<p>&nbsp;<\/p>\n<p>&nbsp;<\/p>\n<p>&nbsp;<\/p>\n<p>&nbsp;<\/p>\n<p><img loading=\"lazy\" decoding=\"async\" class=\" wp-image-1297 alignleft\" src=\"https:\/\/agora.xtec.cat\/llarcanroura\/wp-content\/uploads\/usu2037\/2020\/04\/IMG_8092-300x225.jpg\" alt=\"\" width=\"267\" height=\"200\" srcset=\"https:\/\/agora.xtec.cat\/llarcanroura\/wp-content\/uploads\/usu2037\/2020\/04\/IMG_8092-300x225.jpg 300w, https:\/\/agora.xtec.cat\/llarcanroura\/wp-content\/uploads\/usu2037\/2020\/04\/IMG_8092-768x576.jpg 768w, https:\/\/agora.xtec.cat\/llarcanroura\/wp-content\/uploads\/usu2037\/2020\/04\/IMG_8092-1024x768.jpg 1024w, https:\/\/agora.xtec.cat\/llarcanroura\/wp-content\/uploads\/usu2037\/2020\/04\/IMG_8092-200x150.jpg 200w, https:\/\/agora.xtec.cat\/llarcanroura\/wp-content\/uploads\/usu2037\/2020\/04\/IMG_8092.jpg 2048w\" sizes=\"auto, (max-width: 267px) 100vw, 267px\" \/><img loading=\"lazy\" decoding=\"async\" class=\" wp-image-1305 alignleft\" src=\"https:\/\/agora.xtec.cat\/llarcanroura\/wp-content\/uploads\/usu2037\/2020\/04\/83EEA0FF-3CCF-494A-B750-42B5870AB720-225x300.jpg\" alt=\"\" width=\"150\" height=\"200\" srcset=\"https:\/\/agora.xtec.cat\/llarcanroura\/wp-content\/uploads\/usu2037\/2020\/04\/83EEA0FF-3CCF-494A-B750-42B5870AB720-225x300.jpg 225w, https:\/\/agora.xtec.cat\/llarcanroura\/wp-content\/uploads\/usu2037\/2020\/04\/83EEA0FF-3CCF-494A-B750-42B5870AB720.jpg 720w\" sizes=\"auto, (max-width: 150px) 100vw, 150px\" \/><img loading=\"lazy\" decoding=\"async\" class=\" wp-image-1296 alignleft\" src=\"https:\/\/agora.xtec.cat\/llarcanroura\/wp-content\/uploads\/usu2037\/2020\/04\/IMG_6637-225x300.jpg\" alt=\"\" width=\"150\" height=\"200\" srcset=\"https:\/\/agora.xtec.cat\/llarcanroura\/wp-content\/uploads\/usu2037\/2020\/04\/IMG_6637-225x300.jpg 225w, https:\/\/agora.xtec.cat\/llarcanroura\/wp-content\/uploads\/usu2037\/2020\/04\/IMG_6637-768x1024.jpg 768w, https:\/\/agora.xtec.cat\/llarcanroura\/wp-content\/uploads\/usu2037\/2020\/04\/IMG_6637.jpg 1536w\" sizes=\"auto, (max-width: 150px) 100vw, 150px\" \/><img loading=\"lazy\" decoding=\"async\" class=\" wp-image-1306 alignleft\" src=\"https:\/\/agora.xtec.cat\/llarcanroura\/wp-content\/uploads\/usu2037\/2020\/04\/72D5DB24-02A0-4C3F-A86B-BE94DE297A42-300x225.jpg\" alt=\"\" width=\"267\" height=\"200\" srcset=\"https:\/\/agora.xtec.cat\/llarcanroura\/wp-content\/uploads\/usu2037\/2020\/04\/72D5DB24-02A0-4C3F-A86B-BE94DE297A42-300x225.jpg 300w, https:\/\/agora.xtec.cat\/llarcanroura\/wp-content\/uploads\/usu2037\/2020\/04\/72D5DB24-02A0-4C3F-A86B-BE94DE297A42-768x576.jpg 768w, https:\/\/agora.xtec.cat\/llarcanroura\/wp-content\/uploads\/usu2037\/2020\/04\/72D5DB24-02A0-4C3F-A86B-BE94DE297A42-200x150.jpg 200w, https:\/\/agora.xtec.cat\/llarcanroura\/wp-content\/uploads\/usu2037\/2020\/04\/72D5DB24-02A0-4C3F-A86B-BE94DE297A42.jpg 960w\" sizes=\"auto, (max-width: 267px) 100vw, 267px\" \/><\/p>\n<p>&nbsp;<\/p>\n<p>&nbsp;<\/p>\n<p>&nbsp;<\/p>\n<p>&nbsp;<\/p>\n<p>&nbsp;<\/p>\n<p><img loading=\"lazy\" decoding=\"async\" class=\" wp-image-1301 alignleft\" src=\"https:\/\/agora.xtec.cat\/llarcanroura\/wp-content\/uploads\/usu2037\/2020\/04\/E9713519-C45C-4D63-933F-22874EC76796-300x225.jpg\" alt=\"\" width=\"267\" height=\"200\" srcset=\"https:\/\/agora.xtec.cat\/llarcanroura\/wp-content\/uploads\/usu2037\/2020\/04\/E9713519-C45C-4D63-933F-22874EC76796-300x225.jpg 300w, https:\/\/agora.xtec.cat\/llarcanroura\/wp-content\/uploads\/usu2037\/2020\/04\/E9713519-C45C-4D63-933F-22874EC76796-768x576.jpg 768w, https:\/\/agora.xtec.cat\/llarcanroura\/wp-content\/uploads\/usu2037\/2020\/04\/E9713519-C45C-4D63-933F-22874EC76796-200x150.jpg 200w, https:\/\/agora.xtec.cat\/llarcanroura\/wp-content\/uploads\/usu2037\/2020\/04\/E9713519-C45C-4D63-933F-22874EC76796.jpg 960w\" sizes=\"auto, (max-width: 267px) 100vw, 267px\" \/><\/p>\n<p>&nbsp;<\/p>\n<p>&nbsp;<\/p>\n<p>&nbsp;<\/p>\n<p>&nbsp;<\/p>\n<p>&nbsp;<\/p>\n<p>&nbsp;<\/p>\n","protected":false},"excerpt":{"rendered":"<p>Els patis de l&#8217;escola esdeven espais d&#8217;oportunitats educatives, essent\u00a0 la base per al desenvolupament f\u00edsic, mental, emocional i social de l&#8217;infant. L&#8217;educaci\u00f3 en el medi propicia l&#8217;exercici saludable, fomenta el joc creatiu i cooperatiu, millora considerablement el rendiment escolar i l&#8217;autoestima i proporciona una m\u00e9s&hellip;  <a href=\"https:\/\/agora.xtec.cat\/llarcanroura\/lescola\/instal%c2%b7lacions\/patis\/\" title=\"Read Patis\">Llegeix m\u00e9s\u00bb<\/a><\/p>\n","protected":false},"author":3,"featured_media":0,"parent":30,"menu_order":10,"comment_status":"closed","ping_status":"closed","template":"page-templates\/side-menu.php","meta":{"_bbp_topic_count":0,"_bbp_reply_count":0,"_bbp_total_topic_count":0,"_bbp_total_reply_count":0,"_bbp_voice_count":0,"_bbp_anonymous_reply_count":0,"_bbp_topic_count_hidden":0,"_bbp_reply_count_hidden":0,"_bbp_forum_subforum_count":0,"footnotes":""},"class_list":["post-857","page","type-page","status-publish","hentry"],"post_mailing_queue_ids":[],"_links":{"self":[{"href":"https:\/\/agora.xtec.cat\/llarcanroura\/wp-json\/wp\/v2\/pages\/857","targetHints":{"allow":["GET"]}}],"collection":[{"href":"https:\/\/agora.xtec.cat\/llarcanroura\/wp-json\/wp\/v2\/pages"}],"about":[{"href":"https:\/\/agora.xtec.cat\/llarcanroura\/wp-json\/wp\/v2\/types\/page"}],"author":[{"embeddable":true,"href":"https:\/\/agora.xtec.cat\/llarcanroura\/wp-json\/wp\/v2\/users\/3"}],"replies":[{"embeddable":true,"href":"https:\/\/agora.xtec.cat\/llarcanroura\/wp-json\/wp\/v2\/comments?post=857"}],"version-history":[{"count":5,"href":"https:\/\/agora.xtec.cat\/llarcanroura\/wp-json\/wp\/v2\/pages\/857\/revisions"}],"predecessor-version":[{"id":1314,"href":"https:\/\/agora.xtec.cat\/llarcanroura\/wp-json\/wp\/v2\/pages\/857\/revisions\/1314"}],"up":[{"embeddable":true,"href":"https:\/\/agora.xtec.cat\/llarcanroura\/wp-json\/wp\/v2\/pages\/30"}],"wp:attachment":[{"href":"https:\/\/agora.xtec.cat\/llarcanroura\/wp-json\/wp\/v2\/media?parent=857"}],"curies":[{"name":"wp","href":"https:\/\/api.w.org\/{rel}","templated":true}]}}