{"id":855,"date":"2020-03-18T18:58:23","date_gmt":"2020-03-18T17:58:23","guid":{"rendered":"https:\/\/agora.xtec.cat\/llarcanroura\/?page_id=855"},"modified":"2026-02-18T14:34:10","modified_gmt":"2026-02-18T13:34:10","slug":"aules","status":"publish","type":"page","link":"https:\/\/agora.xtec.cat\/llarcanroura\/lescola\/instal%c2%b7lacions\/aules\/","title":{"rendered":"Estances"},"content":{"rendered":"<p style=\"text-align: justify;\"><span style=\"font-weight: 400;\">L\u2019escola disposa de 6 aules, m\u00e9s dues que es varen habilitar de la sala d\u2019usos m\u00faltiples: 1 \u00f3 2 per infants de 0-1 any; 3 \u00f3 4 per a infants d\u20191 a 2 anys i 3 per a infants de 2 a 3 anys, segons la demanda, amb una capacitat m\u00e0xima total autoritzada de 122 places i 8 estances.<\/span><\/p>\n<p><img loading=\"lazy\" decoding=\"async\" class=\" wp-image-1221 alignleft\" src=\"https:\/\/agora.xtec.cat\/llarcanroura\/wp-content\/uploads\/usu2037\/2020\/04\/EF3CF1D8-5385-48D3-A584-D74E8B7EE538-300x150.jpg\" alt=\"\" width=\"400\" height=\"200\" srcset=\"https:\/\/agora.xtec.cat\/llarcanroura\/wp-content\/uploads\/usu2037\/2020\/04\/EF3CF1D8-5385-48D3-A584-D74E8B7EE538-300x150.jpg 300w, https:\/\/agora.xtec.cat\/llarcanroura\/wp-content\/uploads\/usu2037\/2020\/04\/EF3CF1D8-5385-48D3-A584-D74E8B7EE538-768x384.jpg 768w, https:\/\/agora.xtec.cat\/llarcanroura\/wp-content\/uploads\/usu2037\/2020\/04\/EF3CF1D8-5385-48D3-A584-D74E8B7EE538-1024x512.jpg 1024w, https:\/\/agora.xtec.cat\/llarcanroura\/wp-content\/uploads\/usu2037\/2020\/04\/EF3CF1D8-5385-48D3-A584-D74E8B7EE538.jpg 2000w\" sizes=\"auto, (max-width: 400px) 100vw, 400px\" \/> <img loading=\"lazy\" decoding=\"async\" class=\" wp-image-1234 alignleft\" src=\"https:\/\/agora.xtec.cat\/llarcanroura\/wp-content\/uploads\/usu2037\/2020\/04\/2429D78C-F2F5-4A84-8CD0-D200FB6AE979-300x150.jpg\" alt=\"\" width=\"400\" height=\"200\" srcset=\"https:\/\/agora.xtec.cat\/llarcanroura\/wp-content\/uploads\/usu2037\/2020\/04\/2429D78C-F2F5-4A84-8CD0-D200FB6AE979-300x150.jpg 300w, https:\/\/agora.xtec.cat\/llarcanroura\/wp-content\/uploads\/usu2037\/2020\/04\/2429D78C-F2F5-4A84-8CD0-D200FB6AE979-768x384.jpg 768w, https:\/\/agora.xtec.cat\/llarcanroura\/wp-content\/uploads\/usu2037\/2020\/04\/2429D78C-F2F5-4A84-8CD0-D200FB6AE979-1024x512.jpg 1024w, https:\/\/agora.xtec.cat\/llarcanroura\/wp-content\/uploads\/usu2037\/2020\/04\/2429D78C-F2F5-4A84-8CD0-D200FB6AE979.jpg 2000w\" sizes=\"auto, (max-width: 400px) 100vw, 400px\" \/><\/p>\n<p>&nbsp;<\/p>\n<p>&nbsp;<\/p>\n<p>&nbsp;<\/p>\n<p>&nbsp;<\/p>\n<p>&nbsp;<\/p>\n<p><img loading=\"lazy\" decoding=\"async\" class=\"wp-image-1219 alignleft\" src=\"https:\/\/agora.xtec.cat\/llarcanroura\/wp-content\/uploads\/usu2037\/2020\/04\/A8721BC6-7423-4EB1-BCE0-96C0970C7470-300x150.jpg\" alt=\"\" width=\"398\" height=\"199\" srcset=\"https:\/\/agora.xtec.cat\/llarcanroura\/wp-content\/uploads\/usu2037\/2020\/04\/A8721BC6-7423-4EB1-BCE0-96C0970C7470-300x150.jpg 300w, https:\/\/agora.xtec.cat\/llarcanroura\/wp-content\/uploads\/usu2037\/2020\/04\/A8721BC6-7423-4EB1-BCE0-96C0970C7470-768x384.jpg 768w, https:\/\/agora.xtec.cat\/llarcanroura\/wp-content\/uploads\/usu2037\/2020\/04\/A8721BC6-7423-4EB1-BCE0-96C0970C7470-1024x512.jpg 1024w, https:\/\/agora.xtec.cat\/llarcanroura\/wp-content\/uploads\/usu2037\/2020\/04\/A8721BC6-7423-4EB1-BCE0-96C0970C7470.jpg 2000w\" sizes=\"auto, (max-width: 398px) 100vw, 398px\" \/><\/p>\n<p><img loading=\"lazy\" decoding=\"async\" class=\"wp-image-1233 alignleft\" src=\"https:\/\/agora.xtec.cat\/llarcanroura\/wp-content\/uploads\/usu2037\/2020\/04\/59E387E6-01DB-46F4-B2E0-0F46560433A8-300x150.jpg\" alt=\"\" width=\"400\" height=\"200\" srcset=\"https:\/\/agora.xtec.cat\/llarcanroura\/wp-content\/uploads\/usu2037\/2020\/04\/59E387E6-01DB-46F4-B2E0-0F46560433A8-300x150.jpg 300w, https:\/\/agora.xtec.cat\/llarcanroura\/wp-content\/uploads\/usu2037\/2020\/04\/59E387E6-01DB-46F4-B2E0-0F46560433A8-768x384.jpg 768w, https:\/\/agora.xtec.cat\/llarcanroura\/wp-content\/uploads\/usu2037\/2020\/04\/59E387E6-01DB-46F4-B2E0-0F46560433A8-1024x512.jpg 1024w, https:\/\/agora.xtec.cat\/llarcanroura\/wp-content\/uploads\/usu2037\/2020\/04\/59E387E6-01DB-46F4-B2E0-0F46560433A8.jpg 2000w\" sizes=\"auto, (max-width: 400px) 100vw, 400px\" \/><\/p>\n<p>&nbsp;<\/p>\n<p>&nbsp;<\/p>\n<p>&nbsp;<\/p>\n<p>&nbsp;<\/p>\n<p>&nbsp;<\/p>\n<p><img loading=\"lazy\" decoding=\"async\" class=\"size-medium wp-image-1564 alignleft\" src=\"https:\/\/agora.xtec.cat\/llarcanroura\/wp-content\/uploads\/usu2037\/2020\/05\/IMG_3808-1-300x225.jpeg\" alt=\"\" width=\"300\" height=\"225\" srcset=\"https:\/\/agora.xtec.cat\/llarcanroura\/wp-content\/uploads\/usu2037\/2020\/05\/IMG_3808-1-300x225.jpeg 300w, https:\/\/agora.xtec.cat\/llarcanroura\/wp-content\/uploads\/usu2037\/2020\/05\/IMG_3808-1-768x576.jpeg 768w, https:\/\/agora.xtec.cat\/llarcanroura\/wp-content\/uploads\/usu2037\/2020\/05\/IMG_3808-1-1024x768.jpeg 1024w, https:\/\/agora.xtec.cat\/llarcanroura\/wp-content\/uploads\/usu2037\/2020\/05\/IMG_3808-1-200x150.jpeg 200w\" sizes=\"auto, (max-width: 300px) 100vw, 300px\" \/><\/p>\n<p><img loading=\"lazy\" decoding=\"async\" class=\"size-medium wp-image-1563 alignleft\" src=\"https:\/\/agora.xtec.cat\/llarcanroura\/wp-content\/uploads\/usu2037\/2020\/05\/IMG_3807-1-300x225.jpeg\" alt=\"\" width=\"300\" height=\"225\" srcset=\"https:\/\/agora.xtec.cat\/llarcanroura\/wp-content\/uploads\/usu2037\/2020\/05\/IMG_3807-1-300x225.jpeg 300w, https:\/\/agora.xtec.cat\/llarcanroura\/wp-content\/uploads\/usu2037\/2020\/05\/IMG_3807-1-768x576.jpeg 768w, https:\/\/agora.xtec.cat\/llarcanroura\/wp-content\/uploads\/usu2037\/2020\/05\/IMG_3807-1-1024x768.jpeg 1024w, https:\/\/agora.xtec.cat\/llarcanroura\/wp-content\/uploads\/usu2037\/2020\/05\/IMG_3807-1-200x150.jpeg 200w\" sizes=\"auto, (max-width: 300px) 100vw, 300px\" \/><\/p>\n<p><img loading=\"lazy\" decoding=\"async\" class=\"size-medium wp-image-1565 alignleft\" src=\"https:\/\/agora.xtec.cat\/llarcanroura\/wp-content\/uploads\/usu2037\/2020\/05\/IMG_3801-1-300x225.jpeg\" alt=\"\" width=\"300\" height=\"225\" srcset=\"https:\/\/agora.xtec.cat\/llarcanroura\/wp-content\/uploads\/usu2037\/2020\/05\/IMG_3801-1-300x225.jpeg 300w, https:\/\/agora.xtec.cat\/llarcanroura\/wp-content\/uploads\/usu2037\/2020\/05\/IMG_3801-1-768x576.jpeg 768w, https:\/\/agora.xtec.cat\/llarcanroura\/wp-content\/uploads\/usu2037\/2020\/05\/IMG_3801-1-1024x768.jpeg 1024w, https:\/\/agora.xtec.cat\/llarcanroura\/wp-content\/uploads\/usu2037\/2020\/05\/IMG_3801-1-200x150.jpeg 200w\" sizes=\"auto, (max-width: 300px) 100vw, 300px\" \/><\/p>\n<p>&nbsp;<\/p>\n<p>&nbsp;<\/p>\n<p>&nbsp;<\/p>\n<p>&nbsp;<\/p>\n<p>&nbsp;<\/p>\n<p>&nbsp;<\/p>\n<p><img loading=\"lazy\" decoding=\"async\" class=\"size-medium wp-image-1562 alignleft\" src=\"https:\/\/agora.xtec.cat\/llarcanroura\/wp-content\/uploads\/usu2037\/2020\/05\/IMG_3796-1-300x225.jpeg\" alt=\"\" width=\"300\" height=\"225\" srcset=\"https:\/\/agora.xtec.cat\/llarcanroura\/wp-content\/uploads\/usu2037\/2020\/05\/IMG_3796-1-300x225.jpeg 300w, https:\/\/agora.xtec.cat\/llarcanroura\/wp-content\/uploads\/usu2037\/2020\/05\/IMG_3796-1-768x576.jpeg 768w, https:\/\/agora.xtec.cat\/llarcanroura\/wp-content\/uploads\/usu2037\/2020\/05\/IMG_3796-1-1024x768.jpeg 1024w, https:\/\/agora.xtec.cat\/llarcanroura\/wp-content\/uploads\/usu2037\/2020\/05\/IMG_3796-1-200x150.jpeg 200w\" sizes=\"auto, (max-width: 300px) 100vw, 300px\" \/><img loading=\"lazy\" decoding=\"async\" class=\"size-medium wp-image-1566 alignleft\" src=\"https:\/\/agora.xtec.cat\/llarcanroura\/wp-content\/uploads\/usu2037\/2020\/05\/IMG_3802-1-e1588688505287-225x300.jpeg\" alt=\"\" width=\"225\" height=\"300\" srcset=\"https:\/\/agora.xtec.cat\/llarcanroura\/wp-content\/uploads\/usu2037\/2020\/05\/IMG_3802-1-e1588688505287-225x300.jpeg 225w, https:\/\/agora.xtec.cat\/llarcanroura\/wp-content\/uploads\/usu2037\/2020\/05\/IMG_3802-1-e1588688505287-768x1024.jpeg 768w\" sizes=\"auto, (max-width: 225px) 100vw, 225px\" \/><\/p>\n<p><img loading=\"lazy\" decoding=\"async\" class=\"size-medium wp-image-1587 alignleft\" src=\"https:\/\/agora.xtec.cat\/llarcanroura\/wp-content\/uploads\/usu2037\/2020\/05\/Captura-de-pantalla-2020-05-05-a-las-18.45.50-223x300.png\" alt=\"\" width=\"223\" height=\"300\" srcset=\"https:\/\/agora.xtec.cat\/llarcanroura\/wp-content\/uploads\/usu2037\/2020\/05\/Captura-de-pantalla-2020-05-05-a-las-18.45.50-223x300.png 223w, https:\/\/agora.xtec.cat\/llarcanroura\/wp-content\/uploads\/usu2037\/2020\/05\/Captura-de-pantalla-2020-05-05-a-las-18.45.50.png 638w\" sizes=\"auto, (max-width: 223px) 100vw, 223px\" \/><\/p>\n<p>&nbsp;<\/p>\n<p>&nbsp;<\/p>\n<p>&nbsp;<\/p>\n<p>&nbsp;<\/p>\n<p>&nbsp;<\/p>\n<p>&nbsp;<\/p>\n<p>&nbsp;<\/p>\n<p>&nbsp;<\/p>\n<p><img loading=\"lazy\" decoding=\"async\" class=\"size-medium wp-image-1588 alignleft\" src=\"https:\/\/agora.xtec.cat\/llarcanroura\/wp-content\/uploads\/usu2037\/2020\/05\/Captura-de-pantalla-2020-05-05-a-las-18.44.49-300x218.png\" alt=\"\" width=\"300\" height=\"218\" srcset=\"https:\/\/agora.xtec.cat\/llarcanroura\/wp-content\/uploads\/usu2037\/2020\/05\/Captura-de-pantalla-2020-05-05-a-las-18.44.49-300x218.png 300w, https:\/\/agora.xtec.cat\/llarcanroura\/wp-content\/uploads\/usu2037\/2020\/05\/Captura-de-pantalla-2020-05-05-a-las-18.44.49-768x559.png 768w, https:\/\/agora.xtec.cat\/llarcanroura\/wp-content\/uploads\/usu2037\/2020\/05\/Captura-de-pantalla-2020-05-05-a-las-18.44.49.png 846w\" sizes=\"auto, (max-width: 300px) 100vw, 300px\" \/><\/p>\n<p><img loading=\"lazy\" decoding=\"async\" class=\"size-medium wp-image-1590 alignleft\" src=\"https:\/\/agora.xtec.cat\/llarcanroura\/wp-content\/uploads\/usu2037\/2020\/05\/Captura-de-pantalla-2020-05-05-a-las-18.47.01-300x226.png\" alt=\"\" width=\"300\" height=\"226\" srcset=\"https:\/\/agora.xtec.cat\/llarcanroura\/wp-content\/uploads\/usu2037\/2020\/05\/Captura-de-pantalla-2020-05-05-a-las-18.47.01-300x226.png 300w, https:\/\/agora.xtec.cat\/llarcanroura\/wp-content\/uploads\/usu2037\/2020\/05\/Captura-de-pantalla-2020-05-05-a-las-18.47.01-768x579.png 768w, https:\/\/agora.xtec.cat\/llarcanroura\/wp-content\/uploads\/usu2037\/2020\/05\/Captura-de-pantalla-2020-05-05-a-las-18.47.01-200x150.png 200w, https:\/\/agora.xtec.cat\/llarcanroura\/wp-content\/uploads\/usu2037\/2020\/05\/Captura-de-pantalla-2020-05-05-a-las-18.47.01.png 836w\" sizes=\"auto, (max-width: 300px) 100vw, 300px\" \/><\/p>\n<p><img loading=\"lazy\" decoding=\"async\" class=\"size-medium wp-image-1621 alignleft\" src=\"https:\/\/agora.xtec.cat\/llarcanroura\/wp-content\/uploads\/usu2037\/2020\/05\/Captura-de-pantalla-2020-05-06-a-las-9.40.32-300x224.png\" alt=\"\" width=\"300\" height=\"224\" srcset=\"https:\/\/agora.xtec.cat\/llarcanroura\/wp-content\/uploads\/usu2037\/2020\/05\/Captura-de-pantalla-2020-05-06-a-las-9.40.32-300x224.png 300w, https:\/\/agora.xtec.cat\/llarcanroura\/wp-content\/uploads\/usu2037\/2020\/05\/Captura-de-pantalla-2020-05-06-a-las-9.40.32-768x574.png 768w, https:\/\/agora.xtec.cat\/llarcanroura\/wp-content\/uploads\/usu2037\/2020\/05\/Captura-de-pantalla-2020-05-06-a-las-9.40.32-1024x765.png 1024w, https:\/\/agora.xtec.cat\/llarcanroura\/wp-content\/uploads\/usu2037\/2020\/05\/Captura-de-pantalla-2020-05-06-a-las-9.40.32-200x150.png 200w, https:\/\/agora.xtec.cat\/llarcanroura\/wp-content\/uploads\/usu2037\/2020\/05\/Captura-de-pantalla-2020-05-06-a-las-9.40.32.png 1250w\" sizes=\"auto, (max-width: 300px) 100vw, 300px\" \/><\/p>\n<p>&nbsp;<\/p>\n<p>&nbsp;<\/p>\n<p>&nbsp;<\/p>\n<p>&nbsp;<\/p>\n<p>&nbsp;<\/p>\n<p>&nbsp;<\/p>\n<p><img loading=\"lazy\" decoding=\"async\" class=\"size-medium wp-image-1622 alignleft\" src=\"https:\/\/agora.xtec.cat\/llarcanroura\/wp-content\/uploads\/usu2037\/2020\/05\/Captura-de-pantalla-2020-05-06-a-las-9.40.55-300x222.png\" alt=\"\" width=\"300\" height=\"222\" srcset=\"https:\/\/agora.xtec.cat\/llarcanroura\/wp-content\/uploads\/usu2037\/2020\/05\/Captura-de-pantalla-2020-05-06-a-las-9.40.55-300x222.png 300w, https:\/\/agora.xtec.cat\/llarcanroura\/wp-content\/uploads\/usu2037\/2020\/05\/Captura-de-pantalla-2020-05-06-a-las-9.40.55-768x568.png 768w, https:\/\/agora.xtec.cat\/llarcanroura\/wp-content\/uploads\/usu2037\/2020\/05\/Captura-de-pantalla-2020-05-06-a-las-9.40.55-1024x757.png 1024w, https:\/\/agora.xtec.cat\/llarcanroura\/wp-content\/uploads\/usu2037\/2020\/05\/Captura-de-pantalla-2020-05-06-a-las-9.40.55.png 1266w\" sizes=\"auto, (max-width: 300px) 100vw, 300px\" \/><\/p>\n<p><img loading=\"lazy\" decoding=\"async\" class=\"size-medium wp-image-1623 alignleft\" src=\"https:\/\/agora.xtec.cat\/llarcanroura\/wp-content\/uploads\/usu2037\/2020\/05\/Captura-de-pantalla-2020-05-06-a-las-9.37.55-300x225.png\" alt=\"\" width=\"300\" height=\"225\" srcset=\"https:\/\/agora.xtec.cat\/llarcanroura\/wp-content\/uploads\/usu2037\/2020\/05\/Captura-de-pantalla-2020-05-06-a-las-9.37.55-300x225.png 300w, https:\/\/agora.xtec.cat\/llarcanroura\/wp-content\/uploads\/usu2037\/2020\/05\/Captura-de-pantalla-2020-05-06-a-las-9.37.55-768x576.png 768w, https:\/\/agora.xtec.cat\/llarcanroura\/wp-content\/uploads\/usu2037\/2020\/05\/Captura-de-pantalla-2020-05-06-a-las-9.37.55-1024x768.png 1024w, https:\/\/agora.xtec.cat\/llarcanroura\/wp-content\/uploads\/usu2037\/2020\/05\/Captura-de-pantalla-2020-05-06-a-las-9.37.55-200x150.png 200w, https:\/\/agora.xtec.cat\/llarcanroura\/wp-content\/uploads\/usu2037\/2020\/05\/Captura-de-pantalla-2020-05-06-a-las-9.37.55.png 1256w\" sizes=\"auto, (max-width: 300px) 100vw, 300px\" \/><\/p>\n<p><img loading=\"lazy\" decoding=\"async\" class=\"size-medium wp-image-1624 alignleft\" src=\"https:\/\/agora.xtec.cat\/llarcanroura\/wp-content\/uploads\/usu2037\/2020\/05\/Captura-de-pantalla-2020-05-06-a-las-10.02.30-300x224.png\" alt=\"\" width=\"300\" height=\"224\" srcset=\"https:\/\/agora.xtec.cat\/llarcanroura\/wp-content\/uploads\/usu2037\/2020\/05\/Captura-de-pantalla-2020-05-06-a-las-10.02.30-300x224.png 300w, https:\/\/agora.xtec.cat\/llarcanroura\/wp-content\/uploads\/usu2037\/2020\/05\/Captura-de-pantalla-2020-05-06-a-las-10.02.30-768x574.png 768w, https:\/\/agora.xtec.cat\/llarcanroura\/wp-content\/uploads\/usu2037\/2020\/05\/Captura-de-pantalla-2020-05-06-a-las-10.02.30-1024x765.png 1024w, https:\/\/agora.xtec.cat\/llarcanroura\/wp-content\/uploads\/usu2037\/2020\/05\/Captura-de-pantalla-2020-05-06-a-las-10.02.30-200x150.png 200w, https:\/\/agora.xtec.cat\/llarcanroura\/wp-content\/uploads\/usu2037\/2020\/05\/Captura-de-pantalla-2020-05-06-a-las-10.02.30.png 1228w\" sizes=\"auto, (max-width: 300px) 100vw, 300px\" \/><\/p>\n<p>&nbsp;<\/p>\n<p>&nbsp;<\/p>\n<p>&nbsp;<\/p>\n<p>&nbsp;<\/p>\n<p>&nbsp;<\/p>\n<p>&nbsp;<\/p>\n<p><img loading=\"lazy\" decoding=\"async\" class=\"size-medium wp-image-1628 alignleft\" src=\"https:\/\/agora.xtec.cat\/llarcanroura\/wp-content\/uploads\/usu2037\/2020\/05\/Captura-de-pantalla-2020-05-06-a-las-10.07.56-300x225.png\" alt=\"\" width=\"300\" height=\"225\" srcset=\"https:\/\/agora.xtec.cat\/llarcanroura\/wp-content\/uploads\/usu2037\/2020\/05\/Captura-de-pantalla-2020-05-06-a-las-10.07.56-300x225.png 300w, https:\/\/agora.xtec.cat\/llarcanroura\/wp-content\/uploads\/usu2037\/2020\/05\/Captura-de-pantalla-2020-05-06-a-las-10.07.56-768x577.png 768w, https:\/\/agora.xtec.cat\/llarcanroura\/wp-content\/uploads\/usu2037\/2020\/05\/Captura-de-pantalla-2020-05-06-a-las-10.07.56-1024x770.png 1024w, https:\/\/agora.xtec.cat\/llarcanroura\/wp-content\/uploads\/usu2037\/2020\/05\/Captura-de-pantalla-2020-05-06-a-las-10.07.56-200x150.png 200w, https:\/\/agora.xtec.cat\/llarcanroura\/wp-content\/uploads\/usu2037\/2020\/05\/Captura-de-pantalla-2020-05-06-a-las-10.07.56.png 1224w\" sizes=\"auto, (max-width: 300px) 100vw, 300px\" \/><\/p>\n<p><img loading=\"lazy\" decoding=\"async\" class=\"size-medium wp-image-1625 alignleft\" src=\"https:\/\/agora.xtec.cat\/llarcanroura\/wp-content\/uploads\/usu2037\/2020\/05\/Captura-de-pantalla-2020-05-06-a-las-10.04.10-300x224.png\" alt=\"\" width=\"300\" height=\"224\" srcset=\"https:\/\/agora.xtec.cat\/llarcanroura\/wp-content\/uploads\/usu2037\/2020\/05\/Captura-de-pantalla-2020-05-06-a-las-10.04.10-300x224.png 300w, https:\/\/agora.xtec.cat\/llarcanroura\/wp-content\/uploads\/usu2037\/2020\/05\/Captura-de-pantalla-2020-05-06-a-las-10.04.10-768x574.png 768w, https:\/\/agora.xtec.cat\/llarcanroura\/wp-content\/uploads\/usu2037\/2020\/05\/Captura-de-pantalla-2020-05-06-a-las-10.04.10-1024x765.png 1024w, https:\/\/agora.xtec.cat\/llarcanroura\/wp-content\/uploads\/usu2037\/2020\/05\/Captura-de-pantalla-2020-05-06-a-las-10.04.10-200x150.png 200w, https:\/\/agora.xtec.cat\/llarcanroura\/wp-content\/uploads\/usu2037\/2020\/05\/Captura-de-pantalla-2020-05-06-a-las-10.04.10.png 1248w\" sizes=\"auto, (max-width: 300px) 100vw, 300px\" \/><\/p>\n<p><img loading=\"lazy\" decoding=\"async\" class=\"size-medium wp-image-1618 alignleft\" src=\"https:\/\/agora.xtec.cat\/llarcanroura\/wp-content\/uploads\/usu2037\/2020\/05\/Captura-de-pantalla-2020-05-06-a-las-9.47.27-300x222.png\" alt=\"\" width=\"300\" height=\"222\" srcset=\"https:\/\/agora.xtec.cat\/llarcanroura\/wp-content\/uploads\/usu2037\/2020\/05\/Captura-de-pantalla-2020-05-06-a-las-9.47.27-300x222.png 300w, https:\/\/agora.xtec.cat\/llarcanroura\/wp-content\/uploads\/usu2037\/2020\/05\/Captura-de-pantalla-2020-05-06-a-las-9.47.27-768x569.png 768w, https:\/\/agora.xtec.cat\/llarcanroura\/wp-content\/uploads\/usu2037\/2020\/05\/Captura-de-pantalla-2020-05-06-a-las-9.47.27-1024x759.png 1024w, https:\/\/agora.xtec.cat\/llarcanroura\/wp-content\/uploads\/usu2037\/2020\/05\/Captura-de-pantalla-2020-05-06-a-las-9.47.27.png 1266w\" sizes=\"auto, (max-width: 300px) 100vw, 300px\" \/><\/p>\n<p>&nbsp;<\/p>\n<p>&nbsp;<\/p>\n<p>&nbsp;<\/p>\n<p>&nbsp;<\/p>\n<p>&nbsp;<\/p>\n<p>&nbsp;<\/p>\n<p><img loading=\"lazy\" decoding=\"async\" class=\"size-medium wp-image-1620 alignleft\" src=\"https:\/\/agora.xtec.cat\/llarcanroura\/wp-content\/uploads\/usu2037\/2020\/05\/Captura-de-pantalla-2020-05-06-a-las-9.46.35-300x215.png\" alt=\"\" width=\"300\" height=\"215\" srcset=\"https:\/\/agora.xtec.cat\/llarcanroura\/wp-content\/uploads\/usu2037\/2020\/05\/Captura-de-pantalla-2020-05-06-a-las-9.46.35-300x215.png 300w, https:\/\/agora.xtec.cat\/llarcanroura\/wp-content\/uploads\/usu2037\/2020\/05\/Captura-de-pantalla-2020-05-06-a-las-9.46.35-768x551.png 768w, https:\/\/agora.xtec.cat\/llarcanroura\/wp-content\/uploads\/usu2037\/2020\/05\/Captura-de-pantalla-2020-05-06-a-las-9.46.35-1024x735.png 1024w, https:\/\/agora.xtec.cat\/llarcanroura\/wp-content\/uploads\/usu2037\/2020\/05\/Captura-de-pantalla-2020-05-06-a-las-9.46.35.png 1254w\" sizes=\"auto, (max-width: 300px) 100vw, 300px\" \/><\/p>\n<p><img loading=\"lazy\" decoding=\"async\" class=\"size-medium wp-image-1627 alignleft\" src=\"https:\/\/agora.xtec.cat\/llarcanroura\/wp-content\/uploads\/usu2037\/2020\/05\/Captura-de-pantalla-2020-05-06-a-las-10.04.37-300x220.png\" alt=\"\" width=\"300\" height=\"220\" srcset=\"https:\/\/agora.xtec.cat\/llarcanroura\/wp-content\/uploads\/usu2037\/2020\/05\/Captura-de-pantalla-2020-05-06-a-las-10.04.37-300x220.png 300w, https:\/\/agora.xtec.cat\/llarcanroura\/wp-content\/uploads\/usu2037\/2020\/05\/Captura-de-pantalla-2020-05-06-a-las-10.04.37-768x562.png 768w, https:\/\/agora.xtec.cat\/llarcanroura\/wp-content\/uploads\/usu2037\/2020\/05\/Captura-de-pantalla-2020-05-06-a-las-10.04.37-1024x749.png 1024w, https:\/\/agora.xtec.cat\/llarcanroura\/wp-content\/uploads\/usu2037\/2020\/05\/Captura-de-pantalla-2020-05-06-a-las-10.04.37.png 1230w\" sizes=\"auto, (max-width: 300px) 100vw, 300px\" \/><\/p>\n<p><img loading=\"lazy\" decoding=\"async\" class=\"size-medium wp-image-1619 alignleft\" src=\"https:\/\/agora.xtec.cat\/llarcanroura\/wp-content\/uploads\/usu2037\/2020\/05\/Captura-de-pantalla-2020-05-06-a-las-9.42.48-300x224.png\" alt=\"\" width=\"300\" height=\"224\" srcset=\"https:\/\/agora.xtec.cat\/llarcanroura\/wp-content\/uploads\/usu2037\/2020\/05\/Captura-de-pantalla-2020-05-06-a-las-9.42.48-300x224.png 300w, https:\/\/agora.xtec.cat\/llarcanroura\/wp-content\/uploads\/usu2037\/2020\/05\/Captura-de-pantalla-2020-05-06-a-las-9.42.48-768x574.png 768w, https:\/\/agora.xtec.cat\/llarcanroura\/wp-content\/uploads\/usu2037\/2020\/05\/Captura-de-pantalla-2020-05-06-a-las-9.42.48-1024x765.png 1024w, https:\/\/agora.xtec.cat\/llarcanroura\/wp-content\/uploads\/usu2037\/2020\/05\/Captura-de-pantalla-2020-05-06-a-las-9.42.48-200x150.png 200w, https:\/\/agora.xtec.cat\/llarcanroura\/wp-content\/uploads\/usu2037\/2020\/05\/Captura-de-pantalla-2020-05-06-a-las-9.42.48.png 1258w\" sizes=\"auto, (max-width: 300px) 100vw, 300px\" \/><\/p>\n<p>&nbsp;<\/p>\n<p>&nbsp;<\/p>\n<p>&nbsp;<\/p>\n<p>&nbsp;<\/p>\n<p>&nbsp;<\/p>\n<p>&nbsp;<\/p>\n<p><img loading=\"lazy\" decoding=\"async\" class=\"size-medium wp-image-1617 alignleft\" src=\"https:\/\/agora.xtec.cat\/llarcanroura\/wp-content\/uploads\/usu2037\/2020\/05\/Captura-de-pantalla-2020-05-06-a-las-9.44.32-225x300.png\" alt=\"\" width=\"225\" height=\"300\" srcset=\"https:\/\/agora.xtec.cat\/llarcanroura\/wp-content\/uploads\/usu2037\/2020\/05\/Captura-de-pantalla-2020-05-06-a-las-9.44.32-225x300.png 225w, https:\/\/agora.xtec.cat\/llarcanroura\/wp-content\/uploads\/usu2037\/2020\/05\/Captura-de-pantalla-2020-05-06-a-las-9.44.32-768x1022.png 768w, https:\/\/agora.xtec.cat\/llarcanroura\/wp-content\/uploads\/usu2037\/2020\/05\/Captura-de-pantalla-2020-05-06-a-las-9.44.32-769x1024.png 769w, https:\/\/agora.xtec.cat\/llarcanroura\/wp-content\/uploads\/usu2037\/2020\/05\/Captura-de-pantalla-2020-05-06-a-las-9.44.32.png 780w\" sizes=\"auto, (max-width: 225px) 100vw, 225px\" \/><\/p>\n<p>&nbsp;<\/p>\n<p><img loading=\"lazy\" decoding=\"async\" class=\"size-medium wp-image-1626 alignnone\" src=\"https:\/\/agora.xtec.cat\/llarcanroura\/wp-content\/uploads\/usu2037\/2020\/05\/Captura-de-pantalla-2020-05-06-a-las-10.03.40-300x225.png\" alt=\"\" width=\"300\" height=\"225\" srcset=\"https:\/\/agora.xtec.cat\/llarcanroura\/wp-content\/uploads\/usu2037\/2020\/05\/Captura-de-pantalla-2020-05-06-a-las-10.03.40-300x225.png 300w, https:\/\/agora.xtec.cat\/llarcanroura\/wp-content\/uploads\/usu2037\/2020\/05\/Captura-de-pantalla-2020-05-06-a-las-10.03.40-768x576.png 768w, https:\/\/agora.xtec.cat\/llarcanroura\/wp-content\/uploads\/usu2037\/2020\/05\/Captura-de-pantalla-2020-05-06-a-las-10.03.40-1024x768.png 1024w, https:\/\/agora.xtec.cat\/llarcanroura\/wp-content\/uploads\/usu2037\/2020\/05\/Captura-de-pantalla-2020-05-06-a-las-10.03.40-200x150.png 200w, https:\/\/agora.xtec.cat\/llarcanroura\/wp-content\/uploads\/usu2037\/2020\/05\/Captura-de-pantalla-2020-05-06-a-las-10.03.40.png 1242w\" sizes=\"auto, (max-width: 300px) 100vw, 300px\" \/><\/p>\n<p>&nbsp;<\/p>\n","protected":false},"excerpt":{"rendered":"<p>L\u2019escola disposa de 6 aules, m\u00e9s dues que es varen habilitar de la sala d\u2019usos m\u00faltiples: 1 \u00f3 2 per infants de 0-1 any; 3 \u00f3 4 per a infants d\u20191 a 2 anys i 3 per a infants de 2 a 3 anys, segons&hellip;  <a href=\"https:\/\/agora.xtec.cat\/llarcanroura\/lescola\/instal%c2%b7lacions\/aules\/\" title=\"Read Estances\">Llegeix m\u00e9s\u00bb<\/a><\/p>\n","protected":false},"author":3,"featured_media":0,"parent":30,"menu_order":0,"comment_status":"closed","ping_status":"closed","template":"page-templates\/side-menu.php","meta":{"_bbp_topic_count":0,"_bbp_reply_count":0,"_bbp_total_topic_count":0,"_bbp_total_reply_count":0,"_bbp_voice_count":0,"_bbp_anonymous_reply_count":0,"_bbp_topic_count_hidden":0,"_bbp_reply_count_hidden":0,"_bbp_forum_subforum_count":0,"footnotes":""},"class_list":["post-855","page","type-page","status-publish","hentry"],"post_mailing_queue_ids":[],"_links":{"self":[{"href":"https:\/\/agora.xtec.cat\/llarcanroura\/wp-json\/wp\/v2\/pages\/855","targetHints":{"allow":["GET"]}}],"collection":[{"href":"https:\/\/agora.xtec.cat\/llarcanroura\/wp-json\/wp\/v2\/pages"}],"about":[{"href":"https:\/\/agora.xtec.cat\/llarcanroura\/wp-json\/wp\/v2\/types\/page"}],"author":[{"embeddable":true,"href":"https:\/\/agora.xtec.cat\/llarcanroura\/wp-json\/wp\/v2\/users\/3"}],"replies":[{"embeddable":true,"href":"https:\/\/agora.xtec.cat\/llarcanroura\/wp-json\/wp\/v2\/comments?post=855"}],"version-history":[{"count":5,"href":"https:\/\/agora.xtec.cat\/llarcanroura\/wp-json\/wp\/v2\/pages\/855\/revisions"}],"predecessor-version":[{"id":2485,"href":"https:\/\/agora.xtec.cat\/llarcanroura\/wp-json\/wp\/v2\/pages\/855\/revisions\/2485"}],"up":[{"embeddable":true,"href":"https:\/\/agora.xtec.cat\/llarcanroura\/wp-json\/wp\/v2\/pages\/30"}],"wp:attachment":[{"href":"https:\/\/agora.xtec.cat\/llarcanroura\/wp-json\/wp\/v2\/media?parent=855"}],"curies":[{"name":"wp","href":"https:\/\/api.w.org\/{rel}","templated":true}]}}