{"id":766,"date":"2020-03-17T15:57:38","date_gmt":"2020-03-17T14:57:38","guid":{"rendered":"https:\/\/agora.xtec.cat\/llarcanroura\/?page_id=766"},"modified":"2020-03-19T16:53:24","modified_gmt":"2020-03-19T15:53:24","slug":"serveis-2","status":"publish","type":"page","link":"https:\/\/agora.xtec.cat\/llarcanroura\/serveis-2\/","title":{"rendered":"SERVEIS"},"content":{"rendered":"<p><span style=\"font-weight: 400;\">&#8211;<\/span><span style=\"font-weight: 400;\">\u00a0 \u00a0 \u00a0 \u00a0 <\/span><b>Serveis<\/b><\/p>\n<p><span style=\"color: #33cccc;\">&amp;&amp;&amp;&amp;&amp;&amp;&amp;&amp;&amp;&amp;&amp;&amp;&amp;&amp;&amp;&amp;&amp;&amp;&amp;&amp;&amp;&amp;&amp;&amp;&amp;&amp;&amp;&amp;&amp;&amp;&amp;&amp;&amp;&amp;&amp;&amp;&amp;&amp;&amp;&amp;&amp;&amp;&amp;&amp;&amp;&amp;&amp;&amp;&amp;&amp;&amp;&amp;&amp;&amp;&amp;&amp;&amp;&amp;&amp;&amp;&amp;&amp;&amp;&amp;&amp;&amp;&amp;&amp;&amp;&amp;&amp;&amp;&amp;&amp;&amp;&amp;&amp;&amp;&amp;&amp;&amp;&amp;&amp;&amp;&amp;&amp;&amp;&amp;<\/span><\/p>\n<ul>\n<li><b>Menjador<\/b><\/li>\n<\/ul>\n<p><span style=\"font-weight: 400;\">La nostra escola disposa de cuina pr\u00f2pia, en la qual s\u2019elaboren di\u00e0riament els men\u00fas. A principi de curs, es facilita el men\u00fa (mensual) perqu\u00e8 les fam\u00edlies el coneguin i puguin planificar el sopar de manera complement\u00e0ria a casa.<\/span><\/p>\n<p>&nbsp;<\/p>\n<p><span style=\"font-weight: 400;\">Els men\u00fas que s\u2019ofereixen als infants s\u00f3n equilibrats i supervisats pel Servei de pediatria del CAP d Vilassar de Dalt.<\/span><\/p>\n<p><span style=\"font-weight: 400;\">\u00a0\u00a0<\/span><\/p>\n<p><span style=\"font-weight: 400;\">Si per alguna ra\u00f3 el pediatre de l&#8217;infant considera que li conv\u00e9 una dieta especial o si t\u00e9 al\u00b7l\u00e8rgia o intoler\u00e0ncia a algun aliment, mitjan\u00e7ant l&#8217;informe corresponent \u2014 em\u00e8s per un metge col\u00b7legiat\u2014 s\u2019atendr\u00e0 les necessitats espec\u00edfiques.<\/span><\/p>\n<p><span style=\"font-weight: 400;\">\u00a0\u00a0<\/span><\/p>\n<p><span style=\"font-weight: 400;\">Per raons higienico-sanit\u00e0ries i organitzatives, les fam\u00edlies no poden portar el dinar de casa en substituci\u00f3 del que proporciona l\u2019escola, ja que suposaria l\u2019entrada al centre de menjars sense el control sanitari que l\u2019escola ha de garantir.<\/span><\/p>\n<p><span style=\"font-weight: 400;\">\u00a0<\/span><\/p>\n<p><span style=\"font-weight: 400;\">El dinar es servir\u00e0 a les 12h. del migdia a cada aula i ser\u00e0 l\u2019educadora qui vetllar\u00e0 per que els infants mengin correctament<\/span><\/p>\n<p><span style=\"font-weight: 400;\">Amb el preu del dinar s\u2019inclou el dinar, el berenar i les dues hores de perman\u00e8ncia al migdia.<\/span><\/p>\n<p><span style=\"font-weight: 400;\">\u00a0<\/span><\/p>\n<p><span style=\"font-weight: 400;\">A l\u2019escola bressol es facilita la possibilitat de continuar l\u2019alletament matern amb els infants, tant de manera presencial com mitjan\u00e7ant l\u2019administraci\u00f3 de la llet que la mare s\u2019hagi extret pr\u00e8viament. Aix\u00ed, doncs, amb l\u2019establiment d\u2019acords amb la direcci\u00f3 del centre es garanteix:<\/span><\/p>\n<p><span style=\"font-weight: 400;\">&#8211;<\/span><span style=\"font-weight: 400;\">\u00a0 \u00a0 \u00a0 \u00a0 <\/span><span style=\"font-weight: 400;\">La possibilitat que la mare pugui alletar l&#8217;infant a la mateixa aula de l\u2019escola.<\/span><\/p>\n<p><span style=\"font-weight: 400;\">&#8211;<\/span><span style=\"font-weight: 400;\">\u00a0 \u00a0 \u00a0 \u00a0 <\/span><span style=\"font-weight: 400;\">La possibilitat de guardar, al frigor\u00edfic o al congelador de l\u2019escola, les unitats de llet materna aportades per la fam\u00edlia en dosis d\u2019una sola presa, etiquetades amb el nom i cognoms de l\u2019infant i la data de consumici\u00f3.<\/span><\/p>\n<p><b>\u00a0<\/b><span style=\"font-weight: 400;\">Penjar el men\u00fa no recordo si hi havia un punt espec\u00edfic per fer-ho<\/span><\/p>\n<p>&nbsp;<\/p>\n<p>&nbsp;<\/p>\n<table>\n<tbody>\n<tr>\n<td><b>\u00a0<\/b><\/td>\n<td><b>DILLUNS<\/b><\/td>\n<td><b>DIMARTS<\/b><\/td>\n<td><b>DIMECRES<\/b><\/td>\n<td><b>DIJOUS<\/b><\/td>\n<td><b>DIVENDRES<\/b><\/td>\n<\/tr>\n<tr>\n<td><b>\u00a0<\/b><\/p>\n<p><b>MEN\u00da A<\/b><\/td>\n<td><span style=\"font-weight: 400;\">Crema de verdures<\/span><\/p>\n<p><span style=\"font-weight: 400;\">Hamburguesa<\/span><\/p>\n<p><span style=\"font-weight: 400;\">Fruita<\/span><\/td>\n<td><span style=\"font-weight: 400;\">Fumet de peix amb arr\u00f2s<\/span><\/p>\n<p><span style=\"font-weight: 400;\">\u00a0Pollastre al forn<\/span><\/p>\n<p><span style=\"font-weight: 400;\">Fruita<\/span><\/td>\n<td><span style=\"font-weight: 400;\"> Llenties amb verdures i salsitxes<\/span><\/p>\n<p><span style=\"font-weight: 400;\">Fruita<\/span><\/td>\n<td><span style=\"font-weight: 400;\">Patates i verdura<\/span><\/p>\n<p><span style=\"font-weight: 400;\">Peix enfarinat o al forn<\/span><\/p>\n<p><span style=\"font-weight: 400;\">Fruita<\/span><\/td>\n<td><span style=\"font-weight: 400;\">Macarrons a la bolonyesa<\/span><\/p>\n<p><span style=\"font-weight: 400;\">Fruita<\/span><\/td>\n<\/tr>\n<tr>\n<td><b>\u00a0<\/b><\/p>\n<p><b>MEN\u00da B<\/b><\/td>\n<td><span style=\"font-weight: 400;\">Llenties amb verdures i arr\u00f2s<\/span><\/p>\n<p><span style=\"font-weight: 400;\">\u00a0Fruita<\/span><\/td>\n<td><span style=\"font-weight: 400;\">Patates i verdures<\/span><\/p>\n<p><span style=\"font-weight: 400;\">Pollastre al forn<\/span><\/p>\n<p><span style=\"font-weight: 400;\">Fruita<\/span><\/td>\n<td><span style=\"font-weight: 400;\">Escudella i carn d\u2019olla Fruita<\/span><\/td>\n<td><span style=\"font-weight: 400;\"> Pur\u00e9 de verdures<\/span><\/p>\n<p><span style=\"font-weight: 400;\">Peix al forn<\/span><\/p>\n<p><span style=\"font-weight: 400;\">Fruita<\/span><\/td>\n<td><span style=\"font-weight: 400;\">Mandonguilles a la jardinera<\/span><\/p>\n<p><span style=\"font-weight: 400;\">Fruita<\/span><\/td>\n<\/tr>\n<tr>\n<td><b>\u00a0<\/b><\/p>\n<p><b>MEN\u00da C<\/b><\/td>\n<td><span style=\"font-weight: 400;\">Crema de verdures<\/span><\/p>\n<p><span style=\"font-weight: 400;\">Hamburguesa<\/span><\/p>\n<p><span style=\"font-weight: 400;\">Fruita<\/span><\/td>\n<td><span style=\"font-weight: 400;\">Llenties amb verdures i arr\u00f2s<\/span><\/p>\n<p><span style=\"font-weight: 400;\">i salsitxes<\/span><\/p>\n<p><span style=\"font-weight: 400;\">Fruita<\/span><\/td>\n<td><span style=\"font-weight: 400;\"> Macarrons a la bolonyesa<\/span><\/p>\n<p><span style=\"font-weight: 400;\">Fruita<\/span><\/td>\n<td><span style=\"font-weight: 400;\">Patates verdura<\/span><\/p>\n<p><span style=\"font-weight: 400;\">Peix al forn<\/span><\/p>\n<p><span style=\"font-weight: 400;\">Fruita<\/span><\/td>\n<td><span style=\"font-weight: 400;\">Fricand\u00f3 amb arr\u00f2s<\/span><\/p>\n<p><span style=\"font-weight: 400;\">Fruita<\/span><\/td>\n<\/tr>\n<tr>\n<td><b>\u00a0<\/b><\/p>\n<p><b>MEN\u00da D<\/b><\/td>\n<td><span style=\"font-weight: 400;\">Crema de verdures<\/span><\/p>\n<p><span style=\"font-weight: 400;\">Hamburguesa<\/span><\/p>\n<p><span style=\"font-weight: 400;\">Fruita<\/span><\/td>\n<td><span style=\"font-weight: 400;\">Patates i verdura<\/span><\/p>\n<p><span style=\"font-weight: 400;\">Pollastre arrebossat<\/span><\/p>\n<p><span style=\"font-weight: 400;\">Fruita<\/span><\/td>\n<td><span style=\"font-weight: 400;\">Arr\u00f2s amb tom\u00e0quet<\/span><\/p>\n<p><span style=\"font-weight: 400;\">\u00a0Salsitxes<\/span><\/p>\n<p><span style=\"font-weight: 400;\">Fruita<\/span><\/td>\n<td><span style=\"font-weight: 400;\">Llenties amb verdures i arr\u00f2s<\/span><\/p>\n<p><span style=\"font-weight: 400;\">i salsitxes<\/span><\/p>\n<p><span style=\"font-weight: 400;\">Fruita<\/span><\/td>\n<td><span style=\"font-weight: 400;\">Estofat de peix<\/span><\/p>\n<p><span style=\"font-weight: 400;\">Fruita<\/span><\/td>\n<\/tr>\n<\/tbody>\n<\/table>\n<p><span style=\"font-weight: 400;\">\u00a0<\/span><\/p>\n<p><span style=\"font-weight: 400;\">Cada dia acompanyarem els plats amb amanida verda (enciam, tom\u00e0quet, blat de moro, &#8230;., anirem variant.)<\/span><\/p>\n<p><span style=\"font-weight: 400;\">\u00a0<\/span><\/p>\n<table>\n<tbody>\n<tr>\n<td><b>BERENAR<\/b><\/td>\n<td><span style=\"font-weight: 400;\">Iogurt amb bastonets<\/span><\/td>\n<td><span style=\"font-weight: 400;\">Pl\u00e0tan amb pa,,,<\/span><\/td>\n<td><span style=\"font-weight: 400;\">Entrep\u00e0 de formatge<\/span><\/td>\n<td><span style=\"font-weight: 400;\">Pl\u00e0tan amb pa<\/span><\/td>\n<td><span style=\"font-weight: 400;\">Iogurt amb bastonets<\/span><\/td>\n<\/tr>\n<\/tbody>\n<\/table>\n<p><span style=\"font-weight: 400;\">\u00a0\u00a0<\/span><\/p>\n<p><b>TRITURAT<\/b><\/p>\n<p><span style=\"font-weight: 400;\">\u00a0<\/span><\/p>\n<table>\n<tbody>\n<tr>\n<td><b>DILLUNS<\/b><\/td>\n<td><b>DIMARTS<\/b><\/td>\n<td><b>DIMECRES<\/b><\/td>\n<td><b>DIJOUS<\/b><\/td>\n<td><b>DIVENDRES<\/b><\/td>\n<\/tr>\n<tr>\n<td><span style=\"font-weight: 400;\">Pur\u00e9 de verdures<\/span><\/p>\n<p><span style=\"font-weight: 400;\">Pollastre a la planxa<\/span><\/p>\n<p><span style=\"font-weight: 400;\">Iogurt<\/span><\/td>\n<td><span style=\"font-weight: 400;\">Pur\u00e9 de verdures<\/span><\/p>\n<p><span style=\"font-weight: 400;\">Vedella a la planxa<\/span><\/p>\n<p><span style=\"font-weight: 400;\">Suc de taronja<\/span><\/td>\n<td><span style=\"font-weight: 400;\">Pur\u00e9 de verdures<\/span><\/p>\n<p><span style=\"font-weight: 400;\">Gall d\u2019indi a la planxa<\/span><\/p>\n<p><span style=\"font-weight: 400;\">Iogurt<\/span><\/td>\n<td><span style=\"font-weight: 400;\">Pur\u00e9 de verdures<\/span><\/p>\n<p><span style=\"font-weight: 400;\">Vedella a la planxa<\/span><\/p>\n<p><span style=\"font-weight: 400;\">Suc de taronja<\/span><\/td>\n<td><span style=\"font-weight: 400;\">Pur\u00e9 de verdures<\/span><\/p>\n<p><span style=\"font-weight: 400;\">Pollastre a la planxa<\/span><\/p>\n<p><span style=\"font-weight: 400;\">Iogurt<\/span><\/td>\n<\/tr>\n<\/tbody>\n<\/table>\n<p><span style=\"font-weight: 400;\">\u00a0<\/span><\/p>\n<p><span style=\"font-weight: 400;\">\u00a0<\/span><\/p>\n<table>\n<tbody>\n<tr>\n<td><b>DILLUNS<\/b><\/td>\n<td><b>DIMARTS<\/b><\/td>\n<td><b>DIMECRES<\/b><\/td>\n<td><b>DIJOUS<\/b><\/td>\n<td><b>DIVENDRES<\/b><\/td>\n<\/tr>\n<tr>\n<td><span style=\"font-weight: 400;\">Pur\u00e9 de fruites<\/span><\/td>\n<td><span style=\"font-weight: 400;\">Iogurt amb bastonets<\/span><\/td>\n<td><span style=\"font-weight: 400;\">Pur\u00e9 de fruites<\/span><\/td>\n<td><span style=\"font-weight: 400;\">Iogurt amb bastonets<\/span><\/td>\n<td><span style=\"font-weight: 400;\">Pur\u00e9 de fruites<\/span><\/td>\n<\/tr>\n<\/tbody>\n<\/table>\n<p><span style=\"color: #33cccc;\">&amp;&amp;&amp;&amp;&amp;&amp;&amp;&amp;&amp;&amp;&amp;&amp;&amp;&amp;&amp;&amp;&amp;&amp;&amp;&amp;&amp;&amp;&amp;&amp;&amp;&amp;&amp;&amp;&amp;&amp;&amp;&amp;&amp;&amp;&amp;&amp;&amp;&amp;&amp;&amp;&amp;&amp;&amp;&amp;&amp;&amp;&amp;&amp;&amp;&amp;&amp;&amp;&amp;&amp;&amp;&amp;&amp;&amp;&amp;&amp;&amp;&amp;&amp;&amp;&amp;&amp;&amp;&amp;&amp;&amp;&amp;&amp;&amp;&amp;&amp;&amp;&amp;&amp;&amp;&amp;&amp;&amp;&amp;&amp;&amp;&amp;&amp;<\/span><\/p>\n<p><span style=\"font-weight: 400;\">\u00a0<\/span><\/p>\n<ul>\n<li><b>Acollida<\/b><\/li>\n<\/ul>\n<p><span style=\"font-weight: 400;\">Sovint el temps lliure dels infants no coincideix amb el del adults de la fam\u00edlia i d\u2019aqu\u00ed ha sorgit aquest servei.<\/span><\/p>\n<p><span style=\"font-weight: 400;\">L\u2019horari de les perman\u00e8ncies \u00e9s el seg\u00fcent:<\/span><\/p>\n<p><span style=\"font-weight: 400;\">&#8211;<\/span><span style=\"font-weight: 400;\">\u00a0 \u00a0 \u00a0 \u00a0 <\/span><span style=\"font-weight: 400;\">Mat\u00ed: de 3\/4 de 8 a 3\/4 de 9.<\/span><\/p>\n<p><span style=\"font-weight: 400;\">&#8211;<\/span><span style=\"font-weight: 400;\">\u00a0 \u00a0 \u00a0 \u00a0 <\/span><span style=\"font-weight: 400;\">Migdia: de 13h. a 15h, aquest \u00e9s un servei m\u00e9s adre\u00e7at a nadons que, encara prenen biber\u00f3 i no mengen el dinar de l\u2019escola<\/span><\/p>\n<p><span style=\"font-weight: 400;\">&#8211;<\/span><span style=\"font-weight: 400;\">\u00a0 \u00a0 \u00a0 \u00a0 <\/span><span style=\"font-weight: 400;\">Tarda: Hi ha d\u2019haver un m\u00ednim d\u2019inscrits per donar aquest servei<\/span><\/p>\n<p><span style=\"font-weight: 400;\">Aquest servei t\u00e9 un vessant l\u00fadic, basa la seva activitat en el joc i el gaudi dels infants. El seu plantejament parteix de fer del temps lliure un temps educatiu.<\/span><\/p>\n<p><span style=\"font-weight: 400;\">La principal tasca de l\u2019equip \u00e9s organitzar un context que permeti als infants desenvolupar les seves capacitats; fer propostes de joc que permetin l\u2019activitat aut\u00f2noma dels nens i nenes de diferents edats, que puguin satisfer la seva curiositat, la necessitat d\u2019exploraci\u00f3 i de joc, de relaci\u00f3 i de moviment.<\/span><\/p>\n<p>&nbsp;<\/p>\n<p><span style=\"color: #33cccc;\">&amp;&amp;&amp;&amp;&amp;&amp;&amp;&amp;&amp;&amp;&amp;&amp;&amp;&amp;&amp;&amp;&amp;&amp;&amp;&amp;&amp;&amp;&amp;&amp;&amp;&amp;&amp;&amp;&amp;&amp;&amp;&amp;&amp;&amp;&amp;&amp;&amp;&amp;&amp;&amp;&amp;&amp;&amp;&amp;&amp;&amp;&amp;&amp;&amp;&amp;&amp;&amp;&amp;&amp;&amp;&amp;&amp;&amp;&amp;&amp;&amp;&amp;&amp;&amp;&amp;&amp;&amp;&amp;&amp;&amp;&amp;&amp;&amp;&amp;&amp;&amp;&amp;&amp;&amp;&amp;&amp;&amp;&amp;&amp;&amp;&amp;&amp;&amp;<\/span><\/p>\n<ul>\n<li><b>Psicopedag\u00f2gic<\/b><\/li>\n<\/ul>\n<p><span style=\"font-weight: 400;\">El servei psicopedag\u00f2gic, \u00e9s un servei adre\u00e7at a totes les fam\u00edlies que tenen un fill o filla escolaritzat al nostre poble.<\/span><\/p>\n<p><span style=\"font-weight: 400;\">Aquest servei sempre ha estat un ajut tant per les fam\u00edlies com per les pr\u00f2pies educadores. \u00c9s important detectar i assessorar per agafar les coses a temps. La informaci\u00f3 i prevenci\u00f3 s\u00f3n el primer pas per resoldre. Cal treballar plegats per adonar-nos de la import\u00e0ncia de la nostra etapa educativa<\/span><\/p>\n<p><span style=\"font-weight: 400;\">&#8211; \u00a0 La Merc\u00e8 Fonts, vindr\u00e0 cada dimarts de 9\u201930 a 11\u201930h. a l\u2019escola<\/span><\/p>\n<p><span style=\"font-weight: 400;\">\u00a0<\/span> <span style=\"font-weight: 400;\">Atenci\u00f3 als pares que ho desitgin, a la pr\u00f2pia escola o b\u00e9 al local del\u00a0 psicopedag\u00f2gic, tel. 93 753 37 56.<\/span><\/p>\n<p><span style=\"color: #33cccc;\">&amp;&amp;&amp;&amp;&amp;&amp;&amp;&amp;&amp;&amp;&amp;&amp;&amp;&amp;&amp;&amp;&amp;&amp;&amp;&amp;&amp;&amp;&amp;&amp;&amp;&amp;&amp;&amp;&amp;&amp;&amp;&amp;&amp;&amp;&amp;&amp;&amp;&amp;&amp;&amp;&amp;&amp;&amp;&amp;&amp;&amp;&amp;&amp;&amp;&amp;&amp;&amp;&amp;&amp;&amp;&amp;&amp;&amp;&amp;&amp;&amp;&amp;&amp;&amp;&amp;&amp;&amp;&amp;&amp;&amp;&amp;&amp;&amp;&amp;&amp;&amp;&amp;&amp;&amp;&amp;&amp;&amp;&amp;&amp;&amp;&amp;&amp;<\/span><\/p>\n<p>&nbsp;<\/p>\n<ul>\n<li><b>Preus<\/b><\/li>\n<\/ul>\n<p><span style=\"font-weight: 400;\">La taxa municipal per a l\u2019escola bressol \u00e9s l\u2019aprovada pel Ple de l\u2019Ajuntament de Vilassar de Dalt.<\/span><\/p>\n<p><span style=\"font-weight: 400;\">Per a les tarifes d\u2019escolaritzaci\u00f3 i del servei de menjador, s\u2019estableixen diferents categories de bonificacions que es determinaran mitjan\u00e7ant la tarifaci\u00f3 social, segons la capacitat econ\u00f2mica de les fam\u00edlies.<\/span><\/p>\n<p>&nbsp;<\/p>\n<p><span style=\"color: #33cccc;\">&amp;&amp;&amp;&amp;&amp;&amp;&amp;&amp;&amp;&amp;&amp;&amp;&amp;&amp;&amp;&amp;&amp;&amp;&amp;&amp;&amp;&amp;&amp;&amp;&amp;&amp;&amp;&amp;&amp;&amp;&amp;&amp;&amp;&amp;&amp;&amp;&amp;&amp;&amp;&amp;&amp;&amp;&amp;&amp;&amp;&amp;&amp;&amp;&amp;&amp;&amp;&amp;&amp;&amp;&amp;&amp;&amp;&amp;&amp;&amp;&amp;&amp;&amp;&amp;&amp;&amp;&amp;&amp;&amp;&amp;&amp;&amp;&amp;&amp;&amp;&amp;&amp;&amp;&amp;&amp;&amp;&amp;&amp;&amp;&amp;&amp;&amp;&amp;<\/span><\/p>\n","protected":false},"excerpt":{"rendered":"<p>&#8211;\u00a0 \u00a0 \u00a0 \u00a0 Serveis<br \/>\n&amp;&amp;&amp;&amp;&amp;&amp;&amp;&amp;&amp;&amp;&amp;&amp;&amp;&amp;&amp;&amp;&amp;&amp;&amp;&amp;&amp;&amp;&amp;&amp;&amp;&amp;&amp;&amp;&amp;&amp;&amp;&amp;&amp;&amp;&amp;&amp;&amp;&amp;&amp;&amp;&amp;&amp;&amp;&amp;&amp;&amp;&amp;&amp;&amp;&amp;&amp;&amp;&amp;&amp;&amp;&amp;&amp;&amp;&amp;&amp;&amp;&amp;&amp;&amp;&amp;&amp;&amp;&amp;&amp;&amp;&amp;&amp;&amp;&amp;&amp;&amp;&amp;&amp;&amp;&amp;&amp;&amp;&amp;&amp;&amp;&amp;&amp;&amp;<\/p>\n<ul>\n<li>Menjador<\/li>\n<\/ul>\n<p>La nostra escola disposa de cuina pr\u00f2pia, en la qual s\u2019elaboren di\u00e0riament els men\u00fas. A principi de curs, es facilita el men\u00fa (mensual) perqu\u00e8 les fam\u00edlies el coneguin i puguin planificar el sopar de manera complement\u00e0ria a casa.<br \/>\n&nbsp;<br \/>\nEls men\u00fas que s\u2019ofereixen&hellip;  <a href=\"https:\/\/agora.xtec.cat\/llarcanroura\/serveis-2\/\" title=\"Read SERVEIS\">Llegeix m\u00e9s\u00bb<\/a><\/p>\n","protected":false},"author":4,"featured_media":0,"parent":0,"menu_order":0,"comment_status":"closed","ping_status":"closed","template":"","meta":{"_bbp_topic_count":0,"_bbp_reply_count":0,"_bbp_total_topic_count":0,"_bbp_total_reply_count":0,"_bbp_voice_count":0,"_bbp_anonymous_reply_count":0,"_bbp_topic_count_hidden":0,"_bbp_reply_count_hidden":0,"_bbp_forum_subforum_count":0,"footnotes":""},"class_list":["post-766","page","type-page","status-publish","hentry"],"post_mailing_queue_ids":[],"_links":{"self":[{"href":"https:\/\/agora.xtec.cat\/llarcanroura\/wp-json\/wp\/v2\/pages\/766","targetHints":{"allow":["GET"]}}],"collection":[{"href":"https:\/\/agora.xtec.cat\/llarcanroura\/wp-json\/wp\/v2\/pages"}],"about":[{"href":"https:\/\/agora.xtec.cat\/llarcanroura\/wp-json\/wp\/v2\/types\/page"}],"author":[{"embeddable":true,"href":"https:\/\/agora.xtec.cat\/llarcanroura\/wp-json\/wp\/v2\/users\/4"}],"replies":[{"embeddable":true,"href":"https:\/\/agora.xtec.cat\/llarcanroura\/wp-json\/wp\/v2\/comments?post=766"}],"version-history":[{"count":3,"href":"https:\/\/agora.xtec.cat\/llarcanroura\/wp-json\/wp\/v2\/pages\/766\/revisions"}],"predecessor-version":[{"id":935,"href":"https:\/\/agora.xtec.cat\/llarcanroura\/wp-json\/wp\/v2\/pages\/766\/revisions\/935"}],"wp:attachment":[{"href":"https:\/\/agora.xtec.cat\/llarcanroura\/wp-json\/wp\/v2\/media?parent=766"}],"curies":[{"name":"wp","href":"https:\/\/api.w.org\/{rel}","templated":true}]}}