{"id":487,"date":"2025-04-09T10:48:43","date_gmt":"2025-04-09T08:48:43","guid":{"rendered":"https:\/\/agora.xtec.cat\/llarcanroura\/?page_id=487"},"modified":"2025-09-10T14:41:18","modified_gmt":"2025-09-10T12:41:18","slug":"el-nostre-equip","status":"publish","type":"page","link":"https:\/\/agora.xtec.cat\/llarcanroura\/lescola\/el-nostre-equip\/","title":{"rendered":"El nostre equip"},"content":{"rendered":"<p style=\"text-align: center;\"><strong>\u00a0 CURS 2025 &#8211; 2026<\/strong><\/p>\n<table style=\"width: 87.2645%; height: 3378px;\">\n<tbody>\n<tr style=\"height: 247px;\">\n<td style=\"width: 27.5236%; height: 215px;\"><img loading=\"lazy\" decoding=\"async\" class=\"aligncenter wp-image-1638\" src=\"https:\/\/agora.xtec.cat\/llarcanroura\/wp-content\/uploads\/usu2037\/2020\/05\/IMG-20200506-WA0026_1-284x300.jpg\" alt=\"\" width=\"141\" height=\"149\" srcset=\"https:\/\/agora.xtec.cat\/llarcanroura\/wp-content\/uploads\/usu2037\/2020\/05\/IMG-20200506-WA0026_1-284x300.jpg 284w, https:\/\/agora.xtec.cat\/llarcanroura\/wp-content\/uploads\/usu2037\/2020\/05\/IMG-20200506-WA0026_1-768x810.jpg 768w, https:\/\/agora.xtec.cat\/llarcanroura\/wp-content\/uploads\/usu2037\/2020\/05\/IMG-20200506-WA0026_1.jpg 914w\" sizes=\"auto, (max-width: 141px) 100vw, 141px\" \/><\/td>\n<td style=\"width: 26.0684%; height: 215px;\"><span style=\"font-weight: 400;\">MAGDA AGUAR\u00d3N\u00a0<\/span><\/td>\n<td style=\"width: 95.4575%; height: 215px;\">LLEONS 2-3 ANYS<\/td>\n<\/tr>\n<tr style=\"height: 276px;\">\n<td style=\"width: 27.5236%; height: 230px;\"><img loading=\"lazy\" decoding=\"async\" class=\"aligncenter\" src=\"https:\/\/agora.xtec.cat\/llarcanroura\/wp-content\/uploads\/usu2037\/2020\/05\/IMG-20200507-WA0009_1-245x300.jpg\" width=\"136\" height=\"167\" \/><\/td>\n<td style=\"width: 26.0684%; height: 230px;\">MARTA CORBERA<\/td>\n<td style=\"width: 95.4575%; height: 230px;\">GIRAFES 2-3 ANYS<\/td>\n<\/tr>\n<tr style=\"height: 290px;\">\n<td style=\"width: 27.5236%; height: 260px;\"><img loading=\"lazy\" decoding=\"async\" class=\"aligncenter wp-image-1656\" src=\"https:\/\/agora.xtec.cat\/llarcanroura\/wp-content\/uploads\/usu2037\/2020\/05\/IMG_20200507_131144-180x300.jpg\" alt=\"\" width=\"125\" height=\"208\" srcset=\"https:\/\/agora.xtec.cat\/llarcanroura\/wp-content\/uploads\/usu2037\/2020\/05\/IMG_20200507_131144-180x300.jpg 180w, https:\/\/agora.xtec.cat\/llarcanroura\/wp-content\/uploads\/usu2037\/2020\/05\/IMG_20200507_131144-768x1279.jpg 768w, https:\/\/agora.xtec.cat\/llarcanroura\/wp-content\/uploads\/usu2037\/2020\/05\/IMG_20200507_131144-615x1024.jpg 615w, https:\/\/agora.xtec.cat\/llarcanroura\/wp-content\/uploads\/usu2037\/2020\/05\/IMG_20200507_131144.jpg 964w\" sizes=\"auto, (max-width: 125px) 100vw, 125px\" \/><\/td>\n<td style=\"width: 26.0684%; height: 260px;\"><span style=\"font-weight: 400;\">SANDRA PASCUAL<\/span><\/td>\n<td style=\"width: 95.4575%; height: 260px;\"><span style=\"font-weight: 400;\">SUPORT GRANS<\/span><\/td>\n<\/tr>\n<tr style=\"height: 290px;\">\n<td style=\"width: 27.5236%; height: 236px;\"><img loading=\"lazy\" decoding=\"async\" class=\"aligncenter wp-image-1498\" src=\"https:\/\/agora.xtec.cat\/llarcanroura\/wp-content\/uploads\/usu2037\/2020\/05\/IMG-20191221-WA0072_1_1_1-239x300.jpg\" alt=\"\" width=\"151\" height=\"189\" srcset=\"https:\/\/agora.xtec.cat\/llarcanroura\/wp-content\/uploads\/usu2037\/2020\/05\/IMG-20191221-WA0072_1_1_1-239x300.jpg 239w, https:\/\/agora.xtec.cat\/llarcanroura\/wp-content\/uploads\/usu2037\/2020\/05\/IMG-20191221-WA0072_1_1_1.jpg 270w\" sizes=\"auto, (max-width: 151px) 100vw, 151px\" \/><\/td>\n<td style=\"width: 26.0684%; height: 236px;\"><span style=\"font-weight: 400;\">ANNA ROMERO<\/span><\/td>\n<td style=\"width: 95.4575%; height: 236px;\"><span style=\"font-weight: 400;\">CONILLS 1-2 ANYS.<\/span><\/td>\n<\/tr>\n<tr style=\"height: 317px;\">\n<td style=\"width: 27.5236%; height: 253px;\"><img loading=\"lazy\" decoding=\"async\" class=\"aligncenter wp-image-1647\" src=\"https:\/\/agora.xtec.cat\/llarcanroura\/wp-content\/uploads\/usu2037\/2020\/05\/IMG-20200507-WA0012_1-247x300.jpg\" alt=\"\" width=\"150\" height=\"182\" srcset=\"https:\/\/agora.xtec.cat\/llarcanroura\/wp-content\/uploads\/usu2037\/2020\/05\/IMG-20200507-WA0012_1-247x300.jpg 247w, https:\/\/agora.xtec.cat\/llarcanroura\/wp-content\/uploads\/usu2037\/2020\/05\/IMG-20200507-WA0012_1.jpg 365w\" sizes=\"auto, (max-width: 150px) 100vw, 150px\" \/><\/td>\n<td style=\"width: 26.0684%; height: 253px;\"><span style=\"font-weight: 400;\">MAR CORTIJO<\/span><\/td>\n<td style=\"width: 95.4575%; height: 253px;\"><span style=\"font-weight: 400;\">ESQUIROLS 1-2 ANYS.<\/span><\/td>\n<\/tr>\n<tr style=\"height: 283px;\">\n<td style=\"width: 27.5236%; height: 181px;\"><img loading=\"lazy\" decoding=\"async\" class=\"aligncenter\" src=\"https:\/\/agora.xtec.cat\/llarcanroura\/wp-content\/uploads\/usu2037\/2025\/09\/20250910_124501-2-150x150.jpg\" width=\"169\" height=\"169\" \/><\/td>\n<td style=\"width: 26.0684%; height: 181px;\"><span style=\"font-weight: 400;\">ANNA COLOMER\u00a0<\/span><\/td>\n<td style=\"width: 95.4575%; height: 181px;\">MUSSOLS 1-2 ANYS.<\/td>\n<\/tr>\n<tr style=\"height: 32px;\">\n<td style=\"width: 27.5236%; height: 76px;\"><img loading=\"lazy\" decoding=\"async\" class=\"aligncenter wp-image-1518\" src=\"https:\/\/agora.xtec.cat\/llarcanroura\/wp-content\/uploads\/usu2037\/2020\/05\/IMG-20200504-WA0047_1-239x300.jpg\" alt=\"\" width=\"150\" height=\"188\" srcset=\"https:\/\/agora.xtec.cat\/llarcanroura\/wp-content\/uploads\/usu2037\/2020\/05\/IMG-20200504-WA0047_1-239x300.jpg 239w, https:\/\/agora.xtec.cat\/llarcanroura\/wp-content\/uploads\/usu2037\/2020\/05\/IMG-20200504-WA0047_1.jpg 617w\" sizes=\"auto, (max-width: 150px) 100vw, 150px\" \/><\/td>\n<td style=\"width: 26.0684%; height: 76px;\">&nbsp;<\/p>\n<p>&nbsp;<\/p>\n<p>YOLANDA VALERO<\/p>\n<p>&nbsp;<\/p>\n<p>&nbsp;<\/td>\n<td style=\"width: 95.4575%; height: 76px;\">SUPORT MITJANS<\/td>\n<\/tr>\n<tr style=\"height: 224px;\">\n<td style=\"width: 27.5236%; height: 224px;\"><img loading=\"lazy\" decoding=\"async\" class=\"aligncenter wp-image-1668\" src=\"https:\/\/agora.xtec.cat\/llarcanroura\/wp-content\/uploads\/usu2037\/2020\/05\/IMG_1113-210x300.jpeg\" alt=\"\" width=\"145\" height=\"207\" srcset=\"https:\/\/agora.xtec.cat\/llarcanroura\/wp-content\/uploads\/usu2037\/2020\/05\/IMG_1113-210x300.jpeg 210w, https:\/\/agora.xtec.cat\/llarcanroura\/wp-content\/uploads\/usu2037\/2020\/05\/IMG_1113-768x1099.jpeg 768w, https:\/\/agora.xtec.cat\/llarcanroura\/wp-content\/uploads\/usu2037\/2020\/05\/IMG_1113-715x1024.jpeg 715w, https:\/\/agora.xtec.cat\/llarcanroura\/wp-content\/uploads\/usu2037\/2020\/05\/IMG_1113.jpeg 807w\" sizes=\"auto, (max-width: 145px) 100vw, 145px\" \/><\/td>\n<td style=\"width: 26.0684%; height: 224px;\">&nbsp;<\/p>\n<p>MAITE MOGAS<\/td>\n<td style=\"width: 95.4575%; height: 224px;\">&nbsp;<\/p>\n<p>CARGOLS 1-2<\/td>\n<\/tr>\n<tr style=\"height: 317px;\">\n<td style=\"width: 27.5236%; height: 257px;\"><img loading=\"lazy\" decoding=\"async\" class=\"aligncenter wp-image-1402\" src=\"https:\/\/agora.xtec.cat\/llarcanroura\/wp-content\/uploads\/usu2037\/2020\/05\/IMG-20191221-WA0037_1.jpg\" alt=\"\" width=\"150\" height=\"186\" \/><\/td>\n<td style=\"width: 26.0684%; height: 257px;\"><span style=\"font-weight: 400;\">ENCARNA JURADO<\/span><\/td>\n<td style=\"width: 95.4575%; height: 257px;\"><span style=\"font-weight: 400;\">TORTUGUES 0-1 ANYS.<\/span><\/td>\n<\/tr>\n<tr style=\"height: 281px;\">\n<td style=\"width: 27.5236%; height: 230px;\"><img loading=\"lazy\" decoding=\"async\" class=\"aligncenter wp-image-1649\" src=\"https:\/\/agora.xtec.cat\/llarcanroura\/wp-content\/uploads\/usu2037\/2020\/05\/IMG-20200507-WA0010_1-217x300.jpg\" alt=\"\" width=\"139\" height=\"192\" srcset=\"https:\/\/agora.xtec.cat\/llarcanroura\/wp-content\/uploads\/usu2037\/2020\/05\/IMG-20200507-WA0010_1-217x300.jpg 217w, https:\/\/agora.xtec.cat\/llarcanroura\/wp-content\/uploads\/usu2037\/2020\/05\/IMG-20200507-WA0010_1.jpg 595w\" sizes=\"auto, (max-width: 139px) 100vw, 139px\" \/><\/td>\n<td style=\"width: 26.0684%; height: 230px;\"><span style=\"font-weight: 400;\">ANNA CAMPINS<\/span><\/td>\n<td style=\"width: 95.4575%; height: 230px;\">SUPORT NADONS<\/td>\n<\/tr>\n<tr style=\"height: 287px;\">\n<td style=\"width: 27.5236%; height: 230px;\"><img loading=\"lazy\" decoding=\"async\" class=\"aligncenter wp-image-1639\" src=\"https:\/\/agora.xtec.cat\/llarcanroura\/wp-content\/uploads\/usu2037\/2020\/05\/IMG-20200506-WA0014_1-281x300.jpg\" alt=\"\" width=\"150\" height=\"160\" srcset=\"https:\/\/agora.xtec.cat\/llarcanroura\/wp-content\/uploads\/usu2037\/2020\/05\/IMG-20200506-WA0014_1-281x300.jpg 281w, https:\/\/agora.xtec.cat\/llarcanroura\/wp-content\/uploads\/usu2037\/2020\/05\/IMG-20200506-WA0014_1.jpg 523w\" sizes=\"auto, (max-width: 150px) 100vw, 150px\" \/><\/td>\n<td style=\"width: 26.0684%; height: 230px;\"><span style=\"font-weight: 400;\">MONTSE CALVACHE<\/span><\/td>\n<td style=\"width: 95.4575%; height: 230px;\">SUPORT GENERAL<\/p>\n<p>DESCANS MIGDIA MITJANS<\/p>\n<p>ACOLLIDA<\/td>\n<\/tr>\n<tr style=\"height: 249px;\">\n<td style=\"width: 27.5236%; height: 249px;\"><img loading=\"lazy\" decoding=\"async\" class=\"aligncenter wp-image-1640\" src=\"https:\/\/agora.xtec.cat\/llarcanroura\/wp-content\/uploads\/usu2037\/2020\/05\/IMG-20200506-WA0030_1-285x300.jpg\" alt=\"\" width=\"151\" height=\"159\" srcset=\"https:\/\/agora.xtec.cat\/llarcanroura\/wp-content\/uploads\/usu2037\/2020\/05\/IMG-20200506-WA0030_1-285x300.jpg 285w, https:\/\/agora.xtec.cat\/llarcanroura\/wp-content\/uploads\/usu2037\/2020\/05\/IMG-20200506-WA0030_1.jpg 605w\" sizes=\"auto, (max-width: 151px) 100vw, 151px\" \/><\/td>\n<td style=\"width: 26.0684%; height: 249px;\"><span style=\"font-weight: 400;\">\u00a0ADRIANA SABORIT\u00a0<\/span><\/td>\n<td style=\"width: 95.4575%; height: 249px;\">DIRECTORA<\/td>\n<\/tr>\n<tr style=\"height: 317px;\">\n<td style=\"width: 27.5236%; height: 255px;\"><strong><a href=\"https:\/\/agora.xtec.cat\/llarcanroura\/wp-content\/uploads\/usu2037\/2022\/09\/8b603a09-3216-47f2-b970-95af8b79246e-1.jpg\"><img loading=\"lazy\" decoding=\"async\" class=\"wp-image-2248 aligncenter\" src=\"https:\/\/agora.xtec.cat\/llarcanroura\/wp-content\/uploads\/usu2037\/2022\/09\/8b603a09-3216-47f2-b970-95af8b79246e-1.jpg\" alt=\"\" width=\"132\" height=\"176\" srcset=\"https:\/\/agora.xtec.cat\/llarcanroura\/wp-content\/uploads\/usu2037\/2022\/09\/8b603a09-3216-47f2-b970-95af8b79246e-1.jpg 769w, https:\/\/agora.xtec.cat\/llarcanroura\/wp-content\/uploads\/usu2037\/2022\/09\/8b603a09-3216-47f2-b970-95af8b79246e-1-225x300.jpg 225w\" sizes=\"auto, (max-width: 132px) 100vw, 132px\" \/><\/a><\/strong><\/td>\n<td style=\"width: 26.0684%; height: 255px;\"><span style=\"font-weight: 400;\">EVA PEREZ<\/span><\/td>\n<td style=\"width: 95.4575%; height: 255px;\"><span style=\"font-weight: 400;\">AUXILIAR CUINA<\/span><\/p>\n<p><span style=\"font-weight: 400;\">SUPLENCIES CUINA<\/span><\/p>\n<p>DESCANS MIGDIA MITJANS<\/p>\n<p>&nbsp;<\/td>\n<\/tr>\n<tr style=\"height: 137px;\">\n<td style=\"width: 27.5236%; height: 137px;\"><img decoding=\"async\" class=\"aligncenter\" src=\"https:\/\/agora.xtec.cat\/llarcanroura\/wp-content\/uploads\/usu2037\/2025\/09\/20250910_125524-2-150x150.jpg\" \/><\/td>\n<td style=\"width: 26.0684%; height: 137px;\"><span style=\"font-weight: 400;\">RAQUEL GRAU<\/span><\/td>\n<td style=\"width: 95.4575%; height: 137px;\">&nbsp;<\/p>\n<p><span style=\"font-weight: 400;\">CUINERA.<\/span><\/p>\n<p>&nbsp;<\/td>\n<\/tr>\n<tr style=\"height: 137px;\">\n<td style=\"width: 27.5236%; height: 137px;\"><img decoding=\"async\" class=\"aligncenter\" src=\"https:\/\/agora.xtec.cat\/llarcanroura\/wp-content\/uploads\/usu2037\/2025\/09\/20250910_143316-150x150.jpg\" \/><\/td>\n<td style=\"width: 26.0684%; height: 137px;\">ENCARNA SANCHEZ<\/td>\n<td style=\"width: 95.4575%; height: 137px;\">MONITORA MENJADOR<\/p>\n<p>DESCANS MIGDIA GRANS<\/td>\n<\/tr>\n<tr style=\"height: 32px;\">\n<td style=\"width: 27.5236%; height: 32px;\">&nbsp;<\/p>\n<p><img decoding=\"async\" class=\"aligncenter\" src=\"https:\/\/agora.xtec.cat\/llarcanroura\/wp-content\/uploads\/usu2037\/2025\/09\/20250910_123354-150x150.jpg\" \/><\/p>\n<p>&nbsp;<\/td>\n<td style=\"width: 26.0684%; height: 32px;\">ANGELICA FLORES<\/td>\n<td style=\"width: 95.4575%; height: 32px;\">MONITORA MENJADOR<\/p>\n<p>DESCANS MIGDIA GRANS<\/td>\n<\/tr>\n<tr style=\"height: 176px;\">\n<td style=\"width: 27.5236%; height: 176px;\"><\/td>\n<td style=\"width: 26.0684%; height: 176px;\">GEORGINA REIXACH<\/td>\n<td style=\"width: 95.4575%; height: 176px;\">&nbsp;<\/p>\n<p>MONITORA MENJADOR<\/p>\n<p>DESCANS MIGDIA NADONS<\/p>\n<p>ACOLLIDA<\/td>\n<\/tr>\n<\/tbody>\n<\/table>\n<p>&nbsp;<\/p>\n<div id=\"primary\" class=\"site-content sub-page\">\n<div id=\"content\" role=\"main\">\n<div class=\"row\">\n<div class=\"large-9 small-12 push-3 columns push-3\">\n<article id=\"post-487\" class=\"post-487 page type-page status-publish hentry\">\n<div class=\"entry-body\">\n<div class=\"entry-content\"><\/div>\n<\/div>\n<\/article>\n<\/div>\n<\/div>\n<\/div>\n<\/div>\n<footer id=\"footer\" class=\"site-footer\" role=\"contentinfo\">\n<div class=\"site-info\">\n<div class=\"row\"><\/div>\n<\/div>\n<\/footer>\n<p>\u00a0\ud83d\ude09\u00a0 Estar\u00e0 b\u00e9?<\/p>\n<p>\ud83d\ude09\u00a0 Far\u00e0 amics?<\/p>\n<p>\ud83d\ude09\u00a0 Em trobar\u00e0 a faltar?<\/p>\n<p>\ud83d\ude09\u00a0 Aprendr\u00e0 un munt de coses?<\/p>\n<p>\ud83d\ude09\u00a0 Descobrir\u00e0 el m\u00f3n amb entusiasme?<\/p>\n<p>\ud83d\ude09\u00a0 Tindr\u00e0n cura?<\/p>\n<p>\ud83d\ude09\u00a0 El consolar\u00e0n? L&#8217;ajudar\u00e0n?<\/p>\n<p>I un munt de neguits, reflexions i dubtes&#8230; No s\u00f3n nom\u00e9s els dubtes de les fam\u00edlies, s\u00f3n els nostres tamb\u00e9. Els mateixos que tenim nosaltres amb cada un dels infants que v\u00e9nen a l&#8217;EB Can Roura.<\/p>\n<p>Perqu\u00e8 el vostre inter\u00e9s \u00e9s el nostre. Perqu\u00e8 som una gran fam\u00edlia.<\/p>\n<p>Som un gran equip molt cohesionat amb moltes ganes i vocaci\u00f3. Creiem que el primer cicle de l&#8217;Educaci\u00f3 Infantil \u00e9s clau pel desenvolupament dels infants. Per aquest motiu vetllem cada dia per millorar-nos i fer del dia a dia un cam\u00ed cap a l&#8217;autonomia de l&#8217;infant. I el nostre objectiu \u00e9s fer que els infants se sentin segurs, acompanyats i estimats.<\/p>\n<p>&nbsp;<\/p>\n","protected":false},"excerpt":{"rendered":"<p>\u00a0 CURS 2025 &#8211; 2026<\/p>\n<p>MAGDA AGUAR\u00d3N\u00a0<br \/>\nLLEONS 2-3 ANYS<\/p>\n<p>MARTA CORBERA<br \/>\nGIRAFES 2-3 ANYS<\/p>\n<p>SANDRA PASCUAL<br \/>\nSUPORT GRANS<\/p>\n<p>ANNA ROMERO<br \/>\nCONILLS 1-2 ANYS.<\/p>\n<p>MAR CORTIJO<br \/>\nESQUIROLS 1-2 ANYS.<\/p>\n<p>ANNA COLOMER\u00a0<br \/>\nMUSSOLS 1-2 ANYS.<\/p>\n<p>&nbsp;<br \/>\n&nbsp;<br \/>\nYOLANDA VALERO<br \/>\n&nbsp;<br \/>\n&nbsp;<br \/>\nSUPORT MITJANS<\/p>\n<p>&nbsp;<br \/>\nMAITE MOGAS<br \/>\n&nbsp;<br \/>\nCARGOLS 1-2<\/p>\n<p>ENCARNA JURADO<br \/>\nTORTUGUES 0-1 ANYS.<\/p>\n<p>ANNA CAMPINS<br \/>\nSUPORT NADONS<\/p>\n<p>MONTSE CALVACHE<br \/>\nSUPORT GENERAL<br \/>\nDESCANS MIGDIA MITJANS<br \/>\nACOLLIDA<\/p>\n<p>\u00a0ADRIANA SABORIT\u00a0<br \/>\nDIRECTORA<\/p>\n<p><a href=\"https:\/\/agora.xtec.cat\/llarcanroura\/wp-content\/uploads\/usu2037\/2022\/09\/8b603a09-3216-47f2-b970-95af8b79246e-1.jpg\"><\/a><br \/>\nEVA PEREZ<br \/>\nAUXILIAR CUINA<br \/>\nSUPLENCIES CUINA<br \/>\nDESCANS MIGDIA MITJANS<br \/>\n&nbsp;<\/p>\n<p>RAQUEL GRAU<br \/>\n&nbsp;<br \/>\nCUINERA.<br \/>\n&nbsp;<\/p>\n<p>ENCARNA SANCHEZ<br \/>\nMONITORA MENJADOR<br \/>\nDESCANS&hellip;  <a href=\"https:\/\/agora.xtec.cat\/llarcanroura\/lescola\/el-nostre-equip\/\" title=\"Read El nostre equip\">Llegeix m\u00e9s\u00bb<\/a><\/p>\n","protected":false},"author":3,"featured_media":0,"parent":22,"menu_order":26,"comment_status":"closed","ping_status":"closed","template":"page-templates\/side-menu.php","meta":{"_bbp_topic_count":0,"_bbp_reply_count":0,"_bbp_total_topic_count":0,"_bbp_total_reply_count":0,"_bbp_voice_count":0,"_bbp_anonymous_reply_count":0,"_bbp_topic_count_hidden":0,"_bbp_reply_count_hidden":0,"_bbp_forum_subforum_count":0,"footnotes":""},"class_list":["post-487","page","type-page","status-publish","hentry"],"post_mailing_queue_ids":[],"_links":{"self":[{"href":"https:\/\/agora.xtec.cat\/llarcanroura\/wp-json\/wp\/v2\/pages\/487","targetHints":{"allow":["GET"]}}],"collection":[{"href":"https:\/\/agora.xtec.cat\/llarcanroura\/wp-json\/wp\/v2\/pages"}],"about":[{"href":"https:\/\/agora.xtec.cat\/llarcanroura\/wp-json\/wp\/v2\/types\/page"}],"author":[{"embeddable":true,"href":"https:\/\/agora.xtec.cat\/llarcanroura\/wp-json\/wp\/v2\/users\/3"}],"replies":[{"embeddable":true,"href":"https:\/\/agora.xtec.cat\/llarcanroura\/wp-json\/wp\/v2\/comments?post=487"}],"version-history":[{"count":11,"href":"https:\/\/agora.xtec.cat\/llarcanroura\/wp-json\/wp\/v2\/pages\/487\/revisions"}],"predecessor-version":[{"id":2477,"href":"https:\/\/agora.xtec.cat\/llarcanroura\/wp-json\/wp\/v2\/pages\/487\/revisions\/2477"}],"up":[{"embeddable":true,"href":"https:\/\/agora.xtec.cat\/llarcanroura\/wp-json\/wp\/v2\/pages\/22"}],"wp:attachment":[{"href":"https:\/\/agora.xtec.cat\/llarcanroura\/wp-json\/wp\/v2\/media?parent=487"}],"curies":[{"name":"wp","href":"https:\/\/api.w.org\/{rel}","templated":true}]}}