{"id":38,"date":"2014-09-18T12:34:08","date_gmt":"2014-09-18T11:34:08","guid":{"rendered":"http:\/\/agora.xtec.cat\/llarcanroura\/?page_id=38"},"modified":"2023-11-24T11:38:10","modified_gmt":"2023-11-24T10:38:10","slug":"salut","status":"publish","type":"page","link":"https:\/\/agora.xtec.cat\/llarcanroura\/lescola\/salut\/","title":{"rendered":"Salut"},"content":{"rendered":"<ul>\n<li style=\"text-align: justify;\"><b>Sanitat, higiene i accidents\u00a0<\/b><\/li>\n<\/ul>\n<p style=\"text-align: justify;\"><span style=\"font-weight: 400;\">Les mesures higi\u00e8nic-sanit\u00e0ries, s\u00f3n totes aquelles pr\u00e0ctiques higi\u00e8niques i de salubritat encaminades a un funcionament saludable de l\u2019escola bressol, eliminant en el possible, els riscos de malaltia o accident. S\u00f3n b\u00e0sicament mesures de prevenci\u00f3.<\/span><\/p>\n<p style=\"text-align: justify;\"><span style=\"font-weight: 400;\">La salut no \u00e9s nom\u00e9s l\u2019abs\u00e8ncia de malalties o afeccions, sin\u00f3 un estat complet de benestar, f\u00edsic, mental, emocional i social (definici\u00f3 de Salut segons l\u2019OMS Organitzaci\u00f3 Mundial de la Salut). Hi ha moments que patim s\u00edmptomes que ens fan dir que estem malalts i no podem fer la mateixa vida de sempre. Si considerem la salut com un estat de benestar, un infants malalt:\u00a0<\/span><\/p>\n<p style=\"text-align: justify;\"><span style=\"font-weight: 400;\">&#8211; No pot participar c\u00f2modament de les activitats educatives.<\/span><\/p>\n<p style=\"text-align: justify;\"><span style=\"font-weight: 400;\">&#8211; Necessita m\u00e9s atenci\u00f3 personal i unes condicions ambientals favorables.\u00a0<\/span><\/p>\n<p style=\"text-align: justify;\"><span style=\"font-weight: 400;\">&#8211; En cas de malaltia contagiosa contribueix a la seva propagaci\u00f3.\u00a0<\/span><\/p>\n<p style=\"text-align: justify;\"><span style=\"font-weight: 400;\">L\u2019escola bressol, com qualsevol lloc on conviuen moltes persones, requereix unes condicions sanit\u00e0ries per tal de limitar raonablement els perills per a la salut dels qui hi habiten. Unes vegades seran condicions de tipus gen\u00e8ric, necess\u00e0ries a qualsevol edifici on hi hagi p\u00fablic (mesures b\u00e0siques de seguretat i salubritat). I d&#8217;altres seran mesures espec\u00edfiques per a les escoles bressol, pel fet d&#8217;acollir grups de nens fins a 3 anys, poblaci\u00f3 amb uns riscos caracter\u00edstics deguts a l&#8217;edat i el fet d&#8217;estar en grup.\u00a0<\/span><\/p>\n<p style=\"text-align: justify;\"><span style=\"font-weight: 400;\">L\u2019escola bressol no disposa de les condicions adequades per atendre les situacions de malaltia. Aix\u00ed doncs, des del primer dia d\u2019escola, cal tenir previst qui atendr\u00e0 a l\u2019infant quan no pugui anar a l\u2019escola per una infecci\u00f3 o malaltia, ja que les educadores trucaran a la fam\u00edlia en el cas que un nen\/a no estigui b\u00e9.<\/span><\/p>\n<p style=\"text-align: justify;\"><span style=\"font-weight: 400;\">Per raons de salut b\u00e0sica, les educadors de la llar d\u2019infants no subministraran cap medicament als infants, excepte en els casos en qu\u00e8 sigui indispensable. Quan es doni aquesta situaci\u00f3 caldr\u00e0 portar la recepta de l\u2019especialista en pediatria degudament complimentada i l\u2019autoritzaci\u00f3 signada els pares per a una correcta administraci\u00f3 del medicament. Aquest procediment tamb\u00e9 inclou medicaments homeop\u00e0tics.\u00a0<\/span><\/p>\n<p style=\"text-align: justify;\"><span style=\"font-weight: 400;\">Al\u00b7l\u00e8rgies: Els nens\/es que presentin qualsevol tipus d\u2019al\u00b7l\u00e8rgia: aliment\u00e0ria, cut\u00e0nia, respirat\u00f2ria&#8230; hauran de presentar el certificat m\u00e8dic corresponent i si \u00e9s el cas, la seva medicaci\u00f3 o alimentaci\u00f3 adient.\u00a0<\/span><\/p>\n<ul style=\"text-align: justify;\">\n<li><b>Malalties contagioses i polls<\/b><\/li>\n<\/ul>\n<p style=\"text-align: justify;\"><span style=\"font-weight: 400;\">Amb l\u2019objectiu de respectar i protegir l\u2019infant malalt i la resta d\u2019infants i personal del centre, complint amb la normativa del Departament d&#8217;Educaci\u00f3 i del Departament de Salut de la Generalitat de Catalunya, i d\u2019acord amb les orientacions dels pediatres del municipi, s\u2019han acordat les seg\u00fcents mesures sanit\u00e0ries en cas d\u2019infants malalts:\u00a0<\/span><\/p>\n<ol style=\"text-align: justify;\">\n<li><span style=\"font-weight: 400;\"> Pel benestar de l\u2019infant, aquest no hauria d\u2019assistir a l\u2019escola en cas que presenti alguna d\u2019aquestes condicions:\u00a0<\/span><\/li>\n<\/ol>\n<p style=\"text-align: justify;\"><span style=\"font-weight: 400;\">&#8211; Que la malaltia impedeixi que l\u2019infant dugui a terme les seves activitats amb normalitat.<\/span><\/p>\n<p style=\"text-align: justify;\"><span style=\"font-weight: 400;\">&#8211; Que la malaltia requereixi m\u00e9s atencions de les que la seva educadora pugui donar-li, at\u00e8s que l\u2019atenci\u00f3 envers la resta d\u2019alumnes no pot quedar afectada.\u00a0<\/span><\/p>\n<p style=\"text-align: justify;\"><span style=\"font-weight: 400;\">&#8211; Que l\u2019infant presenti febre, letargia o irritabilitat, que plori constantment, que respiri amb dificultats o que tingui altres signes que evidenci\u00efn una malaltia greu.<\/span><\/p>\n<ol style=\"text-align: justify;\" start=\"2\">\n<li><span style=\"font-weight: 400;\"> Quan a l\u2019escola bressol hi arriba un infant amb una malaltia transmissible, exposa als altres al perill de contagi. Per tant, conv\u00e9 que no assisteixi a l\u2019escola bressol cap infant malalt.\u00a0<\/span><\/li>\n<li><span style=\"font-weight: 400;\"> Per reduir al m\u00e0xim el risc de contagi, tant els infants com els membres de personal, hauran d\u2019abstenir-se d\u2019assistir a l\u2019escola durant els per\u00edodes que es relacionen:\u00a0<\/span><\/li>\n<\/ol>\n<p style=\"text-align: justify;\"><span style=\"font-weight: 400;\">&#8211; Febre: temperatura superior a 38\u00baC, haur\u00e0 d\u2019estar un dia sencer a casa sense tenir febre abans de tornar al centre.<\/span><\/p>\n<p style=\"text-align: justify;\"><span style=\"font-weight: 400;\">\u00a0&#8211; Diarrea: l\u00edquida o amb sang, haur\u00e0 d\u2019estar un dia sencer a casa sense haver tingut cap diarrea abans de tornar al centre.<\/span><\/p>\n<p style=\"text-align: justify;\"><span style=\"font-weight: 400;\">&#8211; Estomatitis: infeccions i nafres a la boca.\u00a0<\/span><\/p>\n<p style=\"text-align: justify;\"><span style=\"font-weight: 400;\">&#8211; Conjuntivitis: 24 hores despr\u00e9s d\u2019haver iniciat el tractament.<\/span><\/p>\n<p style=\"text-align: justify;\"><span style=\"font-weight: 400;\">&#8211; Escarlatina: 48 hores despr\u00e9s de l\u2019inici del tractament.\u00a0<\/span><\/p>\n<p style=\"text-align: justify;\"><span style=\"font-weight: 400;\">&#8211; Hepatitis: 1 setmana despr\u00e9s de l\u2019inici de l\u2019icter\u00edcia.\u00a0<\/span><\/p>\n<p style=\"text-align: justify;\"><span style=\"font-weight: 400;\">&#8211; Galteres: 9 dies des de l\u2019inici de la seva manifestaci\u00f3. 6\u00a0<\/span><\/p>\n<p style=\"text-align: justify;\"><span style=\"font-weight: 400;\">&#8211; Pediculosis (polls): fins que no estiguin totalment eliminades les ll\u00e9menes.\u00a0<\/span><\/p>\n<p style=\"text-align: justify;\"><span style=\"font-weight: 400;\">&#8211; Varicel\u00b7la: fins que les lesions estiguin totes en fase de crosta.\u00a0<\/span><\/p>\n<p style=\"text-align: justify;\"><span style=\"font-weight: 400;\">&#8211; Erupcions i altres alteracions la pell: sense diagn\u00f2stic de no contagioses.\u00a0<\/span><\/p>\n<p>&#8211; Intervencions quir\u00fargiques o lesions traumatol\u00f2giques, es valorar\u00e0 cada cas en Claustre d&#8217;Educadores<\/p>\n<p style=\"text-align: justify;\"><span style=\"font-weight: 400;\">&#8211; Boca-mans-peus: degut a que surten moltes lesions, que l\u2019infant pot estar irritable, amb febre&#8230;, recomanem que estigui a casa durant un per\u00edode de 7 a 8 dies des del pron\u00f2stic.\u00a0<\/span><\/p>\n<p style=\"text-align: justify;\"><span style=\"font-weight: 400;\">&#8211; V\u00f2mits, dolor intens en alguna part del cos&#8230;\u00a0<\/span><\/p>\n<p style=\"text-align: justify;\"><span style=\"font-weight: 400;\">Els infants i el personal que pateixin malalties considerades d\u2019exclusi\u00f3 escolar segons el Departament de Salut de la Generalitat de Catalunya, no podran assistir a l\u2019escola bressol. <\/span><\/p>\n<p style=\"text-align: justify;\"><span style=\"font-weight: 400;\">Us adjuntem document del Departament de Salut de la Generalitat de Catalunya.<\/span><\/p>\n<p><a href=\"https:\/\/agora.xtec.cat\/llarcanroura\/wp-content\/uploads\/usu2037\/2023\/11\/criteris_no_assistencia_alumnat_escola_llar_infants_durant_periode_temps_determina_causa_malalties_transmisibles_2018-1.pdf\">criteris_no_assistencia_alumnat_escola_llar_infants_durant_periode_temps_determina_causa_malalties_transmisibles_2018 (1)<\/a><\/p>\n<p>&nbsp;<\/p>\n<p style=\"text-align: justify;\">\n","protected":false},"excerpt":{"rendered":"<ul>\n<li style=\"text-align: justify;\">Sanitat, higiene i accidents\u00a0<\/li>\n<\/ul>\n<p>Les mesures higi\u00e8nic-sanit\u00e0ries, s\u00f3n totes aquelles pr\u00e0ctiques higi\u00e8niques i de salubritat encaminades a un funcionament saludable de l\u2019escola bressol, eliminant en el possible, els riscos de malaltia o accident. S\u00f3n b\u00e0sicament mesures de prevenci\u00f3.<br \/>\nLa salut no \u00e9s nom\u00e9s l\u2019abs\u00e8ncia de&hellip;  <a href=\"https:\/\/agora.xtec.cat\/llarcanroura\/lescola\/salut\/\" title=\"Read Salut\">Llegeix m\u00e9s\u00bb<\/a><\/p>\n","protected":false},"author":1,"featured_media":0,"parent":22,"menu_order":80,"comment_status":"closed","ping_status":"closed","template":"page-templates\/side-menu.php","meta":{"_bbp_topic_count":0,"_bbp_reply_count":0,"_bbp_total_topic_count":0,"_bbp_total_reply_count":0,"_bbp_voice_count":0,"_bbp_anonymous_reply_count":0,"_bbp_topic_count_hidden":0,"_bbp_reply_count_hidden":0,"_bbp_forum_subforum_count":0,"footnotes":""},"class_list":["post-38","page","type-page","status-publish","hentry"],"post_mailing_queue_ids":[],"_links":{"self":[{"href":"https:\/\/agora.xtec.cat\/llarcanroura\/wp-json\/wp\/v2\/pages\/38","targetHints":{"allow":["GET"]}}],"collection":[{"href":"https:\/\/agora.xtec.cat\/llarcanroura\/wp-json\/wp\/v2\/pages"}],"about":[{"href":"https:\/\/agora.xtec.cat\/llarcanroura\/wp-json\/wp\/v2\/types\/page"}],"author":[{"embeddable":true,"href":"https:\/\/agora.xtec.cat\/llarcanroura\/wp-json\/wp\/v2\/users\/1"}],"replies":[{"embeddable":true,"href":"https:\/\/agora.xtec.cat\/llarcanroura\/wp-json\/wp\/v2\/comments?post=38"}],"version-history":[{"count":6,"href":"https:\/\/agora.xtec.cat\/llarcanroura\/wp-json\/wp\/v2\/pages\/38\/revisions"}],"predecessor-version":[{"id":2331,"href":"https:\/\/agora.xtec.cat\/llarcanroura\/wp-json\/wp\/v2\/pages\/38\/revisions\/2331"}],"up":[{"embeddable":true,"href":"https:\/\/agora.xtec.cat\/llarcanroura\/wp-json\/wp\/v2\/pages\/22"}],"wp:attachment":[{"href":"https:\/\/agora.xtec.cat\/llarcanroura\/wp-json\/wp\/v2\/media?parent=38"}],"curies":[{"name":"wp","href":"https:\/\/api.w.org\/{rel}","templated":true}]}}