{"id":30,"date":"2014-09-18T12:30:23","date_gmt":"2014-09-18T11:30:23","guid":{"rendered":"http:\/\/agora.xtec.cat\/llarcanroura\/?page_id=30"},"modified":"2025-09-10T12:12:21","modified_gmt":"2025-09-10T10:12:21","slug":"instal%c2%b7lacions","status":"publish","type":"page","link":"https:\/\/agora.xtec.cat\/llarcanroura\/lescola\/instal%c2%b7lacions\/","title":{"rendered":"Instal\u00b7lacions"},"content":{"rendered":"<p style=\"text-align: justify;\">L&#8217;edifici de l&#8217;escola consta de dues plantes, a la primera planta trobem la direcci\u00f3, les aules dels grups de mitjans, conills, esquirols i mussols; l&#8217;aula de nadons, cargols; una terrassa\/pati i un magatzem.<\/p>\n<p style=\"text-align: justify;\">A la planta baixa, podem trobar les aules del grups de grans, lleons, girafes i elefants; l&#8217;altre classe de nadons, tortugues; la cuina, el pati, la sala sensorial i la sala de mestres.<\/p>\n<p style=\"text-align: justify;\">L&#8217;escola tamb\u00e9 disposa d&#8217;ascensor per tal de facilitar la mobilitat.<\/p>\n<ul style=\"list-style-type: circle; text-align: justify;\">\n<li><span style=\"color: #3366ff;\">Aules amplies i lluminoses<\/span><\/li>\n<li><span style=\"color: #3366ff;\">Cuina pr\u00f2pia<\/span><\/li>\n<li><span style=\"color: #3366ff;\">Calefacci\u00f3 radial<\/span><\/li>\n<\/ul>\n<p style=\"text-align: justify;\"><span style=\"font-weight: 400;\">El centre disposa de:<\/span><\/p>\n<ul>\n<li style=\"text-align: justify;\"><span style=\"font-weight: 400;\">Vest\u00edbul <\/span><\/li>\n<li style=\"text-align: justify;\">Zona per a cotxets<\/li>\n<li style=\"text-align: justify;\">Despatx de direcci\u00f3<\/li>\n<li style=\"text-align: justify;\">Lavabo per adults<\/li>\n<li style=\"text-align: justify;\">Passad\u00eds ampli que fa la funci\u00f3 de sala polivalent (un a cada pis, tot i que el del pis inferior \u00e9s m\u00e9s gran)<\/li>\n<li style=\"text-align: justify;\">Sala de la llum i la foscor.<\/li>\n<li style=\"text-align: justify;\">Sala de mestres.<\/li>\n<li style=\"text-align: justify;\">Canviador i lavabo per les educadores.<\/li>\n<li style=\"text-align: justify;\">Lavabos pels nens\/es (dins l\u2019aula) .<\/li>\n<li style=\"text-align: justify;\">Pati.<\/li>\n<li style=\"text-align: justify;\">Terrassa.<\/li>\n<li style=\"text-align: justify;\">Cuina-officce.<\/li>\n<li style=\"text-align: justify;\">Diversos magatzems<\/li>\n<li style=\"text-align: justify;\">Sala de neteja.<\/li>\n<li style=\"text-align: justify;\">Pati davanter, pati planta baixa i terrassa<\/li>\n<\/ul>\n<p style=\"text-align: justify;\"><span style=\"font-weight: 400;\">Els espais a l\u2019escola bressol s\u00f3n amplis, s\u2019orienten per aprofitar la llum solar i compleixen amb els requisits de seguretat i d\u2019accessibilitat, garanteixen la visibilitat.<\/span><\/p>\n<p style=\"text-align: justify;\"><span style=\"font-weight: 400;\">Estan preparats amb intencionalitat educativa, amb l\u2019objectiu que els infants, a trav\u00e9s del joc, hi puguin desenvolupar les capacitats motrius, cognitives, emocionals i de relaci\u00f3.<\/span><\/p>\n<p style=\"text-align: justify;\"><span style=\"font-weight: 400;\">La distribuci\u00f3 i l\u2019organitzaci\u00f3 dels espais, tant interiors com a l\u2019aire lliure, est\u00e0 pensada per generar un entorn f\u00edsic segur i acollidor i una atmosfera c\u00e0lida. A l\u2019escola bressol s\u2019ofereixen materials que generen el joc i la descoberta dels infants. <\/span>Finalment, destaquem que el centre disposa d&#8217;una calefacci\u00f3 radial per tal d&#8217;oferir als nostres infants el millor clima per desenvolupar-se i explorar el m\u00f3n que els envolta.<\/p>\n<p><img loading=\"lazy\" decoding=\"async\" class=\"wp-image-1228 alignleft\" src=\"https:\/\/agora.xtec.cat\/llarcanroura\/wp-content\/uploads\/usu2037\/2020\/04\/IMG_3522-1-225x300.jpg\" alt=\"\" width=\"151\" height=\"202\" srcset=\"https:\/\/agora.xtec.cat\/llarcanroura\/wp-content\/uploads\/usu2037\/2020\/04\/IMG_3522-1-225x300.jpg 225w, https:\/\/agora.xtec.cat\/llarcanroura\/wp-content\/uploads\/usu2037\/2020\/04\/IMG_3522-1-768x1024.jpg 768w, https:\/\/agora.xtec.cat\/llarcanroura\/wp-content\/uploads\/usu2037\/2020\/04\/IMG_3522-1.jpg 960w\" sizes=\"auto, (max-width: 151px) 100vw, 151px\" \/><\/p>\n<p><img loading=\"lazy\" decoding=\"async\" class=\"wp-image-1167 alignleft\" src=\"https:\/\/agora.xtec.cat\/llarcanroura\/wp-content\/uploads\/usu2037\/2020\/04\/IMG-20200416-WA0024-225x300.jpg\" alt=\"\" width=\"149\" height=\"199\" srcset=\"https:\/\/agora.xtec.cat\/llarcanroura\/wp-content\/uploads\/usu2037\/2020\/04\/IMG-20200416-WA0024-225x300.jpg 225w, https:\/\/agora.xtec.cat\/llarcanroura\/wp-content\/uploads\/usu2037\/2020\/04\/IMG-20200416-WA0024-768x1024.jpg 768w, https:\/\/agora.xtec.cat\/llarcanroura\/wp-content\/uploads\/usu2037\/2020\/04\/IMG-20200416-WA0024.jpg 1200w\" sizes=\"auto, (max-width: 149px) 100vw, 149px\" \/> <img loading=\"lazy\" decoding=\"async\" class=\" wp-image-1166 alignleft\" src=\"https:\/\/agora.xtec.cat\/llarcanroura\/wp-content\/uploads\/usu2037\/2020\/04\/IMG-20200416-WA0019-225x300.jpg\" alt=\"\" width=\"149\" height=\"199\" srcset=\"https:\/\/agora.xtec.cat\/llarcanroura\/wp-content\/uploads\/usu2037\/2020\/04\/IMG-20200416-WA0019-225x300.jpg 225w, https:\/\/agora.xtec.cat\/llarcanroura\/wp-content\/uploads\/usu2037\/2020\/04\/IMG-20200416-WA0019-768x1024.jpg 768w, https:\/\/agora.xtec.cat\/llarcanroura\/wp-content\/uploads\/usu2037\/2020\/04\/IMG-20200416-WA0019.jpg 1200w\" sizes=\"auto, (max-width: 149px) 100vw, 149px\" \/> <img loading=\"lazy\" decoding=\"async\" class=\" wp-image-1165 alignleft\" src=\"https:\/\/agora.xtec.cat\/llarcanroura\/wp-content\/uploads\/usu2037\/2020\/04\/IMG-20200416-WA0020-225x300.jpg\" alt=\"\" width=\"150\" height=\"200\" srcset=\"https:\/\/agora.xtec.cat\/llarcanroura\/wp-content\/uploads\/usu2037\/2020\/04\/IMG-20200416-WA0020-225x300.jpg 225w, https:\/\/agora.xtec.cat\/llarcanroura\/wp-content\/uploads\/usu2037\/2020\/04\/IMG-20200416-WA0020-768x1024.jpg 768w, https:\/\/agora.xtec.cat\/llarcanroura\/wp-content\/uploads\/usu2037\/2020\/04\/IMG-20200416-WA0020.jpg 1200w\" sizes=\"auto, (max-width: 150px) 100vw, 150px\" \/> <img loading=\"lazy\" decoding=\"async\" class=\" wp-image-1164 alignleft\" src=\"https:\/\/agora.xtec.cat\/llarcanroura\/wp-content\/uploads\/usu2037\/2020\/04\/IMG-20200416-WA0023-225x300.jpg\" alt=\"\" width=\"160\" height=\"214\" srcset=\"https:\/\/agora.xtec.cat\/llarcanroura\/wp-content\/uploads\/usu2037\/2020\/04\/IMG-20200416-WA0023-225x300.jpg 225w, https:\/\/agora.xtec.cat\/llarcanroura\/wp-content\/uploads\/usu2037\/2020\/04\/IMG-20200416-WA0023-768x1024.jpg 768w, https:\/\/agora.xtec.cat\/llarcanroura\/wp-content\/uploads\/usu2037\/2020\/04\/IMG-20200416-WA0023.jpg 1200w\" sizes=\"auto, (max-width: 160px) 100vw, 160px\" \/><\/p>\n<p>&nbsp;<\/p>\n<p>&nbsp;<\/p>\n<p>&nbsp;<\/p>\n<p>&nbsp;<\/p>\n<p>&nbsp;<\/p>\n<p>&nbsp;<\/p>\n<p><img loading=\"lazy\" decoding=\"async\" class=\" wp-image-1187 alignleft\" src=\"https:\/\/agora.xtec.cat\/llarcanroura\/wp-content\/uploads\/usu2037\/2020\/04\/IMG_1430-225x300.jpeg\" alt=\"\" width=\"155\" height=\"207\" srcset=\"https:\/\/agora.xtec.cat\/llarcanroura\/wp-content\/uploads\/usu2037\/2020\/04\/IMG_1430-225x300.jpeg 225w, https:\/\/agora.xtec.cat\/llarcanroura\/wp-content\/uploads\/usu2037\/2020\/04\/IMG_1430-768x1024.jpeg 768w, https:\/\/agora.xtec.cat\/llarcanroura\/wp-content\/uploads\/usu2037\/2020\/04\/IMG_1430.jpeg 1536w\" sizes=\"auto, (max-width: 155px) 100vw, 155px\" \/><img loading=\"lazy\" decoding=\"async\" class=\" wp-image-1192 alignleft\" src=\"https:\/\/agora.xtec.cat\/llarcanroura\/wp-content\/uploads\/usu2037\/2020\/04\/95127ddb-e497-4795-96b5-4b9301434265-225x300.jpg\" alt=\"\" width=\"156\" height=\"208\" srcset=\"https:\/\/agora.xtec.cat\/llarcanroura\/wp-content\/uploads\/usu2037\/2020\/04\/95127ddb-e497-4795-96b5-4b9301434265-225x300.jpg 225w, https:\/\/agora.xtec.cat\/llarcanroura\/wp-content\/uploads\/usu2037\/2020\/04\/95127ddb-e497-4795-96b5-4b9301434265.jpg 768w\" sizes=\"auto, (max-width: 156px) 100vw, 156px\" \/><\/p>\n<p>&nbsp;<\/p>\n<p>&nbsp;<\/p>\n<p>&nbsp;<\/p>\n<p>&nbsp;<\/p>\n<p>&nbsp;<\/p>\n<p>&nbsp;<\/p>\n<p>&nbsp;<\/p>\n","protected":false},"excerpt":{"rendered":"<p>L&#8217;edifici de l&#8217;escola consta de dues plantes, a la primera planta trobem la direcci\u00f3, les aules dels grups de mitjans, conills, esquirols i mussols; l&#8217;aula de nadons, cargols; una terrassa\/pati i un magatzem.<br \/>\nA la planta baixa, podem trobar les aules del grups de grans, lleons,&hellip;  <a href=\"https:\/\/agora.xtec.cat\/llarcanroura\/lescola\/instal%c2%b7lacions\/\" title=\"Read Instal\u00b7lacions\">Llegeix m\u00e9s\u00bb<\/a><\/p>\n","protected":false},"author":1,"featured_media":0,"parent":22,"menu_order":40,"comment_status":"closed","ping_status":"closed","template":"page-templates\/side-menu.php","meta":{"_bbp_topic_count":0,"_bbp_reply_count":0,"_bbp_total_topic_count":0,"_bbp_total_reply_count":0,"_bbp_voice_count":0,"_bbp_anonymous_reply_count":0,"_bbp_topic_count_hidden":0,"_bbp_reply_count_hidden":0,"_bbp_forum_subforum_count":0,"footnotes":""},"class_list":["post-30","page","type-page","status-publish","hentry"],"post_mailing_queue_ids":[],"_links":{"self":[{"href":"https:\/\/agora.xtec.cat\/llarcanroura\/wp-json\/wp\/v2\/pages\/30","targetHints":{"allow":["GET"]}}],"collection":[{"href":"https:\/\/agora.xtec.cat\/llarcanroura\/wp-json\/wp\/v2\/pages"}],"about":[{"href":"https:\/\/agora.xtec.cat\/llarcanroura\/wp-json\/wp\/v2\/types\/page"}],"author":[{"embeddable":true,"href":"https:\/\/agora.xtec.cat\/llarcanroura\/wp-json\/wp\/v2\/users\/1"}],"replies":[{"embeddable":true,"href":"https:\/\/agora.xtec.cat\/llarcanroura\/wp-json\/wp\/v2\/comments?post=30"}],"version-history":[{"count":9,"href":"https:\/\/agora.xtec.cat\/llarcanroura\/wp-json\/wp\/v2\/pages\/30\/revisions"}],"predecessor-version":[{"id":2468,"href":"https:\/\/agora.xtec.cat\/llarcanroura\/wp-json\/wp\/v2\/pages\/30\/revisions\/2468"}],"up":[{"embeddable":true,"href":"https:\/\/agora.xtec.cat\/llarcanroura\/wp-json\/wp\/v2\/pages\/22"}],"wp:attachment":[{"href":"https:\/\/agora.xtec.cat\/llarcanroura\/wp-json\/wp\/v2\/media?parent=30"}],"curies":[{"name":"wp","href":"https:\/\/api.w.org\/{rel}","templated":true}]}}