{"id":28,"date":"2014-09-18T12:29:35","date_gmt":"2014-09-18T11:29:35","guid":{"rendered":"http:\/\/agora.xtec.cat\/llarcanroura\/?page_id=28"},"modified":"2026-02-12T12:33:45","modified_gmt":"2026-02-12T11:33:45","slug":"consell-escolar","status":"publish","type":"page","link":"https:\/\/agora.xtec.cat\/llarcanroura\/lescola\/consell-escolar\/","title":{"rendered":"Consell Escolar"},"content":{"rendered":"<p>El Consell Escolar \u00e9s un \u00f2rgan de participaci\u00f3 dels diferents sectors de la comunitat educativa en el govern dels centres.<\/p>\n<p>El Consell Escolar est\u00e0 compost per:<\/p>\n<ul>\n<li style=\"list-style-type: none;\">\n<ul>\n<li>President\/a: Adriana Saborit<\/li>\n<li>Regidor\/a de l&#8217;\u00e0rea d&#8217;educaci\u00f3: Carme Terradas<\/li>\n<li>Dos representants dels pares i mares:\n<ul>\n<li style=\"list-style-type: none;\">\n<ul>\n<li style=\"list-style-type: none;\">\n<ul>\n<li>J\u00falia Arce<\/li>\n<li>Carlos Bueno<\/li>\n<\/ul>\n<\/li>\n<\/ul>\n<\/li>\n<\/ul>\n<\/li>\n<li>Dos educadores membres del claustre:\n<ul>\n<li style=\"list-style-type: none;\">\n<ul>\n<li style=\"list-style-type: none;\">\n<ul>\n<li>Anna Romero<\/li>\n<li>Maite Mogas<\/li>\n<\/ul>\n<\/li>\n<\/ul>\n<\/li>\n<\/ul>\n<\/li>\n<\/ul>\n<\/li>\n<\/ul>\n<p>El Consell Escolar es reunir\u00e0 com a m\u00ednim i en sessi\u00f3 ordin\u00e0ria un cop cada trimestre del curs escolar (de setembre a juny).<\/p>\n<p>Les funcions i compet\u00e8ncies del Consell Escolar s\u00f3n:<\/p>\n<ul>\n<li style=\"list-style-type: none;\">\n<ul>\n<li>Decidir sobre l&#8217;admissi\u00f3 dels nous alumnes, en funci\u00f3 de les places existents i dins del marc de la normativa vigent.<\/li>\n<li>Establir les directrius per a l&#8217;elaboraci\u00f3 del projecte educatiu de l&#8217;escola, aprovar-ho i avaluar-se el compliment.<\/li>\n<li>Aprovar la proposta del Reglament de R\u00e8gim de Funcionament Intern i fer-ho complir.<\/li>\n<li>Avaluar i aprovar la Programaci\u00f3 General de Centre que, amb car\u00e0cter anual, elabori el claustre d&#8217;educadores.<\/li>\n<li>Avaluar i aprovar la mem\u00f2ria anual d&#8217;activitats de centre.<\/li>\n<li>Vetllar pel compliment de la normativa vigent a Catalunya referent a les escoles bressol, aix\u00ed com perseguir la millora de la qualitat pedag\u00f2gica, sanit\u00e0ria i assistencial de l&#8217;escola.<\/li>\n<li>Establir les relacions de col\u00b7laboraci\u00f3 amb altres centres amb finalitats culturals i educatives.<\/li>\n<li>Establir els criteris sobre la participaci\u00f3 del centre en activitats culturals, esportives i recreatives, aix\u00ed com aquelles accions assistencials a les quals el centre pot prestar la seva col\u00b7laboraci\u00f3, escoltades les associacions de pares.<\/li>\n<li>Con\u00e8ixer la proposta del Claustre d&#8217;educadores pel que fa refer\u00e8ncia a l&#8217;elecci\u00f3 del director\/a del centre.<\/li>\n<\/ul>\n<\/li>\n<\/ul>\n<p><img loading=\"lazy\" decoding=\"async\" class=\"aligncenter wp-image-853 size-full\" src=\"https:\/\/agora.xtec.cat\/llarcanroura\/wp-content\/uploads\/usu2037\/2020\/03\/images.jpg\" alt=\"\" width=\"326\" height=\"155\" srcset=\"https:\/\/agora.xtec.cat\/llarcanroura\/wp-content\/uploads\/usu2037\/2020\/03\/images.jpg 326w, https:\/\/agora.xtec.cat\/llarcanroura\/wp-content\/uploads\/usu2037\/2020\/03\/images-300x143.jpg 300w\" sizes=\"auto, (max-width: 326px) 100vw, 326px\" \/><\/p>\n","protected":false},"excerpt":{"rendered":"<p>El Consell Escolar \u00e9s un \u00f2rgan de participaci\u00f3 dels diferents sectors de la comunitat educativa en el govern dels centres.<br \/>\nEl Consell Escolar est\u00e0 compost per:<\/p>\n<ul>\n<li style=\"list-style-type: none;\">\n<ul>\n<li>President\/a: Adriana Saborit<\/li>\n<li>Regidor\/a de l&#8217;\u00e0rea d&#8217;educaci\u00f3: Carme Terradas<\/li>\n<li>Dos representants dels pares i mares:\n<ul>\n<li style=\"list-style-type: none;\">\n<ul>\n<li style=\"list-style-type: none;\">\n<ul>\n<li>J\u00falia Arce<\/li>\n<li>Carlos Bueno<\/li>\n<\/ul>\n<\/li>\n<\/ul>\n<\/li>\n<\/ul>\n<\/li>\n<li>Dos&hellip;  <a href=\"https:\/\/agora.xtec.cat\/llarcanroura\/lescola\/consell-escolar\/\" title=\"Read Consell Escolar\">Llegeix m\u00e9s\u00bb<\/a><br \/>\n","protected":false},"author":1,"featured_media":0,"parent":22,"menu_order":30,"comment_status":"closed","ping_status":"closed","template":"page-templates\/side-menu.php","meta":{"_bbp_topic_count":0,"_bbp_reply_count":0,"_bbp_total_topic_count":0,"_bbp_total_reply_count":0,"_bbp_voice_count":0,"_bbp_anonymous_reply_count":0,"_bbp_topic_count_hidden":0,"_bbp_reply_count_hidden":0,"_bbp_forum_subforum_count":0,"footnotes":""},"class_list":["post-28","page","type-page","status-publish","hentry"],"post_mailing_queue_ids":[],"_links":{"self":[{"href":"https:\/\/agora.xtec.cat\/llarcanroura\/wp-json\/wp\/v2\/pages\/28","targetHints":{"allow":["GET"]}}],"collection":[{"href":"https:\/\/agora.xtec.cat\/llarcanroura\/wp-json\/wp\/v2\/pages"}],"about":[{"href":"https:\/\/agora.xtec.cat\/llarcanroura\/wp-json\/wp\/v2\/types\/page"}],"author":[{"embeddable":true,"href":"https:\/\/agora.xtec.cat\/llarcanroura\/wp-json\/wp\/v2\/users\/1"}],"replies":[{"embeddable":true,"href":"https:\/\/agora.xtec.cat\/llarcanroura\/wp-json\/wp\/v2\/comments?post=28"}],"version-history":[{"count":7,"href":"https:\/\/agora.xtec.cat\/llarcanroura\/wp-json\/wp\/v2\/pages\/28\/revisions"}],"predecessor-version":[{"id":2484,"href":"https:\/\/agora.xtec.cat\/llarcanroura\/wp-json\/wp\/v2\/pages\/28\/revisions\/2484"}],"up":[{"embeddable":true,"href":"https:\/\/agora.xtec.cat\/llarcanroura\/wp-json\/wp\/v2\/pages\/22"}],"wp:attachment":[{"href":"https:\/\/agora.xtec.cat\/llarcanroura\/wp-json\/wp\/v2\/media?parent=28"}],"curies":[{"name":"wp","href":"https:\/\/api.w.org\/{rel}","templated":true}]}}