{"id":26,"date":"2014-09-18T12:24:32","date_gmt":"2014-09-18T11:24:32","guid":{"rendered":"http:\/\/agora.xtec.cat\/llarcanroura\/?page_id=26"},"modified":"2020-05-04T10:12:34","modified_gmt":"2020-05-04T08:12:34","slug":"historia","status":"publish","type":"page","link":"https:\/\/agora.xtec.cat\/llarcanroura\/lescola\/historia\/","title":{"rendered":"Hist\u00f2ria"},"content":{"rendered":"<p style=\"text-align: justify;\">L&#8217;Escola Bressol Municipal de Vilassar de Dalt, CAN ROURA, \u00e9s un servei p\u00fablic municipal, adre\u00e7at primordialment a les fam\u00edlies residents al municipi amb infants de fins a 3 anys, per tal de prestar-los serveis d\u2019educaci\u00f3 integral en aquesta etapa d\u2019edat.<\/p>\n<p style=\"text-align: justify;\">L\u2019educaci\u00f3 integral dels infants constitueix una obligaci\u00f3 ineludible de la societat moderna, i en particular dels poders p\u00fablics, sobretot del gra\u00f3 m\u00e9s proper als ciutadans, com \u00e9s el municipal.<\/p>\n<p style=\"text-align: justify;\">Per\u00f2, fem hist\u00f2ria. La \u201cGuarderia\u201d es posa en marxa per resoldre el problema que tenien les fam\u00edlies amb els nens\/es petits\/es, en un poble on la majoria de les dones treballava a la f\u00e0brica. L\u2019Ajuntament de Vilassar de Dalt, de com\u00fa acord amb empresaris i usuaris del poble es van decidir a tirar endavant la guarderia municipal ja l\u2019any 1.943 al carrer Salvador Riera, 18, va ser la segona de Catalunya, i ha prestat aquest servei de forma continuada des d\u2019aquella data, amb les adaptacions reglament\u00e0ries i funcionals que el pas del temps ha recomanat. El servei es prestava a trav\u00e9s de l\u2019Ajuntament i es gestionava com un organisme local aut\u00f2nom, amb car\u00e0cter purament assistencial.<\/p>\n<p style=\"text-align: justify;\">Al 1957, es trasllada a la Baixada de les Monges, en un edifici nou, un equipament municipal que s\u2019origin\u00e0 arrel de la construcci\u00f3 dels pisos de la Mare de D\u00e9u de Montserrat a la finca de Can Nirell.<\/p>\n<p style=\"text-align: justify;\">Al 1985 la \u201cguarderia\u201d presta el seu servei a trav\u00e9s de la Fundaci\u00f3 P\u00fablica Municipal Guarderia Infantil, creada per acord del Ple de l\u2019Ajuntament de Vilassar de Dalt del 18 d\u2019octubre d\u2019aquest any, sota la gesti\u00f3 de Patronat Municipal, on hi s\u00f3n representats els diferents estaments: Ajuntament, amb l\u2019Alcalde com a president i dos regidors (generalment, el regidor d\u2019Ensenyament i el de Sanitat); l\u2019Escola, amb la representaci\u00f3 de la directora, amb veu per\u00f2 sense vot i, dues educadores; Pares, amb dos representants.<\/p>\n<p style=\"text-align: justify;\">Amb l\u2019entrada en funcionament de la LOGSE deixem de ser \u201cla Guarderia\u201d i, entenem que la Llar d\u2019Infants, a partir d&#8217;ara Escola Bressol, t\u00e9 una funci\u00f3 educativa, hem d\u2019atendre les\u00a0 necessitats dels infants, si b\u00e9 s\u00f3n priorit\u00e0ries les d\u2019ordre biol\u00f2gic, psicol\u00f2gic i afectiu, tamb\u00e9 s\u2019han de considerar les intel\u00b7lectuals, l\u00fadiques i socials. I, posar els mitjans necessaris per contribuir al desenvolupament de les seves capacitats evolutives.<\/p>\n<p style=\"text-align: justify;\">La necessitat del servei i la llarga traject\u00f2ria de l\u2019Ajuntament de Vilassar de Dalt en la seva prestaci\u00f3 justifiquen plenament, des del punt de vista social i educatiu, el manteniment d\u2019una Escola d\u2019Educaci\u00f3 Infantil de primer cicle, per tal d\u2019oferir a les fam\u00edlies un servei p\u00fablic.<\/p>\n<p style=\"text-align: justify;\">Veient les necessitats creixents del municipi, i conscients de la import\u00e0ncia que t\u00e9 una educaci\u00f3 adequada en els primers anys de vida de l\u2019infant, es va crear una nova escola, CAN ROURA, inaugurada el gener del 2003. \u00c9s una escola de nova creaci\u00f3, pensada i adaptada a les necessitats dels m\u00e9s petits.<\/p>\n<p style=\"text-align: justify;\">Aix\u00ed doncs tanca l\u2019escola que havia estat en funcionament durant m\u00e9s de quaranta anys. Per\u00f2 aix\u00f2 no dura gaire ja que, el curs 2004-2005\u00a0 reobre les seves portes per donar cabuda a tots els infants que han sol\u00b7licitat pla\u00e7a a l&#8217;Escola Bressol.<\/p>\n<p style=\"text-align: justify;\">Al juliol de 2012\u00a0 degut al descens de matricula des de fa dos cursos i, veient que tots els infants que sol\u00b7liciten pla\u00e7a caben a l&#8217;Escola Bressol Can Roura, es decideix tancar\u00a0 la llar de N. Sra. de Montserrat. Sembla que aquesta vegada definitivament.<\/p>\n<p style=\"text-align: justify;\">El servei municipal d\u2019Escola Bressol es presta en r\u00e8gim de lliure concurr\u00e8ncia i sota la f\u00f3rmula de gesti\u00f3 directa, per la mateixa organitzaci\u00f3 de l\u2019Ajuntament. Des del punt de vista organitzatiu, el servei dependr\u00e0 directament de la Regidoria d\u2019Educaci\u00f3.<\/p>\n","protected":false},"excerpt":{"rendered":"<p>L&#8217;Escola Bressol Municipal de Vilassar de Dalt, CAN ROURA, \u00e9s un servei p\u00fablic municipal, adre\u00e7at primordialment a les fam\u00edlies residents al municipi amb infants de fins a 3 anys, per tal de prestar-los serveis d\u2019educaci\u00f3 integral en aquesta etapa d\u2019edat.<br \/>\nL\u2019educaci\u00f3 integral dels infants constitueix una&hellip;  <a href=\"https:\/\/agora.xtec.cat\/llarcanroura\/lescola\/historia\/\" title=\"Read Hist\u00f2ria\">Llegeix m\u00e9s\u00bb<\/a><\/p>\n","protected":false},"author":1,"featured_media":0,"parent":22,"menu_order":20,"comment_status":"closed","ping_status":"closed","template":"page-templates\/side-menu.php","meta":{"_bbp_topic_count":0,"_bbp_reply_count":0,"_bbp_total_topic_count":0,"_bbp_total_reply_count":0,"_bbp_voice_count":0,"_bbp_anonymous_reply_count":0,"_bbp_topic_count_hidden":0,"_bbp_reply_count_hidden":0,"_bbp_forum_subforum_count":0,"footnotes":""},"class_list":["post-26","page","type-page","status-publish","hentry"],"post_mailing_queue_ids":[],"_links":{"self":[{"href":"https:\/\/agora.xtec.cat\/llarcanroura\/wp-json\/wp\/v2\/pages\/26","targetHints":{"allow":["GET"]}}],"collection":[{"href":"https:\/\/agora.xtec.cat\/llarcanroura\/wp-json\/wp\/v2\/pages"}],"about":[{"href":"https:\/\/agora.xtec.cat\/llarcanroura\/wp-json\/wp\/v2\/types\/page"}],"author":[{"embeddable":true,"href":"https:\/\/agora.xtec.cat\/llarcanroura\/wp-json\/wp\/v2\/users\/1"}],"replies":[{"embeddable":true,"href":"https:\/\/agora.xtec.cat\/llarcanroura\/wp-json\/wp\/v2\/comments?post=26"}],"version-history":[{"count":3,"href":"https:\/\/agora.xtec.cat\/llarcanroura\/wp-json\/wp\/v2\/pages\/26\/revisions"}],"predecessor-version":[{"id":1422,"href":"https:\/\/agora.xtec.cat\/llarcanroura\/wp-json\/wp\/v2\/pages\/26\/revisions\/1422"}],"up":[{"embeddable":true,"href":"https:\/\/agora.xtec.cat\/llarcanroura\/wp-json\/wp\/v2\/pages\/22"}],"wp:attachment":[{"href":"https:\/\/agora.xtec.cat\/llarcanroura\/wp-json\/wp\/v2\/media?parent=26"}],"curies":[{"name":"wp","href":"https:\/\/api.w.org\/{rel}","templated":true}]}}