{"id":22,"date":"2014-09-18T12:19:57","date_gmt":"2014-09-18T11:19:57","guid":{"rendered":"http:\/\/agora.xtec.cat\/llarcanroura\/?page_id=22"},"modified":"2023-04-17T11:10:24","modified_gmt":"2023-04-17T09:10:24","slug":"lescola","status":"publish","type":"page","link":"https:\/\/agora.xtec.cat\/llarcanroura\/lescola\/","title":{"rendered":"L&#8217;escola"},"content":{"rendered":"<p style=\"text-align: justify;\">L\u2019escola Bressol Can Roura, \u00e9s un espai on acollim nens i nenes de 4 mesos a tres anys, per donar resposta a les seves necessitats o oferir-los la possibilitat de tenir experi\u00e8ncies educatives que promoguin el seu desenvolupament i aprenentatge.<\/p>\n<p style=\"text-align: justify;\">El proc\u00e9s d\u2019aprenentatge dels infants es porta a terme a partir de la seva maduresa personal. La nostra pr\u00e0ctica educativa tracta de desenvolupar les capacitats dels infants, mitjan\u00e7ant una proposta d\u2019activitats basades en l\u2019estimulaci\u00f3, observaci\u00f3, manipulaci\u00f3 i experimentaci\u00f3, a trav\u00e9s del joc, m\u00e9s o menys lliures per\u00f2 sempre molt ben estructurades per les educadores.<\/p>\n<p style=\"text-align: justify;\">El joc \u00e9s l\u2019element clau per a l\u2019estimulaci\u00f3 global del nen i la nena. Jugant esdevenen creadors, desenvolupen l\u2019enginy, la imaginaci\u00f3, la reflexi\u00f3 i la capacitat d\u2019esfor\u00e7 i de relaci\u00f3.<\/p>\n<p style=\"text-align: justify;\">A trav\u00e9s del joc als infants se\u2019ls obre tot un m\u00f3n d\u2019experi\u00e8ncies i noves sensacions.<\/p>\n<p style=\"text-align: justify;\">Amb el joc i l\u2019experimentaci\u00f3 de materials poc convencionals l\u2019infant \u00e9s capa\u00e7 de construir el seu propi aprenentatge.<\/p>\n","protected":false},"excerpt":{"rendered":"<p>L\u2019escola Bressol Can Roura, \u00e9s un espai on acollim nens i nenes de 4 mesos a tres anys, per donar resposta a les seves necessitats o oferir-los la possibilitat de tenir experi\u00e8ncies educatives que promoguin el seu desenvolupament i aprenentatge.<br \/>\nEl proc\u00e9s d\u2019aprenentatge dels infants es&hellip;  <a href=\"https:\/\/agora.xtec.cat\/llarcanroura\/lescola\/\" title=\"Read L&#8217;escola\">Llegeix m\u00e9s\u00bb<\/a><\/p>\n","protected":false},"author":1,"featured_media":0,"parent":0,"menu_order":0,"comment_status":"closed","ping_status":"closed","template":"page-templates\/side-menu.php","meta":{"_bbp_topic_count":0,"_bbp_reply_count":0,"_bbp_total_topic_count":0,"_bbp_total_reply_count":0,"_bbp_voice_count":0,"_bbp_anonymous_reply_count":0,"_bbp_topic_count_hidden":0,"_bbp_reply_count_hidden":0,"_bbp_forum_subforum_count":0,"footnotes":""},"class_list":["post-22","page","type-page","status-publish","hentry"],"post_mailing_queue_ids":[],"_links":{"self":[{"href":"https:\/\/agora.xtec.cat\/llarcanroura\/wp-json\/wp\/v2\/pages\/22","targetHints":{"allow":["GET"]}}],"collection":[{"href":"https:\/\/agora.xtec.cat\/llarcanroura\/wp-json\/wp\/v2\/pages"}],"about":[{"href":"https:\/\/agora.xtec.cat\/llarcanroura\/wp-json\/wp\/v2\/types\/page"}],"author":[{"embeddable":true,"href":"https:\/\/agora.xtec.cat\/llarcanroura\/wp-json\/wp\/v2\/users\/1"}],"replies":[{"embeddable":true,"href":"https:\/\/agora.xtec.cat\/llarcanroura\/wp-json\/wp\/v2\/comments?post=22"}],"version-history":[{"count":3,"href":"https:\/\/agora.xtec.cat\/llarcanroura\/wp-json\/wp\/v2\/pages\/22\/revisions"}],"predecessor-version":[{"id":2269,"href":"https:\/\/agora.xtec.cat\/llarcanroura\/wp-json\/wp\/v2\/pages\/22\/revisions\/2269"}],"wp:attachment":[{"href":"https:\/\/agora.xtec.cat\/llarcanroura\/wp-json\/wp\/v2\/media?parent=22"}],"curies":[{"name":"wp","href":"https:\/\/api.w.org\/{rel}","templated":true}]}}