{"id":73,"date":"2014-09-18T14:01:51","date_gmt":"2014-09-18T12:01:51","guid":{"rendered":"http:\/\/agora.xtec.cat\/llar-pota-roges\/?page_id=73"},"modified":"2026-01-20T10:53:28","modified_gmt":"2026-01-20T09:53:28","slug":"menjador-escolar","status":"publish","type":"page","link":"https:\/\/agora.xtec.cat\/llar-pota-roges\/gestio-de-lescola\/menjador-escolar\/","title":{"rendered":"Espai de Migdia"},"content":{"rendered":"<p style=\"text-align: justify;\">L&#8217;escola Bressol compta amb cuina pr\u00f3pia i amb el distintiu de cuina catalana. La Marca Cuina Catalana \u00e9s un segell que garanteix que els men\u00fas tenen un elevat nombre de plats de cuina catalana tradicional i actual, amb receptes del patrimoni culinari catal\u00e0. Tamb\u00e9 premia que s\u2019utilitzen el m\u00e0xim de productes de proximitat i de temporada en l\u2019elaboraci\u00f3 dels plats, fet que contribueix a la preservaci\u00f3 dels productes aut\u00f2ctons.<\/p>\n<p><span style=\"font-weight: 400;\">Des que iniciem l\u2019h\u00e0bit del dinar com una quotidianitat dintre de l\u2019estada a l\u2019escola, la presentaci\u00f3 i ambientaci\u00f3 de l\u2019hora de l\u2019\u00e0pat \u00e9s un moment acurat. Procurem la participaci\u00f3 activa dels infants des de ben petits, en tot all\u00f2 que envolta l\u2019estona del menjar. La presentaci\u00f3 de l\u2019hora de l\u2019\u00e0pat \u00e9s molt important per a nosaltres. D\u2019una banda tenim cura <b>qu\u00e8 <\/b>presentem als infants i d\u2019altra banda de <b>com<\/b> ho presentem.<\/span><\/p>\n<p><span style=\"font-weight: 400;\">L\u2019hora de dormir entra dins l\u2019espai horari del servei de menjador, i s\u2019articula amb el mateix personal. Cada grup dorm a la mateixa estan\u00e7a, al seu llitet, on els propis infants gatejant o caminant poden entrar i sortir aut\u00f2nomament sense la depend\u00e8ncia de l\u2019adult.\u00a0<\/span><span style=\"font-weight: 400;\">El despertar es fa de forma natural, segons les necessitats de cada infant i per tant, proposem jocs tranquils als primers que es desperten (contes, encaixos,&#8230;), per a aprendre a respectar els infants que encara dormen.<\/span><\/p>\n<p style=\"text-align: justify;\"><span style=\"font-weight: 400;\">L\u2019horari de migdia \u00e9s de 12.00 a 15.00 h, i correspon a l\u2019estona de dinar i descans dels nens i nenes que es queden a l\u2019escola.<\/span><\/p>\n<p style=\"text-align: justify;\"><span style=\"font-weight: 400;\">Cal avisar l\u2019escola abans de les 10h si un infant que utilitza el servei de menjador de manera fixa no es queda a dinar.\u00a0<\/span><\/p>\n<p style=\"text-align: justify;\"><span style=\"font-weight: 400;\">El dia que l\u2019infant es quedi al menjador de manera espor\u00e0dica, tamb\u00e9 cal avisar abans de les 10h.<\/span><\/p>\n<p style=\"text-align: justify;\"><span style=\"font-weight: 400;\">Si un dia cal fer r\u00e8gim, s\u2019ha d\u2019avisar a la mestra abans de les 10h, en el cas que l\u2019infant hagi de fer aquesta dieta durant m\u00e9s de dos dies, ser\u00e0 necessari aportar un document del metge especificant el tipus de dieta i la durada de la mateixa.<\/span><\/p>\n<p>&nbsp;<\/p>\n<p>&nbsp;<\/p>\n<p>&nbsp;<\/p>\n<p>&nbsp;<\/p>\n<p>&nbsp;<\/p>\n<p>&nbsp;<\/p>\n","protected":false},"excerpt":{"rendered":"<p>L&#8217;escola Bressol compta amb cuina pr\u00f3pia i amb el distintiu de cuina catalana. La Marca Cuina Catalana \u00e9s un segell que garanteix que els men\u00fas tenen un elevat nombre de plats de cuina catalana tradicional i actual, amb receptes del patrimoni culinari catal\u00e0. Tamb\u00e9 premia&hellip;  <a href=\"https:\/\/agora.xtec.cat\/llar-pota-roges\/gestio-de-lescola\/menjador-escolar\/\" title=\"Read Espai de Migdia\">Llegeix m\u00e9s\u00bb<\/a><\/p>\n","protected":false},"author":1,"featured_media":0,"parent":675,"menu_order":44,"comment_status":"closed","ping_status":"closed","template":"page-templates\/side-menu.php","meta":{"_bbp_topic_count":0,"_bbp_reply_count":0,"_bbp_total_topic_count":0,"_bbp_total_reply_count":0,"_bbp_voice_count":0,"_bbp_anonymous_reply_count":0,"_bbp_topic_count_hidden":0,"_bbp_reply_count_hidden":0,"_bbp_forum_subforum_count":0,"footnotes":""},"class_list":["post-73","page","type-page","status-publish","hentry"],"post_mailing_queue_ids":[],"_links":{"self":[{"href":"https:\/\/agora.xtec.cat\/llar-pota-roges\/wp-json\/wp\/v2\/pages\/73","targetHints":{"allow":["GET"]}}],"collection":[{"href":"https:\/\/agora.xtec.cat\/llar-pota-roges\/wp-json\/wp\/v2\/pages"}],"about":[{"href":"https:\/\/agora.xtec.cat\/llar-pota-roges\/wp-json\/wp\/v2\/types\/page"}],"author":[{"embeddable":true,"href":"https:\/\/agora.xtec.cat\/llar-pota-roges\/wp-json\/wp\/v2\/users\/1"}],"replies":[{"embeddable":true,"href":"https:\/\/agora.xtec.cat\/llar-pota-roges\/wp-json\/wp\/v2\/comments?post=73"}],"version-history":[{"count":4,"href":"https:\/\/agora.xtec.cat\/llar-pota-roges\/wp-json\/wp\/v2\/pages\/73\/revisions"}],"predecessor-version":[{"id":2148,"href":"https:\/\/agora.xtec.cat\/llar-pota-roges\/wp-json\/wp\/v2\/pages\/73\/revisions\/2148"}],"up":[{"embeddable":true,"href":"https:\/\/agora.xtec.cat\/llar-pota-roges\/wp-json\/wp\/v2\/pages\/675"}],"wp:attachment":[{"href":"https:\/\/agora.xtec.cat\/llar-pota-roges\/wp-json\/wp\/v2\/media?parent=73"}],"curies":[{"name":"wp","href":"https:\/\/api.w.org\/{rel}","templated":true}]}}