{"id":538,"date":"2020-03-02T13:04:10","date_gmt":"2020-03-02T12:04:10","guid":{"rendered":"https:\/\/agora.xtec.cat\/llar-pota-roges\/?page_id=538"},"modified":"2025-08-12T11:11:15","modified_gmt":"2025-08-12T09:11:15","slug":"horaris","status":"publish","type":"page","link":"https:\/\/agora.xtec.cat\/llar-pota-roges\/curs\/horaris\/","title":{"rendered":"Horaris i Calendari"},"content":{"rendered":"<p><span style=\"font-weight: 400;\">L\u2019escola bressol municipal funcionar\u00e0 de dilluns a divendres:<\/span><\/p>\n<ul>\n<li><span style=\"font-weight: 400;\">L\u2019espai d\u2019acollida \u00e9s al mat\u00ed de 8 a 9 h (l&#8217;horari m\u00e0xim per entrar a l&#8217;acollida ser\u00e0 les 8:45 h).<\/span><\/li>\n<li><span style=\"font-weight: 400;\">La franja hor\u00e0ria fixa per tots els infants \u00e9s de 9 a 12h i de 15 a 17h.<\/span><\/li>\n<li><span style=\"font-weight: 400;\">L\u2019horari d\u2019entrada al mat\u00ed \u00e9s fins les 10h.<\/span><\/li>\n<li><span style=\"font-weight: 400;\"> Les fam\u00edlies podran, si aix\u00ed ho desitgen, optar al servei de menjador.<\/span><span style=\"font-weight: 400;\">\u00a0<\/span><span style=\"font-weight: 400;\">L\u2019horari de menjador i descans \u00e9s de 12h a 15h. (s\u2019iniciar\u00e0 l\u2019h\u00e0bit a les 12h).<\/span><\/li>\n<li><span style=\"font-weight: 400;\">La sortida del migdia \u00e9s d\u201911,30h a les 12h.<\/span><\/li>\n<li><span style=\"font-weight: 400;\">La sortida de la tarda \u00e9s de 15h a 15.15h.<br \/>\n<\/span><\/li>\n<li><span style=\"font-weight: 400;\">La sortida de la tarda \u00e9s a partir de les 16:15h fins les 17h.<\/span><\/li>\n<\/ul>\n<p><span style=\"font-family: inherit; font-size: 1em;\">Per tal d\u2019afavorir una bona organitzaci\u00f3 i funcionament de l\u2019escola, cal que es respectin els horaris d\u2019entrada i sortida. En casos excepcionals que l\u2019 infant hagi d\u2019entrar m\u00e9s tard a l\u2019escola s\u2019ha d\u2019informar pr\u00e8viament a les educadores o a la direcci\u00f3 del centre mitjan\u00e7ant trucada telef\u00f2nica o nota escrita a l\u2019educadora a l\u2019agenda, per tal de poder tenir una previsi\u00f3.<\/span><\/p>\n<p><a href=\"https:\/\/drive.google.com\/file\/d\/14-uX5FAhhMo0C9gfo-lbucfz4bjoPPM9\/view?usp=sharing\">Calendari Escolar 2025-2026<\/a><\/p>\n","protected":false},"excerpt":{"rendered":"<p>L\u2019escola bressol municipal funcionar\u00e0 de dilluns a divendres:<\/p>\n<ul>\n<li>L\u2019espai d\u2019acollida \u00e9s al mat\u00ed de 8 a 9 h (l&#8217;horari m\u00e0xim per entrar a l&#8217;acollida ser\u00e0 les 8:45 h).<\/li>\n<li>La franja hor\u00e0ria fixa per tots els infants \u00e9s de 9 a 12h i de 15 a 17h.<\/li>\n<li>L\u2019horari d\u2019entrada&hellip;  <a href=\"https:\/\/agora.xtec.cat\/llar-pota-roges\/curs\/horaris\/\" title=\"Read Horaris i Calendari\">Llegeix m\u00e9s\u00bb<\/a><br \/>\n","protected":false},"author":1,"featured_media":0,"parent":670,"menu_order":50,"comment_status":"closed","ping_status":"closed","template":"page-templates\/side-menu.php","meta":{"_bbp_topic_count":0,"_bbp_reply_count":0,"_bbp_total_topic_count":0,"_bbp_total_reply_count":0,"_bbp_voice_count":0,"_bbp_anonymous_reply_count":0,"_bbp_topic_count_hidden":0,"_bbp_reply_count_hidden":0,"_bbp_forum_subforum_count":0,"footnotes":""},"class_list":["post-538","page","type-page","status-publish","hentry"],"post_mailing_queue_ids":[],"_links":{"self":[{"href":"https:\/\/agora.xtec.cat\/llar-pota-roges\/wp-json\/wp\/v2\/pages\/538","targetHints":{"allow":["GET"]}}],"collection":[{"href":"https:\/\/agora.xtec.cat\/llar-pota-roges\/wp-json\/wp\/v2\/pages"}],"about":[{"href":"https:\/\/agora.xtec.cat\/llar-pota-roges\/wp-json\/wp\/v2\/types\/page"}],"author":[{"embeddable":true,"href":"https:\/\/agora.xtec.cat\/llar-pota-roges\/wp-json\/wp\/v2\/users\/1"}],"replies":[{"embeddable":true,"href":"https:\/\/agora.xtec.cat\/llar-pota-roges\/wp-json\/wp\/v2\/comments?post=538"}],"version-history":[{"count":5,"href":"https:\/\/agora.xtec.cat\/llar-pota-roges\/wp-json\/wp\/v2\/pages\/538\/revisions"}],"predecessor-version":[{"id":1387,"href":"https:\/\/agora.xtec.cat\/llar-pota-roges\/wp-json\/wp\/v2\/pages\/538\/revisions\/1387"}],"up":[{"embeddable":true,"href":"https:\/\/agora.xtec.cat\/llar-pota-roges\/wp-json\/wp\/v2\/pages\/670"}],"wp:attachment":[{"href":"https:\/\/agora.xtec.cat\/llar-pota-roges\/wp-json\/wp\/v2\/media?parent=538"}],"curies":[{"name":"wp","href":"https:\/\/api.w.org\/{rel}","templated":true}]}}