{"id":519,"date":"2020-03-02T09:59:00","date_gmt":"2020-03-02T08:59:00","guid":{"rendered":"https:\/\/agora.xtec.cat\/llar-pota-roges\/?page_id=519"},"modified":"2024-07-18T10:14:52","modified_gmt":"2024-07-18T08:14:52","slug":"preinscripcio-i-matricula","status":"publish","type":"page","link":"https:\/\/agora.xtec.cat\/llar-pota-roges\/curs\/preinscripcio-i-matricula\/","title":{"rendered":"Preinscripci\u00f3 i Matr\u00edcula"},"content":{"rendered":"<p><strong>Curs 2024-2025<\/strong><\/p>\n<p>Per ser adm\u00e8s o admesa en una escola bressol o una llar d&#8217;infants p\u00fablica el nen o la nena ha de tenir, com a m\u00ednim, 16 setmanes a l&#8217;inici del curs. Si el centre t\u00e9 vacants al llarg del curs pot admetre nens a partir del moment que compleixen 16 setmanes.<\/p>\n<p>Abans de la matr\u00edcula cal fer la\u00a0<strong>preinscripci\u00f3<\/strong>, \u00e9s a dir, el tr\u00e0mit amb qu\u00e8 se sol\u00b7licita l&#8217;admissi\u00f3 en un centre determinat. Per fer la preinscripci\u00f3 cal:<\/p>\n<ul>\n<li>con\u00e8ixer el\u00a0<strong>calendari<\/strong>\u00a0del proc\u00e9s,<\/li>\n<li>consultar\u00a0<strong>els<\/strong>\u00a0<strong>centres<\/strong>,<\/li>\n<li>con\u00e8ixer\u00a0<strong>els criteris de prioritat<\/strong>\u00a0amb qu\u00e8 s&#8217;ordenen les sol\u00b7licituds\u00a0i reunir la\u00a0<strong>documentaci\u00f3\u00a0<\/strong>que els acredita, si \u00e9s el cas,<\/li>\n<li>presentar la\u00a0<strong>sol\u00b7licitud<\/strong>\u00a0i la documentaci\u00f3,<\/li>\n<li>consultar els\u00a0<strong>resultats<\/strong>\u00a0de la preinscripci\u00f3 quan es publiquen les llistes de sol\u00b7licituds amb la puntuaci\u00f3 provisional i quan es publiquen aquestes\u00a0llistes amb la puntuaci\u00f3 un cop resoltes les reclamacions,<\/li>\n<li>consultar el\u00a0<strong>centre assignat<\/strong>\u00a0i<\/li>\n<li>fer la\u00a0<strong>matr\u00edcula<\/strong>.<\/li>\n<\/ul>\n<p>La sol\u00b7licitud de preinscripci\u00f3 es formalitza i es presenta al centre, junt amb la documentaci\u00f3 acreditativa, dins el termini indicat. Nom\u00e9s es pot presentar una sol\u00b7licitud de preinscripci\u00f3 per infant i municipi.<\/p>\n<p>Tamb\u00e9 us poden informar sobre el proc\u00e9s de preinscripci\u00f3 i matr\u00edcula:<\/p>\n<ul>\n<li>els ajuntaments,<\/li>\n<li>els\u00a0<a title=\"serveis territorials\" href=\"http:\/\/ensenyament.gencat.cat\/ca\/serveis_territorials\/\" target=\"_blank\" rel=\"noopener noreferrer\"><strong>serveis territorials<\/strong><\/a>\u00a0i les oficines gestores del Departament d&#8217;Educaci\u00f3 i<\/li>\n<li>les\u00a0<a href=\"http:\/\/serveisoberts.gencat.cat\/equipaments?categories.tema=Educaci%C3%B3.%20Formaci%C3%B3&amp;categories.subtema=Oficines%20municipals%20d%27escolaritzaci%C3%B3\" target=\"_blank\" rel=\"noopener noreferrer\"><strong>oficines municipals d&#8217;escolaritzaci\u00f3<\/strong><\/a>\u00a0(OME).<\/li>\n<\/ul>\n","protected":false},"excerpt":{"rendered":"<p>Curs 2024-2025<br \/>\nPer ser adm\u00e8s o admesa en una escola bressol o una llar d&#8217;infants p\u00fablica el nen o la nena ha de tenir, com a m\u00ednim, 16 setmanes a l&#8217;inici del curs. Si el centre t\u00e9 vacants al llarg del curs pot admetre nens a&hellip;  <a href=\"https:\/\/agora.xtec.cat\/llar-pota-roges\/curs\/preinscripcio-i-matricula\/\" title=\"Read Preinscripci\u00f3 i Matr\u00edcula\">Llegeix m\u00e9s\u00bb<\/a><\/p>\n","protected":false},"author":1,"featured_media":0,"parent":670,"menu_order":5,"comment_status":"closed","ping_status":"closed","template":"page-templates\/side-menu.php","meta":{"_bbp_topic_count":0,"_bbp_reply_count":0,"_bbp_total_topic_count":0,"_bbp_total_reply_count":0,"_bbp_voice_count":0,"_bbp_anonymous_reply_count":0,"_bbp_topic_count_hidden":0,"_bbp_reply_count_hidden":0,"_bbp_forum_subforum_count":0,"footnotes":""},"class_list":["post-519","page","type-page","status-publish","hentry"],"post_mailing_queue_ids":[],"_links":{"self":[{"href":"https:\/\/agora.xtec.cat\/llar-pota-roges\/wp-json\/wp\/v2\/pages\/519","targetHints":{"allow":["GET"]}}],"collection":[{"href":"https:\/\/agora.xtec.cat\/llar-pota-roges\/wp-json\/wp\/v2\/pages"}],"about":[{"href":"https:\/\/agora.xtec.cat\/llar-pota-roges\/wp-json\/wp\/v2\/types\/page"}],"author":[{"embeddable":true,"href":"https:\/\/agora.xtec.cat\/llar-pota-roges\/wp-json\/wp\/v2\/users\/1"}],"replies":[{"embeddable":true,"href":"https:\/\/agora.xtec.cat\/llar-pota-roges\/wp-json\/wp\/v2\/comments?post=519"}],"version-history":[{"count":6,"href":"https:\/\/agora.xtec.cat\/llar-pota-roges\/wp-json\/wp\/v2\/pages\/519\/revisions"}],"predecessor-version":[{"id":2008,"href":"https:\/\/agora.xtec.cat\/llar-pota-roges\/wp-json\/wp\/v2\/pages\/519\/revisions\/2008"}],"up":[{"embeddable":true,"href":"https:\/\/agora.xtec.cat\/llar-pota-roges\/wp-json\/wp\/v2\/pages\/670"}],"wp:attachment":[{"href":"https:\/\/agora.xtec.cat\/llar-pota-roges\/wp-json\/wp\/v2\/media?parent=519"}],"curies":[{"name":"wp","href":"https:\/\/api.w.org\/{rel}","templated":true}]}}