{"id":517,"date":"2020-04-02T10:00:22","date_gmt":"2020-04-02T08:00:22","guid":{"rendered":"https:\/\/agora.xtec.cat\/llar-pota-roges\/?page_id=517"},"modified":"2025-12-25T19:27:58","modified_gmt":"2025-12-25T18:27:58","slug":"equip","status":"publish","type":"page","link":"https:\/\/agora.xtec.cat\/llar-pota-roges\/escola\/equip\/","title":{"rendered":"Equip"},"content":{"rendered":"<p>&nbsp;<\/p>\n<p><img loading=\"lazy\" decoding=\"async\" class=\"wp-image-2135 aligncenter\" src=\"https:\/\/agora.xtec.cat\/llar-pota-roges\/wp-content\/uploads\/usu470\/2025\/12\/equip-300x213.png\" alt=\"\" width=\"600\" height=\"426\" srcset=\"https:\/\/agora.xtec.cat\/llar-pota-roges\/wp-content\/uploads\/usu470\/2025\/12\/equip-300x213.png 300w, https:\/\/agora.xtec.cat\/llar-pota-roges\/wp-content\/uploads\/usu470\/2025\/12\/equip.png 591w\" sizes=\"auto, (max-width: 600px) 100vw, 600px\" \/><\/p>\n<p><img loading=\"lazy\" decoding=\"async\" class=\"aligncenter wp-image-2133\" src=\"https:\/\/agora.xtec.cat\/llar-pota-roges\/wp-content\/uploads\/usu470\/2025\/12\/2-300x212.png\" alt=\"\" width=\"407\" height=\"288\" srcset=\"https:\/\/agora.xtec.cat\/llar-pota-roges\/wp-content\/uploads\/usu470\/2025\/12\/2-300x212.png 300w, https:\/\/agora.xtec.cat\/llar-pota-roges\/wp-content\/uploads\/usu470\/2025\/12\/2-1024x724.png 1024w, https:\/\/agora.xtec.cat\/llar-pota-roges\/wp-content\/uploads\/usu470\/2025\/12\/2-768x543.png 768w, https:\/\/agora.xtec.cat\/llar-pota-roges\/wp-content\/uploads\/usu470\/2025\/12\/2-1536x1086.png 1536w, https:\/\/agora.xtec.cat\/llar-pota-roges\/wp-content\/uploads\/usu470\/2025\/12\/2.png 2000w\" sizes=\"auto, (max-width: 407px) 100vw, 407px\" \/><\/p>\n<p>&nbsp;<\/p>\n<p style=\"text-align: left; padding-left: 40px;\"><strong><img loading=\"lazy\" decoding=\"async\" class=\"size-full wp-image-2136 alignleft\" src=\"https:\/\/agora.xtec.cat\/llar-pota-roges\/wp-content\/uploads\/usu470\/2025\/12\/FOTO-ESTER.png\" alt=\"\" width=\"245\" height=\"256\" \/>Ester Barrera<\/strong>, Directora.<\/p>\n<p data-pm-slice=\"1 1 []\">Mestra d&#8217;Educaci\u00f3 Infantil i Prim\u00e0ria. Futura psic\u00f2loga. Especialitzada en Educaci\u00f3 F\u00edsica i en el m\u00f3n de la psicomotricitat. Amb 15 anys aproximadament d&#8217;experi\u00e8ncia en el m\u00f3n educatiu i apassionada de la doc\u00e8ncia tamb\u00e9 per her\u00e8ncia familiar. Mare d&#8217;una filla, l&#8217;Adriana.<\/p>\n<p data-pm-slice=\"1 1 []\">Crec que la doc\u00e8ncia i el contacte amb els infants dia rere dia \u00e9s una oportunitat meravellosa que tenim de poder veure el creixement personal d&#8217;aquests i una oportunitat de poder aprendre d&#8217;ells. \u00c9s un regal que omple el cor i que experimentem a trav\u00e9s del contacte i el vincle.<\/p>\n<p>Ferma creient de qu\u00e8 el moviment i joc\/activitat dota a les persones d&#8217;experi\u00e8ncies que la nodreixen tant f\u00edsicament com de manera neuronal. El moviment \u00e9s VIDA!!<\/p>\n<p>Amant de l&#8217;esport. Aquest m&#8217;ha acompanyat al llarg de la meva vida quotidiana. En el meu temps lliure m&#8217;agrada gaudir de la meva fam\u00edlia, amics, de la natura i des de fa quasi 4 anys del CrossFit.<\/p>\n<p>&nbsp;<\/p>\n<p><img loading=\"lazy\" decoding=\"async\" class=\"size-full wp-image-2137 alignleft\" src=\"https:\/\/agora.xtec.cat\/llar-pota-roges\/wp-content\/uploads\/usu470\/2025\/12\/FOTO-EVA.png\" alt=\"\" width=\"230\" height=\"237\" \/><\/p>\n<p><strong>Eva Fraile<\/strong>, Educadora.<\/p>\n<p>S\u00f3c una persona alegre i apassionada per l\u2019educaci\u00f3 0-3.<\/p>\n<p>M\u2019agrada educar amb el cor, gaudir de la natura, fer ioga i compartir temps amb la meva fam\u00edlia.<\/p>\n<p>&nbsp;<\/p>\n<p>&nbsp;<\/p>\n<p>&nbsp;<\/p>\n<p><img loading=\"lazy\" decoding=\"async\" class=\"size-full wp-image-2138 alignleft\" src=\"https:\/\/agora.xtec.cat\/llar-pota-roges\/wp-content\/uploads\/usu470\/2025\/12\/FOTO-ANGELINES.png\" alt=\"\" width=\"226\" height=\"243\" \/><\/p>\n<p><strong>Angelines S\u00e1nchez<\/strong>, Educadora.<\/p>\n<p>Soc una d\u2019aquelles persones afortunades que, despr\u00e9s de bastants anys treballant en aquests escola, encara conservo l\u2019ENTUSIASME i la PASSI\u00d3 necess\u00e0ries per acompanyar als infants m\u00e9s petits i a les seves fam\u00edlies.<\/p>\n<p>Defensora de la pedagogia de la calma en la vida d\u2019escola. \u00a0I amb la capacitat d\u2019escoltar i de respectar el ritme individual de cada infant en la vida de grup.<\/p>\n<p>Tamb\u00e9 he apr\u00e8s que els infants s\u00f3n capa\u00e7os de marcar eIs seus propis objectius en els moments de joc, de moviment i de vida quotidiana.<\/p>\n<p>I \u00e9s des de la pr\u00e0ctica de diferents esports a l\u2019aire lliure i a partir de la connexi\u00f3 amb el cor de la natura, que reconec l\u2019AIGUA i la SORRA com els materials de JOC, b\u00e0sics i imprescindibles, per oferir als infants.<\/p>\n<p>&nbsp;<\/p>\n<p><img loading=\"lazy\" decoding=\"async\" class=\"size-full wp-image-2139 alignleft\" src=\"https:\/\/agora.xtec.cat\/llar-pota-roges\/wp-content\/uploads\/usu470\/2025\/12\/FOTO-MARIA.png\" alt=\"\" width=\"236\" height=\"249\" \/><\/p>\n<p><strong>Mar\u00eda del Sol<\/strong>, Educadora.<\/p>\n<p>S\u00f3c feli\u00e7 de poder dir que fa 16 anys vaig iniciar el meu cam\u00ed professional en aquesta escola. Al llarg d\u2019aquest temps, he pogut viure l\u2019educaci\u00f3 des d\u2019una mirada , si \u00e9s possible, encara m\u00e9s tendra i respectuosa.<\/p>\n<p>Em considero una persona privilegiada per poder dedicar-me a l\u2019educaci\u00f3, ja que sempre he tingut molt clara la meva vocaci\u00f3. Els meus dies a l&#8217;estan\u00e7a est\u00e1n plens de can\u00e7ons, gaudeixo explicant contes, creant materiales i espais de jocs per compartir moments significatius amb els infants.<\/p>\n<p>Agraeixo profundament totes les experi\u00e8ncies viscudes al llarg d&#8217;aquests cursos, que han fet que aquest equip sigui la meva fam\u00edlia i l\u2019escola, la meva casa.<\/p>\n<p>Fora de l\u2019escola, gaudeixo del temps amb la meva fam\u00edlia i amics.M&#8217;agrada passar temps a la natura i\u00a0 fer esport, dos pilars claus que m&#8217;han acompanyat al llarg de la meva vida per donar-me pau, serenor i els que m\u2019han transm\u00e8s molts dels valors que formen part de la meva manera de ser i viure.<\/p>\n<p>&nbsp;<\/p>\n<p><img loading=\"lazy\" decoding=\"async\" class=\"size-full wp-image-2141 alignleft\" src=\"https:\/\/agora.xtec.cat\/llar-pota-roges\/wp-content\/uploads\/usu470\/2025\/12\/FOTO-NOELIA.png\" alt=\"\" width=\"257\" height=\"268\" \/><\/p>\n<p><strong>Noelia Hurtado<\/strong>, Mestra.<\/p>\n<p>Mestra d\u2019educaci\u00f3 infantil. Des de ben petita tenia molt clara la meva vocaci\u00f3, per tant, estic molt il\u00b7lusionada de formar part d\u2019aquest gran equip.<\/p>\n<p>\u00c9s el meu primer any a la llar i afronto aquesta etapa amb moltes ganes, entusiasme i comprom\u00eds.<\/p>\n<p>S\u00f3c una persona positiva i emp\u00e0tica, amb ganes de cr\u00e9ixer i aprendre al costat dels infants i les fam\u00edlies.<\/p>\n<p>M\u2019encanta desconnectar a la natura i gaudir dels petits moments de la vida.<\/p>\n<p>&nbsp;<\/p>\n<p><img loading=\"lazy\" decoding=\"async\" class=\"size-full wp-image-2143 alignleft\" src=\"https:\/\/agora.xtec.cat\/llar-pota-roges\/wp-content\/uploads\/usu470\/2025\/12\/FOTO-PRISCILA.png\" alt=\"\" width=\"236\" height=\"256\" \/><\/p>\n<p><strong>Prscila Besteiro<\/strong>, Educadora.<\/p>\n<p>Educadora i futura mestra d\u2019infantil i pedagogia terap\u00e8utica.<br \/>\nCertificada en disciplina positiva.<br \/>\nMare.<br \/>\nVaig entrar a l\u2019escola en el curs 2015-2016 fent pr\u00e0ctiques i des de les hores estic aqu\u00ed acompanyant infants i fam\u00edlies.<br \/>\nEm fascina tot el relacionat amb la neuroeducaci\u00f3 i les dificultats d&#8217;aprenentatge.<br \/>\nDesitgem que us agradi la nostra escola i el nostre projecte.<\/p>\n<p>&nbsp;<\/p>\n<p>&nbsp;<\/p>\n<p><img loading=\"lazy\" decoding=\"async\" class=\"size-full wp-image-2142 alignleft\" src=\"https:\/\/agora.xtec.cat\/llar-pota-roges\/wp-content\/uploads\/usu470\/2025\/12\/FOTO-LOLY-G.png\" alt=\"\" width=\"234\" height=\"256\" \/><\/p>\n<p><strong>Loly Galv\u00e1n<\/strong>, Educadora.<\/p>\n<p>Hola!<\/p>\n<p>Em dic Loly Galv\u00e1n, s\u00f3c diplomada en Treball Social i educadora, i formo part de l\u2019equip de l\u2019Escola Bressol Municipal\u00a0 Pota- Roges de Cervell\u00f3.<\/p>\n<p>Des de l\u2019any 2005 treballo en aquesta escola, i al llarg d\u2019aquest anys he pogut veure i viure tots els seus canvis i creixement.<\/p>\n<p>Tot i haver-me format com treballadora social, he descobert que el m\u00f3n de l\u2019educaci\u00f3 \u00e9s on realment em sento m\u00e9s plena i feli\u00e7.<\/p>\n<p>M\u2019apassiona acompanyar els infants en el seu desenvolupament, oferint-los un entorn proper, segur i afectu\u00f3s, on puguin explorar, descobrir i aprendre al seu ritme.<\/p>\n<p>\u00c9s un plaer compartir aquesta etapa tan important amb les fam\u00edlies i formar part del dia a dia dels m\u00e9s petits.<\/p>\n<p>&nbsp;<\/p>\n<p><img loading=\"lazy\" decoding=\"async\" class=\"size-full wp-image-2140 alignleft\" src=\"https:\/\/agora.xtec.cat\/llar-pota-roges\/wp-content\/uploads\/usu470\/2025\/12\/FOTO-SANDRA.png\" alt=\"\" width=\"240\" height=\"241\" srcset=\"https:\/\/agora.xtec.cat\/llar-pota-roges\/wp-content\/uploads\/usu470\/2025\/12\/FOTO-SANDRA.png 240w, https:\/\/agora.xtec.cat\/llar-pota-roges\/wp-content\/uploads\/usu470\/2025\/12\/FOTO-SANDRA-150x150.png 150w\" sizes=\"auto, (max-width: 240px) 100vw, 240px\" \/><\/p>\n<p><strong>Sandra Salinas<\/strong>, Educadora de recolzament (NESE).<\/p>\n<p>S\u00f3c la Sandra, una persona alegre, riallera i a qui li encanta la seva feina; gaudeix del dia a dia aprenent i compartint amb cada alumne.<\/p>\n<p>&nbsp;<\/p>\n<p>&nbsp;<\/p>\n<p>&nbsp;<\/p>\n<p>&nbsp;<\/p>\n<p>&nbsp;<\/p>\n<p><strong>Eulalia De Pietro i Laura Cruz,<\/strong> Personal de cuina.<\/p>\n<p><strong>Conchi i Fina,<\/strong> Personal de neteja.<\/p>\n","protected":false},"excerpt":{"rendered":"<p>&nbsp;<\/p>\n<p>&nbsp;<br \/>\nEster Barrera, Directora.<br \/>\nMestra d&#8217;Educaci\u00f3 Infantil i Prim\u00e0ria. Futura psic\u00f2loga. Especialitzada en Educaci\u00f3 F\u00edsica i en el m\u00f3n de la psicomotricitat. Amb 15 anys aproximadament d&#8217;experi\u00e8ncia en el m\u00f3n educatiu i apassionada de la doc\u00e8ncia tamb\u00e9 per her\u00e8ncia familiar. Mare d&#8217;una filla, l&#8217;Adriana.<br \/>\nCrec que la doc\u00e8ncia&hellip;  <a href=\"https:\/\/agora.xtec.cat\/llar-pota-roges\/escola\/equip\/\" title=\"Read Equip\">Llegeix m\u00e9s\u00bb<\/a><\/p>\n","protected":false},"author":1,"featured_media":0,"parent":635,"menu_order":4,"comment_status":"closed","ping_status":"closed","template":"page-templates\/side-menu.php","meta":{"_bbp_topic_count":0,"_bbp_reply_count":0,"_bbp_total_topic_count":0,"_bbp_total_reply_count":0,"_bbp_voice_count":0,"_bbp_anonymous_reply_count":0,"_bbp_topic_count_hidden":0,"_bbp_reply_count_hidden":0,"_bbp_forum_subforum_count":0,"footnotes":""},"class_list":["post-517","page","type-page","status-publish","hentry"],"post_mailing_queue_ids":[],"_links":{"self":[{"href":"https:\/\/agora.xtec.cat\/llar-pota-roges\/wp-json\/wp\/v2\/pages\/517","targetHints":{"allow":["GET"]}}],"collection":[{"href":"https:\/\/agora.xtec.cat\/llar-pota-roges\/wp-json\/wp\/v2\/pages"}],"about":[{"href":"https:\/\/agora.xtec.cat\/llar-pota-roges\/wp-json\/wp\/v2\/types\/page"}],"author":[{"embeddable":true,"href":"https:\/\/agora.xtec.cat\/llar-pota-roges\/wp-json\/wp\/v2\/users\/1"}],"replies":[{"embeddable":true,"href":"https:\/\/agora.xtec.cat\/llar-pota-roges\/wp-json\/wp\/v2\/comments?post=517"}],"version-history":[{"count":7,"href":"https:\/\/agora.xtec.cat\/llar-pota-roges\/wp-json\/wp\/v2\/pages\/517\/revisions"}],"predecessor-version":[{"id":2145,"href":"https:\/\/agora.xtec.cat\/llar-pota-roges\/wp-json\/wp\/v2\/pages\/517\/revisions\/2145"}],"up":[{"embeddable":true,"href":"https:\/\/agora.xtec.cat\/llar-pota-roges\/wp-json\/wp\/v2\/pages\/635"}],"wp:attachment":[{"href":"https:\/\/agora.xtec.cat\/llar-pota-roges\/wp-json\/wp\/v2\/media?parent=517"}],"curies":[{"name":"wp","href":"https:\/\/api.w.org\/{rel}","templated":true}]}}