{"id":515,"date":"2020-04-02T10:52:46","date_gmt":"2020-04-02T08:52:46","guid":{"rendered":"https:\/\/agora.xtec.cat\/llar-pota-roges\/?page_id=515"},"modified":"2026-04-08T21:50:10","modified_gmt":"2026-04-08T19:50:10","slug":"projecte","status":"publish","type":"page","link":"https:\/\/agora.xtec.cat\/llar-pota-roges\/escola\/projecte\/","title":{"rendered":"Projecte Educatiu"},"content":{"rendered":"<p><a href=\"https:\/\/agora.xtec.cat\/llar-pota-roges\/escola\/projecte\/attachment\/trets-didentitat\/\" rel=\"attachment wp-att-1416\"><img loading=\"lazy\" decoding=\"async\" class=\" wp-image-1416 alignright\" src=\"https:\/\/agora.xtec.cat\/llar-pota-roges\/wp-content\/uploads\/usu470\/2021\/09\/Trets-didentitat-151x300.jpeg\" alt=\"\" width=\"480\" height=\"953\" srcset=\"https:\/\/agora.xtec.cat\/llar-pota-roges\/wp-content\/uploads\/usu470\/2021\/09\/Trets-didentitat-151x300.jpeg 151w, https:\/\/agora.xtec.cat\/llar-pota-roges\/wp-content\/uploads\/usu470\/2021\/09\/Trets-didentitat.jpeg 442w\" sizes=\"auto, (max-width: 480px) 100vw, 480px\" \/><\/a><\/p>\n<p>La idea d\u2019infant conformada per l\u2019equip al llarg d\u2019aquests anys \u00e9s la que ens ha perm\u00e8s construir el nostre Projecte Educatiu de manera coherent i partint de les seves necessitats. \u00c9s per aix\u00f2 que sempre estem en una reflexi\u00f2 constant que permet que el nostre projecte s&#8217;enriqueixi.<\/p>\n<p>Els trets d&#8217;identitat que defineixen el nostre projecte s\u00f3n:<\/p>\n<ul style=\"list-style-type: circle;\">\n<li>Crear un clima familiar de <strong>confian\u00e7a i benestar<\/strong>.<\/li>\n<li>Oferir a l&#8217;infant<strong> l&#8217;acompanyament i el temps<\/strong> que necessiti.<\/li>\n<li>Acompanyar a l&#8217;infant en l&#8217;evoluci\u00f3 de la seva <strong>autonomia<\/strong>.<\/li>\n<li>Fer \u00fas del\u00a0<strong>joc com a eina d&#8217;aprenentatge, descoberta i relaci\u00f3<\/strong>.<\/li>\n<li>Oferir un <strong>espai cuidat i ple de significat educatiu<\/strong>.<\/li>\n<li>Apropar a l&#8217;infant a <strong>l&#8217;entorn m\u00e9s proper<\/strong>.<\/li>\n<li>Gaudir de <strong>l&#8217;entorn natural<\/strong>.<\/li>\n<li>Oferir<strong> l&#8217;art com a eina d&#8217;expressi\u00f3, relaci\u00f3, creativitat i imaginaci\u00f3<\/strong>.<\/li>\n<li><strong>Acollir la diversitat<\/strong> de cada infant.<\/li>\n<\/ul>\n<p>A continuaci\u00f3 trobareu el Projecte Educatiu del Centre:<\/p>\n<p><a href=\"https:\/\/agora.xtec.cat\/llar-pota-roges\/wp-content\/uploads\/usu470\/2026\/04\/PEC-VERSIO-WEB.pdf\" target=\"_blank\" rel=\"noopener\">PEC Pota Roges<\/a><\/p>\n<p>&nbsp;<\/p>\n<p>&nbsp;<\/p>\n<h3 class=\"text-align-center\"><em>&#8220;El joc ha de ser el motor transformador i activador de les interaccions entre els infants i l&#8217;espai, tenint en compte que \u00e9s important no trencar la continu\u00eftat <\/em><em>entre vida, joc i aprenentatge&#8221;<\/em><\/h3>\n<h3 class=\"text-align-center\"><em>\u00a0 \u00a0 \u00a0 \u00a0 \u00a0 \u00a0 \u00a0 \u00a0 \u00a0 \u00a0 \u00a0 \u00a0 \u00a0 \u00a0 \u00a0 \u00a0 \u00a0 \u00a0 \u00a0 \u00a0 \u00a0 \u00a0 \u00a0 \u00a0 \u00a0 \u00a0 \u00a0 \u00a0 \u00a0 \u00a0 \u00a0 \u00a0 \u00a0 \u00a0 \u00a0 \u00a0 \u00a0 \u00a0 \u00a0 \u00a0 \u00a0 \u00a0 \u00a0 \u00a0 \u00a0 \u00a0 \u00a0 \u00a0 \u00a0 \u00a0 \u00a0 \u00a0 \u00a0 \u00a0 \u00a0 \u00a0 \u00a0 \u00a0 \u00a0 <\/em><\/h3>\n<h3><\/h3>\n<h3 class=\"text-align-center\"><em>Loris Malaguzzi (1920-1994)<\/em><\/h3>\n<p>&nbsp;<\/p>\n<p>&nbsp;<\/p>\n<p>&nbsp;<\/p>\n","protected":false},"excerpt":{"rendered":"<p><a href=\"https:\/\/agora.xtec.cat\/llar-pota-roges\/escola\/projecte\/attachment\/trets-didentitat\/\" rel=\"attachment wp-att-1416\"><\/a><br \/>\nLa idea d\u2019infant conformada per l\u2019equip al llarg d\u2019aquests anys \u00e9s la que ens ha perm\u00e8s construir el nostre Projecte Educatiu de manera coherent i partint de les seves necessitats. \u00c9s per aix\u00f2 que sempre estem en una reflexi\u00f2 constant que permet&hellip;  <a href=\"https:\/\/agora.xtec.cat\/llar-pota-roges\/escola\/projecte\/\" title=\"Read Projecte Educatiu\">Llegeix m\u00e9s\u00bb<\/a><\/p>\n","protected":false},"author":1,"featured_media":0,"parent":635,"menu_order":3,"comment_status":"closed","ping_status":"closed","template":"page-templates\/side-menu.php","meta":{"_bbp_topic_count":0,"_bbp_reply_count":0,"_bbp_total_topic_count":0,"_bbp_total_reply_count":0,"_bbp_voice_count":0,"_bbp_anonymous_reply_count":0,"_bbp_topic_count_hidden":0,"_bbp_reply_count_hidden":0,"_bbp_forum_subforum_count":0,"footnotes":""},"class_list":["post-515","page","type-page","status-publish","hentry"],"post_mailing_queue_ids":[],"_links":{"self":[{"href":"https:\/\/agora.xtec.cat\/llar-pota-roges\/wp-json\/wp\/v2\/pages\/515","targetHints":{"allow":["GET"]}}],"collection":[{"href":"https:\/\/agora.xtec.cat\/llar-pota-roges\/wp-json\/wp\/v2\/pages"}],"about":[{"href":"https:\/\/agora.xtec.cat\/llar-pota-roges\/wp-json\/wp\/v2\/types\/page"}],"author":[{"embeddable":true,"href":"https:\/\/agora.xtec.cat\/llar-pota-roges\/wp-json\/wp\/v2\/users\/1"}],"replies":[{"embeddable":true,"href":"https:\/\/agora.xtec.cat\/llar-pota-roges\/wp-json\/wp\/v2\/comments?post=515"}],"version-history":[{"count":6,"href":"https:\/\/agora.xtec.cat\/llar-pota-roges\/wp-json\/wp\/v2\/pages\/515\/revisions"}],"predecessor-version":[{"id":2181,"href":"https:\/\/agora.xtec.cat\/llar-pota-roges\/wp-json\/wp\/v2\/pages\/515\/revisions\/2181"}],"up":[{"embeddable":true,"href":"https:\/\/agora.xtec.cat\/llar-pota-roges\/wp-json\/wp\/v2\/pages\/635"}],"wp:attachment":[{"href":"https:\/\/agora.xtec.cat\/llar-pota-roges\/wp-json\/wp\/v2\/media?parent=515"}],"curies":[{"name":"wp","href":"https:\/\/api.w.org\/{rel}","templated":true}]}}