{"id":513,"date":"2020-03-02T10:55:05","date_gmt":"2020-03-02T09:55:05","guid":{"rendered":"https:\/\/agora.xtec.cat\/llar-pota-roges\/?page_id=513"},"modified":"2020-04-22T12:03:29","modified_gmt":"2020-04-22T10:03:29","slug":"presentacio","status":"publish","type":"page","link":"https:\/\/agora.xtec.cat\/llar-pota-roges\/escola\/presentacio\/","title":{"rendered":"Presentaci\u00f3"},"content":{"rendered":"<p style=\"text-align: justify;\"><a href=\"https:\/\/agora.xtec.cat\/llar-pota-roges\/wp-content\/uploads\/usu470\/2020\/04\/eduquem-amb-el-cor.jpg\"><img loading=\"lazy\" decoding=\"async\" class=\"alignright wp-image-854\" src=\"https:\/\/agora.xtec.cat\/llar-pota-roges\/wp-content\/uploads\/usu470\/2020\/04\/eduquem-amb-el-cor-212x300.jpg\" alt=\"\" width=\"300\" height=\"425\" srcset=\"https:\/\/agora.xtec.cat\/llar-pota-roges\/wp-content\/uploads\/usu470\/2020\/04\/eduquem-amb-el-cor-212x300.jpg 212w, https:\/\/agora.xtec.cat\/llar-pota-roges\/wp-content\/uploads\/usu470\/2020\/04\/eduquem-amb-el-cor-768x1087.jpg 768w, https:\/\/agora.xtec.cat\/llar-pota-roges\/wp-content\/uploads\/usu470\/2020\/04\/eduquem-amb-el-cor-724x1024.jpg 724w, https:\/\/agora.xtec.cat\/llar-pota-roges\/wp-content\/uploads\/usu470\/2020\/04\/eduquem-amb-el-cor.jpg 1447w\" sizes=\"auto, (max-width: 300px) 100vw, 300px\" \/><\/a>L\u2019Escola Bressol Municipal Pota Roges de Cervell\u00f3 \u00e9s de car\u00e0cter p\u00fablic i gestionada per una entitat privada. Ens definim com una escola oberta, on totes les fam\u00edlies tenen cabuda, flexible i compromesa amb l&#8217;entorn proper, el municipi.<br \/>\nTreballem amb l&#8217;objectiu de proporcionar als infants contextos educatius que ampli\u00efn, diversifiquin, complementin el seu entorn diari. Posant l\u2019accent en l\u2019adquisici\u00f3 de les capacitats i les compet\u00e8ncies necess\u00e0ries per entendre el m\u00f3n i esdevenir persones capaces d\u2019intervenir activament i de manera cr\u00edtica en la societat plural, diversa i en canvi continu en qu\u00e8 vivim.<\/p>\n<p>&nbsp;<\/p>\n","protected":false},"excerpt":{"rendered":"<p><a href=\"https:\/\/agora.xtec.cat\/llar-pota-roges\/wp-content\/uploads\/usu470\/2020\/04\/eduquem-amb-el-cor.jpg\"><\/a>L\u2019Escola Bressol Municipal Pota Roges de Cervell\u00f3 \u00e9s de car\u00e0cter p\u00fablic i gestionada per una entitat privada. Ens definim com una escola oberta, on totes les fam\u00edlies tenen cabuda, flexible i compromesa amb l&#8217;entorn proper, el municipi.<br \/>\nTreballem amb l&#8217;objectiu de proporcionar als infants contextos&hellip;  <a href=\"https:\/\/agora.xtec.cat\/llar-pota-roges\/escola\/presentacio\/\" title=\"Read Presentaci\u00f3\">Llegeix m\u00e9s\u00bb<\/a><\/p>\n","protected":false},"author":1,"featured_media":0,"parent":635,"menu_order":2,"comment_status":"closed","ping_status":"closed","template":"page-templates\/side-menu.php","meta":{"_bbp_topic_count":0,"_bbp_reply_count":0,"_bbp_total_topic_count":0,"_bbp_total_reply_count":0,"_bbp_voice_count":0,"_bbp_anonymous_reply_count":0,"_bbp_topic_count_hidden":0,"_bbp_reply_count_hidden":0,"_bbp_forum_subforum_count":0,"footnotes":""},"class_list":["post-513","page","type-page","status-publish","hentry"],"post_mailing_queue_ids":[],"_links":{"self":[{"href":"https:\/\/agora.xtec.cat\/llar-pota-roges\/wp-json\/wp\/v2\/pages\/513","targetHints":{"allow":["GET"]}}],"collection":[{"href":"https:\/\/agora.xtec.cat\/llar-pota-roges\/wp-json\/wp\/v2\/pages"}],"about":[{"href":"https:\/\/agora.xtec.cat\/llar-pota-roges\/wp-json\/wp\/v2\/types\/page"}],"author":[{"embeddable":true,"href":"https:\/\/agora.xtec.cat\/llar-pota-roges\/wp-json\/wp\/v2\/users\/1"}],"replies":[{"embeddable":true,"href":"https:\/\/agora.xtec.cat\/llar-pota-roges\/wp-json\/wp\/v2\/comments?post=513"}],"version-history":[{"count":4,"href":"https:\/\/agora.xtec.cat\/llar-pota-roges\/wp-json\/wp\/v2\/pages\/513\/revisions"}],"predecessor-version":[{"id":855,"href":"https:\/\/agora.xtec.cat\/llar-pota-roges\/wp-json\/wp\/v2\/pages\/513\/revisions\/855"}],"up":[{"embeddable":true,"href":"https:\/\/agora.xtec.cat\/llar-pota-roges\/wp-json\/wp\/v2\/pages\/635"}],"wp:attachment":[{"href":"https:\/\/agora.xtec.cat\/llar-pota-roges\/wp-json\/wp\/v2\/media?parent=513"}],"curies":[{"name":"wp","href":"https:\/\/api.w.org\/{rel}","templated":true}]}}