{"id":1499,"date":"2021-11-17T15:16:11","date_gmt":"2021-11-17T14:16:11","guid":{"rendered":"https:\/\/agora.xtec.cat\/llar-pota-roges\/?page_id=1499"},"modified":"2024-05-30T08:35:19","modified_gmt":"2024-05-30T06:35:19","slug":"coordinacio-0-6","status":"publish","type":"page","link":"https:\/\/agora.xtec.cat\/llar-pota-roges\/coordinacio-0-6\/","title":{"rendered":"Coordinaci\u00f3 0-6"},"content":{"rendered":"<p><img loading=\"lazy\" decoding=\"async\" class=\"size-medium wp-image-1927 alignleft\" src=\"https:\/\/agora.xtec.cat\/llar-pota-roges\/wp-content\/uploads\/usu470\/2024\/02\/IMG-20231125-WA0000-300x280.jpg\" alt=\"\" width=\"300\" height=\"280\" srcset=\"https:\/\/agora.xtec.cat\/llar-pota-roges\/wp-content\/uploads\/usu470\/2024\/02\/IMG-20231125-WA0000-300x280.jpg 300w, https:\/\/agora.xtec.cat\/llar-pota-roges\/wp-content\/uploads\/usu470\/2024\/02\/IMG-20231125-WA0000-768x717.jpg 768w, https:\/\/agora.xtec.cat\/llar-pota-roges\/wp-content\/uploads\/usu470\/2024\/02\/IMG-20231125-WA0000.jpg 1024w\" sizes=\"auto, (max-width: 300px) 100vw, 300px\" \/>Des del 2007 els tres centres educatius de Cervell\u00f3, Escola Nova, Escola Santa Maria i Escola Bressol Pota Roges mantenen una relaci\u00f3 i coordinaci\u00f3 molt activa, entre el primer cicle d\u2019Educaci\u00f3 Infantil i el segon cicle d\u2019Educaci\u00f3 Infantil.<\/p>\n<p>Des del Centre de Recursos del Baix Llobregat es va iniciar la formaci\u00f3 anual \u201cCoordinaci\u00f3 0-6\u201d que pret\u00e9n ser un espai de reflexi\u00f3 i di\u00e0leg entres els tres centres educatius del municipi, coordinant aix\u00ed iniciatives conjuntes i adaptades a les diferents realitats.<\/p>\n<p>El contingut de les trobades \u00e9s flexible\u00a0 i s\u2019adapta a les necessitats del moment. \u00c9s consensuat per el grup impulsor durant la primera trobada de curs i \u00e9s traslladat a la resta dels equips de les diferents escoles, donant continu\u00eftat.<\/p>\n<p>Fer possible aquesta coordinaci\u00f3 entre els centres del municipi ajuda a la comunitat de Cervell\u00f3 a trobar una continu\u00eftat educativa entre els dos cicles d\u2019Educaci\u00f3 Infantil.<\/p>\n<p>&nbsp;<\/p>\n<p><img loading=\"lazy\" decoding=\"async\" class=\"size-medium wp-image-1960 alignleft\" src=\"https:\/\/agora.xtec.cat\/llar-pota-roges\/wp-content\/uploads\/usu470\/2024\/05\/1-213x300.jpg\" alt=\"\" width=\"213\" height=\"300\" srcset=\"https:\/\/agora.xtec.cat\/llar-pota-roges\/wp-content\/uploads\/usu470\/2024\/05\/1-213x300.jpg 213w, https:\/\/agora.xtec.cat\/llar-pota-roges\/wp-content\/uploads\/usu470\/2024\/05\/1-729x1024.jpg 729w, https:\/\/agora.xtec.cat\/llar-pota-roges\/wp-content\/uploads\/usu470\/2024\/05\/1-768x1079.jpg 768w, https:\/\/agora.xtec.cat\/llar-pota-roges\/wp-content\/uploads\/usu470\/2024\/05\/1-1093x1536.jpg 1093w, https:\/\/agora.xtec.cat\/llar-pota-roges\/wp-content\/uploads\/usu470\/2024\/05\/1-1457x2048.jpg 1457w, https:\/\/agora.xtec.cat\/llar-pota-roges\/wp-content\/uploads\/usu470\/2024\/05\/1.jpg 1587w\" sizes=\"auto, (max-width: 213px) 100vw, 213px\" \/><\/p>\n<p><img loading=\"lazy\" decoding=\"async\" class=\"size-medium wp-image-1963 alignleft\" src=\"https:\/\/agora.xtec.cat\/llar-pota-roges\/wp-content\/uploads\/usu470\/2024\/05\/4_1-213x300.jpg\" alt=\"\" width=\"213\" height=\"300\" srcset=\"https:\/\/agora.xtec.cat\/llar-pota-roges\/wp-content\/uploads\/usu470\/2024\/05\/4_1-213x300.jpg 213w, https:\/\/agora.xtec.cat\/llar-pota-roges\/wp-content\/uploads\/usu470\/2024\/05\/4_1-729x1024.jpg 729w, https:\/\/agora.xtec.cat\/llar-pota-roges\/wp-content\/uploads\/usu470\/2024\/05\/4_1-768x1079.jpg 768w, https:\/\/agora.xtec.cat\/llar-pota-roges\/wp-content\/uploads\/usu470\/2024\/05\/4_1-1093x1536.jpg 1093w, https:\/\/agora.xtec.cat\/llar-pota-roges\/wp-content\/uploads\/usu470\/2024\/05\/4_1-1457x2048.jpg 1457w, https:\/\/agora.xtec.cat\/llar-pota-roges\/wp-content\/uploads\/usu470\/2024\/05\/4_1.jpg 1587w\" sizes=\"auto, (max-width: 213px) 100vw, 213px\" \/><\/p>\n<p><img loading=\"lazy\" decoding=\"async\" class=\"size-medium wp-image-1961 alignleft\" src=\"https:\/\/agora.xtec.cat\/llar-pota-roges\/wp-content\/uploads\/usu470\/2024\/05\/2-213x300.jpg\" alt=\"\" width=\"213\" height=\"300\" srcset=\"https:\/\/agora.xtec.cat\/llar-pota-roges\/wp-content\/uploads\/usu470\/2024\/05\/2-213x300.jpg 213w, https:\/\/agora.xtec.cat\/llar-pota-roges\/wp-content\/uploads\/usu470\/2024\/05\/2-729x1024.jpg 729w, https:\/\/agora.xtec.cat\/llar-pota-roges\/wp-content\/uploads\/usu470\/2024\/05\/2-768x1079.jpg 768w, https:\/\/agora.xtec.cat\/llar-pota-roges\/wp-content\/uploads\/usu470\/2024\/05\/2-1093x1536.jpg 1093w, https:\/\/agora.xtec.cat\/llar-pota-roges\/wp-content\/uploads\/usu470\/2024\/05\/2-1457x2048.jpg 1457w, https:\/\/agora.xtec.cat\/llar-pota-roges\/wp-content\/uploads\/usu470\/2024\/05\/2.jpg 1587w\" sizes=\"auto, (max-width: 213px) 100vw, 213px\" \/><\/p>\n<p><a href=\"https:\/\/www.ccma.cat\/324\/els-riscos-del-xumet-digital-les-escoles-bressol-alerten-de-retards-per-lus-de-pantalles\/noticia\/3256358\/\">Xumet digital<\/a><\/p>\n<p>&nbsp;<\/p>\n<p>&nbsp;<\/p>\n<p>&nbsp;<\/p>\n<p>&nbsp;<\/p>\n<p>&nbsp;<\/p>\n<p>&nbsp;<\/p>\n<p><img loading=\"lazy\" decoding=\"async\" class=\"size-medium wp-image-1965 alignleft\" src=\"https:\/\/agora.xtec.cat\/llar-pota-roges\/wp-content\/uploads\/usu470\/2024\/05\/6_1-213x300.jpg\" alt=\"\" width=\"213\" height=\"300\" srcset=\"https:\/\/agora.xtec.cat\/llar-pota-roges\/wp-content\/uploads\/usu470\/2024\/05\/6_1-213x300.jpg 213w, https:\/\/agora.xtec.cat\/llar-pota-roges\/wp-content\/uploads\/usu470\/2024\/05\/6_1-729x1024.jpg 729w, https:\/\/agora.xtec.cat\/llar-pota-roges\/wp-content\/uploads\/usu470\/2024\/05\/6_1-768x1079.jpg 768w, https:\/\/agora.xtec.cat\/llar-pota-roges\/wp-content\/uploads\/usu470\/2024\/05\/6_1-1093x1536.jpg 1093w, https:\/\/agora.xtec.cat\/llar-pota-roges\/wp-content\/uploads\/usu470\/2024\/05\/6_1-1457x2048.jpg 1457w, https:\/\/agora.xtec.cat\/llar-pota-roges\/wp-content\/uploads\/usu470\/2024\/05\/6_1.jpg 1587w\" sizes=\"auto, (max-width: 213px) 100vw, 213px\" \/><\/p>\n<p><img loading=\"lazy\" decoding=\"async\" class=\"size-medium wp-image-1966 alignleft\" src=\"https:\/\/agora.xtec.cat\/llar-pota-roges\/wp-content\/uploads\/usu470\/2024\/05\/7_1-213x300.jpg\" alt=\"\" width=\"213\" height=\"300\" srcset=\"https:\/\/agora.xtec.cat\/llar-pota-roges\/wp-content\/uploads\/usu470\/2024\/05\/7_1-213x300.jpg 213w, https:\/\/agora.xtec.cat\/llar-pota-roges\/wp-content\/uploads\/usu470\/2024\/05\/7_1-729x1024.jpg 729w, https:\/\/agora.xtec.cat\/llar-pota-roges\/wp-content\/uploads\/usu470\/2024\/05\/7_1-768x1079.jpg 768w, https:\/\/agora.xtec.cat\/llar-pota-roges\/wp-content\/uploads\/usu470\/2024\/05\/7_1-1093x1536.jpg 1093w, https:\/\/agora.xtec.cat\/llar-pota-roges\/wp-content\/uploads\/usu470\/2024\/05\/7_1-1457x2048.jpg 1457w, https:\/\/agora.xtec.cat\/llar-pota-roges\/wp-content\/uploads\/usu470\/2024\/05\/7_1.jpg 1587w\" sizes=\"auto, (max-width: 213px) 100vw, 213px\" \/><\/p>\n<p><img loading=\"lazy\" decoding=\"async\" class=\"size-medium wp-image-1967 alignleft\" src=\"https:\/\/agora.xtec.cat\/llar-pota-roges\/wp-content\/uploads\/usu470\/2024\/05\/8_1-213x300.jpg\" alt=\"\" width=\"213\" height=\"300\" srcset=\"https:\/\/agora.xtec.cat\/llar-pota-roges\/wp-content\/uploads\/usu470\/2024\/05\/8_1-213x300.jpg 213w, https:\/\/agora.xtec.cat\/llar-pota-roges\/wp-content\/uploads\/usu470\/2024\/05\/8_1-729x1024.jpg 729w, https:\/\/agora.xtec.cat\/llar-pota-roges\/wp-content\/uploads\/usu470\/2024\/05\/8_1-768x1079.jpg 768w, https:\/\/agora.xtec.cat\/llar-pota-roges\/wp-content\/uploads\/usu470\/2024\/05\/8_1-1093x1536.jpg 1093w, https:\/\/agora.xtec.cat\/llar-pota-roges\/wp-content\/uploads\/usu470\/2024\/05\/8_1-1457x2048.jpg 1457w, https:\/\/agora.xtec.cat\/llar-pota-roges\/wp-content\/uploads\/usu470\/2024\/05\/8_1.jpg 1587w\" sizes=\"auto, (max-width: 213px) 100vw, 213px\" \/><\/p>\n<p><a href=\"https:\/\/www.instagram.com\/p\/CywC3jyohsr\/\">L&#8217;ab\u00fas de les pantalles<\/a><\/p>\n<p>&nbsp;<\/p>\n<p>&nbsp;<\/p>\n<p>&nbsp;<\/p>\n<p>&nbsp;<\/p>\n<p>&nbsp;<\/p>\n<p>&nbsp;<\/p>\n<p><img loading=\"lazy\" decoding=\"async\" class=\"size-medium wp-image-1968 alignleft\" src=\"https:\/\/agora.xtec.cat\/llar-pota-roges\/wp-content\/uploads\/usu470\/2024\/05\/9-213x300.jpg\" alt=\"\" width=\"213\" height=\"300\" srcset=\"https:\/\/agora.xtec.cat\/llar-pota-roges\/wp-content\/uploads\/usu470\/2024\/05\/9-213x300.jpg 213w, https:\/\/agora.xtec.cat\/llar-pota-roges\/wp-content\/uploads\/usu470\/2024\/05\/9-729x1024.jpg 729w, https:\/\/agora.xtec.cat\/llar-pota-roges\/wp-content\/uploads\/usu470\/2024\/05\/9-768x1079.jpg 768w, https:\/\/agora.xtec.cat\/llar-pota-roges\/wp-content\/uploads\/usu470\/2024\/05\/9-1093x1536.jpg 1093w, https:\/\/agora.xtec.cat\/llar-pota-roges\/wp-content\/uploads\/usu470\/2024\/05\/9-1457x2048.jpg 1457w, https:\/\/agora.xtec.cat\/llar-pota-roges\/wp-content\/uploads\/usu470\/2024\/05\/9.jpg 1587w\" sizes=\"auto, (max-width: 213px) 100vw, 213px\" \/><\/p>\n<p><img loading=\"lazy\" decoding=\"async\" class=\"size-medium wp-image-1969 alignleft\" src=\"https:\/\/agora.xtec.cat\/llar-pota-roges\/wp-content\/uploads\/usu470\/2024\/05\/10-213x300.jpg\" alt=\"\" width=\"213\" height=\"300\" srcset=\"https:\/\/agora.xtec.cat\/llar-pota-roges\/wp-content\/uploads\/usu470\/2024\/05\/10-213x300.jpg 213w, https:\/\/agora.xtec.cat\/llar-pota-roges\/wp-content\/uploads\/usu470\/2024\/05\/10-729x1024.jpg 729w, https:\/\/agora.xtec.cat\/llar-pota-roges\/wp-content\/uploads\/usu470\/2024\/05\/10-768x1079.jpg 768w, https:\/\/agora.xtec.cat\/llar-pota-roges\/wp-content\/uploads\/usu470\/2024\/05\/10-1093x1536.jpg 1093w, https:\/\/agora.xtec.cat\/llar-pota-roges\/wp-content\/uploads\/usu470\/2024\/05\/10-1457x2048.jpg 1457w, https:\/\/agora.xtec.cat\/llar-pota-roges\/wp-content\/uploads\/usu470\/2024\/05\/10.jpg 1587w\" sizes=\"auto, (max-width: 213px) 100vw, 213px\" \/><\/p>\n<p><img loading=\"lazy\" decoding=\"async\" class=\"size-medium wp-image-1970 alignleft\" src=\"https:\/\/agora.xtec.cat\/llar-pota-roges\/wp-content\/uploads\/usu470\/2024\/05\/11-213x300.jpg\" alt=\"\" width=\"213\" height=\"300\" srcset=\"https:\/\/agora.xtec.cat\/llar-pota-roges\/wp-content\/uploads\/usu470\/2024\/05\/11-213x300.jpg 213w, https:\/\/agora.xtec.cat\/llar-pota-roges\/wp-content\/uploads\/usu470\/2024\/05\/11-729x1024.jpg 729w, https:\/\/agora.xtec.cat\/llar-pota-roges\/wp-content\/uploads\/usu470\/2024\/05\/11-768x1079.jpg 768w, https:\/\/agora.xtec.cat\/llar-pota-roges\/wp-content\/uploads\/usu470\/2024\/05\/11-1093x1536.jpg 1093w, https:\/\/agora.xtec.cat\/llar-pota-roges\/wp-content\/uploads\/usu470\/2024\/05\/11-1457x2048.jpg 1457w, https:\/\/agora.xtec.cat\/llar-pota-roges\/wp-content\/uploads\/usu470\/2024\/05\/11.jpg 1587w\" sizes=\"auto, (max-width: 213px) 100vw, 213px\" \/><\/p>\n<p><a href=\"https:\/\/www.ccma.cat\/3cat\/lofici-deducar\/#onboarding=true\">L&#8217;ofici d&#8217;educar: &#8220;Ho he provat tot, per\u00f2 no em fan cas&#8221;<\/a><\/p>\n<p>&nbsp;<\/p>\n<p>&nbsp;<\/p>\n<p>&nbsp;<\/p>\n<p>&nbsp;<\/p>\n<p>&nbsp;<\/p>\n<p>&nbsp;<\/p>\n<p><img loading=\"lazy\" decoding=\"async\" class=\"size-medium wp-image-1971 alignleft\" src=\"https:\/\/agora.xtec.cat\/llar-pota-roges\/wp-content\/uploads\/usu470\/2024\/05\/12-213x300.jpg\" alt=\"\" width=\"213\" height=\"300\" srcset=\"https:\/\/agora.xtec.cat\/llar-pota-roges\/wp-content\/uploads\/usu470\/2024\/05\/12-213x300.jpg 213w, https:\/\/agora.xtec.cat\/llar-pota-roges\/wp-content\/uploads\/usu470\/2024\/05\/12-729x1024.jpg 729w, https:\/\/agora.xtec.cat\/llar-pota-roges\/wp-content\/uploads\/usu470\/2024\/05\/12-768x1079.jpg 768w, https:\/\/agora.xtec.cat\/llar-pota-roges\/wp-content\/uploads\/usu470\/2024\/05\/12-1093x1536.jpg 1093w, https:\/\/agora.xtec.cat\/llar-pota-roges\/wp-content\/uploads\/usu470\/2024\/05\/12-1457x2048.jpg 1457w, https:\/\/agora.xtec.cat\/llar-pota-roges\/wp-content\/uploads\/usu470\/2024\/05\/12.jpg 1587w\" sizes=\"auto, (max-width: 213px) 100vw, 213px\" \/><\/p>\n<p><img loading=\"lazy\" decoding=\"async\" class=\"size-medium wp-image-1972 alignleft\" src=\"https:\/\/agora.xtec.cat\/llar-pota-roges\/wp-content\/uploads\/usu470\/2024\/05\/13-213x300.jpg\" alt=\"\" width=\"213\" height=\"300\" srcset=\"https:\/\/agora.xtec.cat\/llar-pota-roges\/wp-content\/uploads\/usu470\/2024\/05\/13-213x300.jpg 213w, https:\/\/agora.xtec.cat\/llar-pota-roges\/wp-content\/uploads\/usu470\/2024\/05\/13-729x1024.jpg 729w, https:\/\/agora.xtec.cat\/llar-pota-roges\/wp-content\/uploads\/usu470\/2024\/05\/13-768x1079.jpg 768w, https:\/\/agora.xtec.cat\/llar-pota-roges\/wp-content\/uploads\/usu470\/2024\/05\/13-1093x1536.jpg 1093w, https:\/\/agora.xtec.cat\/llar-pota-roges\/wp-content\/uploads\/usu470\/2024\/05\/13-1457x2048.jpg 1457w, https:\/\/agora.xtec.cat\/llar-pota-roges\/wp-content\/uploads\/usu470\/2024\/05\/13.jpg 1587w\" sizes=\"auto, (max-width: 213px) 100vw, 213px\" \/><\/p>\n<p><img loading=\"lazy\" decoding=\"async\" class=\"size-medium wp-image-1973 alignleft\" src=\"https:\/\/agora.xtec.cat\/llar-pota-roges\/wp-content\/uploads\/usu470\/2024\/05\/14-213x300.jpg\" alt=\"\" width=\"213\" height=\"300\" srcset=\"https:\/\/agora.xtec.cat\/llar-pota-roges\/wp-content\/uploads\/usu470\/2024\/05\/14-213x300.jpg 213w, https:\/\/agora.xtec.cat\/llar-pota-roges\/wp-content\/uploads\/usu470\/2024\/05\/14-729x1024.jpg 729w, https:\/\/agora.xtec.cat\/llar-pota-roges\/wp-content\/uploads\/usu470\/2024\/05\/14-768x1079.jpg 768w, https:\/\/agora.xtec.cat\/llar-pota-roges\/wp-content\/uploads\/usu470\/2024\/05\/14-1093x1536.jpg 1093w, https:\/\/agora.xtec.cat\/llar-pota-roges\/wp-content\/uploads\/usu470\/2024\/05\/14-1457x2048.jpg 1457w, https:\/\/agora.xtec.cat\/llar-pota-roges\/wp-content\/uploads\/usu470\/2024\/05\/14.jpg 1587w\" sizes=\"auto, (max-width: 213px) 100vw, 213px\" \/><\/p>\n<p><img loading=\"lazy\" decoding=\"async\" class=\"size-medium wp-image-1974 alignleft\" src=\"https:\/\/agora.xtec.cat\/llar-pota-roges\/wp-content\/uploads\/usu470\/2024\/05\/15-213x300.jpg\" alt=\"\" width=\"213\" height=\"300\" srcset=\"https:\/\/agora.xtec.cat\/llar-pota-roges\/wp-content\/uploads\/usu470\/2024\/05\/15-213x300.jpg 213w, https:\/\/agora.xtec.cat\/llar-pota-roges\/wp-content\/uploads\/usu470\/2024\/05\/15-729x1024.jpg 729w, https:\/\/agora.xtec.cat\/llar-pota-roges\/wp-content\/uploads\/usu470\/2024\/05\/15-768x1079.jpg 768w, https:\/\/agora.xtec.cat\/llar-pota-roges\/wp-content\/uploads\/usu470\/2024\/05\/15-1093x1536.jpg 1093w, https:\/\/agora.xtec.cat\/llar-pota-roges\/wp-content\/uploads\/usu470\/2024\/05\/15-1457x2048.jpg 1457w, https:\/\/agora.xtec.cat\/llar-pota-roges\/wp-content\/uploads\/usu470\/2024\/05\/15.jpg 1587w\" sizes=\"auto, (max-width: 213px) 100vw, 213px\" \/><\/p>\n<p><a href=\"https:\/\/www.youtube.com\/watch?v=ZNStKMHatLo\">ImaginElephants<\/a><\/p>\n<p>&nbsp;<\/p>\n<p>&nbsp;<\/p>\n<p>&nbsp;<\/p>\n<p>&nbsp;<\/p>\n<p>&nbsp;<\/p>\n<p>&nbsp;<\/p>\n<p><img loading=\"lazy\" decoding=\"async\" class=\"size-medium wp-image-1975 alignleft\" src=\"https:\/\/agora.xtec.cat\/llar-pota-roges\/wp-content\/uploads\/usu470\/2024\/05\/16-213x300.jpg\" alt=\"\" width=\"213\" height=\"300\" srcset=\"https:\/\/agora.xtec.cat\/llar-pota-roges\/wp-content\/uploads\/usu470\/2024\/05\/16-213x300.jpg 213w, https:\/\/agora.xtec.cat\/llar-pota-roges\/wp-content\/uploads\/usu470\/2024\/05\/16-729x1024.jpg 729w, https:\/\/agora.xtec.cat\/llar-pota-roges\/wp-content\/uploads\/usu470\/2024\/05\/16-768x1079.jpg 768w, https:\/\/agora.xtec.cat\/llar-pota-roges\/wp-content\/uploads\/usu470\/2024\/05\/16-1093x1536.jpg 1093w, https:\/\/agora.xtec.cat\/llar-pota-roges\/wp-content\/uploads\/usu470\/2024\/05\/16-1457x2048.jpg 1457w, https:\/\/agora.xtec.cat\/llar-pota-roges\/wp-content\/uploads\/usu470\/2024\/05\/16.jpg 1587w\" sizes=\"auto, (max-width: 213px) 100vw, 213px\" \/><\/p>\n","protected":false},"excerpt":{"rendered":"<p>Des del 2007 els tres centres educatius de Cervell\u00f3, Escola Nova, Escola Santa Maria i Escola Bressol Pota Roges mantenen una relaci\u00f3 i coordinaci\u00f3 molt activa, entre el primer cicle d\u2019Educaci\u00f3 Infantil i el segon cicle d\u2019Educaci\u00f3 Infantil.<br \/>\nDes del Centre de Recursos del Baix Llobregat&hellip;  <a href=\"https:\/\/agora.xtec.cat\/llar-pota-roges\/coordinacio-0-6\/\" title=\"Read Coordinaci\u00f3 0-6\">Llegeix m\u00e9s\u00bb<\/a><\/p>\n","protected":false},"author":1,"featured_media":0,"parent":0,"menu_order":0,"comment_status":"closed","ping_status":"closed","template":"","meta":{"_bbp_topic_count":0,"_bbp_reply_count":0,"_bbp_total_topic_count":0,"_bbp_total_reply_count":0,"_bbp_voice_count":0,"_bbp_anonymous_reply_count":0,"_bbp_topic_count_hidden":0,"_bbp_reply_count_hidden":0,"_bbp_forum_subforum_count":0,"footnotes":""},"class_list":["post-1499","page","type-page","status-publish","hentry"],"post_mailing_queue_ids":[],"_links":{"self":[{"href":"https:\/\/agora.xtec.cat\/llar-pota-roges\/wp-json\/wp\/v2\/pages\/1499","targetHints":{"allow":["GET"]}}],"collection":[{"href":"https:\/\/agora.xtec.cat\/llar-pota-roges\/wp-json\/wp\/v2\/pages"}],"about":[{"href":"https:\/\/agora.xtec.cat\/llar-pota-roges\/wp-json\/wp\/v2\/types\/page"}],"author":[{"embeddable":true,"href":"https:\/\/agora.xtec.cat\/llar-pota-roges\/wp-json\/wp\/v2\/users\/1"}],"replies":[{"embeddable":true,"href":"https:\/\/agora.xtec.cat\/llar-pota-roges\/wp-json\/wp\/v2\/comments?post=1499"}],"version-history":[{"count":6,"href":"https:\/\/agora.xtec.cat\/llar-pota-roges\/wp-json\/wp\/v2\/pages\/1499\/revisions"}],"predecessor-version":[{"id":1984,"href":"https:\/\/agora.xtec.cat\/llar-pota-roges\/wp-json\/wp\/v2\/pages\/1499\/revisions\/1984"}],"wp:attachment":[{"href":"https:\/\/agora.xtec.cat\/llar-pota-roges\/wp-json\/wp\/v2\/media?parent=1499"}],"curies":[{"name":"wp","href":"https:\/\/api.w.org\/{rel}","templated":true}]}}