{"id":1458,"date":"2021-10-15T16:35:01","date_gmt":"2021-10-15T14:35:01","guid":{"rendered":"https:\/\/agora.xtec.cat\/llar-pota-roges\/?page_id=1458"},"modified":"2023-05-09T09:52:52","modified_gmt":"2023-05-09T07:52:52","slug":"treva","status":"publish","type":"page","link":"https:\/\/agora.xtec.cat\/llar-pota-roges\/treva\/","title":{"rendered":"TREVA"},"content":{"rendered":"<p>El Programa Treva (T\u00e8cniques de Relaxaci\u00f3 Vivencial Aplicades a l\u2019Aula) \u00e9s una proposta d\u2019intervenci\u00f3 pedag\u00f2gica.<\/p>\n<p>Es basa en les nou habilitats b\u00e0siques de relaxaci\u00f3, meditaci\u00f3 i mindfulness: atenci\u00f3, respiraci\u00f3, visualitzaci\u00f3, relaxaci\u00f3, veu i parla, conciencia sensorial, postura, energia i moviment i en altres tres habilitats especials: mindfulness, gesti\u00f3 emocional (focusing) i centrament.<\/p>\n<p>Aquest programa proporciona als infants i a les educadores un espai on poder aprofonditzar en el seu autoconeixement i un excel.lent recurs per desenvolupar l&#8217;\u00e0mbit emocional.<\/p>\n<p>Amb l&#8217;objetiu de visibilitzar les accions i les propostes (tallers, xerrades&#8230;) que portem a terme amb els infants i les fam\u00edlies, iniciem les cartelleres:<\/p>\n<p><img loading=\"lazy\" decoding=\"async\" class=\"size-medium wp-image-1468 alignleft\" src=\"https:\/\/agora.xtec.cat\/llar-pota-roges\/wp-content\/uploads\/usu470\/2021\/10\/T-209x300.png\" alt=\"\" width=\"209\" height=\"300\" srcset=\"https:\/\/agora.xtec.cat\/llar-pota-roges\/wp-content\/uploads\/usu470\/2021\/10\/T-209x300.png 209w, https:\/\/agora.xtec.cat\/llar-pota-roges\/wp-content\/uploads\/usu470\/2021\/10\/T.png 611w\" sizes=\"auto, (max-width: 209px) 100vw, 209px\" \/><img loading=\"lazy\" decoding=\"async\" class=\"size-medium wp-image-1463 alignleft\" src=\"https:\/\/agora.xtec.cat\/llar-pota-roges\/wp-content\/uploads\/usu470\/2021\/10\/TROBADA-TREVA-20-21-300x300.jpg\" alt=\"\" width=\"300\" height=\"300\" srcset=\"https:\/\/agora.xtec.cat\/llar-pota-roges\/wp-content\/uploads\/usu470\/2021\/10\/TROBADA-TREVA-20-21-300x300.jpg 300w, https:\/\/agora.xtec.cat\/llar-pota-roges\/wp-content\/uploads\/usu470\/2021\/10\/TROBADA-TREVA-20-21-1024x1024.jpg 1024w, https:\/\/agora.xtec.cat\/llar-pota-roges\/wp-content\/uploads\/usu470\/2021\/10\/TROBADA-TREVA-20-21-150x150.jpg 150w, https:\/\/agora.xtec.cat\/llar-pota-roges\/wp-content\/uploads\/usu470\/2021\/10\/TROBADA-TREVA-20-21-768x768.jpg 768w, https:\/\/agora.xtec.cat\/llar-pota-roges\/wp-content\/uploads\/usu470\/2021\/10\/TROBADA-TREVA-20-21.jpg 1080w\" sizes=\"auto, (max-width: 300px) 100vw, 300px\" \/><\/p>\n<p>&nbsp;<\/p>\n<p>&nbsp;<\/p>\n<p>&nbsp;<\/p>\n<p>&nbsp;<\/p>\n<p>&nbsp;<\/p>\n<p>&nbsp;<\/p>\n<p>&nbsp;<\/p>\n<p>&nbsp;<\/p>\n<p><span style=\"font-family: inherit; font-size: 1em;\">Per tal que les fam\u00edlies con\u00e8ixin el projecte TREVA i les diferents iniciatives\/propostes que portem a terme a l&#8217;escola bressol, iniciem les Cartelleres, una eina de visibilitat i conci\u00e8ncia.<\/span><\/p>\n<p><img loading=\"lazy\" decoding=\"async\" class=\"size-medium wp-image-1460 alignleft\" src=\"https:\/\/agora.xtec.cat\/llar-pota-roges\/wp-content\/uploads\/usu470\/2021\/10\/TREVA-212x300.jpg\" alt=\"\" width=\"212\" height=\"300\" srcset=\"https:\/\/agora.xtec.cat\/llar-pota-roges\/wp-content\/uploads\/usu470\/2021\/10\/TREVA-212x300.jpg 212w, https:\/\/agora.xtec.cat\/llar-pota-roges\/wp-content\/uploads\/usu470\/2021\/10\/TREVA-724x1024.jpg 724w, https:\/\/agora.xtec.cat\/llar-pota-roges\/wp-content\/uploads\/usu470\/2021\/10\/TREVA-768x1086.jpg 768w, https:\/\/agora.xtec.cat\/llar-pota-roges\/wp-content\/uploads\/usu470\/2021\/10\/TREVA-1086x1536.jpg 1086w, https:\/\/agora.xtec.cat\/llar-pota-roges\/wp-content\/uploads\/usu470\/2021\/10\/TREVA-1448x2048.jpg 1448w, https:\/\/agora.xtec.cat\/llar-pota-roges\/wp-content\/uploads\/usu470\/2021\/10\/TREVA.jpg 1587w\" sizes=\"auto, (max-width: 212px) 100vw, 212px\" \/><\/p>\n<p>&nbsp;<\/p>\n<p>&nbsp;<\/p>\n<p>&nbsp;<\/p>\n<p>&nbsp;<\/p>\n<p>&nbsp;<\/p>\n<p>&nbsp;<\/p>\n<p>&nbsp;<\/p>\n<p><img loading=\"lazy\" decoding=\"async\" class=\"size-medium wp-image-1753 alignnone\" src=\"https:\/\/agora.xtec.cat\/llar-pota-roges\/wp-content\/uploads\/usu470\/2023\/03\/TREVA-2n-trim-300x300.png\" alt=\"\" width=\"300\" height=\"300\" srcset=\"https:\/\/agora.xtec.cat\/llar-pota-roges\/wp-content\/uploads\/usu470\/2023\/03\/TREVA-2n-trim-300x300.png 300w, https:\/\/agora.xtec.cat\/llar-pota-roges\/wp-content\/uploads\/usu470\/2023\/03\/TREVA-2n-trim-1024x1024.png 1024w, https:\/\/agora.xtec.cat\/llar-pota-roges\/wp-content\/uploads\/usu470\/2023\/03\/TREVA-2n-trim-150x150.png 150w, https:\/\/agora.xtec.cat\/llar-pota-roges\/wp-content\/uploads\/usu470\/2023\/03\/TREVA-2n-trim-768x768.png 768w, https:\/\/agora.xtec.cat\/llar-pota-roges\/wp-content\/uploads\/usu470\/2023\/03\/TREVA-2n-trim.png 1080w\" sizes=\"auto, (max-width: 300px) 100vw, 300px\" \/><\/p>\n<p><img loading=\"lazy\" decoding=\"async\" class=\"size-medium wp-image-1754 alignleft\" src=\"https:\/\/agora.xtec.cat\/llar-pota-roges\/wp-content\/uploads\/usu470\/2023\/03\/TREVA-212x300.png\" alt=\"\" width=\"212\" height=\"300\" srcset=\"https:\/\/agora.xtec.cat\/llar-pota-roges\/wp-content\/uploads\/usu470\/2023\/03\/TREVA-212x300.png 212w, https:\/\/agora.xtec.cat\/llar-pota-roges\/wp-content\/uploads\/usu470\/2023\/03\/TREVA-724x1024.png 724w, https:\/\/agora.xtec.cat\/llar-pota-roges\/wp-content\/uploads\/usu470\/2023\/03\/TREVA-768x1086.png 768w, https:\/\/agora.xtec.cat\/llar-pota-roges\/wp-content\/uploads\/usu470\/2023\/03\/TREVA-1086x1536.png 1086w, https:\/\/agora.xtec.cat\/llar-pota-roges\/wp-content\/uploads\/usu470\/2023\/03\/TREVA-1448x2048.png 1448w, https:\/\/agora.xtec.cat\/llar-pota-roges\/wp-content\/uploads\/usu470\/2023\/03\/TREVA.png 1587w\" sizes=\"auto, (max-width: 212px) 100vw, 212px\" \/><\/p>\n<p>&nbsp;<\/p>\n<p>&nbsp;<\/p>\n<p>&nbsp;<\/p>\n","protected":false},"excerpt":{"rendered":"<p>El Programa Treva (T\u00e8cniques de Relaxaci\u00f3 Vivencial Aplicades a l\u2019Aula) \u00e9s una proposta d\u2019intervenci\u00f3 pedag\u00f2gica.<br \/>\nEs basa en les nou habilitats b\u00e0siques de relaxaci\u00f3, meditaci\u00f3 i mindfulness: atenci\u00f3, respiraci\u00f3, visualitzaci\u00f3, relaxaci\u00f3, veu i parla, conciencia sensorial, postura, energia i moviment i en altres tres habilitats especials:&hellip;  <a href=\"https:\/\/agora.xtec.cat\/llar-pota-roges\/treva\/\" title=\"Read TREVA\">Llegeix m\u00e9s\u00bb<\/a><\/p>\n","protected":false},"author":1,"featured_media":0,"parent":0,"menu_order":0,"comment_status":"closed","ping_status":"closed","template":"","meta":{"_bbp_topic_count":0,"_bbp_reply_count":0,"_bbp_total_topic_count":0,"_bbp_total_reply_count":0,"_bbp_voice_count":0,"_bbp_anonymous_reply_count":0,"_bbp_topic_count_hidden":0,"_bbp_reply_count_hidden":0,"_bbp_forum_subforum_count":0,"footnotes":""},"class_list":["post-1458","page","type-page","status-publish","hentry"],"post_mailing_queue_ids":[],"_links":{"self":[{"href":"https:\/\/agora.xtec.cat\/llar-pota-roges\/wp-json\/wp\/v2\/pages\/1458","targetHints":{"allow":["GET"]}}],"collection":[{"href":"https:\/\/agora.xtec.cat\/llar-pota-roges\/wp-json\/wp\/v2\/pages"}],"about":[{"href":"https:\/\/agora.xtec.cat\/llar-pota-roges\/wp-json\/wp\/v2\/types\/page"}],"author":[{"embeddable":true,"href":"https:\/\/agora.xtec.cat\/llar-pota-roges\/wp-json\/wp\/v2\/users\/1"}],"replies":[{"embeddable":true,"href":"https:\/\/agora.xtec.cat\/llar-pota-roges\/wp-json\/wp\/v2\/comments?post=1458"}],"version-history":[{"count":3,"href":"https:\/\/agora.xtec.cat\/llar-pota-roges\/wp-json\/wp\/v2\/pages\/1458\/revisions"}],"predecessor-version":[{"id":1755,"href":"https:\/\/agora.xtec.cat\/llar-pota-roges\/wp-json\/wp\/v2\/pages\/1458\/revisions\/1755"}],"wp:attachment":[{"href":"https:\/\/agora.xtec.cat\/llar-pota-roges\/wp-json\/wp\/v2\/media?parent=1458"}],"curies":[{"name":"wp","href":"https:\/\/api.w.org\/{rel}","templated":true}]}}