{"id":1128,"date":"2021-01-13T10:26:13","date_gmt":"2021-01-13T09:26:13","guid":{"rendered":"https:\/\/agora.xtec.cat\/llar-pota-roges\/?page_id=1128"},"modified":"2023-03-08T09:27:02","modified_gmt":"2023-03-08T08:27:02","slug":"escoles-verdes","status":"publish","type":"page","link":"https:\/\/agora.xtec.cat\/llar-pota-roges\/escoles-verdes\/","title":{"rendered":"Escoles Verdes"},"content":{"rendered":"<p>&nbsp;<\/p>\n<p><img loading=\"lazy\" decoding=\"async\" class=\"aligncenter size-medium wp-image-1751\" src=\"https:\/\/agora.xtec.cat\/llar-pota-roges\/wp-content\/uploads\/usu470\/2023\/03\/Post-de-Instagram-Dia-del-Medioambiente-6-de-Junio-Naturaleza-Verde-Blanco-300x300.jpg\" alt=\"\" width=\"300\" height=\"300\" srcset=\"https:\/\/agora.xtec.cat\/llar-pota-roges\/wp-content\/uploads\/usu470\/2023\/03\/Post-de-Instagram-Dia-del-Medioambiente-6-de-Junio-Naturaleza-Verde-Blanco-300x300.jpg 300w, https:\/\/agora.xtec.cat\/llar-pota-roges\/wp-content\/uploads\/usu470\/2023\/03\/Post-de-Instagram-Dia-del-Medioambiente-6-de-Junio-Naturaleza-Verde-Blanco-1024x1024.jpg 1024w, https:\/\/agora.xtec.cat\/llar-pota-roges\/wp-content\/uploads\/usu470\/2023\/03\/Post-de-Instagram-Dia-del-Medioambiente-6-de-Junio-Naturaleza-Verde-Blanco-150x150.jpg 150w, https:\/\/agora.xtec.cat\/llar-pota-roges\/wp-content\/uploads\/usu470\/2023\/03\/Post-de-Instagram-Dia-del-Medioambiente-6-de-Junio-Naturaleza-Verde-Blanco-768x768.jpg 768w, https:\/\/agora.xtec.cat\/llar-pota-roges\/wp-content\/uploads\/usu470\/2023\/03\/Post-de-Instagram-Dia-del-Medioambiente-6-de-Junio-Naturaleza-Verde-Blanco.jpg 1080w\" sizes=\"auto, (max-width: 300px) 100vw, 300px\" \/><\/p>\n<p>Aquest projecte pret\u00e9n incorporar l\u2019educaci\u00f3 per a la sostenibilitat a la filosofia pedag\u00f2gica de l\u2019escola i agafa com a model el <strong><em>Document marc d\u2019Escoles Verdes<\/em><\/strong> per a la seva elaboraci\u00f3.<\/p>\n<p>Educar per a la sostenibilitat implica inventar solucions, arribar a acords i actuar tant en l\u2019\u00e0mbit individual com en el col\u00b7lectiu. I adonar-nos que una escola ben integrada en el seu entorn pot ser un dels motors d\u2019aquesta acci\u00f3 col\u00b7lectiva, d\u2019aquest canvi.<\/p>\n<p>&nbsp;<\/p>\n<p><img loading=\"lazy\" decoding=\"async\" class=\"alignleft wp-image-1749\" src=\"https:\/\/agora.xtec.cat\/llar-pota-roges\/wp-content\/uploads\/usu470\/2023\/03\/1_1-300x213.jpg\" alt=\"\" width=\"450\" height=\"319\" srcset=\"https:\/\/agora.xtec.cat\/llar-pota-roges\/wp-content\/uploads\/usu470\/2023\/03\/1_1-300x213.jpg 300w, https:\/\/agora.xtec.cat\/llar-pota-roges\/wp-content\/uploads\/usu470\/2023\/03\/1_1-1024x726.jpg 1024w, https:\/\/agora.xtec.cat\/llar-pota-roges\/wp-content\/uploads\/usu470\/2023\/03\/1_1-768x545.jpg 768w, https:\/\/agora.xtec.cat\/llar-pota-roges\/wp-content\/uploads\/usu470\/2023\/03\/1_1-1536x1090.jpg 1536w, https:\/\/agora.xtec.cat\/llar-pota-roges\/wp-content\/uploads\/usu470\/2023\/03\/1_1.jpg 1748w\" sizes=\"auto, (max-width: 450px) 100vw, 450px\" \/><\/p>\n<p><img loading=\"lazy\" decoding=\"async\" class=\"wp-image-1750 alignright\" src=\"https:\/\/agora.xtec.cat\/llar-pota-roges\/wp-content\/uploads\/usu470\/2023\/03\/2_2-300x213.jpg\" alt=\"\" width=\"450\" height=\"319\" srcset=\"https:\/\/agora.xtec.cat\/llar-pota-roges\/wp-content\/uploads\/usu470\/2023\/03\/2_2-300x213.jpg 300w, https:\/\/agora.xtec.cat\/llar-pota-roges\/wp-content\/uploads\/usu470\/2023\/03\/2_2-1024x726.jpg 1024w, https:\/\/agora.xtec.cat\/llar-pota-roges\/wp-content\/uploads\/usu470\/2023\/03\/2_2-768x545.jpg 768w, https:\/\/agora.xtec.cat\/llar-pota-roges\/wp-content\/uploads\/usu470\/2023\/03\/2_2-1536x1090.jpg 1536w, https:\/\/agora.xtec.cat\/llar-pota-roges\/wp-content\/uploads\/usu470\/2023\/03\/2_2.jpg 1748w\" sizes=\"auto, (max-width: 450px) 100vw, 450px\" \/><\/p>\n<p>&nbsp;<\/p>\n<p>&nbsp;<\/p>\n<p>&nbsp;<\/p>\n<p>&nbsp;<\/p>\n<p>&nbsp;<\/p>\n<p>&nbsp;<\/p>\n<p>&nbsp;<\/p>\n<p>&nbsp;<\/p>\n<p><img loading=\"lazy\" decoding=\"async\" class=\" wp-image-1593 alignleft\" src=\"https:\/\/agora.xtec.cat\/llar-pota-roges\/wp-content\/uploads\/usu470\/2022\/05\/20220506-Lets-clean-up-300x300.png\" alt=\"\" width=\"319\" height=\"319\" srcset=\"https:\/\/agora.xtec.cat\/llar-pota-roges\/wp-content\/uploads\/usu470\/2022\/05\/20220506-Lets-clean-up-300x300.png 300w, https:\/\/agora.xtec.cat\/llar-pota-roges\/wp-content\/uploads\/usu470\/2022\/05\/20220506-Lets-clean-up-1024x1024.png 1024w, https:\/\/agora.xtec.cat\/llar-pota-roges\/wp-content\/uploads\/usu470\/2022\/05\/20220506-Lets-clean-up-150x150.png 150w, https:\/\/agora.xtec.cat\/llar-pota-roges\/wp-content\/uploads\/usu470\/2022\/05\/20220506-Lets-clean-up-768x768.png 768w, https:\/\/agora.xtec.cat\/llar-pota-roges\/wp-content\/uploads\/usu470\/2022\/05\/20220506-Lets-clean-up-1536x1536.png 1536w, https:\/\/agora.xtec.cat\/llar-pota-roges\/wp-content\/uploads\/usu470\/2022\/05\/20220506-Lets-clean-up-2048x2048.png 2048w\" sizes=\"auto, (max-width: 319px) 100vw, 319px\" \/><\/p>\n<p>&nbsp;<\/p>\n<p>Suma&#8217;t a la &#8220;Let&#8217;s Clean Up Europe&#8221;<\/p>\n<p>\u00c9s una acci\u00f3 comuna a tot Europa per conscienciar sobre la quantitat de residus que llencem de forma incontrolada a la natura i promoure accions de sensibilitzaci\u00f3 a trav\u00e9s de la recollida d&#8217;aquests residus abocats il\u00b7legalment als boscos, platges, marges de rius, etc.<\/p>\n<p>Amb la col\u00b7laboraci\u00f3 de l&#8217;Ajuntament de Cervell\u00f3, l&#8217;escola bressol es suma a aquesta iniciativa organitzant una jornada de neteja.<\/p>\n<p>La sortida va ser organitzada el passat 6 de maig del 2022 i vam netejar una de les rutes habituals (trajecte aproximat 3.25km)<\/p>\n<p>Com ja sabeu, les sortides amb els infants de l&#8217;escola als espais naturals m\u00e9s propers s\u00f3n di\u00e0ries i \u00e9s per aix\u00f2 que creiem que pot ser molt significatiu que els familiars es sumin a aquesta proposta.<\/p>\n<p>&nbsp;<\/p>\n<p><img loading=\"lazy\" decoding=\"async\" class=\"alignleft wp-image-1560\" src=\"https:\/\/agora.xtec.cat\/llar-pota-roges\/wp-content\/uploads\/usu470\/2022\/03\/image.png\" alt=\"\" width=\"300\" height=\"361\" \/><\/p>\n<p>&nbsp;<\/p>\n<p>OLI CLAKI<\/p>\n<p>Aquest curs 2021-2022, donant continu\u00eftat al projecte d&#8217;escoles Verdes, iniciem una nova acci\u00f3: La recollida d&#8217;oli OLI CLAKI<\/p>\n<p>Un sistema de reciclatge amb 12 anys d&#8217;experi\u00e8ncia on escoles, instituts, centres c\u00edvics, etc. col\u00b7laboren com a centres de recollida de l&#8217;oli usat amb l&#8217;objectiu d&#8217;innovar, millorar el sistema i apropar-lo cada vegada a m\u00e9s gent, creant aix\u00ed una societat m\u00e9s conscient i establint les bases per una mentalitat mediambiental futura.<\/p>\n<p><a href=\"https:\/\/www.claki.cat\/\">M\u00e9s informaci\u00f3<\/a><\/p>\n<p>&nbsp;<\/p>\n<p>&nbsp;<\/p>\n<p>&nbsp;<\/p>\n<p><img loading=\"lazy\" decoding=\"async\" class=\"size-medium wp-image-1537 alignleft\" src=\"https:\/\/agora.xtec.cat\/llar-pota-roges\/wp-content\/uploads\/usu470\/2022\/02\/Invitacion-Boda-Natural-Verde-Acuarela-300x300.jpg\" alt=\"\" width=\"300\" height=\"300\" srcset=\"https:\/\/agora.xtec.cat\/llar-pota-roges\/wp-content\/uploads\/usu470\/2022\/02\/Invitacion-Boda-Natural-Verde-Acuarela-300x300.jpg 300w, https:\/\/agora.xtec.cat\/llar-pota-roges\/wp-content\/uploads\/usu470\/2022\/02\/Invitacion-Boda-Natural-Verde-Acuarela-1024x1024.jpg 1024w, https:\/\/agora.xtec.cat\/llar-pota-roges\/wp-content\/uploads\/usu470\/2022\/02\/Invitacion-Boda-Natural-Verde-Acuarela-150x150.jpg 150w, https:\/\/agora.xtec.cat\/llar-pota-roges\/wp-content\/uploads\/usu470\/2022\/02\/Invitacion-Boda-Natural-Verde-Acuarela-768x768.jpg 768w, https:\/\/agora.xtec.cat\/llar-pota-roges\/wp-content\/uploads\/usu470\/2022\/02\/Invitacion-Boda-Natural-Verde-Acuarela-1536x1536.jpg 1536w, https:\/\/agora.xtec.cat\/llar-pota-roges\/wp-content\/uploads\/usu470\/2022\/02\/Invitacion-Boda-Natural-Verde-Acuarela.jpg 1654w\" sizes=\"auto, (max-width: 300px) 100vw, 300px\" \/><\/p>\n<p>&nbsp;<\/p>\n<p>Tornem a engegar &#8220;Apilo 2022&#8221;<\/p>\n<p>Necessitem que t&#8217;encarreguis de recollir i portar totes les piles, bateries i acumuladors esgotats perqu\u00e8 es reciclin correctament.<\/p>\n<p>&nbsp;<\/p>\n<p>&nbsp;<\/p>\n<p>&nbsp;<\/p>\n<p>&nbsp;<\/p>\n<p>&nbsp;<\/p>\n<p><img loading=\"lazy\" decoding=\"async\" class=\"size-medium wp-image-1503 alignleft\" src=\"https:\/\/agora.xtec.cat\/llar-pota-roges\/wp-content\/uploads\/usu470\/2021\/12\/Cartella-Nadal-Escoles-Verdes-213x300.png\" alt=\"\" width=\"213\" height=\"300\" srcset=\"https:\/\/agora.xtec.cat\/llar-pota-roges\/wp-content\/uploads\/usu470\/2021\/12\/Cartella-Nadal-Escoles-Verdes-213x300.png 213w, https:\/\/agora.xtec.cat\/llar-pota-roges\/wp-content\/uploads\/usu470\/2021\/12\/Cartella-Nadal-Escoles-Verdes.png 618w\" sizes=\"auto, (max-width: 213px) 100vw, 213px\" \/><\/p>\n<p>&nbsp;<\/p>\n<p>4 Consells per un Nadal Sostenible:<\/p>\n<p>&#8211; Fem decoraci\u00f3 nadalenca amb elements naturals i mate-rials reutilitzables aprofitant i creant un bon moment per crear-los en fam\u00edlia.<br \/>\n&#8211; Redu\u00efm el consum de materials pl\u00e0stics a les festes familiars<br \/>\n&#8211; Emboliquem regals amb papers reciclats d\u2019una forma original i sostenible.<br \/>\n&#8211; Fem un consum responsable dels aliments i recursos na-turals als dinars nadalencs.<\/p>\n<p>&nbsp;<\/p>\n<p>&nbsp;<\/p>\n<p>&nbsp;<\/p>\n<p><img loading=\"lazy\" decoding=\"async\" class=\"alignleft wp-image-1220\" src=\"https:\/\/agora.xtec.cat\/llar-pota-roges\/wp-content\/uploads\/usu470\/2021\/03\/18.03.2021-300x234.png\" alt=\"\" width=\"399\" height=\"311\" srcset=\"https:\/\/agora.xtec.cat\/llar-pota-roges\/wp-content\/uploads\/usu470\/2021\/03\/18.03.2021-300x234.png 300w, https:\/\/agora.xtec.cat\/llar-pota-roges\/wp-content\/uploads\/usu470\/2021\/03\/18.03.2021-768x598.png 768w, https:\/\/agora.xtec.cat\/llar-pota-roges\/wp-content\/uploads\/usu470\/2021\/03\/18.03.2021-1024x798.png 1024w, https:\/\/agora.xtec.cat\/llar-pota-roges\/wp-content\/uploads\/usu470\/2021\/03\/18.03.2021.png 1086w\" sizes=\"auto, (max-width: 399px) 100vw, 399px\" \/><\/p>\n<p>&nbsp;<\/p>\n<p>RECORDA: Som Escola Verda!<\/p>\n<p>* Les ampolles de pl\u00e0stic les llen\u00e7em fora de les escombraries<br \/>\n* Separem el menjar del paper i els altres residus<br \/>\n* Reciclem a l&#8217;escola les teves piles<br \/>\n* No utilitzem bosses, gots o utensilis de pl\u00e0stic<br \/>\n* Fem compostatge amb els infants<br \/>\n* Apropem als infants al seu entorndes del respecte per la natura<\/p>\n<p>&nbsp;<\/p>\n<p>&nbsp;<\/p>\n<p><img loading=\"lazy\" decoding=\"async\" class=\"alignleft wp-image-1195\" src=\"https:\/\/agora.xtec.cat\/llar-pota-roges\/wp-content\/uploads\/usu470\/2021\/01\/Edgar-224x300.jpg\" alt=\"\" width=\"370\" height=\"496\" srcset=\"https:\/\/agora.xtec.cat\/llar-pota-roges\/wp-content\/uploads\/usu470\/2021\/01\/Edgar-224x300.jpg 224w, https:\/\/agora.xtec.cat\/llar-pota-roges\/wp-content\/uploads\/usu470\/2021\/01\/Edgar-768x1028.jpg 768w, https:\/\/agora.xtec.cat\/llar-pota-roges\/wp-content\/uploads\/usu470\/2021\/01\/Edgar-765x1024.jpg 765w\" sizes=\"auto, (max-width: 370px) 100vw, 370px\" \/><\/p>\n<p>&nbsp;<\/p>\n<p><strong>Avui, 26 de gener del 2021 se celebra el Dia Mundial de l&#8217;Educaci\u00f3 Ambiental amb el prop\u00f2sit de conscienciar la ciutadania perqu\u00e8 conservi i protegeixi el medi ambient amb la realitzaci\u00f3 d&#8217;accions i activitats.<\/strong><\/p>\n<p>La proposta t\u00e9 com a objectiu \u201c<em>que la poblaci\u00f3 mundial prengui consci\u00e8ncia del medi ambient i s\u2019interessi per ell i pels problemes relacionats,i que compti amb els coneixements, les actituds, les aptituds, la motivaci\u00f3 i el desig necessaris per treballar individualment i col\u00b7lectivament en la recerca de solucions als problemes actuals i per prevenir els que puguin apar\u00e8ixer d\u2019ara endavant<\/em>.\u201d<\/p>\n<p>&nbsp;<\/p>\n<p>&nbsp;<\/p>\n<p>&nbsp;<\/p>\n<p>&nbsp;<\/p>\n<p>&nbsp;<\/p>\n<p>&nbsp;<\/p>\n<p>&nbsp;<\/p>\n<p><img loading=\"lazy\" decoding=\"async\" class=\"alignleft wp-image-1191\" src=\"https:\/\/agora.xtec.cat\/llar-pota-roges\/wp-content\/uploads\/usu470\/2021\/01\/e2-207x300.jpg\" alt=\"\" width=\"366\" height=\"530\" \/><\/p>\n<p>&nbsp;<\/p>\n<p>Apropar als infants al seu entorn natural amb l&#8217;intenci\u00f3 d&#8217;aconseguir sensibilitzar-los amb l&#8217;entorn, amb el consum responsable de materials i recursos, com tamb\u00e9 dquirir h\u00e0bits basats en l&#8217;educaci\u00f3 per per la sostenibilitat i respecte del nostre planeta.<\/p>\n<p>&nbsp;<\/p>\n<p>&nbsp;<\/p>\n<p>&nbsp;<\/p>\n<p>&nbsp;<\/p>\n<p>&nbsp;<\/p>\n<p>&nbsp;<\/p>\n<p>&nbsp;<\/p>\n<p>&nbsp;<\/p>\n<p>&nbsp;<\/p>\n<p>&nbsp;<\/p>\n<p><img loading=\"lazy\" decoding=\"async\" class=\"alignleft wp-image-1190\" src=\"https:\/\/agora.xtec.cat\/llar-pota-roges\/wp-content\/uploads\/usu470\/2021\/01\/e1-202x300.jpg\" alt=\"\" width=\"361\" height=\"536\" srcset=\"https:\/\/agora.xtec.cat\/llar-pota-roges\/wp-content\/uploads\/usu470\/2021\/01\/e1-202x300.jpg 202w, https:\/\/agora.xtec.cat\/llar-pota-roges\/wp-content\/uploads\/usu470\/2021\/01\/e1-689x1024.jpg 689w, https:\/\/agora.xtec.cat\/llar-pota-roges\/wp-content\/uploads\/usu470\/2021\/01\/e1.jpg 707w\" sizes=\"auto, (max-width: 361px) 100vw, 361px\" \/><\/p>\n<p>&nbsp;<\/p>\n<p>L&#8217;hort de l&#8217;escola: Un espai de relaci\u00f3 amb l&#8217;entorn, on poder establir els primers lligams entre infant &amp; Natura.<\/p>\n<p>&nbsp;<\/p>\n<p>&nbsp;<\/p>\n<p>&nbsp;<\/p>\n<p>&nbsp;<\/p>\n<p>&nbsp;<\/p>\n<p>&nbsp;<\/p>\n<p>&nbsp;<\/p>\n<p>&nbsp;<\/p>\n<p>&nbsp;<\/p>\n<p>&nbsp;<\/p>\n<p>&nbsp;<\/p>\n<p><img loading=\"lazy\" decoding=\"async\" class=\"alignleft wp-image-1157\" src=\"https:\/\/agora.xtec.cat\/llar-pota-roges\/wp-content\/uploads\/usu470\/2021\/01\/00011-212x300.jpg\" alt=\"\" width=\"351\" height=\"497\" srcset=\"https:\/\/agora.xtec.cat\/llar-pota-roges\/wp-content\/uploads\/usu470\/2021\/01\/00011-212x300.jpg 212w, https:\/\/agora.xtec.cat\/llar-pota-roges\/wp-content\/uploads\/usu470\/2021\/01\/00011-768x1086.jpg 768w, https:\/\/agora.xtec.cat\/llar-pota-roges\/wp-content\/uploads\/usu470\/2021\/01\/00011-724x1024.jpg 724w\" sizes=\"auto, (max-width: 351px) 100vw, 351px\" \/><\/p>\n<p>&nbsp;<\/p>\n<p>Dins del projecte d&#8217;Escoles Verdes que vam comen\u00e7ar a dinamitzar el curs passat, hem comen\u00e7at a formar part del conconcurs APILO XXI, organitzat per l&#8217;agencia de residus de Catalunya, amb l&#8217;objectiu de reciclar el m\u00e0xim nombre possible de bateries i piles.<\/p>\n<p>Ens propossem entre tots poder incrementar la recollida de piles de forma significativa, millorant el reciclatge en el nostre centre i aix\u00ed concienciar a tota la comunitat sobre la import\u00e0ncia de l&#8217;entorn i la cura d&#8217;aquest.<\/p>\n<p>Al centre disposem de petits contenidors individuals per fam\u00edlia per poder emmagatzemar les piles que no funcionen i portar-les al centre, d&#8217;aquesta forma entre tots podem contribuir en el manteniment d&#8217;un entorn m\u00e9s sostenible.<\/p>\n<p>&nbsp;<\/p>\n<p>&nbsp;<\/p>\n<p>&nbsp;<\/p>\n<p>&nbsp;<\/p>\n<p>&nbsp;<\/p>\n<p>&nbsp;<\/p>\n<p><img loading=\"lazy\" decoding=\"async\" class=\"alignleft wp-image-1159\" src=\"https:\/\/agora.xtec.cat\/llar-pota-roges\/wp-content\/uploads\/usu470\/2021\/01\/1-1-200x300.jpg\" alt=\"\" width=\"350\" height=\"526\" srcset=\"https:\/\/agora.xtec.cat\/llar-pota-roges\/wp-content\/uploads\/usu470\/2021\/01\/1-1-200x300.jpg 200w, https:\/\/agora.xtec.cat\/llar-pota-roges\/wp-content\/uploads\/usu470\/2021\/01\/1-1.jpg 549w\" sizes=\"auto, (max-width: 350px) 100vw, 350px\" \/><\/p>\n<p>&nbsp;<\/p>\n<p>Aquest curs 2020-2021 l&#8217;escola ha rebut el Distintiu d&#8217;Escola Verda!!<\/p>\n<p>Un reconeixement que otorga el Departament d&#8217;Educaci\u00f3 a aquelles escoles que volen innovar, incloure, avan\u00e7ar, sistematitzar i organitzar accions educatives que tinguin la finalitat d&#8217;afrontar, des de l&#8217;educaci\u00f3, els nous reptes i valors de la sostenibilitat.<\/p>\n<p>A partir d&#8217;aquest moment, l&#8217;escola formar\u00e0 part del <a href=\"http:\/\/mediambient.gencat.cat\/ca\/05_ambits_dactuacio\/educacio_i_sostenibilitat\/educacio_per_a_la_sostenibilitat\/escoles_verdes\/\">Programa d&#8217;Escoles Verdes<\/a> de la Generalitat de Catalunya, participant, col\u00b7laborant i treballant per una escola m\u00e9s sostenible.<\/p>\n<p>Per tal de poder compartir les accions educatives que s&#8217;estan portant a terme, afegirem una nova p\u00e0gina amb aquest apartat.<\/p>\n<p>&nbsp;<\/p>\n<p>&nbsp;<\/p>\n<p>&nbsp;<\/p>\n<p>&nbsp;<\/p>\n<p>&nbsp;<\/p>\n<p>&nbsp;<\/p>\n<p>&nbsp;<\/p>\n<p>&nbsp;<\/p>\n<p>&nbsp;<\/p>\n<p>&nbsp;<\/p>\n<p>&nbsp;<\/p>\n<p>&nbsp;<\/p>\n<p>&nbsp;<\/p>\n<p>&nbsp;<\/p>\n<p>&nbsp;<\/p>\n<p>&nbsp;<\/p>\n<p>&nbsp;<\/p>\n<p>&nbsp;<\/p>\n<p>&nbsp;<\/p>\n<p>&nbsp;<\/p>\n<p>&nbsp;<\/p>\n<p>&nbsp;<\/p>\n<p>&nbsp;<\/p>\n<p>&nbsp;<\/p>\n<p>&nbsp;<\/p>\n<p>&nbsp;<\/p>\n<p>&nbsp;<\/p>\n<p>&nbsp;<\/p>\n<p>&nbsp;<\/p>\n<p>&nbsp;<\/p>\n<p>&nbsp;<\/p>\n<p>&nbsp;<\/p>\n<p>&nbsp;<\/p>\n<p>&nbsp;<\/p>\n<p>&nbsp;<\/p>\n<p>&nbsp;<\/p>\n<p>&nbsp;<\/p>\n<p>&nbsp;<\/p>\n<p>&nbsp;<\/p>\n<p>&nbsp;<\/p>\n<p>&nbsp;<\/p>\n<p>&nbsp;<\/p>\n<p>&nbsp;<\/p>\n<p>&nbsp;<\/p>\n<p>&nbsp;<\/p>\n<p>&nbsp;<\/p>\n<p>&nbsp;<\/p>\n<p>&nbsp;<\/p>\n<p>&nbsp;<\/p>\n<p>&nbsp;<\/p>\n<p>&nbsp;<\/p>\n<p>&nbsp;<\/p>\n<p>&nbsp;<\/p>\n<p>&nbsp;<\/p>\n<p>&nbsp;<\/p>\n<p>&nbsp;<\/p>\n<p>&nbsp;<\/p>\n<p>&nbsp;<\/p>\n<p>&nbsp;<\/p>\n<p>&nbsp;<\/p>\n<p>&nbsp;<\/p>\n<p>&nbsp;<\/p>\n<p>&nbsp;<\/p>\n<p>&nbsp;<\/p>\n<p>&nbsp;<\/p>\n<p>&nbsp;<\/p>\n<p>&nbsp;<\/p>\n<p>&nbsp;<\/p>\n<p>&nbsp;<\/p>\n<p>&nbsp;<\/p>\n<p>&nbsp;<\/p>\n<p>&nbsp;<\/p>\n<p>&nbsp;<\/p>\n<p>&nbsp;<\/p>\n","protected":false},"excerpt":{"rendered":"<p>&nbsp;<\/p>\n<p>Aquest projecte pret\u00e9n incorporar l\u2019educaci\u00f3 per a la sostenibilitat a la filosofia pedag\u00f2gica de l\u2019escola i agafa com a model el Document marc d\u2019Escoles Verdes per a la seva elaboraci\u00f3.<br \/>\nEducar per a la sostenibilitat implica inventar solucions, arribar a acords i actuar tant en l\u2019\u00e0mbit&hellip;  <a href=\"https:\/\/agora.xtec.cat\/llar-pota-roges\/escoles-verdes\/\" title=\"Read Escoles Verdes\">Llegeix m\u00e9s\u00bb<\/a><\/p>\n","protected":false},"author":1,"featured_media":0,"parent":0,"menu_order":0,"comment_status":"closed","ping_status":"closed","template":"","meta":{"_bbp_topic_count":0,"_bbp_reply_count":0,"_bbp_total_topic_count":0,"_bbp_total_reply_count":0,"_bbp_voice_count":0,"_bbp_anonymous_reply_count":0,"_bbp_topic_count_hidden":0,"_bbp_reply_count_hidden":0,"_bbp_forum_subforum_count":0,"footnotes":""},"class_list":["post-1128","page","type-page","status-publish","hentry"],"post_mailing_queue_ids":[],"_links":{"self":[{"href":"https:\/\/agora.xtec.cat\/llar-pota-roges\/wp-json\/wp\/v2\/pages\/1128","targetHints":{"allow":["GET"]}}],"collection":[{"href":"https:\/\/agora.xtec.cat\/llar-pota-roges\/wp-json\/wp\/v2\/pages"}],"about":[{"href":"https:\/\/agora.xtec.cat\/llar-pota-roges\/wp-json\/wp\/v2\/types\/page"}],"author":[{"embeddable":true,"href":"https:\/\/agora.xtec.cat\/llar-pota-roges\/wp-json\/wp\/v2\/users\/1"}],"replies":[{"embeddable":true,"href":"https:\/\/agora.xtec.cat\/llar-pota-roges\/wp-json\/wp\/v2\/comments?post=1128"}],"version-history":[{"count":3,"href":"https:\/\/agora.xtec.cat\/llar-pota-roges\/wp-json\/wp\/v2\/pages\/1128\/revisions"}],"predecessor-version":[{"id":1759,"href":"https:\/\/agora.xtec.cat\/llar-pota-roges\/wp-json\/wp\/v2\/pages\/1128\/revisions\/1759"}],"wp:attachment":[{"href":"https:\/\/agora.xtec.cat\/llar-pota-roges\/wp-json\/wp\/v2\/media?parent=1128"}],"curies":[{"name":"wp","href":"https:\/\/api.w.org\/{rel}","templated":true}]}}