{"id":1043,"date":"2020-06-08T11:01:47","date_gmt":"2020-06-08T09:01:47","guid":{"rendered":"https:\/\/agora.xtec.cat\/llar-pota-roges\/?page_id=1043"},"modified":"2021-12-13T09:48:05","modified_gmt":"2021-12-13T08:48:05","slug":"biblioteca-per-infants","status":"publish","type":"page","link":"https:\/\/agora.xtec.cat\/llar-pota-roges\/biblioteca\/biblioteca-per-infants\/","title":{"rendered":"Biblioteca per a infants"},"content":{"rendered":"<div>\n<div>\n<div class=\"row\">\n<div class=\"basic_text_peq col-xs-12\">\n<div class=\"pd-15x\">\n<p><strong>L&#8217;h\u00e0bit lector<\/strong> s&#8217;ha de comen\u00e7ar a educar des que els fills s\u00f3n ben petits. Quan els expliqueu o llegiu contes establiu vincles afectius amb ells i els ajudeu a desenvolupar el seu llenguatge.<\/p>\n<p>Podeu fer diferents activitats amb els vostres fills:<\/p>\n<ul>\n<li>Llegiu contes, expliqueu i inventeu hist\u00f2ries; als nens petits els encanta escoltar-les i, de vegades, fins i tot us demanaran que els repetiu contes que ja coneixen.<\/li>\n<li>Llegiu de manera divertida, amb expressi\u00f3 i bon humor. Utilitzeu diferents veus i sons: \u00e9s una manera de fomentar el gust per la lectura.<\/li>\n<li>Aneu amb ells a la<strong> biblioteca<\/strong>, a mirar contes o participar en alguna de les activitats que les biblioteques organitzen per als m\u00e9s petits. Les activitats l\u00fadiques poden ser el seu primer contacte amb els llibres.<\/li>\n<li>Acompanyeu-los a <strong>llibreries<\/strong> i escolliu llibres que puguin cridar la seva atenci\u00f3, que expliquin hist\u00f2ries a partir d&#8217;imatges amb pocs detalls perqu\u00e8 les reconeguin amb facilitat.<\/li>\n<\/ul>\n<p>Per escollir llibres per als m\u00e9s petits \u00e9s preferible que tinguin p\u00e0gines dures i resistents que els ajudin a passar els fulls f\u00e0cilment, que siguin de roba per si se&#8217;ls posen a la boca o de pl\u00e0stic per poder-hi jugar a la banyera.<\/p>\n<p>Quan els infants ja s\u00f3n una mica m\u00e9s grans la tem\u00e0tica comen\u00e7a a tenir import\u00e0ncia. Podeu escollir llibres que tinguin protagonistes o temes amb els quals es puguin identificar: nens de la mateixa edat, animals, rutines o h\u00e0bits, etc. Cal que siguin hist\u00f2ries curtes.<\/p>\n<\/div>\n<\/div>\n<\/div>\n<\/div>\n<\/div>\n<h4 style=\"text-align: justify;\"><img loading=\"lazy\" decoding=\"async\" class=\"size-medium wp-image-1051 alignleft\" src=\"https:\/\/agora.xtec.cat\/llar-pota-roges\/wp-content\/uploads\/usu470\/2020\/06\/luna-300x300.jpg\" alt=\"\" width=\"300\" height=\"300\" srcset=\"https:\/\/agora.xtec.cat\/llar-pota-roges\/wp-content\/uploads\/usu470\/2020\/06\/luna-300x300.jpg 300w, https:\/\/agora.xtec.cat\/llar-pota-roges\/wp-content\/uploads\/usu470\/2020\/06\/luna-150x150.jpg 150w, https:\/\/agora.xtec.cat\/llar-pota-roges\/wp-content\/uploads\/usu470\/2020\/06\/luna-768x765.jpg 768w, https:\/\/agora.xtec.cat\/llar-pota-roges\/wp-content\/uploads\/usu470\/2020\/06\/luna-1024x1020.jpg 1024w, https:\/\/agora.xtec.cat\/llar-pota-roges\/wp-content\/uploads\/usu470\/2020\/06\/luna.jpg 1080w\" sizes=\"auto, (max-width: 300px) 100vw, 300px\" \/><\/h4>\n<h4 style=\"text-align: justify;\">Luna.Antonio Rubio y \u00d3car Vill\u00e1n.Kalandraka.<\/h4>\n<p style=\"text-align: justify;\">La col\u00b7lecci\u00f3 &#8220;De la\u00a0<span class=\"hiddenGrammarError\">cuna<\/span>\u00a0a la\u00a0<span class=\"hiddenSpellError\">luna<\/span>&#8221; de\u00a0<span class=\"hiddenSpellError\">Kalandraka<\/span> s\u00f3n 12 contes en carton\u00e9 imprescindibles en la biblioteca dels m\u00e9s petits. Podr\u00edem dir que s\u00f3n com poesia per infants, tenen un text molt simple i normalment rimat, amb unes il\u00b7lustracions molt senzilles i clares que criden l&#8217;atenci\u00f3 dels m\u00e9s petits.<\/p>\n<p>&nbsp;<\/p>\n<p>&nbsp;<\/p>\n<p>&nbsp;<\/p>\n<p>&nbsp;<\/p>\n<p>&nbsp;<\/p>\n<p><img loading=\"lazy\" decoding=\"async\" class=\"size-medium wp-image-1054 alignleft\" src=\"https:\/\/agora.xtec.cat\/llar-pota-roges\/wp-content\/uploads\/usu470\/2020\/06\/cocodrilo-1-300x296.jpg\" alt=\"\" width=\"300\" height=\"296\" srcset=\"https:\/\/agora.xtec.cat\/llar-pota-roges\/wp-content\/uploads\/usu470\/2020\/06\/cocodrilo-1-300x296.jpg 300w, https:\/\/agora.xtec.cat\/llar-pota-roges\/wp-content\/uploads\/usu470\/2020\/06\/cocodrilo-1-768x759.jpg 768w, https:\/\/agora.xtec.cat\/llar-pota-roges\/wp-content\/uploads\/usu470\/2020\/06\/cocodrilo-1.jpg 909w\" sizes=\"auto, (max-width: 300px) 100vw, 300px\" \/><\/p>\n<h4 style=\"text-align: justify;\">Cocodrilo.Antonio Rubio y \u00d3car Vill\u00e1n.Kalandraka.<\/h4>\n<p>La col\u00b7lecci\u00f3 &#8220;De la\u00a0<span class=\"hiddenGrammarError\">cuna<\/span>\u00a0a la\u00a0<span class=\"hiddenSpellError\">luna<\/span>&#8221; de\u00a0<span class=\"hiddenSpellError\">Kalandraka<\/span> s\u00f3n 12 contes en carton\u00e9 imprescindibles en la biblioteca dels m\u00e9s petits. Podr\u00edem dir que s\u00f3n com poesia per infants, tenen un text molt simple i normalment rimat, amb unes il\u00b7lustracions molt senzilles i clares que criden l&#8217;atenci\u00f3 dels m\u00e9s petits.<\/p>\n<p>&nbsp;<\/p>\n<p>&nbsp;<\/p>\n<p>&nbsp;<\/p>\n<p>&nbsp;<\/p>\n<p>&nbsp;<\/p>\n<p><img loading=\"lazy\" decoding=\"async\" class=\"alignleft size-medium wp-image-1089\" src=\"https:\/\/agora.xtec.cat\/llar-pota-roges\/wp-content\/uploads\/usu470\/2020\/07\/caricaricia-300x300.jpeg\" alt=\"\" width=\"300\" height=\"300\" srcset=\"https:\/\/agora.xtec.cat\/llar-pota-roges\/wp-content\/uploads\/usu470\/2020\/07\/caricaricia-300x300.jpeg 300w, https:\/\/agora.xtec.cat\/llar-pota-roges\/wp-content\/uploads\/usu470\/2020\/07\/caricaricia-150x150.jpeg 150w, https:\/\/agora.xtec.cat\/llar-pota-roges\/wp-content\/uploads\/usu470\/2020\/07\/caricaricia.jpeg 450w\" sizes=\"auto, (max-width: 300px) 100vw, 300px\" \/><\/p>\n<h4>Cari-caricias.Mar Benegas &amp; Marta Com\u00edn.Combel<\/h4>\n<p>La cirera \u00e9s una col\u00b7lecci\u00f3 de llibre per cantar, comptar, mirar i jugar amb els m\u00e9s petits. Cada conte \u00e9s especial, tots s\u00f3n dol\u00e7os i juganers com les cireres, pensats pels que encara no han apr\u00e8s a llegir. Un Joc de car\u00edcies en diferents parts de la cara \u00e9s el tema d&#8217;aquest t\u00edtol, que en acabar, es pot escoltar amb m\u00fasica.<\/p>\n<p>&nbsp;<\/p>\n<p>&nbsp;<\/p>\n<p>&nbsp;<\/p>\n<p>&nbsp;<\/p>\n<h4><strong><img loading=\"lazy\" decoding=\"async\" class=\"alignleft wp-image-1151\" src=\"https:\/\/agora.xtec.cat\/llar-pota-roges\/wp-content\/uploads\/usu470\/2021\/01\/Bona-nit-lluna-202x300.jpg\" alt=\"\" width=\"298\" height=\"443\" srcset=\"https:\/\/agora.xtec.cat\/llar-pota-roges\/wp-content\/uploads\/usu470\/2021\/01\/Bona-nit-lluna-202x300.jpg 202w, https:\/\/agora.xtec.cat\/llar-pota-roges\/wp-content\/uploads\/usu470\/2021\/01\/Bona-nit-lluna.jpg 336w\" sizes=\"auto, (max-width: 298px) 100vw, 298px\" \/>BONA NIT, LLUNA. <\/strong><\/h4>\n<p>Autora: N\u00faria Albert\u00ed. Il\u00b7lustradora: Merc\u00e8 Gal\u00ed<\/p>\n<p>M\u00fasica: Montse Munill, Jordi de la Torre, Arnau Berenguer.<\/p>\n<p>Editorial: El cep i la nansa<\/p>\n<p>Bona nit, Lluna\u00a0\u00e9s un llibre de can\u00e7onetes de bressol.\u00a0Cont\u00e9 7 poemes musicats que ajudaran als\u00a0nadons a agafar la son de manera dol\u00e7a.<\/p>\n<p>A part dels poemes inclou un codi QR on podem descarregar-nos els poemes cantats i aix\u00ed, estimular l\u2019o\u00efda des de les primeres edats. Una bona proposta per anar apropant els infants a la poesia, des de ben menuts.<\/p>\n<p>&nbsp;<\/p>\n<p>&nbsp;<\/p>\n<p>&nbsp;<\/p>\n<p>&nbsp;<\/p>\n<h4><strong><img loading=\"lazy\" decoding=\"async\" class=\"alignleft size-medium wp-image-1152\" src=\"https:\/\/agora.xtec.cat\/llar-pota-roges\/wp-content\/uploads\/usu470\/2021\/01\/Emma-Come-300x300.jpg\" alt=\"\" width=\"300\" height=\"300\" srcset=\"https:\/\/agora.xtec.cat\/llar-pota-roges\/wp-content\/uploads\/usu470\/2021\/01\/Emma-Come-300x300.jpg 300w, https:\/\/agora.xtec.cat\/llar-pota-roges\/wp-content\/uploads\/usu470\/2021\/01\/Emma-Come-150x150.jpg 150w, https:\/\/agora.xtec.cat\/llar-pota-roges\/wp-content\/uploads\/usu470\/2021\/01\/Emma-Come.jpg 600w\" sizes=\"auto, (max-width: 300px) 100vw, 300px\" \/>Emma come.<\/strong> Jutta Bauer. L\u00f3guez<\/h4>\n<p>A la col\u00b7lecci\u00f3\u00a0<a href=\"http:\/\/www.boolino.es\/es\/libros\/coleccion\/pequenologuez\/\"><em>&#8220;Peque\u00f1ol\u00f3guez&#8221;<\/em><\/a> trobem diferents\u00a0 t\u00edtols de la <em>serie\u00a0Emma<\/em>, en els que l\u2019infant podr\u00e1 \u00a0ser espectador d\u2019 escenes de la quotidianitat de la petita osa Emma i \u00a0en la que es\u00a0 podr\u00e0 veure reconegut.<\/p>\n<p>Un recull de moments al voltant del dinar (dinar amb amics, la compra, la sensaci\u00f3 de despr\u00e9s de dinar, etc.) Moments b\u00e0sics y festius.<\/p>\n<p>&nbsp;<\/p>\n<p>&nbsp;<\/p>\n<p>&nbsp;<\/p>\n<p>&nbsp;<\/p>\n<h4><strong><img loading=\"lazy\" decoding=\"async\" class=\"alignleft size-medium wp-image-1153\" src=\"https:\/\/agora.xtec.cat\/llar-pota-roges\/wp-content\/uploads\/usu470\/2021\/01\/La-avellana-300x300.jpg\" alt=\"\" width=\"300\" height=\"300\" srcset=\"https:\/\/agora.xtec.cat\/llar-pota-roges\/wp-content\/uploads\/usu470\/2021\/01\/La-avellana-300x300.jpg 300w, https:\/\/agora.xtec.cat\/llar-pota-roges\/wp-content\/uploads\/usu470\/2021\/01\/La-avellana-150x150.jpg 150w, https:\/\/agora.xtec.cat\/llar-pota-roges\/wp-content\/uploads\/usu470\/2021\/01\/La-avellana-768x768.jpg 768w, https:\/\/agora.xtec.cat\/llar-pota-roges\/wp-content\/uploads\/usu470\/2021\/01\/La-avellana.jpg 900w\" sizes=\"auto, (max-width: 300px) 100vw, 300px\" \/>La avellana<\/strong><\/h4>\n<p>Autor: \u00c9ric Battut. Traductora: Esther Rubio.<\/p>\n<p>Editorial: K\u00f3kinos<\/p>\n<p>El ratol\u00ed verd vol obrir una avellana i menjar-se-la, per\u00f2 li manca la for\u00e7a suficient. \u00a0Llavors demana ajuda a la tortuga, al conill, a la zebra, al lle\u00f3 i a l\u2019elefant. Entre tots i totes descobriran que a l\u2019interior de l\u2019avellana hi viu un habitant sorpresa. Una hist\u00f2ria senzilla amb una estructura repetitiva i acumulativa que provoca que els infants el vulguin tornar a escoltar, a llegir\u00a0 o b\u00e9 a explicar-lo .<\/p>\n<p>&nbsp;<\/p>\n<p>&nbsp;<\/p>\n<p><img loading=\"lazy\" decoding=\"async\" class=\"alignleft size-full wp-image-1237\" src=\"https:\/\/agora.xtec.cat\/llar-pota-roges\/wp-content\/uploads\/usu470\/2021\/04\/41mCXMGpDrL._SX258_BO1204203200_.jpg\" alt=\"\" width=\"260\" height=\"260\" srcset=\"https:\/\/agora.xtec.cat\/llar-pota-roges\/wp-content\/uploads\/usu470\/2021\/04\/41mCXMGpDrL._SX258_BO1204203200_.jpg 260w, https:\/\/agora.xtec.cat\/llar-pota-roges\/wp-content\/uploads\/usu470\/2021\/04\/41mCXMGpDrL._SX258_BO1204203200_-150x150.jpg 150w\" sizes=\"auto, (max-width: 260px) 100vw, 260px\" \/><\/p>\n<p>Autora: Patricia Mart\u00edn. Il\u00b7lustradora: Rocio Bonilla<\/p>\n<p>Editorial Flamboyant<\/p>\n<p>Un llibre mut, sense lletra, dels que som els adults els que li hem de posar la hist\u00f2ria.<\/p>\n<p>Un llibre en cartronet que tracta, amb un toc d\u2019humor,\u00a0sobre l\u2019espera i l\u2019 arribada d\u2019un germ\u00e0 o germana i ens proporciona l\u2019oportunitat d\u2019adaptar-la i de fer m\u00e9s part\u00edceps\u00a0 als infants.<\/p>\n<p>&nbsp;<\/p>\n<p>&nbsp;<\/p>\n<p><img loading=\"lazy\" decoding=\"async\" class=\"alignleft size-medium wp-image-1238\" src=\"https:\/\/agora.xtec.cat\/llar-pota-roges\/wp-content\/uploads\/usu470\/2021\/04\/71rOUIPHsvL-300x300.jpg\" alt=\"\" width=\"300\" height=\"300\" srcset=\"https:\/\/agora.xtec.cat\/llar-pota-roges\/wp-content\/uploads\/usu470\/2021\/04\/71rOUIPHsvL-300x300.jpg 300w, https:\/\/agora.xtec.cat\/llar-pota-roges\/wp-content\/uploads\/usu470\/2021\/04\/71rOUIPHsvL-150x150.jpg 150w, https:\/\/agora.xtec.cat\/llar-pota-roges\/wp-content\/uploads\/usu470\/2021\/04\/71rOUIPHsvL-768x771.jpg 768w, https:\/\/agora.xtec.cat\/llar-pota-roges\/wp-content\/uploads\/usu470\/2021\/04\/71rOUIPHsvL-1020x1024.jpg 1020w, https:\/\/agora.xtec.cat\/llar-pota-roges\/wp-content\/uploads\/usu470\/2021\/04\/71rOUIPHsvL.jpg 1883w\" sizes=\"auto, (max-width: 300px) 100vw, 300px\" \/><\/p>\n<p>Autora: Agnese Baruzzi. Baby Montessori 0-12 mesos<\/p>\n<p>Editorial: Vicenns Vives<\/p>\n<p>Un llibre inspirat en els principis del m\u00e8tode Montessori que convida als infants m\u00e9s petits a identificar diferents animals. Els infants podran observar les imatges que es mostren en blanc i negre i fixar-se en els detalls acolorits de vermell\u2026 Per comen\u00e7ar a explorar el m\u00f3n !!!<\/p>\n<p>&nbsp;<\/p>\n<p>&nbsp;<\/p>\n<p>&nbsp;<\/p>\n<p><img loading=\"lazy\" decoding=\"async\" class=\"alignleft size-medium wp-image-1239\" src=\"https:\/\/agora.xtec.cat\/llar-pota-roges\/wp-content\/uploads\/usu470\/2021\/04\/9788426142016-182x300.jpg\" alt=\"\" width=\"182\" height=\"300\" srcset=\"https:\/\/agora.xtec.cat\/llar-pota-roges\/wp-content\/uploads\/usu470\/2021\/04\/9788426142016-182x300.jpg 182w, https:\/\/agora.xtec.cat\/llar-pota-roges\/wp-content\/uploads\/usu470\/2021\/04\/9788426142016.jpg 229w\" sizes=\"auto, (max-width: 182px) 100vw, 182px\" \/><\/p>\n<p>Autora: Susanne StraBer. Traductora: Susana Tornero<\/p>\n<p>Editorial Joventut<\/p>\n<p>Com que el past\u00eds es tan amunt, l\u2019\u00f3s decideix demanar ajuda a altres animals com el porc, el gos, la gallina o la granota per formar una torre que els permeti arribar-hi i poder menjar-se\u00b4l.<\/p>\n<p>Un llibre que presenta una senzilla hist\u00f2ria \u00a0d\u2019estructura acumulativa, en un\u00a0format\u00a0allargat, de cartr\u00f3 plastificat que resulta atractiu per a mans petites..<\/p>\n<p>&nbsp;<\/p>\n<p>&nbsp;<\/p>\n<p>&nbsp;<\/p>\n<p><img loading=\"lazy\" decoding=\"async\" class=\"size-medium wp-image-1505 alignleft\" src=\"https:\/\/agora.xtec.cat\/llar-pota-roges\/wp-content\/uploads\/usu470\/2021\/12\/9788426117625-281x300.jpg\" alt=\"\" width=\"281\" height=\"300\" srcset=\"https:\/\/agora.xtec.cat\/llar-pota-roges\/wp-content\/uploads\/usu470\/2021\/12\/9788426117625-281x300.jpg 281w, https:\/\/agora.xtec.cat\/llar-pota-roges\/wp-content\/uploads\/usu470\/2021\/12\/9788426117625.jpg 552w\" sizes=\"auto, (max-width: 281px) 100vw, 281px\" \/>Autora: Helen Oxenbury<\/p>\n<p>Editorial: Juventud<\/p>\n<p>Un llibre de cartronet, sense text, que convida al beb\u00e8 a recon\u00e8ixer els membres d\u2019una fam\u00edlia: la mare, el pare, els germans i els avis. Un tipus de fam\u00edlia que podr\u00e0 ser similar o diferent a la seva..?<\/p>\n<p>En qualsevol cas li permetr\u00e0 aprendre a distingir entre ell i els altres, ja que, primer veu per separat a cadascun dels membres i despr\u00e9s apareixen amb ell.<\/p>\n<p>&nbsp;<\/p>\n<p>&nbsp;<\/p>\n<p><strong>\u00a0\u00a0 \u00a0\u00a0\u00a0\u00a0\u00a0\u00a0\u00a0\u00a0\u00a0\u00a0\u00a0\u00a0\u00a0\u00a0\u00a0\u00a0\u00a0\u00a0\u00a0\u00a0\u00a0\u00a0\u00a0\u00a0\u00a0\u00a0\u00a0\u00a0\u00a0\u00a0\u00a0\u00a0\u00a0\u00a0\u00a0\u00a0\u00a0\u00a0\u00a0\u00a0\u00a0\u00a0\u00a0\u00a0\u00a0\u00a0\u00a0\u00a0\u00a0\u00a0\u00a0\u00a0\u00a0\u00a0\u00a0\u00a0\u00a0\u00a0\u00a0\u00a0\u00a0\u00a0\u00a0\u00a0\u00a0\u00a0\u00a0\u00a0\u00a0\u00a0\u00a0\u00a0\u00a0\u00a0\u00a0\u00a0\u00a0\u00a0\u00a0\u00a0\u00a0\u00a0\u00a0\u00a0\u00a0\u00a0\u00a0\u00a0\u00a0\u00a0\u00a0\u00a0\u00a0\u00a0\u00a0\u00a0\u00a0\u00a0\u00a0\u00a0\u00a0\u00a0\u00a0\u00a0\u00a0\u00a0\u00a0\u00a0\u00a0\u00a0\u00a0\u00a0\u00a0<\/strong><\/p>\n<p><img loading=\"lazy\" decoding=\"async\" class=\" wp-image-1506 alignleft\" src=\"https:\/\/agora.xtec.cat\/llar-pota-roges\/wp-content\/uploads\/usu470\/2021\/12\/71MAvC7ACL._AC_UL160_SR160160_.jpg\" alt=\"\" width=\"227\" height=\"227\" srcset=\"https:\/\/agora.xtec.cat\/llar-pota-roges\/wp-content\/uploads\/usu470\/2021\/12\/71MAvC7ACL._AC_UL160_SR160160_.jpg 160w, https:\/\/agora.xtec.cat\/llar-pota-roges\/wp-content\/uploads\/usu470\/2021\/12\/71MAvC7ACL._AC_UL160_SR160160_-150x150.jpg 150w\" sizes=\"auto, (max-width: 227px) 100vw, 227px\" \/>Autora: Susanne StraBer. Traductora: Susana Tornero<\/p>\n<p>Editorial Joventut<\/p>\n<p>L\u2019elefant vol balancejar-se. Encara que \u00e9s tan pesant\u2026!!! Aleshores arriba el ping\u00fc\u00ed, despr\u00e9s el mico, despr\u00e9s l\u2019 estru\u00e7 i despr\u00e9s\u2026 . Aniran arribant tot un seguit d\u2019animals de diferents mides i complexions que ajudaran a l\u2019elefant a equilibrar el balanc\u00ed . Qui i com aconseguir\u00e0 que aquest balanc\u00ed es mogui i els permeti gronxar-s\u2019hi&#8230;?.<\/p>\n<p>Editat en un format quadrat, en cartonet i amb les cantonades arrodonides que faciliten la manipulaci\u00f3 dels primers lectors.<\/p>\n<p>&nbsp;<\/p>\n<p><img loading=\"lazy\" decoding=\"async\" class=\" wp-image-1507 alignleft\" src=\"https:\/\/agora.xtec.cat\/llar-pota-roges\/wp-content\/uploads\/usu470\/2021\/12\/51cjOh8h-2L._SX198_BO1204203200_QL40_ML2_.jpg\" alt=\"\" width=\"218\" height=\"226\" \/>Autor: Guido Van Genechten. Traductora: N\u00faria Font i Ferr\u00e9<\/p>\n<p>Editorial Cru\u00eflla<\/p>\n<p>Per fer el pas del bolquer al v\u00e0ter, l\u2019infant ha d\u2019estar motivat i ha de comprendre la nova situaci\u00f3.<\/p>\n<p>Aquest llibre amb solapes i amb un inesperat final pot resultar \u00fatil per acompanyar els infants en aquest proc\u00e8s.<\/p>\n<p>El ratol\u00ed protagonista demana a d\u2019altres animals qu\u00e8 hi tenen dins el bolquer. I en obrir les solapes, hi trobem la caca de cadasc\u00fa: cagallons de conill, una tifa de gos, \u2026\u00a0 for\u00e7a divertit i escatol\u00f2gic. I al final, ells tamb\u00e9 volen saber qu\u00e8 hi porta el ratol\u00ed en el seu bolquer \u2026?<\/p>\n","protected":false},"excerpt":{"rendered":"<p>L&#8217;h\u00e0bit lector s&#8217;ha de comen\u00e7ar a educar des que els fills s\u00f3n ben petits. Quan els expliqueu o llegiu contes establiu vincles afectius amb ells i els ajudeu a desenvolupar el seu llenguatge.<br \/>\nPodeu fer diferents activitats amb els vostres fills:<\/p>\n<ul>\n<li>Llegiu contes, expliqueu i inventeu hist\u00f2ries;&hellip;  <a href=\"https:\/\/agora.xtec.cat\/llar-pota-roges\/biblioteca\/biblioteca-per-infants\/\" title=\"Read Biblioteca per a infants\">Llegeix m\u00e9s\u00bb<\/a><br \/>\n","protected":false},"author":1,"featured_media":0,"parent":1038,"menu_order":2,"comment_status":"closed","ping_status":"closed","template":"","meta":{"_bbp_topic_count":0,"_bbp_reply_count":0,"_bbp_total_topic_count":0,"_bbp_total_reply_count":0,"_bbp_voice_count":0,"_bbp_anonymous_reply_count":0,"_bbp_topic_count_hidden":0,"_bbp_reply_count_hidden":0,"_bbp_forum_subforum_count":0,"footnotes":""},"class_list":["post-1043","page","type-page","status-publish","hentry"],"post_mailing_queue_ids":[],"_links":{"self":[{"href":"https:\/\/agora.xtec.cat\/llar-pota-roges\/wp-json\/wp\/v2\/pages\/1043","targetHints":{"allow":["GET"]}}],"collection":[{"href":"https:\/\/agora.xtec.cat\/llar-pota-roges\/wp-json\/wp\/v2\/pages"}],"about":[{"href":"https:\/\/agora.xtec.cat\/llar-pota-roges\/wp-json\/wp\/v2\/types\/page"}],"author":[{"embeddable":true,"href":"https:\/\/agora.xtec.cat\/llar-pota-roges\/wp-json\/wp\/v2\/users\/1"}],"replies":[{"embeddable":true,"href":"https:\/\/agora.xtec.cat\/llar-pota-roges\/wp-json\/wp\/v2\/comments?post=1043"}],"version-history":[{"count":3,"href":"https:\/\/agora.xtec.cat\/llar-pota-roges\/wp-json\/wp\/v2\/pages\/1043\/revisions"}],"predecessor-version":[{"id":1508,"href":"https:\/\/agora.xtec.cat\/llar-pota-roges\/wp-json\/wp\/v2\/pages\/1043\/revisions\/1508"}],"up":[{"embeddable":true,"href":"https:\/\/agora.xtec.cat\/llar-pota-roges\/wp-json\/wp\/v2\/pages\/1038"}],"wp:attachment":[{"href":"https:\/\/agora.xtec.cat\/llar-pota-roges\/wp-json\/wp\/v2\/media?parent=1043"}],"curies":[{"name":"wp","href":"https:\/\/api.w.org\/{rel}","templated":true}]}}