{"id":1040,"date":"2020-06-08T11:01:05","date_gmt":"2020-06-08T09:01:05","guid":{"rendered":"https:\/\/agora.xtec.cat\/llar-pota-roges\/?page_id=1040"},"modified":"2021-06-23T13:00:38","modified_gmt":"2021-06-23T11:00:38","slug":"biblioteca-per-a-mares-i-pares","status":"publish","type":"page","link":"https:\/\/agora.xtec.cat\/llar-pota-roges\/biblioteca\/biblioteca-per-a-mares-i-pares\/","title":{"rendered":"Biblioteca per a mares i pares"},"content":{"rendered":"<h4 style=\"text-align: justify;\"><img loading=\"lazy\" decoding=\"async\" class=\"size-medium wp-image-1045 alignleft\" src=\"https:\/\/agora.xtec.cat\/llar-pota-roges\/wp-content\/uploads\/usu470\/2020\/06\/el-cervell-del-nen-197x300.jpg\" alt=\"\" width=\"197\" height=\"300\" srcset=\"https:\/\/agora.xtec.cat\/llar-pota-roges\/wp-content\/uploads\/usu470\/2020\/06\/el-cervell-del-nen-197x300.jpg 197w, https:\/\/agora.xtec.cat\/llar-pota-roges\/wp-content\/uploads\/usu470\/2020\/06\/el-cervell-del-nen.jpg 445w\" sizes=\"auto, (max-width: 197px) 100vw, 197px\" \/> El cervell del nen (12 estrat\u00e8gies revolucion\u00e0ries per cultivar la ment del teu fill)<strong>.<\/strong><\/h4>\n<h4 style=\"text-align: justify;\">Daniel J.Siegel, Tina Payne Brison. Viena ediciones.<\/h4>\n<p style=\"text-align: justify;\"><span style=\"font-weight: 400;\">\u00c9s un llibre, que tot i que es basa en la neuroci\u00e8ncia \u00e9s molt \u00e9s molt f\u00e0cil de llegir amb un vocabulari molt col\u00b7loquial, l&#8217;\u00fanica cosa \u00e9s que requereix de que paris molta atenci\u00f3 per despr\u00e9s poder enlla\u00e7ar-ho tot. Ens ensenya com funciona el cervell per poder entendre per qu\u00e8 els nostres fills es comporten de determinada manera en moments puntuals, a m\u00e9s et posa exemples i dona estrat\u00e8gies per portar-les a terme. Ho explica per cap\u00edtols per despr\u00e9s ensenyar-nos a integrar-ho en un tot, que realment \u00e9s com funciona el cervell.<\/span><\/p>\n<p style=\"text-align: justify;\"><span style=\"font-weight: 400;\">\u00a0\u00c9s un llibre que a m\u00e9s de llegir-ho estaria b\u00e9 tenir-ho a casa per tal de poder consultar quan fos necessari a mesura que ens van sorgin dificultats. I al final aporta una taula resum amb totes les estrat\u00e8gies (m\u00e9s f\u00e0cil impossible).<\/span><\/p>\n<p>&nbsp;<\/p>\n<p><img loading=\"lazy\" decoding=\"async\" class=\"alignleft size-medium wp-image-1365\" src=\"https:\/\/agora.xtec.cat\/llar-pota-roges\/wp-content\/uploads\/usu470\/2021\/06\/mi_nino_no_me_come-198x300.jpg\" alt=\"\" width=\"198\" height=\"300\" srcset=\"https:\/\/agora.xtec.cat\/llar-pota-roges\/wp-content\/uploads\/usu470\/2021\/06\/mi_nino_no_me_come-198x300.jpg 198w, https:\/\/agora.xtec.cat\/llar-pota-roges\/wp-content\/uploads\/usu470\/2021\/06\/mi_nino_no_me_come-768x1166.jpg 768w, https:\/\/agora.xtec.cat\/llar-pota-roges\/wp-content\/uploads\/usu470\/2021\/06\/mi_nino_no_me_come-674x1024.jpg 674w, https:\/\/agora.xtec.cat\/llar-pota-roges\/wp-content\/uploads\/usu470\/2021\/06\/mi_nino_no_me_come.jpg 810w\" sizes=\"auto, (max-width: 198px) 100vw, 198px\" \/><\/p>\n<h4>Mi ni\u00f1o no me come. Carlos gonzalez.<\/h4>\n<p>Aquest llibre explica per qu\u00e8 els nens solen menjar molt menys del que els seus pares (i metges) esperaven o desitjaven, i per qu\u00e8 no cal obligar-los jam\u00e1s.no cal obligar-los ni per les bones ni per les dolentes; ni amb crits, amenaces i c\u00e0stigs ni amb insist\u00e8ncia, distraccions, promeses, premis, exhortacions i lloances.Aquest no \u00e9s un m\u00e8tode per a aconseguir que els nens mengin. No es tracta de \u00absi no l&#8217;obligo, menjar\u00e0 m\u00e9s\u00bb, i molt menys de \u00abli far\u00e9 passar fam, i aix\u00ed menjar\u00e0\u00bb. Es tracta que el seu fill mengi el mateix, per\u00f2 sense crits, sense baralles, sense sofriment.<\/p>\n<p>&nbsp;<\/p>\n<p>&nbsp;<\/p>\n<p>&nbsp;<\/p>\n<p>&nbsp;<\/p>\n","protected":false},"excerpt":{"rendered":"<p> El cervell del nen (12 estrat\u00e8gies revolucion\u00e0ries per cultivar la ment del teu fill).<br \/>\nDaniel J.Siegel, Tina Payne Brison. Viena ediciones.<br \/>\n\u00c9s un llibre, que tot i que es basa en la neuroci\u00e8ncia \u00e9s molt \u00e9s molt f\u00e0cil de llegir amb un vocabulari molt col\u00b7loquial, l&#8217;\u00fanica&hellip;  <a href=\"https:\/\/agora.xtec.cat\/llar-pota-roges\/biblioteca\/biblioteca-per-a-mares-i-pares\/\" title=\"Read Biblioteca per a mares i pares\">Llegeix m\u00e9s\u00bb<\/a><\/p>\n","protected":false},"author":1,"featured_media":0,"parent":1038,"menu_order":0,"comment_status":"closed","ping_status":"closed","template":"","meta":{"_bbp_topic_count":0,"_bbp_reply_count":0,"_bbp_total_topic_count":0,"_bbp_total_reply_count":0,"_bbp_voice_count":0,"_bbp_anonymous_reply_count":0,"_bbp_topic_count_hidden":0,"_bbp_reply_count_hidden":0,"_bbp_forum_subforum_count":0,"footnotes":""},"class_list":["post-1040","page","type-page","status-publish","hentry"],"post_mailing_queue_ids":[],"_links":{"self":[{"href":"https:\/\/agora.xtec.cat\/llar-pota-roges\/wp-json\/wp\/v2\/pages\/1040","targetHints":{"allow":["GET"]}}],"collection":[{"href":"https:\/\/agora.xtec.cat\/llar-pota-roges\/wp-json\/wp\/v2\/pages"}],"about":[{"href":"https:\/\/agora.xtec.cat\/llar-pota-roges\/wp-json\/wp\/v2\/types\/page"}],"author":[{"embeddable":true,"href":"https:\/\/agora.xtec.cat\/llar-pota-roges\/wp-json\/wp\/v2\/users\/1"}],"replies":[{"embeddable":true,"href":"https:\/\/agora.xtec.cat\/llar-pota-roges\/wp-json\/wp\/v2\/comments?post=1040"}],"version-history":[{"count":3,"href":"https:\/\/agora.xtec.cat\/llar-pota-roges\/wp-json\/wp\/v2\/pages\/1040\/revisions"}],"predecessor-version":[{"id":1366,"href":"https:\/\/agora.xtec.cat\/llar-pota-roges\/wp-json\/wp\/v2\/pages\/1040\/revisions\/1366"}],"up":[{"embeddable":true,"href":"https:\/\/agora.xtec.cat\/llar-pota-roges\/wp-json\/wp\/v2\/pages\/1038"}],"wp:attachment":[{"href":"https:\/\/agora.xtec.cat\/llar-pota-roges\/wp-json\/wp\/v2\/media?parent=1040"}],"curies":[{"name":"wp","href":"https:\/\/api.w.org\/{rel}","templated":true}]}}