{"id":763,"date":"2022-09-22T11:30:07","date_gmt":"2022-09-22T09:30:07","guid":{"rendered":"https:\/\/agora.xtec.cat\/llar-pinotxo\/?page_id=763"},"modified":"2022-09-22T15:39:55","modified_gmt":"2022-09-22T13:39:55","slug":"normativa","status":"publish","type":"page","link":"https:\/\/agora.xtec.cat\/llar-pinotxo\/llar-dinfants\/normativa\/","title":{"rendered":"Normativa"},"content":{"rendered":"<p><span style=\"text-decoration: underline;\"><strong>HORARIS<\/strong><\/span><\/p>\n<p>L\u2019entrada \u00e9s de 09:00 a 09:30 hores. entren per l&#8217;entrada principal i per deixar els cotxets a la caseta del pati gran (recordeu, doblegats).<\/p>\n<p>La sortida dels que no es queden a dinar ser\u00e0 a les 12:00 hores per la porta principal.<\/p>\n<p>La sortida dels que no es queden a fer la migdiada ser\u00e0 a les 13:00 hores per la porta principal.<\/p>\n<p>La sortida \u00e9s de 16:30 a 17:00 hores, per l&#8217;entrada principal.<\/p>\n<p>* Recordeu que aquestes hores de sortida, la porta del pati i la caseta estar\u00e0 oberta per poder agafar els cotxets.<\/p>\n<p><strong>Demanem que pel bon funcionament del centre es respectin els horaris d&#8217;entrada i de sortida.<\/strong><\/p>\n<p><em>*Si no \u00e9s per una causa justificada i sempre que s\u2019hagi avisat abans, pel mat\u00ed no es podr\u00e0 entrar a la llar un cop s\u2019hagi tancat la porta fins que la tornem a obrir a les 12:00 hores.<\/em><\/p>\n<p><em>*Les fam\u00edlies que necessitin venir a buscar als seus fills abans dels horaris establerts, ho hauran d\u2019acordar amb l\u2019educadora, o trucar al centre.<\/em><\/p>\n<p><em>*Quan hagi de venir a recollir a l&#8217;infant una persona diferent de les habituals, ens haureu d\u2019avisar abans.<\/em><\/p>\n<p><span style=\"text-decoration: underline;\"><strong>MALALTIA<\/strong><\/span><\/p>\n<p>Recordeu que per donar-li la medicaci\u00f3 sempre ha de venir amb la recepta del metge.<\/p>\n<p>Quan el vostre fill o filla no es trobi b\u00e9 us avisarem perqu\u00e8 el vingueu a buscar.<\/p>\n<p>Sempre que tingui febre haur\u00e0 d\u2019estar en observaci\u00f3 i no podr\u00e0 tornar a la llar d\u2019infants fins 24 h. despr\u00e9s de la desaparici\u00f3 d\u2019aquesta.<\/p>\n<p><span style=\"text-decoration: underline;\"><strong>FOTOGRAFIES A LA LLAR<\/strong><\/span><\/p>\n<p>El dret a la pr\u00f2pia imatge, es reconegut en l\u2019article <a href=\"https:\/\/www.boe.es\/buscar\/act.php?id=BOE-A-1978-31229\" target=\"_blank\" rel=\"noopener\">18.1 de la Constituci\u00f3 espanyola<\/a> i est\u00e0 regulat per la <a href=\"https:\/\/www.boe.es\/buscar\/act.php?id=BOE-A-1982-11196\" target=\"_blank\" rel=\"noopener\">Llei org\u00e0nica 1\/1982<\/a>, de 5 de maig, sobre el dret a l\u2019honor, a l\u2019intimidat personal i familiar i a la pr\u00f2pia imatge. Com a conseq\u00fc\u00e8ncia d\u2019aquest dret\u00a0<strong>no es poden fer fotografies a cap espai del centre.<\/strong><\/p>\n<p><span style=\"text-decoration: underline;\"><strong>MENJADOR<\/strong><\/span><\/p>\n<p>La llar d\u2019infants oferir\u00e0 un servei de menjador organitzant uns \u00e0pats adequats i equilibrats. Podeu consultar aqu\u00ed els <a href=\"https:\/\/agora.xtec.cat\/llar-pinotxo\/llar-dinfants\/menjador-escolar\/\">men\u00fas.<\/a><\/p>\n<p><span style=\"text-decoration: underline;\"><strong>QUOTES<\/strong><\/span><\/p>\n<p>Estada:<\/p>\n<ul>\n<li>118\u20ac al mes estada,<\/li>\n<li>Els infants de I2 estada gratuita.<\/li>\n<\/ul>\n<p>Menjador:<\/p>\n<ul>\n<li>6\u20ac per dia lectiu si es queda tot el mes.<\/li>\n<li>6,50\u20ac si es queda tres dies a la setmana.<\/li>\n<li>7\u20ac si s\u00f3n dies espor\u00e0dics.<\/li>\n<\/ul>\n<p><a href=\"https:\/\/agora.xtec.cat\/llar-pinotxo\/wp-content\/uploads\/usu2665\/2022\/09\/3-Estimades-families-2022-2023.pdf\" title=\"Estimades families 22 - 23\">Estimades families 2022-2023 (PDF)<\/a><\/p>\n","protected":false},"excerpt":{"rendered":"<p>HORARIS<br \/>\nL\u2019entrada \u00e9s de 09:00 a 09:30 hores. entren per l&#8217;entrada principal i per deixar els cotxets a la caseta del pati gran (recordeu, doblegats).<br \/>\nLa sortida dels que no es queden a dinar ser\u00e0 a les 12:00 hores per la porta principal.<br \/>\nLa sortida dels que no&hellip;  <a href=\"https:\/\/agora.xtec.cat\/llar-pinotxo\/llar-dinfants\/normativa\/\" title=\"Read Normativa\">Llegeix m\u00e9s\u00bb<\/a><\/p>\n","protected":false},"author":1,"featured_media":0,"parent":669,"menu_order":8,"comment_status":"closed","ping_status":"closed","template":"page-templates\/side-menu.php","meta":{"_bbp_topic_count":0,"_bbp_reply_count":0,"_bbp_total_topic_count":0,"_bbp_total_reply_count":0,"_bbp_voice_count":0,"_bbp_anonymous_reply_count":0,"_bbp_topic_count_hidden":0,"_bbp_reply_count_hidden":0,"_bbp_forum_subforum_count":0,"footnotes":""},"class_list":["post-763","page","type-page","status-publish","hentry"],"post_mailing_queue_ids":[],"_links":{"self":[{"href":"https:\/\/agora.xtec.cat\/llar-pinotxo\/wp-json\/wp\/v2\/pages\/763","targetHints":{"allow":["GET"]}}],"collection":[{"href":"https:\/\/agora.xtec.cat\/llar-pinotxo\/wp-json\/wp\/v2\/pages"}],"about":[{"href":"https:\/\/agora.xtec.cat\/llar-pinotxo\/wp-json\/wp\/v2\/types\/page"}],"author":[{"embeddable":true,"href":"https:\/\/agora.xtec.cat\/llar-pinotxo\/wp-json\/wp\/v2\/users\/1"}],"replies":[{"embeddable":true,"href":"https:\/\/agora.xtec.cat\/llar-pinotxo\/wp-json\/wp\/v2\/comments?post=763"}],"version-history":[{"count":3,"href":"https:\/\/agora.xtec.cat\/llar-pinotxo\/wp-json\/wp\/v2\/pages\/763\/revisions"}],"predecessor-version":[{"id":1182,"href":"https:\/\/agora.xtec.cat\/llar-pinotxo\/wp-json\/wp\/v2\/pages\/763\/revisions\/1182"}],"up":[{"embeddable":true,"href":"https:\/\/agora.xtec.cat\/llar-pinotxo\/wp-json\/wp\/v2\/pages\/669"}],"wp:attachment":[{"href":"https:\/\/agora.xtec.cat\/llar-pinotxo\/wp-json\/wp\/v2\/media?parent=763"}],"curies":[{"name":"wp","href":"https:\/\/api.w.org\/{rel}","templated":true}]}}