{"id":642,"date":"2022-09-28T16:00:01","date_gmt":"2022-09-28T14:00:01","guid":{"rendered":"https:\/\/agora.xtec.cat\/llar-pinotxo\/?page_id=642"},"modified":"2022-10-18T12:14:56","modified_gmt":"2022-10-18T10:14:56","slug":"enllacos-dinteres","status":"publish","type":"page","link":"https:\/\/agora.xtec.cat\/llar-pinotxo\/llar-dinfants\/menjador-escolar\/enllacos-dinteres\/","title":{"rendered":"Enlla\u00e7os d&#8217;inter\u00e9s"},"content":{"rendered":"<ul>\n<li style=\"text-align: left;\"><a href=\"https:\/\/dogc.gencat.cat\/ca\/document-del-dogc\/?documentId=871820\" target=\"_blank\" rel=\"noopener\">RESOLUCI\u00d3 EDU\/790\/2020, de 24 de mar\u00e7, per la qual es determina el preu m\u00e0xim de la prestaci\u00f3 del servei escolar de menjador dels centres educatius de titularitat del Departament d&#8217;Educaci\u00f3<\/a><\/li>\n<li><a href=\"https:\/\/scientiasalut.gencat.cat\/handle\/11351\/2213\" target=\"_blank\" rel=\"noopener\">Recomanacions per a l\u2019alimentaci\u00f3 en la primera inf\u00e0ncia (de 0 a 3 anys)<\/a><\/li>\n<li><a href=\"https:\/\/scientiasalut.gencat.cat\/bitstream\/handle\/11351\/1986\/acompanyar_apats_infants_2016_ca.pdf?sequence=1\" target=\"_blank\" rel=\"noopener\">Acompanyar els \u00e0pats dels infants<\/a><\/li>\n<\/ul>\n","protected":false},"excerpt":{"rendered":"<ul>\n<li style=\"text-align: left;\"><a href=\"https:\/\/dogc.gencat.cat\/ca\/document-del-dogc\/?documentId=871820\" target=\"_blank\" rel=\"noopener\">RESOLUCI\u00d3 EDU\/790\/2020, de 24 de mar\u00e7, per la qual es determina el preu m\u00e0xim de la prestaci\u00f3 del servei escolar de menjador dels centres educatius de titularitat del Departament d&#8217;Educaci\u00f3<\/a><\/li>\n<li><a href=\"https:\/\/scientiasalut.gencat.cat\/handle\/11351\/2213\" target=\"_blank\" rel=\"noopener\">Recomanacions per a l\u2019alimentaci\u00f3 en la primera inf\u00e0ncia&hellip;  <a href=\"https:\/\/agora.xtec.cat\/llar-pinotxo\/llar-dinfants\/menjador-escolar\/enllacos-dinteres\/\" title=\"Read Enlla\u00e7os d&#8217;inter\u00e9s\">Llegeix m\u00e9s\u00bb<\/a><br \/>\n","protected":false},"author":1,"featured_media":0,"parent":73,"menu_order":0,"comment_status":"closed","ping_status":"closed","template":"","meta":{"_bbp_topic_count":0,"_bbp_reply_count":0,"_bbp_total_topic_count":0,"_bbp_total_reply_count":0,"_bbp_voice_count":0,"_bbp_anonymous_reply_count":0,"_bbp_topic_count_hidden":0,"_bbp_reply_count_hidden":0,"_bbp_forum_subforum_count":0,"footnotes":""},"class_list":["post-642","page","type-page","status-publish","hentry"],"post_mailing_queue_ids":[],"_links":{"self":[{"href":"https:\/\/agora.xtec.cat\/llar-pinotxo\/wp-json\/wp\/v2\/pages\/642","targetHints":{"allow":["GET"]}}],"collection":[{"href":"https:\/\/agora.xtec.cat\/llar-pinotxo\/wp-json\/wp\/v2\/pages"}],"about":[{"href":"https:\/\/agora.xtec.cat\/llar-pinotxo\/wp-json\/wp\/v2\/types\/page"}],"author":[{"embeddable":true,"href":"https:\/\/agora.xtec.cat\/llar-pinotxo\/wp-json\/wp\/v2\/users\/1"}],"replies":[{"embeddable":true,"href":"https:\/\/agora.xtec.cat\/llar-pinotxo\/wp-json\/wp\/v2\/comments?post=642"}],"version-history":[{"count":3,"href":"https:\/\/agora.xtec.cat\/llar-pinotxo\/wp-json\/wp\/v2\/pages\/642\/revisions"}],"predecessor-version":[{"id":658,"href":"https:\/\/agora.xtec.cat\/llar-pinotxo\/wp-json\/wp\/v2\/pages\/642\/revisions\/658"}],"up":[{"embeddable":true,"href":"https:\/\/agora.xtec.cat\/llar-pinotxo\/wp-json\/wp\/v2\/pages\/73"}],"wp:attachment":[{"href":"https:\/\/agora.xtec.cat\/llar-pinotxo\/wp-json\/wp\/v2\/media?parent=642"}],"curies":[{"name":"wp","href":"https:\/\/api.w.org\/{rel}","templated":true}]}}