{"id":22,"date":"2014-09-18T12:19:57","date_gmt":"2014-09-18T11:19:57","guid":{"rendered":"http:\/\/agora.xtec.cat\/llar-pinotxo\/?page_id=22"},"modified":"2021-10-14T14:57:44","modified_gmt":"2021-10-14T12:57:44","slug":"lescola","status":"publish","type":"page","link":"https:\/\/agora.xtec.cat\/llar-pinotxo\/llar-dinfants\/lescola\/","title":{"rendered":"L&#8217;escola"},"content":{"rendered":"<p>A la nostra llar d\u2019infants treballem amb una metodologia pr\u00f2pia, resultat de l\u2019experi\u00e8ncia de molts anys i enriquida amb la incorporaci\u00f3 de noves tend\u00e8ncies de la pedagogia que s\u00f3n \u00f2ptimes per afavorir el desenvolupament del nen.<\/p>\n<p>En aquesta llar d&#8217;infants potenciem molt la participaci\u00f3 activa de l\u2019infant, sent el nen\/a el protagonista de l\u2019aprenentatge. Seleccionem m\u00e8todes, t\u00e8cniques i recursos educatius que despertin el seu inter\u00e8s i que ens permetin apropar-nos a les seves capacitats i necessitats. Tot aix\u00f2 en un entorn d\u2019afectivitat que afavoreixi el benestar i l\u2019estimulaci\u00f3 adequada de l\u2019infant en uns anys claus per al seu desenvolupament emocional i cognitiu.<\/p>\n<p>El nostre Projecte Educatiu posa especial \u00e8mfasi en la creaci\u00f3 pl\u00e0stica, la m\u00fasica i la natura, ja que pensem que aquests tres aspectes desperten un inter\u00e8s especial en els m\u00e9s petits i tenen un enorme potencial educatiu.<\/p>\n<p>Proposem activitats relacionades amb la creativitat art\u00edstica i el contacte amb la natura per tal de despertar la curiositat de l\u2019infant cap al m\u00f3n exterior oferint-li materials que estimulin es seu inter\u00e8s i obrint nous horitzons d\u2019aprenentatge.<\/p>\n<p>&nbsp;<\/p>\n","protected":false},"excerpt":{"rendered":"<p>A la nostra llar d\u2019infants treballem amb una metodologia pr\u00f2pia, resultat de l\u2019experi\u00e8ncia de molts anys i enriquida amb la incorporaci\u00f3 de noves tend\u00e8ncies de la pedagogia que s\u00f3n \u00f2ptimes per afavorir el desenvolupament del nen.<br \/>\nEn aquesta llar d&#8217;infants potenciem molt la participaci\u00f3 activa de&hellip;  <a href=\"https:\/\/agora.xtec.cat\/llar-pinotxo\/llar-dinfants\/lescola\/\" title=\"Read L&#8217;escola\">Llegeix m\u00e9s\u00bb<\/a><\/p>\n","protected":false},"author":1,"featured_media":0,"parent":669,"menu_order":0,"comment_status":"closed","ping_status":"closed","template":"page-templates\/side-menu.php","meta":{"_bbp_topic_count":0,"_bbp_reply_count":0,"_bbp_total_topic_count":0,"_bbp_total_reply_count":0,"_bbp_voice_count":0,"_bbp_anonymous_reply_count":0,"_bbp_topic_count_hidden":0,"_bbp_reply_count_hidden":0,"_bbp_forum_subforum_count":0,"footnotes":""},"class_list":["post-22","page","type-page","status-publish","hentry"],"post_mailing_queue_ids":[],"_links":{"self":[{"href":"https:\/\/agora.xtec.cat\/llar-pinotxo\/wp-json\/wp\/v2\/pages\/22","targetHints":{"allow":["GET"]}}],"collection":[{"href":"https:\/\/agora.xtec.cat\/llar-pinotxo\/wp-json\/wp\/v2\/pages"}],"about":[{"href":"https:\/\/agora.xtec.cat\/llar-pinotxo\/wp-json\/wp\/v2\/types\/page"}],"author":[{"embeddable":true,"href":"https:\/\/agora.xtec.cat\/llar-pinotxo\/wp-json\/wp\/v2\/users\/1"}],"replies":[{"embeddable":true,"href":"https:\/\/agora.xtec.cat\/llar-pinotxo\/wp-json\/wp\/v2\/comments?post=22"}],"version-history":[{"count":4,"href":"https:\/\/agora.xtec.cat\/llar-pinotxo\/wp-json\/wp\/v2\/pages\/22\/revisions"}],"predecessor-version":[{"id":777,"href":"https:\/\/agora.xtec.cat\/llar-pinotxo\/wp-json\/wp\/v2\/pages\/22\/revisions\/777"}],"up":[{"embeddable":true,"href":"https:\/\/agora.xtec.cat\/llar-pinotxo\/wp-json\/wp\/v2\/pages\/669"}],"wp:attachment":[{"href":"https:\/\/agora.xtec.cat\/llar-pinotxo\/wp-json\/wp\/v2\/media?parent=22"}],"curies":[{"name":"wp","href":"https:\/\/api.w.org\/{rel}","templated":true}]}}