{"id":82,"date":"2014-09-18T14:10:51","date_gmt":"2014-09-18T13:10:51","guid":{"rendered":"http:\/\/agora.xtec.cat\/llar-malfargats\/?page_id=82"},"modified":"2025-10-22T09:55:47","modified_gmt":"2025-10-22T07:55:47","slug":"casal-destiu","status":"publish","type":"page","link":"https:\/\/agora.xtec.cat\/llar-malfargats\/serveis\/casal-destiu\/","title":{"rendered":"Casal d&#8217;estiu"},"content":{"rendered":"<p>El Casal d&#8217;estiu va de l&#8217;1 de juliol al 31 d&#8217;agost<\/p>\n<p>L&#8217;horari \u00e9s de 9\u202fh a 16\u202fh de la tarda<\/p>\n<p>I la quota de 230 euros al mes.<\/p>\n<p>Tant al juliol com a l&#8217;agost es pot fer per quinzenes.<\/p>\n<p>Des de direcci\u00f3 durant el mes de febrer i mar\u00e7 passen un document als pares on ells han de dir si vindran o no, per una previsi\u00f3.<\/p>\n","protected":false},"excerpt":{"rendered":"<p>El Casal d&#8217;estiu va de l&#8217;1 de juliol al 31 d&#8217;agost<br \/>\nL&#8217;horari \u00e9s de 9\u202fh a 16\u202fh de la tarda<br \/>\nI la quota de 230 euros al mes.<br \/>\nTant al juliol com a l&#8217;agost es pot fer per quinzenes.<br \/>\nDes de direcci\u00f3 durant el mes de febrer i mar\u00e7&hellip;  <a href=\"https:\/\/agora.xtec.cat\/llar-malfargats\/serveis\/casal-destiu\/\" title=\"Read Casal d&#8217;estiu\">Llegeix m\u00e9s\u00bb<\/a><\/p>\n","protected":false},"author":1,"featured_media":0,"parent":66,"menu_order":50,"comment_status":"closed","ping_status":"closed","template":"page-templates\/side-menu.php","meta":{"_bbp_topic_count":0,"_bbp_reply_count":0,"_bbp_total_topic_count":0,"_bbp_total_reply_count":0,"_bbp_voice_count":0,"_bbp_anonymous_reply_count":0,"_bbp_topic_count_hidden":0,"_bbp_reply_count_hidden":0,"_bbp_forum_subforum_count":0,"footnotes":""},"class_list":["post-82","page","type-page","status-publish","hentry"],"post_mailing_queue_ids":[],"_links":{"self":[{"href":"https:\/\/agora.xtec.cat\/llar-malfargats\/wp-json\/wp\/v2\/pages\/82","targetHints":{"allow":["GET"]}}],"collection":[{"href":"https:\/\/agora.xtec.cat\/llar-malfargats\/wp-json\/wp\/v2\/pages"}],"about":[{"href":"https:\/\/agora.xtec.cat\/llar-malfargats\/wp-json\/wp\/v2\/types\/page"}],"author":[{"embeddable":true,"href":"https:\/\/agora.xtec.cat\/llar-malfargats\/wp-json\/wp\/v2\/users\/1"}],"replies":[{"embeddable":true,"href":"https:\/\/agora.xtec.cat\/llar-malfargats\/wp-json\/wp\/v2\/comments?post=82"}],"version-history":[{"count":2,"href":"https:\/\/agora.xtec.cat\/llar-malfargats\/wp-json\/wp\/v2\/pages\/82\/revisions"}],"predecessor-version":[{"id":3321,"href":"https:\/\/agora.xtec.cat\/llar-malfargats\/wp-json\/wp\/v2\/pages\/82\/revisions\/3321"}],"up":[{"embeddable":true,"href":"https:\/\/agora.xtec.cat\/llar-malfargats\/wp-json\/wp\/v2\/pages\/66"}],"wp:attachment":[{"href":"https:\/\/agora.xtec.cat\/llar-malfargats\/wp-json\/wp\/v2\/media?parent=82"}],"curies":[{"name":"wp","href":"https:\/\/api.w.org\/{rel}","templated":true}]}}