{"id":73,"date":"2014-09-18T14:01:51","date_gmt":"2014-09-18T13:01:51","guid":{"rendered":"http:\/\/agora.xtec.cat\/llar-malfargats\/?page_id=73"},"modified":"2025-10-22T09:50:19","modified_gmt":"2025-10-22T07:50:19","slug":"menjador-escolar","status":"publish","type":"page","link":"https:\/\/agora.xtec.cat\/llar-malfargats\/serveis\/menjador-escolar\/","title":{"rendered":"MENJADOR ESCOLAR"},"content":{"rendered":"<p>Aqu\u00ed podreu veure una guia de men\u00fa per si el voleu seguir: <a href=\"https:\/\/agora.xtec.cat\/llar-malfargats\/wp-content\/uploads\/usu2171\/2020\/09\/Men\u00fa.pdf\">Men\u00fa orientatiu<\/a><\/p>\n<p>L&#8217;horari dels \u00e0pats \u00e9s:<\/p>\n<p>DINAR: de 12:30h a 13:25 aproximadament.<\/p>\n<p>Disposem del servei de c\u00e0tering, si alguna fam\u00edlia est\u00e0 interessada que pregunti ala directora.<\/p>\n<p>&nbsp;<\/p>\n","protected":false},"excerpt":{"rendered":"<p>Aqu\u00ed podreu veure una guia de men\u00fa per si el voleu seguir: <a href=\"https:\/\/agora.xtec.cat\/llar-malfargats\/wp-content\/uploads\/usu2171\/2020\/09\/Men\u00fa.pdf\">Men\u00fa orientatiu<\/a><br \/>\nL&#8217;horari dels \u00e0pats \u00e9s:<br \/>\nDINAR: de 12:30h a 13:25 aproximadament.<br \/>\nDisposem del servei de c\u00e0tering, si alguna fam\u00edlia est\u00e0 interessada que pregunti ala directora.<br \/>\n&nbsp;<\/p>\n","protected":false},"author":1,"featured_media":0,"parent":66,"menu_order":30,"comment_status":"closed","ping_status":"closed","template":"page-templates\/side-menu.php","meta":{"_bbp_topic_count":0,"_bbp_reply_count":0,"_bbp_total_topic_count":0,"_bbp_total_reply_count":0,"_bbp_voice_count":0,"_bbp_anonymous_reply_count":0,"_bbp_topic_count_hidden":0,"_bbp_reply_count_hidden":0,"_bbp_forum_subforum_count":0,"footnotes":""},"class_list":["post-73","page","type-page","status-publish","hentry"],"post_mailing_queue_ids":[],"_links":{"self":[{"href":"https:\/\/agora.xtec.cat\/llar-malfargats\/wp-json\/wp\/v2\/pages\/73","targetHints":{"allow":["GET"]}}],"collection":[{"href":"https:\/\/agora.xtec.cat\/llar-malfargats\/wp-json\/wp\/v2\/pages"}],"about":[{"href":"https:\/\/agora.xtec.cat\/llar-malfargats\/wp-json\/wp\/v2\/types\/page"}],"author":[{"embeddable":true,"href":"https:\/\/agora.xtec.cat\/llar-malfargats\/wp-json\/wp\/v2\/users\/1"}],"replies":[{"embeddable":true,"href":"https:\/\/agora.xtec.cat\/llar-malfargats\/wp-json\/wp\/v2\/comments?post=73"}],"version-history":[{"count":5,"href":"https:\/\/agora.xtec.cat\/llar-malfargats\/wp-json\/wp\/v2\/pages\/73\/revisions"}],"predecessor-version":[{"id":3319,"href":"https:\/\/agora.xtec.cat\/llar-malfargats\/wp-json\/wp\/v2\/pages\/73\/revisions\/3319"}],"up":[{"embeddable":true,"href":"https:\/\/agora.xtec.cat\/llar-malfargats\/wp-json\/wp\/v2\/pages\/66"}],"wp:attachment":[{"href":"https:\/\/agora.xtec.cat\/llar-malfargats\/wp-json\/wp\/v2\/media?parent=73"}],"curies":[{"name":"wp","href":"https:\/\/api.w.org\/{rel}","templated":true}]}}