{"id":38,"date":"2014-09-18T12:34:08","date_gmt":"2014-09-18T11:34:08","guid":{"rendered":"http:\/\/agora.xtec.cat\/llar-malfargats\/?page_id=38"},"modified":"2023-08-28T11:40:51","modified_gmt":"2023-08-28T09:40:51","slug":"salut","status":"publish","type":"page","link":"https:\/\/agora.xtec.cat\/llar-malfargats\/pagines-dinici\/lescola\/salut\/","title":{"rendered":"Salut\/Informaci\u00f3 Malalties"},"content":{"rendered":"<p><span style=\"font-weight: 400;\">\u00c9s habitual que durant els primers anys de vida del nad\u00f3 es posi malalt, sovint a causa del proc\u00e9s de maduraci\u00f3 immunol\u00f2gica que tots els infants han d\u2019assumir. Pel seu b\u00e9 i el dels altres alumnes, si un infant est\u00e0 malalt cal que no assisteixi a la llar d\u2019infants. <\/span><span style=\"font-weight: 400;\">En el cas que l\u2019infant es posi malalt mentre \u00e9s al centre, les educadores avisaran immediatament, a la fam\u00edlia per tal que l\u2019infant malalt no hagi de quedar-se a l\u2019escola m\u00e9s temps del necessari i pugui marxar a casa.<\/span><\/p>\n<p><span style=\"font-weight: 400;\">Amb aix\u00f2, un infant no pot assistir a la Llar sempre que presenti:<\/span><\/p>\n<ol>\n<li style=\"font-weight: 400;\" aria-level=\"1\">Qualsevol<strong> malaltia febril<\/strong><span style=\"font-weight: 400;\"> (Temperatura axil\u00b7lar de +37,5 oc en les darreres 12 hores sense antit\u00e8rmics). <\/span><i><span style=\"font-weight: 400;\">En cas que es reculli l\u2019infant de la llar amb febre o amb algun s\u00edmptoma citat anteriorment, aquest haur\u00e0 de romandre a casa com a m\u00ednim 12\u202fh en observaci\u00f3 sense antit\u00e8rmic.<\/span><\/i><\/li>\n<li style=\"font-weight: 400;\" aria-level=\"1\"><strong>Faringitis bacteriana<\/strong><span style=\"font-weight: 400;\"> fins a 24\u202fh despr\u00e9s d\u2019iniciar antibi\u00f2tic (inclosa l\u2019escarlatina).<\/span><\/li>\n<li style=\"font-weight: 400;\" aria-level=\"1\"><strong>Parotiditis (galteres)<\/strong><span style=\"font-weight: 400;\">, fins que la criatura estigui asimptom\u00e0tica 5- 9 dies de l\u2019inici.<\/span><\/li>\n<li style=\"font-weight: 400;\" aria-level=\"1\"><strong>Xarampi\u00f3<\/strong><span style=\"font-weight: 400;\">, fins a 4-5 dies despr\u00e9s de l\u2019inici de l\u2019exantema.<\/span><\/li>\n<li style=\"font-weight: 400;\" aria-level=\"1\"><span style=\"font-weight: 400;\"><strong>Rub\u00e8ola<\/strong>, <\/span><span style=\"font-weight: 400;\">fins 7 dies despr\u00e9s de l\u2019inici exantema.<\/span><\/li>\n<li style=\"font-weight: 400;\" aria-level=\"1\"><strong>Varicel\u00b7la<\/strong><span style=\"font-weight: 400;\">, fins 6 dies despr\u00e9s de l\u2019inici de l\u2019exantema o quan tot siguin crostes.<\/span><\/li>\n<li style=\"font-weight: 400;\" aria-level=\"1\"><strong>Tosferina<\/strong><span style=\"font-weight: 400;\">, fins 5 dies despr\u00e9s d\u2019iniciar antibi\u00f2tic<\/span><\/li>\n<li style=\"font-weight: 400;\" aria-level=\"1\"><span style=\"font-weight: 400;\">\u00a0<strong>Hepatitis A<\/strong><\/span><span style=\"font-weight: 400;\"><strong>,<\/strong> fins 7 dies despr\u00e9s d\u2019inici, i no icter\u00edcia<\/span><\/li>\n<li style=\"font-weight: 400;\" aria-level=\"1\"><strong>\u00a0V\u00f2mits i\/o diarrees<\/strong><span style=\"font-weight: 400;\"> fins remissi\u00f3.<\/span><\/li>\n<li style=\"font-weight: 400;\" aria-level=\"1\"><strong>Impetigen (lesions sobre infectades a la pell)<\/strong><span style=\"font-weight: 400;\">, fins a 24\u202fh despr\u00e9s d\u2019iniciar\u00a0 \u00a0 antibi\u00f2tic.<\/span><\/li>\n<li style=\"font-weight: 400;\" aria-level=\"1\"><strong>Gingivoestomatitis herp\u00e8tica (m\u00faltiples aftes a mucosa oral)<\/strong><span style=\"font-weight: 400;\">, fins que estigui curat.<\/span><\/li>\n<li style=\"font-weight: 400;\" aria-level=\"1\"><strong>Pediculosis capitis (polls)<\/strong><span style=\"font-weight: 400;\">, fins a 24\u202fh despr\u00e9s del tractament.<\/span><\/li>\n<li style=\"font-weight: 400;\" aria-level=\"1\"><strong>Conjuntivitis<\/strong><span style=\"font-weight: 400;\"><strong>,<\/strong> fins que no hi hagi vermellor ni lleganyes (m\u00ednim 2 dies despr\u00e9s d\u2019iniciar antibi\u00f2tic).<\/span><\/li>\n<li style=\"font-weight: 400;\" aria-level=\"1\"><strong>S\u00edndrome boca-m\u00e0-peu<\/strong><span style=\"font-weight: 400;\"><strong>,<\/strong> no cal exclusi\u00f3, sempre que no hi hagi febre ni malestar pot tornar. (recordeu que temperatura axil\u00b7lar de +37,5 oc en les darreres 12 hores sense antit\u00e8rmics)<\/span><\/li>\n<\/ol>\n<p><b>Tot infant que presenti: febre, dificultat respirat\u00f2ria, trastorn de consci\u00e8ncia, v\u00f2mits, diarrea amb moc o sang, \u00falceres bucals no catalogades o conjuntivitis, no pot anar a la llar d\u2019Infants fins a haver estat examinat pel seu pediatre.\u00a0<\/b><\/p>\n<p><span style=\"font-weight: 400;\">L\u2019escola podr\u00e0 demanar que la fam\u00edlia lliuri al centre un informe del\/a pediatre, on es faci constar el diagn\u00f2stic i la garantia que la malaltia no \u00e9s contagiosa. Es recomana que si la pediatra li recepta ibuprof\u00e8n o antibi\u00f2tic que sigui cada 12 hores, aix\u00ed no cal que li administri al centre cap educadora i no heu d&#8217;estar amb el medicament amunt i avall. Recordeu que la primera dosi tant d&#8217;antibi\u00f2tic com d&#8217;un altre medicament l&#8217;heu d&#8217;administrar vosaltres a casa. Sempre que l&#8217;educadora ha d&#8217;administrar un medicament heu d&#8217;emplenar<\/span><a href=\"https:\/\/drive.google.com\/file\/d\/1y1f5rQfSrT-s4wL37IKGRm_CPNlxvoSa\/view?usp=sharing\"> <span style=\"font-weight: 400;\">l&#8217;autoritzaci\u00f3.<\/span><\/a><\/p>\n<p>&nbsp;<\/p>\n<p>&nbsp;<\/p>\n<p>&nbsp;<\/p>\n<p>&nbsp;<\/p>\n<p>&nbsp;<\/p>\n<p>&nbsp;<\/p>\n","protected":false},"excerpt":{"rendered":"<p>\u00c9s habitual que durant els primers anys de vida del nad\u00f3 es posi malalt, sovint a causa del proc\u00e9s de maduraci\u00f3 immunol\u00f2gica que tots els infants han d\u2019assumir. Pel seu b\u00e9 i el dels altres alumnes, si un infant est\u00e0 malalt cal que no assisteixi&hellip;  <a href=\"https:\/\/agora.xtec.cat\/llar-malfargats\/pagines-dinici\/lescola\/salut\/\" title=\"Read Salut\/Informaci\u00f3 Malalties\">Llegeix m\u00e9s\u00bb<\/a><\/p>\n","protected":false},"author":1,"featured_media":0,"parent":22,"menu_order":80,"comment_status":"closed","ping_status":"closed","template":"page-templates\/side-menu.php","meta":{"_bbp_topic_count":0,"_bbp_reply_count":0,"_bbp_total_topic_count":0,"_bbp_total_reply_count":0,"_bbp_voice_count":0,"_bbp_anonymous_reply_count":0,"_bbp_topic_count_hidden":0,"_bbp_reply_count_hidden":0,"_bbp_forum_subforum_count":0,"footnotes":""},"class_list":["post-38","page","type-page","status-publish","hentry"],"post_mailing_queue_ids":[],"_links":{"self":[{"href":"https:\/\/agora.xtec.cat\/llar-malfargats\/wp-json\/wp\/v2\/pages\/38","targetHints":{"allow":["GET"]}}],"collection":[{"href":"https:\/\/agora.xtec.cat\/llar-malfargats\/wp-json\/wp\/v2\/pages"}],"about":[{"href":"https:\/\/agora.xtec.cat\/llar-malfargats\/wp-json\/wp\/v2\/types\/page"}],"author":[{"embeddable":true,"href":"https:\/\/agora.xtec.cat\/llar-malfargats\/wp-json\/wp\/v2\/users\/1"}],"replies":[{"embeddable":true,"href":"https:\/\/agora.xtec.cat\/llar-malfargats\/wp-json\/wp\/v2\/comments?post=38"}],"version-history":[{"count":3,"href":"https:\/\/agora.xtec.cat\/llar-malfargats\/wp-json\/wp\/v2\/pages\/38\/revisions"}],"predecessor-version":[{"id":2962,"href":"https:\/\/agora.xtec.cat\/llar-malfargats\/wp-json\/wp\/v2\/pages\/38\/revisions\/2962"}],"up":[{"embeddable":true,"href":"https:\/\/agora.xtec.cat\/llar-malfargats\/wp-json\/wp\/v2\/pages\/22"}],"wp:attachment":[{"href":"https:\/\/agora.xtec.cat\/llar-malfargats\/wp-json\/wp\/v2\/media?parent=38"}],"curies":[{"name":"wp","href":"https:\/\/api.w.org\/{rel}","templated":true}]}}