{"id":36,"date":"2014-09-18T12:33:11","date_gmt":"2014-09-18T11:33:11","guid":{"rendered":"http:\/\/agora.xtec.cat\/llar-malfargats\/?page_id=36"},"modified":"2023-08-28T12:45:29","modified_gmt":"2023-08-28T10:45:29","slug":"material-escolar","status":"publish","type":"page","link":"https:\/\/agora.xtec.cat\/llar-malfargats\/pagines-dinici\/lescola\/material-escolar\/","title":{"rendered":"Material que cal portar"},"content":{"rendered":"<p>\u2756 1 capsa de mocadors de paper.<\/p>\n<p>\u2756 Bolquers d\u2019un sol \u00fas (si n\u2019utilitza).<\/p>\n<p>\u2756 1 crema antiirritant (si n\u2019utilitza).<\/p>\n<p>\u2756 1 paquet de tovalloletes humides.<\/p>\n<p>\u2756 El xumet (marcat) dins d\u2019una bosseta (qui el necessiti) o b\u00e9 l\u2019objecte que faci servir l\u2019infant per dormir.<\/p>\n<p>\u2756 1 biber\u00f3 o got antigoteig o botella (marcat amb etiqueta) i cada dia marxar\u00e0 a casa.<\/p>\n<p>\u2756 Un recanvi de totes les peces de roba que habitualment porti posades l\u2019infant.<\/p>\n<p>\u2756 Si no porta bolquer caldr\u00e0 posar unes sabates tamb\u00e9. Tot dins d\u2019una bossa de roba amb el nom de l\u2019infant, igual que tota la roba.<\/p>\n<p>\u2756 Llen\u00e7olet (mida petita) per abrigar-se (marcat amb nom i cognoms), si dorm al mat\u00ed.<\/p>\n<p>\u2756 Tovalloles de lavabo (30 cm x 50 cm aproximadament), una amb una veta per poder-la penjar i les dues amb nom i cognoms.<\/p>\n<p>\u2756 Si \u00e9s el seu primer any, una fotografia de carnet (si aneu a la fot\u00f2grafa del carrer Major digueu que \u00e9s per a la llar d\u2019infants).<\/p>\n<p>\u2756 Una bata, amb nom i cognoms i veta per penjar al penjador. La bata nom\u00e9s s\u2019utilitzar\u00e0 per a les activitats i si ho voleu, tamb\u00e9 a l\u2019hora de dinar.<\/p>\n<p>\u2756 Una motxilla per poder portar les coses de l\u2019infant al dia a dia.<\/p>\n<p>\u2756 Les jaquetes o jerseis que els nens deixin al penjador marcat nom i cognoms i amb veta.<\/p>\n<p>\u2756 Durant l\u2019hivern tamb\u00e9 se surt al pati, sempre que les condicions meteorol\u00f2giques no ho impedeixin. Aix\u00ed que informem que les fam\u00edlies porteu roba d\u2019abric i de recanvi per si \u00e9s necessari. Igual que botes d\u2019aigua i impermeable pels dies de pluja i poder anar a xafar tolles o jugar amb la neu si neva.<\/p>\n<p><strong><u>Qu\u00e8 cal portar si es queden a dinar i dormir?<\/u><\/strong><\/p>\n<p>\u2756 Una bossa de roba amb el nom per portar el menjar<\/p>\n<p>\u2756 El dinar amb carmanyoles de vidre o pl\u00e0stic o en un termo.<\/p>\n<p>\u2756 Un pitet per a cada dia, marcats amb el nom i cognoms.<\/p>\n<p>\u2756 Un llen\u00e7olet petit per abrigar-se (es donar\u00e0 cada 15 dies per poder-lo rentar). Marcat amb nom i cognoms.<\/p>\n<p>\u2756 El xumet i\/o objecte per dormir, marcats amb nom i cognoms.<\/p>\n<p>\u2756 El llen\u00e7ol de baix us el donarem a la llar i quan marxi de la llar l&#8217;haureu de tornar.<\/p>\n<p>\u2756 \u00c9s important que escolliu roba pr\u00e0ctica i c\u00f2moda per vestir l\u2019infant.\u2756 Eviteu posar-los \u00abpetos\u00bb. Per al dia que es fa psicomotricitat els infants han d\u2019anar amb xandall i cal\u00e7at esportiu per poder-se moure millor.<\/p>\n<p><strong>Reiterem la import\u00e0ncia que tot estigui marcat amb nom i cognoms o nom\u00e9s cognoms per no perdre cap objecte ni pe\u00e7a. Aquest any ja tindrem una bossa per les peces de roba que no estiguin marcades, ja siguin jerseis, jaquetes, mitjons, roba interior, etc. Penseu que els infants es treuen la roba i si est\u00e0 marcat ser\u00e0 f\u00e0cil de trobar el propietari.<\/strong><\/p>\n","protected":false},"excerpt":{"rendered":"<p>\u2756 1 capsa de mocadors de paper.<br \/>\n\u2756 Bolquers d\u2019un sol \u00fas (si n\u2019utilitza).<br \/>\n\u2756 1 crema antiirritant (si n\u2019utilitza).<br \/>\n\u2756 1 paquet de tovalloletes humides.<br \/>\n\u2756 El xumet (marcat) dins d\u2019una bosseta (qui el necessiti) o b\u00e9 l\u2019objecte que faci servir l\u2019infant per dormir.<br \/>\n\u2756 1 biber\u00f3 o got&hellip;  <a href=\"https:\/\/agora.xtec.cat\/llar-malfargats\/pagines-dinici\/lescola\/material-escolar\/\" title=\"Read Material que cal portar\">Llegeix m\u00e9s\u00bb<\/a><\/p>\n","protected":false},"author":1,"featured_media":0,"parent":22,"menu_order":70,"comment_status":"closed","ping_status":"closed","template":"page-templates\/side-menu.php","meta":{"_bbp_topic_count":0,"_bbp_reply_count":0,"_bbp_total_topic_count":0,"_bbp_total_reply_count":0,"_bbp_voice_count":0,"_bbp_anonymous_reply_count":0,"_bbp_topic_count_hidden":0,"_bbp_reply_count_hidden":0,"_bbp_forum_subforum_count":0,"footnotes":""},"class_list":["post-36","page","type-page","status-publish","hentry"],"post_mailing_queue_ids":[],"_links":{"self":[{"href":"https:\/\/agora.xtec.cat\/llar-malfargats\/wp-json\/wp\/v2\/pages\/36","targetHints":{"allow":["GET"]}}],"collection":[{"href":"https:\/\/agora.xtec.cat\/llar-malfargats\/wp-json\/wp\/v2\/pages"}],"about":[{"href":"https:\/\/agora.xtec.cat\/llar-malfargats\/wp-json\/wp\/v2\/types\/page"}],"author":[{"embeddable":true,"href":"https:\/\/agora.xtec.cat\/llar-malfargats\/wp-json\/wp\/v2\/users\/1"}],"replies":[{"embeddable":true,"href":"https:\/\/agora.xtec.cat\/llar-malfargats\/wp-json\/wp\/v2\/comments?post=36"}],"version-history":[{"count":3,"href":"https:\/\/agora.xtec.cat\/llar-malfargats\/wp-json\/wp\/v2\/pages\/36\/revisions"}],"predecessor-version":[{"id":2963,"href":"https:\/\/agora.xtec.cat\/llar-malfargats\/wp-json\/wp\/v2\/pages\/36\/revisions\/2963"}],"up":[{"embeddable":true,"href":"https:\/\/agora.xtec.cat\/llar-malfargats\/wp-json\/wp\/v2\/pages\/22"}],"wp:attachment":[{"href":"https:\/\/agora.xtec.cat\/llar-malfargats\/wp-json\/wp\/v2\/media?parent=36"}],"curies":[{"name":"wp","href":"https:\/\/api.w.org\/{rel}","templated":true}]}}