{"id":32,"date":"2014-09-18T12:31:33","date_gmt":"2014-09-18T11:31:33","guid":{"rendered":"http:\/\/agora.xtec.cat\/llar-malfargats\/?page_id=32"},"modified":"2025-10-22T09:54:26","modified_gmt":"2025-10-22T07:54:26","slug":"calendari-del-curs","status":"publish","type":"page","link":"https:\/\/agora.xtec.cat\/llar-malfargats\/pagines-dinici\/lescola\/calendari-del-curs\/","title":{"rendered":"Calendari del curs"},"content":{"rendered":"<h4><strong><a href=\"https:\/\/drive.google.com\/file\/d\/1w02H_KRXSxd3XAiD7EI3h7gnCI9VwdIU\/view?usp=drive_link\">Calendari curs escolar 2025- 2026<\/a><\/strong><\/h4>\n<h4><strong>Inici de curs:<\/strong><\/h4>\n<p>15 de setembre de 2025.<\/p>\n<h4><strong>Dies que la llar d&#8217;infants est\u00e0 tancada:<\/strong><\/h4>\n<ul>\n<li>Nadal: del 21 de desembre 2024 al 7 de gener 2025 (ambd\u00f3s inclosos).<\/li>\n<li>Carnaval: 4 de mar\u00e7 de 2025. El dilluns 3 de mar\u00e7 es far\u00e0 la rua de carnaval i la llar tancar\u00e0 a les 13.00\u202fh.<\/li>\n<li>Setmana Santa: del 12 al 21 d&#8217;abril de 2025 (ambd\u00f3s inclosos).<\/li>\n<\/ul>\n<h4><strong>Dies de lliure disposici\u00f3:<\/strong><\/h4>\n<ul>\n<li>31 d&#8217;octubre de 2025.<\/li>\n<li>16 de febre de 2026.<\/li>\n<li>30 d&#8217;abril de 2026.<\/li>\n<\/ul>\n<h4><strong>Festes locals:<\/strong><\/h4>\n<ul>\n<li>17 de febrer de 2026<\/li>\n<li>4 de maig de 2026<\/li>\n<\/ul>\n","protected":false},"excerpt":{"rendered":"<p><a href=\"https:\/\/drive.google.com\/file\/d\/1w02H_KRXSxd3XAiD7EI3h7gnCI9VwdIU\/view?usp=drive_link\">Calendari curs escolar 2025- 2026<\/a><br \/>\nInici de curs:<br \/>\n15 de setembre de 2025.<br \/>\nDies que la llar d&#8217;infants est\u00e0 tancada:<\/p>\n<ul>\n<li>Nadal: del 21 de desembre 2024 al 7 de gener 2025 (ambd\u00f3s inclosos).<\/li>\n<li>Carnaval: 4 de mar\u00e7 de 2025. El dilluns 3 de mar\u00e7 es far\u00e0 la rua de&hellip;  <a href=\"https:\/\/agora.xtec.cat\/llar-malfargats\/pagines-dinici\/lescola\/calendari-del-curs\/\" title=\"Read Calendari del curs\">Llegeix m\u00e9s\u00bb<\/a><br \/>\n","protected":false},"author":1,"featured_media":0,"parent":22,"menu_order":50,"comment_status":"closed","ping_status":"closed","template":"page-templates\/side-menu.php","meta":{"_bbp_topic_count":0,"_bbp_reply_count":0,"_bbp_total_topic_count":0,"_bbp_total_reply_count":0,"_bbp_voice_count":0,"_bbp_anonymous_reply_count":0,"_bbp_topic_count_hidden":0,"_bbp_reply_count_hidden":0,"_bbp_forum_subforum_count":0,"footnotes":""},"class_list":["post-32","page","type-page","status-publish","hentry"],"post_mailing_queue_ids":[],"_links":{"self":[{"href":"https:\/\/agora.xtec.cat\/llar-malfargats\/wp-json\/wp\/v2\/pages\/32","targetHints":{"allow":["GET"]}}],"collection":[{"href":"https:\/\/agora.xtec.cat\/llar-malfargats\/wp-json\/wp\/v2\/pages"}],"about":[{"href":"https:\/\/agora.xtec.cat\/llar-malfargats\/wp-json\/wp\/v2\/types\/page"}],"author":[{"embeddable":true,"href":"https:\/\/agora.xtec.cat\/llar-malfargats\/wp-json\/wp\/v2\/users\/1"}],"replies":[{"embeddable":true,"href":"https:\/\/agora.xtec.cat\/llar-malfargats\/wp-json\/wp\/v2\/comments?post=32"}],"version-history":[{"count":6,"href":"https:\/\/agora.xtec.cat\/llar-malfargats\/wp-json\/wp\/v2\/pages\/32\/revisions"}],"predecessor-version":[{"id":3320,"href":"https:\/\/agora.xtec.cat\/llar-malfargats\/wp-json\/wp\/v2\/pages\/32\/revisions\/3320"}],"up":[{"embeddable":true,"href":"https:\/\/agora.xtec.cat\/llar-malfargats\/wp-json\/wp\/v2\/pages\/22"}],"wp:attachment":[{"href":"https:\/\/agora.xtec.cat\/llar-malfargats\/wp-json\/wp\/v2\/media?parent=32"}],"curies":[{"name":"wp","href":"https:\/\/api.w.org\/{rel}","templated":true}]}}