{"id":26,"date":"2014-09-18T12:24:32","date_gmt":"2014-09-18T11:24:32","guid":{"rendered":"http:\/\/agora.xtec.cat\/llar-malfargats\/?page_id=26"},"modified":"2020-06-17T18:12:36","modified_gmt":"2020-06-17T16:12:36","slug":"historia","status":"publish","type":"page","link":"https:\/\/agora.xtec.cat\/llar-malfargats\/pagines-dinici\/lescola\/historia\/","title":{"rendered":"Hist\u00f2ria"},"content":{"rendered":"<p style=\"text-align: justify;\">La Llar d\u2019Infants els Malfargats de sort \u00e9s un equipament de l\u2019Ajuntament de Sort, capital de comarca del Pallars Sobir\u00e0. La Llar d\u2019Infants municipal de Sort, \u201cEls Malfargats\u201d, es crea el curs 1997\/1998 a recer d\u2019un col\u00b7lectiu de pares que, juntament amb l\u2019Ajuntament de Sort, van endegar el projecte de la seva creaci\u00f3. Al curs 2003\/04 es va fer una ampliaci\u00f3 que va implicar el canvi d\u2019ubicaci\u00f3 del centre i passar del n\u00fam. 20 al 24 de l\u2019av. Diputaci\u00f3, amb una millora considerable de les instal\u00b7lacions. Al curs 2004\/05 es va tornar ha fer una ampliaci\u00f3, i es van crear dos noves aules a l\u2019antic edifici, el n\u00fam. 20, amb una reforma de les instal\u00b7lacions. Al curs 2013\/2014 es van tancar les aules del n\u00fam. 20 i la llar d\u2019infants est\u00e0 ubicada nom\u00e9s al n\u00fam.24 Amb l\u2019esfor\u00e7 de tots s\u2019ha aconseguit una llar d\u2019infants que cobreix les necessitats de la zona. Sovint es creu que una llar d\u2019infants \u00e9s aquell centre on es poden deixar els nens ben atesos mentre els membres de la fam\u00edlia treballen, per\u00f2 \u00e9s m\u00e9s que tot aix\u00f2. El seu objectiu principal \u00e9s educar els nens i nenes i que ells, alhora, aprenguin h\u00e0bits de comportament, d\u2019higiene, alimentaris, etc. La Llar d\u2019Infants de Sort compta amb 3 aules. Cada aula tindr\u00e0 una persona a c\u00e0rrec del grup-classe, la responsable de cada aula ser\u00e0 com a m\u00ednim una t\u00e8cnica de Grau Superior d\u2019Educaci\u00f3 Infantil i la directora, una mestra d\u2019Educaci\u00f3 Infantil. L\u2019objectiu de la Llar d\u2019Infants \u00e9s compartir amb les fam\u00edlies l\u2019educaci\u00f3 dels infants de 4 mesos a 3 anys, satisfent les seves necessitats.<\/p>\n<p style=\"text-align: justify;\">Tot infant t\u00e9 uns drets que s\u00f3n els seg\u00fcents:<br \/>\n\u2022 Rebre una educaci\u00f3 que els permeti cr\u00e9ixer com a infants feli\u00e7os, responsables i aut\u00f2noms, cosa que els ajudar\u00e0 a poder conviure, participar i realitzar-se plenament com a persones en la societat i en el seu entorn.<br \/>\n\u2022 Poder disposar del material i espais adequats als seus interessos i necessitats, per tal de poder desenvolupar adequadament les activitats pr\u00f2pies a la seva edat, tant d\u2019ordre psicol\u00f2gic com biol\u00f2gic.<br \/>\n\u2022 Ser respectat tant per les seves caracter\u00edstiques personals com pel seu ritme evolutiu.<br \/>\n\u2022 Poder gaudir de les activitats programades per l\u2019escola, d\u2019un clima alegre, motivador, relaxat,&#8230; per estimular b\u00e9 el<br \/>\ndesenvolupament.<br \/>\n\u2022 No ser discriminat per cap motiu.<\/p>\n","protected":false},"excerpt":{"rendered":"<p>La Llar d\u2019Infants els Malfargats de sort \u00e9s un equipament de l\u2019Ajuntament de Sort, capital de comarca del Pallars Sobir\u00e0. La Llar d\u2019Infants municipal de Sort, \u201cEls Malfargats\u201d, es crea el curs 1997\/1998 a recer d\u2019un col\u00b7lectiu de pares que, juntament amb l\u2019Ajuntament de Sort,&hellip;  <a href=\"https:\/\/agora.xtec.cat\/llar-malfargats\/pagines-dinici\/lescola\/historia\/\" title=\"Read Hist\u00f2ria\">Llegeix m\u00e9s\u00bb<\/a><\/p>\n","protected":false},"author":1,"featured_media":0,"parent":22,"menu_order":20,"comment_status":"closed","ping_status":"closed","template":"page-templates\/side-menu.php","meta":{"_bbp_topic_count":0,"_bbp_reply_count":0,"_bbp_total_topic_count":0,"_bbp_total_reply_count":0,"_bbp_voice_count":0,"_bbp_anonymous_reply_count":0,"_bbp_topic_count_hidden":0,"_bbp_reply_count_hidden":0,"_bbp_forum_subforum_count":0,"footnotes":""},"class_list":["post-26","page","type-page","status-publish","hentry"],"post_mailing_queue_ids":[],"_links":{"self":[{"href":"https:\/\/agora.xtec.cat\/llar-malfargats\/wp-json\/wp\/v2\/pages\/26","targetHints":{"allow":["GET"]}}],"collection":[{"href":"https:\/\/agora.xtec.cat\/llar-malfargats\/wp-json\/wp\/v2\/pages"}],"about":[{"href":"https:\/\/agora.xtec.cat\/llar-malfargats\/wp-json\/wp\/v2\/types\/page"}],"author":[{"embeddable":true,"href":"https:\/\/agora.xtec.cat\/llar-malfargats\/wp-json\/wp\/v2\/users\/1"}],"replies":[{"embeddable":true,"href":"https:\/\/agora.xtec.cat\/llar-malfargats\/wp-json\/wp\/v2\/comments?post=26"}],"version-history":[{"count":2,"href":"https:\/\/agora.xtec.cat\/llar-malfargats\/wp-json\/wp\/v2\/pages\/26\/revisions"}],"predecessor-version":[{"id":791,"href":"https:\/\/agora.xtec.cat\/llar-malfargats\/wp-json\/wp\/v2\/pages\/26\/revisions\/791"}],"up":[{"embeddable":true,"href":"https:\/\/agora.xtec.cat\/llar-malfargats\/wp-json\/wp\/v2\/pages\/22"}],"wp:attachment":[{"href":"https:\/\/agora.xtec.cat\/llar-malfargats\/wp-json\/wp\/v2\/media?parent=26"}],"curies":[{"name":"wp","href":"https:\/\/api.w.org\/{rel}","templated":true}]}}