{"id":563,"date":"2018-05-03T10:42:58","date_gmt":"2018-05-03T08:42:58","guid":{"rendered":"http:\/\/agora.xtec.cat\/llar-ginesta\/?page_id=563"},"modified":"2021-07-09T09:11:46","modified_gmt":"2021-07-09T07:11:46","slug":"lactants-0-1-anys-p0","status":"publish","type":"page","link":"https:\/\/agora.xtec.cat\/llar-ginesta\/nivells\/lactants-0-1-anys-p0\/","title":{"rendered":"Lactants 0-1 anys (P0)"},"content":{"rendered":"<p>Les aules de lactants poden acollir fins a 7 infants a partir de 4 mesos.<\/p>\n<p>Aquestes aules consten: d&#8217;espai de joc, de dormitori i canviador. Des d&#8217;elles es pot accedir directament al pat\u00ed, fent-lo aix\u00ed un espai tranquil i enriquidor on poder desenvolupar-se i cr\u00e9ixer.<\/p>\n<p>&nbsp;<\/p>\n<figure class=\"figure wp-caption alignleft\"><a href=\"https:\/\/agora.xtec.cat\/llar-ginesta\/wp-content\/uploads\/usu1092\/2019\/04\/IMG_2751.jpg\"><img loading=\"lazy\" decoding=\"async\" class=\"wp-image-866 size-large\" src=\"https:\/\/agora.xtec.cat\/llar-ginesta\/wp-content\/uploads\/usu1092\/2019\/04\/IMG_2751-1024x563.jpg\" alt=\"\" width=\"1024\" height=\"563\" srcset=\"https:\/\/agora.xtec.cat\/llar-ginesta\/wp-content\/uploads\/usu1092\/2019\/04\/IMG_2751-1024x563.jpg 1024w, https:\/\/agora.xtec.cat\/llar-ginesta\/wp-content\/uploads\/usu1092\/2019\/04\/IMG_2751-300x165.jpg 300w, https:\/\/agora.xtec.cat\/llar-ginesta\/wp-content\/uploads\/usu1092\/2019\/04\/IMG_2751-768x422.jpg 768w\" sizes=\"auto, (max-width: 1024px) 100vw, 1024px\" \/><\/a><figcaption class=\"wp-caption-text\">Classe lactants<\/figcaption><\/figure>\n<p><a href=\"https:\/\/agora.xtec.cat\/llar-ginesta\/wp-content\/uploads\/usu1092\/2019\/04\/IMG_2749.jpg\"><img loading=\"lazy\" decoding=\"async\" class=\"alignnone wp-image-865 size-large\" src=\"https:\/\/agora.xtec.cat\/llar-ginesta\/wp-content\/uploads\/usu1092\/2019\/04\/IMG_2749-1024x595.jpg\" alt=\"\" width=\"1024\" height=\"595\" srcset=\"https:\/\/agora.xtec.cat\/llar-ginesta\/wp-content\/uploads\/usu1092\/2019\/04\/IMG_2749-1024x595.jpg 1024w, https:\/\/agora.xtec.cat\/llar-ginesta\/wp-content\/uploads\/usu1092\/2019\/04\/IMG_2749-300x174.jpg 300w, https:\/\/agora.xtec.cat\/llar-ginesta\/wp-content\/uploads\/usu1092\/2019\/04\/IMG_2749-768x446.jpg 768w\" sizes=\"auto, (max-width: 1024px) 100vw, 1024px\" \/><\/a><\/p>\n","protected":false},"excerpt":{"rendered":"<p>Les aules de lactants poden acollir fins a 7 infants a partir de 4 mesos.<br \/>\nAquestes aules consten: d&#8217;espai de joc, de dormitori i canviador. Des d&#8217;elles es pot accedir directament al pat\u00ed, fent-lo aix\u00ed un espai tranquil i enriquidor on poder desenvolupar-se i cr\u00e9ixer.<br \/>\n&nbsp;<br \/>\n<a href=\"https:\/\/agora.xtec.cat\/llar-ginesta\/wp-content\/uploads\/usu1092\/2019\/04\/IMG_2751.jpg\"><\/a>Classe&hellip;  <a href=\"https:\/\/agora.xtec.cat\/llar-ginesta\/nivells\/lactants-0-1-anys-p0\/\" title=\"Read Lactants 0-1 anys (P0)\">Llegeix m\u00e9s\u00bb<\/a><\/p>\n","protected":false},"author":1,"featured_media":0,"parent":87,"menu_order":1,"comment_status":"closed","ping_status":"closed","template":"","meta":{"_bbp_topic_count":0,"_bbp_reply_count":0,"_bbp_total_topic_count":0,"_bbp_total_reply_count":0,"_bbp_voice_count":0,"_bbp_anonymous_reply_count":0,"_bbp_topic_count_hidden":0,"_bbp_reply_count_hidden":0,"_bbp_forum_subforum_count":0,"footnotes":""},"class_list":["post-563","page","type-page","status-publish","hentry"],"post_mailing_queue_ids":[],"_links":{"self":[{"href":"https:\/\/agora.xtec.cat\/llar-ginesta\/wp-json\/wp\/v2\/pages\/563","targetHints":{"allow":["GET"]}}],"collection":[{"href":"https:\/\/agora.xtec.cat\/llar-ginesta\/wp-json\/wp\/v2\/pages"}],"about":[{"href":"https:\/\/agora.xtec.cat\/llar-ginesta\/wp-json\/wp\/v2\/types\/page"}],"author":[{"embeddable":true,"href":"https:\/\/agora.xtec.cat\/llar-ginesta\/wp-json\/wp\/v2\/users\/1"}],"replies":[{"embeddable":true,"href":"https:\/\/agora.xtec.cat\/llar-ginesta\/wp-json\/wp\/v2\/comments?post=563"}],"version-history":[{"count":3,"href":"https:\/\/agora.xtec.cat\/llar-ginesta\/wp-json\/wp\/v2\/pages\/563\/revisions"}],"predecessor-version":[{"id":1453,"href":"https:\/\/agora.xtec.cat\/llar-ginesta\/wp-json\/wp\/v2\/pages\/563\/revisions\/1453"}],"up":[{"embeddable":true,"href":"https:\/\/agora.xtec.cat\/llar-ginesta\/wp-json\/wp\/v2\/pages\/87"}],"wp:attachment":[{"href":"https:\/\/agora.xtec.cat\/llar-ginesta\/wp-json\/wp\/v2\/media?parent=563"}],"curies":[{"name":"wp","href":"https:\/\/api.w.org\/{rel}","templated":true}]}}