{"id":26,"date":"2014-09-18T12:24:32","date_gmt":"2014-09-18T11:24:32","guid":{"rendered":"http:\/\/agora.xtec.cat\/llar-ginesta\/?page_id=26"},"modified":"2021-04-06T12:39:10","modified_gmt":"2021-04-06T10:39:10","slug":"historia","status":"publish","type":"page","link":"https:\/\/agora.xtec.cat\/llar-ginesta\/lescola\/historia\/","title":{"rendered":"Qui som ?"},"content":{"rendered":"<p style=\"text-align: justify;\">La llar d&#8217;infants La Ginesta \u00e9s un centre educatiu p\u00fablic creat l&#8217;any 1987 que dep\u00e8n del Departament d&#8217;Educaci\u00f3 i que acull infants de 4 mesos a 3 anys.<\/p>\n<p style=\"text-align: justify;\">Acompanyem a l&#8217;infant en el seu descobriment del m\u00f3n des del respecte i la calma, afavorint la seva curiositat, valorant les seves iniciatives, les seves sensibilitats i les seves emocions.<\/p>\n<p style=\"text-align: justify;\">Creiem en el seu dret a tenir temps per jugar, observar, per descobrir, per imaginar, per emocionar-se, sorprendre&#8217;s i relacionar-se&#8230;<\/p>\n<h4><span style=\"color: #ff9900;\">Objectius de l\u2019Escola<img loading=\"lazy\" decoding=\"async\" class=\"alignright size-full wp-image-520\" src=\"http:\/\/agora.xtec.cat\/llar-ginesta\/wp-content\/uploads\/usu1092\/2014\/09\/ginesta.jpg\" alt=\"\" width=\"192\" height=\"253\" \/><\/span><\/h4>\n<ol>\n<li>Oferir als nens\/es afecte, estimaci\u00f3, confian\u00e7a, recolzament i un entorn adequat perqu\u00e8 siguin feli\u00e7os i assoleixin la seguretat afectiva i emocional necess\u00e0ria per al seu desenvolupament.<\/li>\n<li>Fomentar l\u2019autonomia personal mitjan\u00e7ant l\u2019adquisici\u00f3 d\u2019h\u00e0bits i el respecte de les normes de conviv\u00e8ncia. Adonar-se que creix prenent consci\u00e8ncia i descobrint el seu propi cos i les habilitats que va adquirint.<\/li>\n<li>Ajudar als nens\/es a comprendre, a comunicar-se i a expres\u00adsar-se a trav\u00e9s de diferents llenguatges: verbal, musical, pl\u00e0stic, corpo\u00adral\u2026<\/li>\n<li>Que l\u2019escola sigui un lloc per a buscar respostes a la seva curiositat. Un espai per descobrir, explorar, experimentar i observar, tot potenciant l\u2019inter\u00e8s per l\u2019entorn.<\/li>\n<li>Promoure la comunicaci\u00f3 entre la fam\u00edlia i l\u2019escola per tal d\u2019afavorir la participaci\u00f3 conjunta en l\u2019educaci\u00f3 dels infants.<\/li>\n<\/ol>\n<h4><\/h4>\n<h4><span style=\"color: #ff9900;\">El personal de l\u2019escola<\/span><\/h4>\n<p>Per tal d\u2019atendre el desenvolupament dels infants, a la Llar d\u2019Infants La Ginesta hi ha un equip format per :<\/p>\n<ul>\n<li>1 directora<\/li>\n<li>10 mestres (dues s\u00f3n de suport)<\/li>\n<li>4 netejadora<\/li>\n<li>1 cuinera<\/li>\n<li>1 ajudant de cuina<\/li>\n<li>1 oficial manteniment<\/li>\n<li>3 monitores de migdia i 1 monitora d\u2019 acollida matinal<\/li>\n<\/ul>\n","protected":false},"excerpt":{"rendered":"<p>La llar d&#8217;infants La Ginesta \u00e9s un centre educatiu p\u00fablic creat l&#8217;any 1987 que dep\u00e8n del Departament d&#8217;Educaci\u00f3 i que acull infants de 4 mesos a 3 anys.<br \/>\nAcompanyem a l&#8217;infant en el seu descobriment del m\u00f3n des del respecte i la calma, afavorint la seva&hellip;  <a href=\"https:\/\/agora.xtec.cat\/llar-ginesta\/lescola\/historia\/\" title=\"Read Qui som ?\">Llegeix m\u00e9s\u00bb<\/a><\/p>\n","protected":false},"author":1,"featured_media":0,"parent":22,"menu_order":20,"comment_status":"closed","ping_status":"closed","template":"page-templates\/side-menu.php","meta":{"_bbp_topic_count":0,"_bbp_reply_count":0,"_bbp_total_topic_count":0,"_bbp_total_reply_count":0,"_bbp_voice_count":0,"_bbp_anonymous_reply_count":0,"_bbp_topic_count_hidden":0,"_bbp_reply_count_hidden":0,"_bbp_forum_subforum_count":0,"footnotes":""},"class_list":["post-26","page","type-page","status-publish","hentry"],"post_mailing_queue_ids":[],"_links":{"self":[{"href":"https:\/\/agora.xtec.cat\/llar-ginesta\/wp-json\/wp\/v2\/pages\/26","targetHints":{"allow":["GET"]}}],"collection":[{"href":"https:\/\/agora.xtec.cat\/llar-ginesta\/wp-json\/wp\/v2\/pages"}],"about":[{"href":"https:\/\/agora.xtec.cat\/llar-ginesta\/wp-json\/wp\/v2\/types\/page"}],"author":[{"embeddable":true,"href":"https:\/\/agora.xtec.cat\/llar-ginesta\/wp-json\/wp\/v2\/users\/1"}],"replies":[{"embeddable":true,"href":"https:\/\/agora.xtec.cat\/llar-ginesta\/wp-json\/wp\/v2\/comments?post=26"}],"version-history":[{"count":4,"href":"https:\/\/agora.xtec.cat\/llar-ginesta\/wp-json\/wp\/v2\/pages\/26\/revisions"}],"predecessor-version":[{"id":1386,"href":"https:\/\/agora.xtec.cat\/llar-ginesta\/wp-json\/wp\/v2\/pages\/26\/revisions\/1386"}],"up":[{"embeddable":true,"href":"https:\/\/agora.xtec.cat\/llar-ginesta\/wp-json\/wp\/v2\/pages\/22"}],"wp:attachment":[{"href":"https:\/\/agora.xtec.cat\/llar-ginesta\/wp-json\/wp\/v2\/media?parent=26"}],"curies":[{"name":"wp","href":"https:\/\/api.w.org\/{rel}","templated":true}]}}