{"id":1459,"date":"2021-07-09T09:29:08","date_gmt":"2021-07-09T07:29:08","guid":{"rendered":"http:\/\/agora.xtec.cat\/llar-ginesta\/?page_id=1459"},"modified":"2021-07-09T09:49:49","modified_gmt":"2021-07-09T07:49:49","slug":"menjador","status":"publish","type":"page","link":"https:\/\/agora.xtec.cat\/llar-ginesta\/menjador\/","title":{"rendered":"Menjador"},"content":{"rendered":"<p>&nbsp;<\/p>\n<p>El dinar i el dormir ha de ser un moment tranquil i relaxant pels infants. \u00c9s per aix\u00f2 que a la Ginesta cada grup dina i dorm a la seva classe acompanyats per la seva mestra i amb el refor\u00e7 d&#8217;un altre adult, en cas que sigui necessari.<\/p>\n<p>&nbsp;<\/p>\n<p>&nbsp;<\/p>\n<p>&nbsp;<\/p>\n<p>&nbsp;<\/p>\n<p>&nbsp;<\/p>\n","protected":false},"excerpt":{"rendered":"<p>&nbsp;<br \/>\nEl dinar i el dormir ha de ser un moment tranquil i relaxant pels infants. \u00c9s per aix\u00f2 que a la Ginesta cada grup dina i dorm a la seva classe acompanyats per la seva mestra i amb el refor\u00e7 d&#8217;un altre adult, en cas&hellip;  <a href=\"https:\/\/agora.xtec.cat\/llar-ginesta\/menjador\/\" title=\"Read Menjador\">Llegeix m\u00e9s\u00bb<\/a><\/p>\n","protected":false},"author":1,"featured_media":0,"parent":0,"menu_order":0,"comment_status":"closed","ping_status":"closed","template":"","meta":{"_bbp_topic_count":0,"_bbp_reply_count":0,"_bbp_total_topic_count":0,"_bbp_total_reply_count":0,"_bbp_voice_count":0,"_bbp_anonymous_reply_count":0,"_bbp_topic_count_hidden":0,"_bbp_reply_count_hidden":0,"_bbp_forum_subforum_count":0,"footnotes":""},"class_list":["post-1459","page","type-page","status-publish","hentry"],"post_mailing_queue_ids":[],"_links":{"self":[{"href":"https:\/\/agora.xtec.cat\/llar-ginesta\/wp-json\/wp\/v2\/pages\/1459","targetHints":{"allow":["GET"]}}],"collection":[{"href":"https:\/\/agora.xtec.cat\/llar-ginesta\/wp-json\/wp\/v2\/pages"}],"about":[{"href":"https:\/\/agora.xtec.cat\/llar-ginesta\/wp-json\/wp\/v2\/types\/page"}],"author":[{"embeddable":true,"href":"https:\/\/agora.xtec.cat\/llar-ginesta\/wp-json\/wp\/v2\/users\/1"}],"replies":[{"embeddable":true,"href":"https:\/\/agora.xtec.cat\/llar-ginesta\/wp-json\/wp\/v2\/comments?post=1459"}],"version-history":[{"count":3,"href":"https:\/\/agora.xtec.cat\/llar-ginesta\/wp-json\/wp\/v2\/pages\/1459\/revisions"}],"predecessor-version":[{"id":1467,"href":"https:\/\/agora.xtec.cat\/llar-ginesta\/wp-json\/wp\/v2\/pages\/1459\/revisions\/1467"}],"wp:attachment":[{"href":"https:\/\/agora.xtec.cat\/llar-ginesta\/wp-json\/wp\/v2\/media?parent=1459"}],"curies":[{"name":"wp","href":"https:\/\/api.w.org\/{rel}","templated":true}]}}