{"id":87,"date":"2014-09-18T14:28:12","date_gmt":"2014-09-18T13:28:12","guid":{"rendered":"http:\/\/agora.xtec.cat\/llar-fartets\/?page_id=87"},"modified":"2018-03-28T17:59:34","modified_gmt":"2018-03-28T15:59:34","slug":"nivells","status":"publish","type":"page","link":"https:\/\/agora.xtec.cat\/llar-fartets\/salut\/nivells\/","title":{"rendered":"I si estem malalts?"},"content":{"rendered":"<p>Per tal de salvaguardar la salut de tots els infants \u00e9s important que les fam\u00edlies feu cas de les indicacions seg\u00fcents quan els vostres infants estiguin malalts.<br \/>\n\u00c9s important que tingueu prevista des del primer moment una alternativa per quan el vostre nen o nena es posi malalt i no pugui assistir a la llar.<\/p>\n<ul>\n<li>Quan un infant presenti s\u00edmptomes de malaltia, s\u2019avisar\u00e0 a la fam\u00edlia perqu\u00e8 el vinguin a buscar i ser\u00e0 adm\u00e8s al centre passat un temps prudencial de recuperaci\u00f3 o en el cas que porti un informe del pediatre indicant que es pot reincorporar a la llar (obligatori).<\/li>\n<li>En el cas que s\u2019hagi d\u2019administrar algun medicament al vostre fill o filla \u00e9s obligatori portar la recepta del pediatre i signar l\u2019autoritzaci\u00f3 per escrit on constar\u00e0 el nom del medicament, la dosi, l\u2019horari i els dies que durar\u00e0 el tractament.<\/li>\n<li>Si heu donat algun tipus de medicament al vostre fill o filla abans de venir a la llar es demana que aviseu a l\u2019educadora, ja que hi ha medicaments que afecten a l\u2019estat d\u2019\u00e0nim dels infants.<\/li>\n<\/ul>\n<p><strong>No porteu els vostres fill o filles al centre si pateixen algun del s\u00edmptomes:<\/strong><\/p>\n<ul>\n<li>Febre 38\u00baC<\/li>\n<li>Diarrea l\u00edquida (en cas que se inici\u00ed a la llar us trucarem per a que recolliu el vostre nen o nena a partir de la tercera deposici\u00f3).<\/li>\n<li>V\u00f2mits.<\/li>\n<li>Estomatitis (infeccions i llegues a la boca).<\/li>\n<li>Erupcions i altres alteracions de la pell (llevat que es dugui l\u2019informe del pediatre amb el diagn\u00f2stic i indicant que no son contagioses).<\/li>\n<li>Conjuntivitis purulenta (ull vermell, enganxat i amb exsudat blanc)<\/li>\n<li>Muguet (mal blanc) sense tractament.<\/li>\n<li>Parasitisme intestinal sense tractament.<\/li>\n<li>Pediculosi (polls i\/o ll\u00e9menes) fins que s\u2019hagin eliminat.<\/li>\n<li>Qualsevol altre malaltia que comporti malestar general i l\u2019impedeixi la participaci\u00f3 en les activitats habituals.<\/li>\n<\/ul>\n","protected":false},"excerpt":{"rendered":"<p>Per tal de salvaguardar la salut de tots els infants \u00e9s important que les fam\u00edlies feu cas de les indicacions seg\u00fcents quan els vostres infants estiguin malalts.<br \/>\n\u00c9s important que tingueu prevista des del primer moment una alternativa per quan el vostre nen o nena es&hellip;  <a href=\"https:\/\/agora.xtec.cat\/llar-fartets\/salut\/nivells\/\" title=\"Read I si estem malalts?\">Llegeix m\u00e9s\u00bb<\/a><\/p>\n","protected":false},"author":1,"featured_media":0,"parent":537,"menu_order":0,"comment_status":"closed","ping_status":"closed","template":"page-templates\/side-menu.php","meta":{"_bbp_topic_count":0,"_bbp_reply_count":0,"_bbp_total_topic_count":0,"_bbp_total_reply_count":0,"_bbp_voice_count":0,"_bbp_anonymous_reply_count":0,"_bbp_topic_count_hidden":0,"_bbp_reply_count_hidden":0,"_bbp_forum_subforum_count":0,"footnotes":""},"class_list":["post-87","page","type-page","status-publish","hentry"],"post_mailing_queue_ids":[],"_links":{"self":[{"href":"https:\/\/agora.xtec.cat\/llar-fartets\/wp-json\/wp\/v2\/pages\/87","targetHints":{"allow":["GET"]}}],"collection":[{"href":"https:\/\/agora.xtec.cat\/llar-fartets\/wp-json\/wp\/v2\/pages"}],"about":[{"href":"https:\/\/agora.xtec.cat\/llar-fartets\/wp-json\/wp\/v2\/types\/page"}],"author":[{"embeddable":true,"href":"https:\/\/agora.xtec.cat\/llar-fartets\/wp-json\/wp\/v2\/users\/1"}],"replies":[{"embeddable":true,"href":"https:\/\/agora.xtec.cat\/llar-fartets\/wp-json\/wp\/v2\/comments?post=87"}],"version-history":[{"count":3,"href":"https:\/\/agora.xtec.cat\/llar-fartets\/wp-json\/wp\/v2\/pages\/87\/revisions"}],"predecessor-version":[{"id":536,"href":"https:\/\/agora.xtec.cat\/llar-fartets\/wp-json\/wp\/v2\/pages\/87\/revisions\/536"}],"up":[{"embeddable":true,"href":"https:\/\/agora.xtec.cat\/llar-fartets\/wp-json\/wp\/v2\/pages\/537"}],"wp:attachment":[{"href":"https:\/\/agora.xtec.cat\/llar-fartets\/wp-json\/wp\/v2\/media?parent=87"}],"curies":[{"name":"wp","href":"https:\/\/api.w.org\/{rel}","templated":true}]}}