{"id":783,"date":"2024-09-15T19:07:11","date_gmt":"2024-09-15T17:07:11","guid":{"rendered":"https:\/\/agora.xtec.cat\/llar-elsginjols\/?page_id=783"},"modified":"2026-03-07T11:12:42","modified_gmt":"2026-03-07T10:12:42","slug":"grans","status":"publish","type":"page","link":"https:\/\/agora.xtec.cat\/llar-elsginjols\/nivells\/grans\/","title":{"rendered":"Estan\u00e7a verda"},"content":{"rendered":"\n<p>L&#8217;<strong>estan\u00e7a verda <\/strong>hi ha infants dels <strong>dos anys als tres anys<\/strong>. <\/p>\n\n\n\n<p>T\u00e9 diferents racons de joc adequats a les seves necessitats de descoberta. Tamb\u00e9 t\u00e9 una zona pel canvi de bolquer, v\u00e0ters per l&#8217;inici del control d&#8217;esf\u00ednters, una pica per l&#8217;higiene de mans i cara i un espai pels \u00e0pats. <\/p>\n\n\n\n<figure class=\"wp-block-gallery has-nested-images columns-default is-cropped wp-block-gallery-1 is-layout-flex wp-block-gallery-is-layout-flex\">\n<figure class=\"wp-block-image size-large\"><a href=\"https:\/\/agora.xtec.cat\/llar-elsginjols\/wp-content\/uploads\/usu3056\/2025\/10\/WhatsApp-Image-2025-09-04-at-16.23.02-6.jpeg\"><img loading=\"lazy\" decoding=\"async\" width=\"768\" height=\"1024\" data-id=\"1148\" src=\"https:\/\/agora.xtec.cat\/llar-elsginjols\/wp-content\/uploads\/usu3056\/2025\/10\/WhatsApp-Image-2025-09-04-at-16.23.02-6-768x1024.jpeg\" alt=\"\" class=\"wp-image-1148\" srcset=\"https:\/\/agora.xtec.cat\/llar-elsginjols\/wp-content\/uploads\/usu3056\/2025\/10\/WhatsApp-Image-2025-09-04-at-16.23.02-6-768x1024.jpeg 768w, https:\/\/agora.xtec.cat\/llar-elsginjols\/wp-content\/uploads\/usu3056\/2025\/10\/WhatsApp-Image-2025-09-04-at-16.23.02-6-225x300.jpeg 225w, https:\/\/agora.xtec.cat\/llar-elsginjols\/wp-content\/uploads\/usu3056\/2025\/10\/WhatsApp-Image-2025-09-04-at-16.23.02-6-1152x1536.jpeg 1152w, https:\/\/agora.xtec.cat\/llar-elsginjols\/wp-content\/uploads\/usu3056\/2025\/10\/WhatsApp-Image-2025-09-04-at-16.23.02-6.jpeg 1200w\" sizes=\"auto, (max-width: 768px) 100vw, 768px\" \/><\/a><\/figure>\n\n\n\n<figure class=\"wp-block-image size-large\"><a href=\"https:\/\/agora.xtec.cat\/llar-elsginjols\/wp-content\/uploads\/usu3056\/2025\/10\/WhatsApp-Image-2025-09-04-at-16.23.03-1.jpeg\"><img loading=\"lazy\" decoding=\"async\" width=\"768\" height=\"1024\" data-id=\"1150\" src=\"https:\/\/agora.xtec.cat\/llar-elsginjols\/wp-content\/uploads\/usu3056\/2025\/10\/WhatsApp-Image-2025-09-04-at-16.23.03-1-768x1024.jpeg\" alt=\"\" class=\"wp-image-1150\" srcset=\"https:\/\/agora.xtec.cat\/llar-elsginjols\/wp-content\/uploads\/usu3056\/2025\/10\/WhatsApp-Image-2025-09-04-at-16.23.03-1-768x1024.jpeg 768w, https:\/\/agora.xtec.cat\/llar-elsginjols\/wp-content\/uploads\/usu3056\/2025\/10\/WhatsApp-Image-2025-09-04-at-16.23.03-1-225x300.jpeg 225w, https:\/\/agora.xtec.cat\/llar-elsginjols\/wp-content\/uploads\/usu3056\/2025\/10\/WhatsApp-Image-2025-09-04-at-16.23.03-1-1152x1536.jpeg 1152w, https:\/\/agora.xtec.cat\/llar-elsginjols\/wp-content\/uploads\/usu3056\/2025\/10\/WhatsApp-Image-2025-09-04-at-16.23.03-1.jpeg 1200w\" sizes=\"auto, (max-width: 768px) 100vw, 768px\" \/><\/a><\/figure>\n\n\n\n<figure class=\"wp-block-image size-large\"><a href=\"https:\/\/agora.xtec.cat\/llar-elsginjols\/wp-content\/uploads\/usu3056\/2025\/10\/WhatsApp-Image-2025-09-04-at-16.23.03-2.jpeg\"><img loading=\"lazy\" decoding=\"async\" width=\"768\" height=\"1024\" data-id=\"1151\" src=\"https:\/\/agora.xtec.cat\/llar-elsginjols\/wp-content\/uploads\/usu3056\/2025\/10\/WhatsApp-Image-2025-09-04-at-16.23.03-2-768x1024.jpeg\" alt=\"\" class=\"wp-image-1151\" srcset=\"https:\/\/agora.xtec.cat\/llar-elsginjols\/wp-content\/uploads\/usu3056\/2025\/10\/WhatsApp-Image-2025-09-04-at-16.23.03-2-768x1024.jpeg 768w, https:\/\/agora.xtec.cat\/llar-elsginjols\/wp-content\/uploads\/usu3056\/2025\/10\/WhatsApp-Image-2025-09-04-at-16.23.03-2-225x300.jpeg 225w, https:\/\/agora.xtec.cat\/llar-elsginjols\/wp-content\/uploads\/usu3056\/2025\/10\/WhatsApp-Image-2025-09-04-at-16.23.03-2-1152x1536.jpeg 1152w, https:\/\/agora.xtec.cat\/llar-elsginjols\/wp-content\/uploads\/usu3056\/2025\/10\/WhatsApp-Image-2025-09-04-at-16.23.03-2.jpeg 1200w\" sizes=\"auto, (max-width: 768px) 100vw, 768px\" \/><\/a><\/figure>\n\n\n\n<figure class=\"wp-block-image size-large\"><a href=\"https:\/\/agora.xtec.cat\/llar-elsginjols\/wp-content\/uploads\/usu3056\/2025\/10\/WhatsApp-Image-2025-09-04-at-16.23.03-3.jpeg\"><img loading=\"lazy\" decoding=\"async\" width=\"768\" height=\"1024\" data-id=\"1152\" src=\"https:\/\/agora.xtec.cat\/llar-elsginjols\/wp-content\/uploads\/usu3056\/2025\/10\/WhatsApp-Image-2025-09-04-at-16.23.03-3-768x1024.jpeg\" alt=\"\" class=\"wp-image-1152\" srcset=\"https:\/\/agora.xtec.cat\/llar-elsginjols\/wp-content\/uploads\/usu3056\/2025\/10\/WhatsApp-Image-2025-09-04-at-16.23.03-3-768x1024.jpeg 768w, https:\/\/agora.xtec.cat\/llar-elsginjols\/wp-content\/uploads\/usu3056\/2025\/10\/WhatsApp-Image-2025-09-04-at-16.23.03-3-225x300.jpeg 225w, https:\/\/agora.xtec.cat\/llar-elsginjols\/wp-content\/uploads\/usu3056\/2025\/10\/WhatsApp-Image-2025-09-04-at-16.23.03-3-1152x1536.jpeg 1152w, https:\/\/agora.xtec.cat\/llar-elsginjols\/wp-content\/uploads\/usu3056\/2025\/10\/WhatsApp-Image-2025-09-04-at-16.23.03-3.jpeg 1200w\" sizes=\"auto, (max-width: 768px) 100vw, 768px\" \/><\/a><\/figure>\n\n\n\n<figure class=\"wp-block-image size-large\"><a href=\"https:\/\/agora.xtec.cat\/llar-elsginjols\/wp-content\/uploads\/usu3056\/2025\/10\/WhatsApp-Image-2025-09-04-at-16.23.02-5.jpeg\"><img loading=\"lazy\" decoding=\"async\" width=\"768\" height=\"1024\" data-id=\"1147\" src=\"https:\/\/agora.xtec.cat\/llar-elsginjols\/wp-content\/uploads\/usu3056\/2025\/10\/WhatsApp-Image-2025-09-04-at-16.23.02-5-768x1024.jpeg\" alt=\"\" class=\"wp-image-1147\" srcset=\"https:\/\/agora.xtec.cat\/llar-elsginjols\/wp-content\/uploads\/usu3056\/2025\/10\/WhatsApp-Image-2025-09-04-at-16.23.02-5-768x1024.jpeg 768w, https:\/\/agora.xtec.cat\/llar-elsginjols\/wp-content\/uploads\/usu3056\/2025\/10\/WhatsApp-Image-2025-09-04-at-16.23.02-5-225x300.jpeg 225w, https:\/\/agora.xtec.cat\/llar-elsginjols\/wp-content\/uploads\/usu3056\/2025\/10\/WhatsApp-Image-2025-09-04-at-16.23.02-5-1152x1536.jpeg 1152w, https:\/\/agora.xtec.cat\/llar-elsginjols\/wp-content\/uploads\/usu3056\/2025\/10\/WhatsApp-Image-2025-09-04-at-16.23.02-5.jpeg 1200w\" sizes=\"auto, (max-width: 768px) 100vw, 768px\" \/><\/a><\/figure>\n\n\n\n<figure class=\"wp-block-image size-large\"><a href=\"https:\/\/agora.xtec.cat\/llar-elsginjols\/wp-content\/uploads\/usu3056\/2025\/10\/WhatsApp-Image-2025-09-04-at-16.23.02-4.jpeg\"><img loading=\"lazy\" decoding=\"async\" width=\"768\" height=\"1024\" data-id=\"1146\" src=\"https:\/\/agora.xtec.cat\/llar-elsginjols\/wp-content\/uploads\/usu3056\/2025\/10\/WhatsApp-Image-2025-09-04-at-16.23.02-4-768x1024.jpeg\" alt=\"\" class=\"wp-image-1146\" srcset=\"https:\/\/agora.xtec.cat\/llar-elsginjols\/wp-content\/uploads\/usu3056\/2025\/10\/WhatsApp-Image-2025-09-04-at-16.23.02-4-768x1024.jpeg 768w, https:\/\/agora.xtec.cat\/llar-elsginjols\/wp-content\/uploads\/usu3056\/2025\/10\/WhatsApp-Image-2025-09-04-at-16.23.02-4-225x300.jpeg 225w, https:\/\/agora.xtec.cat\/llar-elsginjols\/wp-content\/uploads\/usu3056\/2025\/10\/WhatsApp-Image-2025-09-04-at-16.23.02-4-1152x1536.jpeg 1152w, https:\/\/agora.xtec.cat\/llar-elsginjols\/wp-content\/uploads\/usu3056\/2025\/10\/WhatsApp-Image-2025-09-04-at-16.23.02-4.jpeg 1200w\" sizes=\"auto, (max-width: 768px) 100vw, 768px\" \/><\/a><\/figure>\n<\/figure>\n","protected":false},"excerpt":{"rendered":"<p>L&#8217;estan\u00e7a verda hi ha infants dels dos anys als tres anys. <\/p>\n<p>T\u00e9 diferents racons de joc adequats a les seves necessitats de descoberta. Tamb\u00e9 t\u00e9 una zona pel canvi de bolquer, v\u00e0ters per l&#8217;inici del control d&#8217;esf\u00ednters, una pica per l&#8217;higiene de mans i cara&hellip;  <a href=\"https:\/\/agora.xtec.cat\/llar-elsginjols\/nivells\/grans\/\" title=\"Read Estan\u00e7a verda\">Llegeix m\u00e9s\u00bb<\/a><\/p>\n","protected":false},"author":1,"featured_media":0,"parent":87,"menu_order":3,"comment_status":"closed","ping_status":"close","template":"page-templates\/side-menu.php","meta":{"footnotes":""},"class_list":["post-783","page","type-page","status-publish","hentry"],"post_mailing_queue_ids":[],"_links":{"self":[{"href":"https:\/\/agora.xtec.cat\/llar-elsginjols\/wp-json\/wp\/v2\/pages\/783","targetHints":{"allow":["GET"]}}],"collection":[{"href":"https:\/\/agora.xtec.cat\/llar-elsginjols\/wp-json\/wp\/v2\/pages"}],"about":[{"href":"https:\/\/agora.xtec.cat\/llar-elsginjols\/wp-json\/wp\/v2\/types\/page"}],"author":[{"embeddable":true,"href":"https:\/\/agora.xtec.cat\/llar-elsginjols\/wp-json\/wp\/v2\/users\/1"}],"replies":[{"embeddable":true,"href":"https:\/\/agora.xtec.cat\/llar-elsginjols\/wp-json\/wp\/v2\/comments?post=783"}],"version-history":[{"count":6,"href":"https:\/\/agora.xtec.cat\/llar-elsginjols\/wp-json\/wp\/v2\/pages\/783\/revisions"}],"predecessor-version":[{"id":1180,"href":"https:\/\/agora.xtec.cat\/llar-elsginjols\/wp-json\/wp\/v2\/pages\/783\/revisions\/1180"}],"up":[{"embeddable":true,"href":"https:\/\/agora.xtec.cat\/llar-elsginjols\/wp-json\/wp\/v2\/pages\/87"}],"wp:attachment":[{"href":"https:\/\/agora.xtec.cat\/llar-elsginjols\/wp-json\/wp\/v2\/media?parent=783"}],"curies":[{"name":"wp","href":"https:\/\/api.w.org\/{rel}","templated":true}]}}