{"id":797,"date":"2024-02-13T16:02:37","date_gmt":"2024-02-13T15:02:37","guid":{"rendered":"https:\/\/agora.xtec.cat\/llar-elmar-bcn\/?page_id=797"},"modified":"2024-10-14T16:30:56","modified_gmt":"2024-10-14T14:30:56","slug":"la-nostra-organitzacio","status":"publish","type":"page","link":"https:\/\/agora.xtec.cat\/llar-elmar-bcn\/lescola\/la-nostra-organitzacio\/","title":{"rendered":"Organitzaci\u00f3 de l&#8217;escola"},"content":{"rendered":"<div><span style=\"font-size: medium;\"><b>Horaris i calendari<\/b><\/span><\/div>\n<div><\/div>\n<div><\/div>\n<div><\/div>\n<p>Els horaris i el calendari escolar estan determinats pel Departament d\u2019Ensenyament al comen\u00e7ament de cada curs. Es considera tamb\u00e9 la possibilitat de modificar l\u2019horari els primers dies de curs per poder dur a terme el proc\u00e9s d\u2019adaptaci\u00f3 dels infants.<\/p>\n<div><\/div>\n<p><span style=\"font-size: medium;\"><b>L&#8217;adaptaci\u00f3\u00a0 \u00a0<\/b><\/span><\/p>\n<p>L\u2019entrada a la llar suposa per als infants un canvi important pel que fa a l\u2019espai, la relaci\u00f3 amb adults que no coneix, els h\u00e0bits de menjar i dormir, i la relaci\u00f3 amb altres infants. Per aix\u00f2 proposem un proc\u00e9s d\u2019entrada gradual dels infants, pactat amb les fam\u00edlies, en un clima tranquil i afectiu i amb una atenci\u00f3 individualitzada.<\/p>\n<p><span style=\"font-size: medium;\"><b>L&#8217;horari d&#8217;atenci\u00f3 als infants<br \/>\n<\/b><\/span><\/p>\n<ul>\n<li style=\"text-align: justify;\">Mat\u00ed: de 9.00h a 12.00 h<\/li>\n<li>Tarda: de 15.00h a 17.00 h<\/li>\n<li>Servei de menjador: de 12.00h a 15.00 h<\/li>\n<\/ul>\n<p><span style=\"font-size: medium;\"><b>El servei de menjador<\/b><\/span><\/p>\n<ul>\n<li>Cuina pr\u00f2pia amb men\u00fa diari<\/li>\n<li>Men\u00fas adequats a cada edat.<\/li>\n<li>Men\u00fas especials per intolerants i al\u00b7l\u00e8rgics.<\/li>\n<\/ul>\n<p>El servei d\u2019acollida matinal (organitzat per l\u2019AFA) de 8.30h a 9.00 h<\/p>\n<p><span style=\"font-size: medium;\"><b>Activitats complement\u00e0ries<\/b><\/span><\/p>\n<p>Durant el curs escolar, i per a tots els nivells, es fan diferents sortides relacionades amb les activitats d\u2019aprenentatge de l\u2019alumnat.<br \/>\nLa Llar t\u00e9 un conveni amb l&#8217;escola Mestre Gibert que ens permet la utilitzaci\u00f3 dels seus espais exteriors per la realitzaci\u00f3 de l&#8217;activitat de pati.<br \/>\nL&#8217;AFA tamb\u00e9 organitza el casal d&#8217;estiu.<\/p>\n<p><b><span style=\"font-size: medium;\">Aportaci\u00f3 de les fam\u00edlies curs 2023-2024<\/span><\/b><\/p>\n<div><span style=\"text-decoration: underline;\">Escolaritat:<\/span><\/div>\n<div><\/div>\n<p>118,00\u20ac mensuals (de 9 a 12 h i 15 a 17 h).<\/p>\n<div><u>Servei de menjador:<\/u><\/div>\n<div>\n<div><\/div>\n<p>L&#8217;import total dep\u00e8n dels dies lectius de cada mes i el dia surt a 6,10\u20ac<\/p>\n<p>Dia espor\u00e0dic: 6,60\u20ac .<\/p>\n<p>Es retornar\u00e0 1,5 \u20ac per dia no vingut a mes ven\u00e7ut.<\/p>\n<p>&nbsp;<\/p>\n<\/div>\n","protected":false},"excerpt":{"rendered":"<p>Horaris i calendari<\/p>\n<p>Els horaris i el calendari escolar estan determinats pel Departament d\u2019Ensenyament al comen\u00e7ament de cada curs. Es considera tamb\u00e9 la possibilitat de modificar l\u2019horari els primers dies de curs per poder dur a terme el proc\u00e9s d\u2019adaptaci\u00f3 dels infants.<\/p>\n<p>L&#8217;adaptaci\u00f3\u00a0 \u00a0<br \/>\nL\u2019entrada a la llar&hellip;  <a href=\"https:\/\/agora.xtec.cat\/llar-elmar-bcn\/lescola\/la-nostra-organitzacio\/\" title=\"Read Organitzaci\u00f3 de l&#8217;escola\">Llegeix m\u00e9s\u00bb<\/a><\/p>\n","protected":false},"author":3,"featured_media":0,"parent":22,"menu_order":0,"comment_status":"closed","ping_status":"closed","template":"page-templates\/side-menu.php","meta":{"_bbp_topic_count":0,"_bbp_reply_count":0,"_bbp_total_topic_count":0,"_bbp_total_reply_count":0,"_bbp_voice_count":0,"_bbp_anonymous_reply_count":0,"_bbp_topic_count_hidden":0,"_bbp_reply_count_hidden":0,"_bbp_forum_subforum_count":0,"footnotes":""},"class_list":["post-797","page","type-page","status-publish","hentry"],"post_mailing_queue_ids":[],"_links":{"self":[{"href":"https:\/\/agora.xtec.cat\/llar-elmar-bcn\/wp-json\/wp\/v2\/pages\/797","targetHints":{"allow":["GET"]}}],"collection":[{"href":"https:\/\/agora.xtec.cat\/llar-elmar-bcn\/wp-json\/wp\/v2\/pages"}],"about":[{"href":"https:\/\/agora.xtec.cat\/llar-elmar-bcn\/wp-json\/wp\/v2\/types\/page"}],"author":[{"embeddable":true,"href":"https:\/\/agora.xtec.cat\/llar-elmar-bcn\/wp-json\/wp\/v2\/users\/3"}],"replies":[{"embeddable":true,"href":"https:\/\/agora.xtec.cat\/llar-elmar-bcn\/wp-json\/wp\/v2\/comments?post=797"}],"version-history":[{"count":6,"href":"https:\/\/agora.xtec.cat\/llar-elmar-bcn\/wp-json\/wp\/v2\/pages\/797\/revisions"}],"predecessor-version":[{"id":1029,"href":"https:\/\/agora.xtec.cat\/llar-elmar-bcn\/wp-json\/wp\/v2\/pages\/797\/revisions\/1029"}],"up":[{"embeddable":true,"href":"https:\/\/agora.xtec.cat\/llar-elmar-bcn\/wp-json\/wp\/v2\/pages\/22"}],"wp:attachment":[{"href":"https:\/\/agora.xtec.cat\/llar-elmar-bcn\/wp-json\/wp\/v2\/media?parent=797"}],"curies":[{"name":"wp","href":"https:\/\/api.w.org\/{rel}","templated":true}]}}