{"id":77,"date":"2014-09-18T14:05:08","date_gmt":"2014-09-18T13:05:08","guid":{"rendered":"http:\/\/agora.xtec.cat\/llar-elmar-bcn\/?page_id=77"},"modified":"2024-04-04T15:39:25","modified_gmt":"2024-04-04T13:39:25","slug":"acollida","status":"publish","type":"page","link":"https:\/\/agora.xtec.cat\/llar-elmar-bcn\/serveis\/acollida\/","title":{"rendered":"Acollida"},"content":{"rendered":"<h4><strong>Acollida matinal<br \/>\n<\/strong><\/h4>\n<p>Entre 8:30 i 9:00h la llar d\u2019infants El Mar ofereix a les fam\u00edlies un servei d\u2019acollida matinal<\/p>\n<p>L\u2019entrada dels infants al servei d\u2019acollida matinal es pot realitzar de forma progressiva, des de les vuit i dos quarts de nou del mat\u00ed, en funci\u00f3 de les necessitats de cada fam\u00edlia.<\/p>\n","protected":false},"excerpt":{"rendered":"<p>Acollida matinal<\/p>\n<p>Entre 8:30 i 9:00h la llar d\u2019infants El Mar ofereix a les fam\u00edlies un servei d\u2019acollida matinal<br \/>\nL\u2019entrada dels infants al servei d\u2019acollida matinal es pot realitzar de forma progressiva, des de les vuit i dos quarts de nou del mat\u00ed, en funci\u00f3 de les&hellip;  <a href=\"https:\/\/agora.xtec.cat\/llar-elmar-bcn\/serveis\/acollida\/\" title=\"Read Acollida\">Llegeix m\u00e9s\u00bb<\/a><\/p>\n","protected":false},"author":1,"featured_media":0,"parent":66,"menu_order":20,"comment_status":"closed","ping_status":"closed","template":"page-templates\/side-menu.php","meta":{"_bbp_topic_count":0,"_bbp_reply_count":0,"_bbp_total_topic_count":0,"_bbp_total_reply_count":0,"_bbp_voice_count":0,"_bbp_anonymous_reply_count":0,"_bbp_topic_count_hidden":0,"_bbp_reply_count_hidden":0,"_bbp_forum_subforum_count":0,"footnotes":""},"class_list":["post-77","page","type-page","status-publish","hentry"],"post_mailing_queue_ids":[],"_links":{"self":[{"href":"https:\/\/agora.xtec.cat\/llar-elmar-bcn\/wp-json\/wp\/v2\/pages\/77","targetHints":{"allow":["GET"]}}],"collection":[{"href":"https:\/\/agora.xtec.cat\/llar-elmar-bcn\/wp-json\/wp\/v2\/pages"}],"about":[{"href":"https:\/\/agora.xtec.cat\/llar-elmar-bcn\/wp-json\/wp\/v2\/types\/page"}],"author":[{"embeddable":true,"href":"https:\/\/agora.xtec.cat\/llar-elmar-bcn\/wp-json\/wp\/v2\/users\/1"}],"replies":[{"embeddable":true,"href":"https:\/\/agora.xtec.cat\/llar-elmar-bcn\/wp-json\/wp\/v2\/comments?post=77"}],"version-history":[{"count":2,"href":"https:\/\/agora.xtec.cat\/llar-elmar-bcn\/wp-json\/wp\/v2\/pages\/77\/revisions"}],"predecessor-version":[{"id":899,"href":"https:\/\/agora.xtec.cat\/llar-elmar-bcn\/wp-json\/wp\/v2\/pages\/77\/revisions\/899"}],"up":[{"embeddable":true,"href":"https:\/\/agora.xtec.cat\/llar-elmar-bcn\/wp-json\/wp\/v2\/pages\/66"}],"wp:attachment":[{"href":"https:\/\/agora.xtec.cat\/llar-elmar-bcn\/wp-json\/wp\/v2\/media?parent=77"}],"curies":[{"name":"wp","href":"https:\/\/api.w.org\/{rel}","templated":true}]}}