{"id":710,"date":"2024-02-08T11:10:36","date_gmt":"2024-02-08T10:10:36","guid":{"rendered":"https:\/\/agora.xtec.cat\/llar-elmar-bcn\/?page_id=710"},"modified":"2024-02-13T15:43:52","modified_gmt":"2024-02-13T14:43:52","slug":"comunitat-educativa","status":"publish","type":"page","link":"https:\/\/agora.xtec.cat\/llar-elmar-bcn\/comunitat-educativa\/","title":{"rendered":"Comunitat Educativa"},"content":{"rendered":"<p>Els infants i la seva fam\u00edlia formen part de la comunitat i hi participen de forma proactiva. Fam\u00edlia i escola comparteixen un objectiu com\u00fa: l\u2019\u00e8xit educatiu dels alumnes, perqu\u00e8 en son els principals protagonistes.<\/p>\n<p>Les relacions entre fam\u00edlia i escola es basen en el respecte mutu, la confian\u00e7a i l\u2019acceptaci\u00f3 de les singularitats de cadasc\u00fa.<\/p>\n<h4><span class=\"markedContent\"><span dir=\"ltr\" role=\"presentation\">Llei 12\/2009, del 10 de juliol, d\u2019educaci\u00f3<\/span><\/span><\/h4>\n<h5><span dir=\"ltr\" role=\"presentation\">TI<\/span><span class=\"markedContent\"><span dir=\"ltr\" role=\"presentation\">T<\/span><\/span><span dir=\"ltr\" role=\"presentation\">O<\/span><span class=\"markedContent\"><span dir=\"ltr\" role=\"presentation\">L<\/span><\/span><span class=\"markedContent\">\u00a0<span dir=\"ltr\" role=\"presentation\">III<\/span><\/span><span dir=\"ltr\" role=\"presentation\">. De la comunitat educativa<\/span><\/h5>\n<h6><span dir=\"ltr\" role=\"presentation\">C<\/span><span dir=\"ltr\" role=\"presentation\">ap\u00edtol<\/span>\u00a0<span dir=\"ltr\" role=\"presentation\">I<\/span><span dir=\"ltr\" role=\"presentation\">. Disposicions generals<\/span><\/h6>\n<h6><span class=\"markedContent\"><span dir=\"ltr\" role=\"presentation\">a<\/span><\/span><span dir=\"ltr\" role=\"presentation\">rticle 19. Comunitat educativa i comunitat escolar<\/span><\/h6>\n<ol>\n<li><span dir=\"ltr\" role=\"presentation\">La comunitat educativa \u00e9s integrada per totes les persones i\u00a0<\/span><span dir=\"ltr\" role=\"presentation\">les institucions que intervenen en el proc\u00e9s educatiu. En formen<\/span><br role=\"presentation\" \/><span dir=\"ltr\" role=\"presentation\">part els alumnes, les fam\u00edlies, el professorat, els professionals\u00a0<\/span><span dir=\"ltr\" role=\"presentation\">d\u2019atenci\u00f3 educativa i el personal d\u2019administraci\u00f3 i serveis, l\u2019Ad<\/span><span dir=\"ltr\" role=\"presentation\">ministraci\u00f3 educativa, els ens locals i els agents territorials i so<\/span><span dir=\"ltr\" role=\"presentation\">cials i les associacions que els representen, i tamb\u00e9 els col\u00b7legis\u00a0<\/span><span dir=\"ltr\" role=\"presentation\">professionals de l\u2019\u00e0mbit educatiu, l\u2019associacionisme educatiu,\u00a0<\/span><span dir=\"ltr\" role=\"presentation\">les entitats\u00a0esportives escolars i els professionals, empreses i\u00a0<\/span><span dir=\"ltr\" role=\"presentation\">entitats de\u00a0lleure i de serveis educatius.<\/span><\/li>\n<li><span dir=\"ltr\" role=\"presentation\">La comunitat educativa del centre, o comunitat escolar, \u00e9s\u00a0<\/span><span dir=\"ltr\" role=\"presentation\">integrada pels alumnes, mares, pares o tutors, personal docent,<\/span><br role=\"presentation\" \/><span dir=\"ltr\" role=\"presentation\">altres professionals d\u2019atenci\u00f3 educativa que intervenen en el pro<\/span><span dir=\"ltr\" role=\"presentation\">c\u00e9s d\u2019ensenyament en el centre, personal d\u2019administraci\u00f3 i serveis\u00a0<\/span><span dir=\"ltr\" role=\"presentation\">del centre, i la representaci\u00f3 municipal i, en els centres privats,\u00a0<\/span><span dir=\"ltr\" role=\"presentation\">els representants de llur titularitat.<\/span><\/li>\n<li><span dir=\"ltr\" role=\"presentation\">En els centres sostinguts amb fons p\u00fablics, els membres\u00a0<\/span><span dir=\"ltr\" role=\"presentation\">de la\u00a0comunitat escolar estan representats en el consell escolar del<\/span><br role=\"presentation\" \/><span dir=\"ltr\" role=\"presentation\">centre.<\/span><\/li>\n<\/ol>\n<p><a href=\"https:\/\/xtec.gencat.cat\/ca\/comunitat\/escolaifamilies\/participacio\/normativa\/\">https:\/\/xtec.gencat.cat\/ca\/comunitat\/escolaifamilies\/participacio\/normativa\/<\/a><\/p>\n","protected":false},"excerpt":{"rendered":"<p>Els infants i la seva fam\u00edlia formen part de la comunitat i hi participen de forma proactiva. Fam\u00edlia i escola comparteixen un objectiu com\u00fa: l\u2019\u00e8xit educatiu dels alumnes, perqu\u00e8 en son els principals protagonistes.<br \/>\nLes relacions entre fam\u00edlia i escola es basen en el respecte mutu,&hellip;  <a href=\"https:\/\/agora.xtec.cat\/llar-elmar-bcn\/comunitat-educativa\/\" title=\"Read Comunitat Educativa\">Llegeix m\u00e9s\u00bb<\/a><\/p>\n","protected":false},"author":3,"featured_media":0,"parent":0,"menu_order":0,"comment_status":"closed","ping_status":"closed","template":"page-templates\/side-menu.php","meta":{"_bbp_topic_count":0,"_bbp_reply_count":0,"_bbp_total_topic_count":0,"_bbp_total_reply_count":0,"_bbp_voice_count":0,"_bbp_anonymous_reply_count":0,"_bbp_topic_count_hidden":0,"_bbp_reply_count_hidden":0,"_bbp_forum_subforum_count":0,"footnotes":""},"class_list":["post-710","page","type-page","status-publish","hentry"],"post_mailing_queue_ids":[],"_links":{"self":[{"href":"https:\/\/agora.xtec.cat\/llar-elmar-bcn\/wp-json\/wp\/v2\/pages\/710","targetHints":{"allow":["GET"]}}],"collection":[{"href":"https:\/\/agora.xtec.cat\/llar-elmar-bcn\/wp-json\/wp\/v2\/pages"}],"about":[{"href":"https:\/\/agora.xtec.cat\/llar-elmar-bcn\/wp-json\/wp\/v2\/types\/page"}],"author":[{"embeddable":true,"href":"https:\/\/agora.xtec.cat\/llar-elmar-bcn\/wp-json\/wp\/v2\/users\/3"}],"replies":[{"embeddable":true,"href":"https:\/\/agora.xtec.cat\/llar-elmar-bcn\/wp-json\/wp\/v2\/comments?post=710"}],"version-history":[{"count":4,"href":"https:\/\/agora.xtec.cat\/llar-elmar-bcn\/wp-json\/wp\/v2\/pages\/710\/revisions"}],"predecessor-version":[{"id":761,"href":"https:\/\/agora.xtec.cat\/llar-elmar-bcn\/wp-json\/wp\/v2\/pages\/710\/revisions\/761"}],"wp:attachment":[{"href":"https:\/\/agora.xtec.cat\/llar-elmar-bcn\/wp-json\/wp\/v2\/media?parent=710"}],"curies":[{"name":"wp","href":"https:\/\/api.w.org\/{rel}","templated":true}]}}