{"id":34,"date":"2014-09-18T12:32:18","date_gmt":"2014-09-18T11:32:18","guid":{"rendered":"http:\/\/agora.xtec.cat\/llar-elmar-bcn\/?page_id=34"},"modified":"2024-04-04T15:09:29","modified_gmt":"2024-04-04T13:09:29","slug":"oferta-educativa","status":"publish","type":"page","link":"https:\/\/agora.xtec.cat\/llar-elmar-bcn\/lescola\/oferta-educativa\/","title":{"rendered":"Oferta educativa"},"content":{"rendered":"<p>El primer cicle d\u2019educaci\u00f3 infantil que s\u2019ofereix a la &#8220;Llar d\u2019Infants&#8221; \u00e9s de car\u00e0cter <strong>no obligatori<\/strong>. S&#8217;organitza d\u2019acord amb els principis d\u2019educaci\u00f3 inclusiva i coeducadora. \u00c9s una etapa de descoberta i adquisici\u00f3 d\u2019aprenentatges on els i les infants desenvolupen les seves capacitats f\u00edsiques, afectives, intel\u00b7lectuals i socials. Aprenen a relacionar-se amb altres nens i nenes i amb les persones adultes, iniciant-se en l\u2019adquisici\u00f3 de comportaments socials. Avancen en la seva autonomia, treballen h\u00e0bits i comencen a descobrir l\u2019\u00fas del llenguatge corporal, verbal, matem\u00e0tic, musical i pl\u00e0stic.<\/p>\n<p>A la Llar El Mar acollim a 59 infants.<br \/>\nEls nens i nenes de l\u2019escola es distribueixen en <strong>5\u00a0grups<\/strong>\u00a0organitzats segons l\u2019edat:<\/p>\n<ul>\n<li><strong>3<\/strong>\u00a0grups de\u00a0<strong>1-2<\/strong> anys (Caminants): Tortugues, Pops i Peixos, amb <strong>10, 9 i 8<\/strong> <strong>infants a cada grup.<\/strong><\/li>\n<li><strong>2<\/strong>\u00a0grups de\u00a0<strong>2-3<\/strong> anys (Grans): Dofins i Balenes amb <strong>16 infants a cada grup.\u00a0<\/strong><\/li>\n<\/ul>\n<p>L\u2019edifici de l\u2019escola est\u00e0 distribu\u00eft en dues plantes:<\/p>\n<ul>\n<li><strong>Planta baixa<\/strong>: Trobem les tres classes de caminants i el pati d\u2019entrada a l\u2019escola.<\/li>\n<li><strong>Primera planta<\/strong>: Trobem les dues classes de grans, una sala d\u2019usos m\u00faltiples i el seu pati.<\/li>\n<\/ul>\n<p>&nbsp;<\/p>\n","protected":false},"excerpt":{"rendered":"<p>El primer cicle d\u2019educaci\u00f3 infantil que s\u2019ofereix a la &#8220;Llar d\u2019Infants&#8221; \u00e9s de car\u00e0cter no obligatori. S&#8217;organitza d\u2019acord amb els principis d\u2019educaci\u00f3 inclusiva i coeducadora. \u00c9s una etapa de descoberta i adquisici\u00f3 d\u2019aprenentatges on els i les infants desenvolupen les seves capacitats f\u00edsiques, afectives, intel\u00b7lectuals&hellip;  <a href=\"https:\/\/agora.xtec.cat\/llar-elmar-bcn\/lescola\/oferta-educativa\/\" title=\"Read Oferta educativa\">Llegeix m\u00e9s\u00bb<\/a><\/p>\n","protected":false},"author":1,"featured_media":0,"parent":22,"menu_order":60,"comment_status":"closed","ping_status":"closed","template":"page-templates\/side-menu.php","meta":{"_bbp_topic_count":0,"_bbp_reply_count":0,"_bbp_total_topic_count":0,"_bbp_total_reply_count":0,"_bbp_voice_count":0,"_bbp_anonymous_reply_count":0,"_bbp_topic_count_hidden":0,"_bbp_reply_count_hidden":0,"_bbp_forum_subforum_count":0,"footnotes":""},"class_list":["post-34","page","type-page","status-publish","hentry"],"post_mailing_queue_ids":[],"_links":{"self":[{"href":"https:\/\/agora.xtec.cat\/llar-elmar-bcn\/wp-json\/wp\/v2\/pages\/34","targetHints":{"allow":["GET"]}}],"collection":[{"href":"https:\/\/agora.xtec.cat\/llar-elmar-bcn\/wp-json\/wp\/v2\/pages"}],"about":[{"href":"https:\/\/agora.xtec.cat\/llar-elmar-bcn\/wp-json\/wp\/v2\/types\/page"}],"author":[{"embeddable":true,"href":"https:\/\/agora.xtec.cat\/llar-elmar-bcn\/wp-json\/wp\/v2\/users\/1"}],"replies":[{"embeddable":true,"href":"https:\/\/agora.xtec.cat\/llar-elmar-bcn\/wp-json\/wp\/v2\/comments?post=34"}],"version-history":[{"count":3,"href":"https:\/\/agora.xtec.cat\/llar-elmar-bcn\/wp-json\/wp\/v2\/pages\/34\/revisions"}],"predecessor-version":[{"id":891,"href":"https:\/\/agora.xtec.cat\/llar-elmar-bcn\/wp-json\/wp\/v2\/pages\/34\/revisions\/891"}],"up":[{"embeddable":true,"href":"https:\/\/agora.xtec.cat\/llar-elmar-bcn\/wp-json\/wp\/v2\/pages\/22"}],"wp:attachment":[{"href":"https:\/\/agora.xtec.cat\/llar-elmar-bcn\/wp-json\/wp\/v2\/media?parent=34"}],"curies":[{"name":"wp","href":"https:\/\/api.w.org\/{rel}","templated":true}]}}