{"id":26,"date":"2014-09-18T12:24:32","date_gmt":"2014-09-18T11:24:32","guid":{"rendered":"http:\/\/agora.xtec.cat\/llar-elmar-bcn\/?page_id=26"},"modified":"2024-02-08T12:44:31","modified_gmt":"2024-02-08T11:44:31","slug":"historia","status":"publish","type":"page","link":"https:\/\/agora.xtec.cat\/llar-elmar-bcn\/lescola\/historia\/","title":{"rendered":"Hist\u00f2ria"},"content":{"rendered":"<p>&#8220;Llar d&#8217;Infants El Mar&#8221; es va inaugurar el 16 d&#8217;abril de 1934.<\/p>\n<p>Us convidem a con\u00e8ixer la hist\u00f2ria de la nostra Llar des d&#8217;aquest link\u00a0 <a style=\"color: #2795b6;\" href=\"http:\/\/opinioandreuenca.blogspot.com\/2015\/04\/els-inicis-de-la-llar-dinfants-el-mar.html\" target=\"_blank\" rel=\"noopener\">http:\/\/opinioandreuenca.blogspot.com\/2015\/04\/els-inicis-de-la-llar-dinfants-el-mar.html<\/a><span style=\"font-family: inherit;\"><span style=\"font-size: 1em;\">\u00a0 que us portar\u00e0 en un viatge pel temps, des dels seus <\/span><\/span>or\u00edgens<span style=\"font-family: inherit;\"><span style=\"font-size: 1em;\">, de la m\u00e0 de l&#8217;historiador <\/span><\/span>Pau Vinyes i Roig<\/p>\n<p>&nbsp;<\/p>\n<p>&nbsp;<\/p>\n","protected":false},"excerpt":{"rendered":"<p>&#8220;Llar d&#8217;Infants El Mar&#8221; es va inaugurar el 16 d&#8217;abril de 1934.<br \/>\nUs convidem a con\u00e8ixer la hist\u00f2ria de la nostra Llar des d&#8217;aquest link\u00a0 <a style=\"color: #2795b6;\" href=\"http:\/\/opinioandreuenca.blogspot.com\/2015\/04\/els-inicis-de-la-llar-dinfants-el-mar.html\" target=\"_blank\" rel=\"noopener\">http:\/\/opinioandreuenca.blogspot.com\/2015\/04\/els-inicis-de-la-llar-dinfants-el-mar.html<\/a>\u00a0 que us portar\u00e0 en un viatge pel temps, des dels seus or\u00edgens, de la m\u00e0&hellip;  <a href=\"https:\/\/agora.xtec.cat\/llar-elmar-bcn\/lescola\/historia\/\" title=\"Read Hist\u00f2ria\">Llegeix m\u00e9s\u00bb<\/a><\/p>\n","protected":false},"author":1,"featured_media":0,"parent":22,"menu_order":20,"comment_status":"closed","ping_status":"closed","template":"page-templates\/side-menu.php","meta":{"_bbp_topic_count":0,"_bbp_reply_count":0,"_bbp_total_topic_count":0,"_bbp_total_reply_count":0,"_bbp_voice_count":0,"_bbp_anonymous_reply_count":0,"_bbp_topic_count_hidden":0,"_bbp_reply_count_hidden":0,"_bbp_forum_subforum_count":0,"footnotes":""},"class_list":["post-26","page","type-page","status-publish","hentry"],"post_mailing_queue_ids":[],"_links":{"self":[{"href":"https:\/\/agora.xtec.cat\/llar-elmar-bcn\/wp-json\/wp\/v2\/pages\/26","targetHints":{"allow":["GET"]}}],"collection":[{"href":"https:\/\/agora.xtec.cat\/llar-elmar-bcn\/wp-json\/wp\/v2\/pages"}],"about":[{"href":"https:\/\/agora.xtec.cat\/llar-elmar-bcn\/wp-json\/wp\/v2\/types\/page"}],"author":[{"embeddable":true,"href":"https:\/\/agora.xtec.cat\/llar-elmar-bcn\/wp-json\/wp\/v2\/users\/1"}],"replies":[{"embeddable":true,"href":"https:\/\/agora.xtec.cat\/llar-elmar-bcn\/wp-json\/wp\/v2\/comments?post=26"}],"version-history":[{"count":3,"href":"https:\/\/agora.xtec.cat\/llar-elmar-bcn\/wp-json\/wp\/v2\/pages\/26\/revisions"}],"predecessor-version":[{"id":745,"href":"https:\/\/agora.xtec.cat\/llar-elmar-bcn\/wp-json\/wp\/v2\/pages\/26\/revisions\/745"}],"up":[{"embeddable":true,"href":"https:\/\/agora.xtec.cat\/llar-elmar-bcn\/wp-json\/wp\/v2\/pages\/22"}],"wp:attachment":[{"href":"https:\/\/agora.xtec.cat\/llar-elmar-bcn\/wp-json\/wp\/v2\/media?parent=26"}],"curies":[{"name":"wp","href":"https:\/\/api.w.org\/{rel}","templated":true}]}}