{"id":22,"date":"2014-09-18T12:19:57","date_gmt":"2014-09-18T11:19:57","guid":{"rendered":"http:\/\/agora.xtec.cat\/llar-elmar-bcn\/?page_id=22"},"modified":"2024-02-16T11:14:13","modified_gmt":"2024-02-16T10:14:13","slug":"lescola","status":"publish","type":"page","link":"https:\/\/agora.xtec.cat\/llar-elmar-bcn\/lescola\/","title":{"rendered":"La nostra escola"},"content":{"rendered":"<p style=\"text-align: left;\"><a href=\"https:\/\/agora.xtec.cat\/llar-elmar-bcn\/yy\/\"><img loading=\"lazy\" decoding=\"async\" class=\"aligncenter size-full wp-image-811\" src=\"https:\/\/agora.xtec.cat\/llar-elmar-bcn\/wp-content\/uploads\/usu2384\/2024\/02\/yy.jpg\" alt=\"\" width=\"1280\" height=\"962\" \/><\/a>Som la Llar d\u2019Infants El Mar, del barri de Sant Andreu, i acollim infants d&#8217;1 a 3 anys.<\/p>\n<p style=\"text-align: left;\">Depenem del Departament d\u2019Ensenyament de la Generalitat de Catalunya i ens gestiona el Consorci d\u2019Educaci\u00f3 de Barcelona.<\/p>\n<p style=\"text-align: left;\">Els infants de 1 a 3 anys troben a la llar d\u2019infants un context educatiu \u00a0que respon de manera ajustada al moment evolutiu que estan vivint: \u00a0la construcci\u00f3 de la seva identitat aix\u00ed com la creaci\u00f3 de les bases de la\u00a0seva personalitat i la diferenciaci\u00f3 respecte de les persones que els\u00a0envolten.<\/p>\n<p>El nostre projecte educatiu\u00a0Est\u00e0 fonamentat en els aspectes seg\u00fcents:<\/p>\n<p style=\"text-align: left;\">\u00a0\u2022\u00a0La confian\u00e7a plena en les capacitats de tots i cadascun dels infants i en les seves possibilitats de desenvolupament.<\/p>\n<p style=\"text-align: left;\">\u00a0\u2022 Unes persones adultes\u00a0que acompanyen des del respecte a la singularitat i l\u2019elecci\u00f3 de cada infant, en un marc on hi ha l\u00edmits clars, raonables i flexibles.<\/p>\n<p style=\"text-align: left;\">\u00a0\u2022\u00a0Una distribuci\u00f3 d\u2019espais, selecci\u00f3 de materials i organitzaci\u00f3 del temps per facilitar el joc de cadascun dels infants de manera natural i espont\u00e0nia.<\/p>\n<p style=\"text-align: left;\">\u00a0\u2022\u00a0Una organitzaci\u00f3 que ofereix un marc estable i regulat per\u00f2, alhora, obert i flexible per ajustar-se tant com sigui possible a les necessitats de cada infant i de cada fam\u00edlia.<\/p>\n<p style=\"text-align: left;\">\u00a0\u2022\u00a0Un servei educatiu que convida les fam\u00edlies a compartir la cura i l\u2019educaci\u00f3 dels seus fills i filles de manera quotidiana, des de la confian\u00e7a en les seves compet\u00e8ncies i apoderant-los en el seu rol de mares i pares.<\/p>\n<p style=\"text-align: left;\">\u00a0\u2022\u00a0L\u2019enfortiment del car\u00e0cter inclusiu d\u2019aquests serveis, des d\u2019una mirada i intervenci\u00f3 socioeducativa.<\/p>\n<p style=\"text-align: left;\"><em><strong>L\u2019infant ha de ser rebut amb respecte, educat amb amor i posat a la vida finalment amb llibertat.<\/strong><\/em><\/p>\n<p style=\"text-align: left;\"><em><strong>\u00a0\u00a0\u00a0\u00a0\u00a0\u00a0\u00a0\u00a0\u00a0\u00a0\u00a0\u00a0\u00a0\u00a0\u00a0\u00a0\u00a0\u00a0\u00a0\u00a0\u00a0\u00a0\u00a0\u00a0\u00a0\u00a0\u00a0\u00a0\u00a0\u00a0\u00a0\u00a0\u00a0\u00a0\u00a0\u00a0\u00a0\u00a0\u00a0\u00a0\u00a0\u00a0\u00a0\u00a0\u00a0\u00a0\u00a0\u00a0\u00a0\u00a0\u00a0\u00a0\u00a0\u00a0\u00a0\u00a0\u00a0\u00a0\u00a0\u00a0\u00a0\u00a0\u00a0\u00a0\u00a0\u00a0\u00a0\u00a0\u00a0\u00a0\u00a0\u00a0\u00a0\u00a0\u00a0\u00a0\u00a0\u00a0 \u00a0Rudolf Steiner<\/strong><\/em><\/p>\n","protected":false},"excerpt":{"rendered":"<p><a href=\"https:\/\/agora.xtec.cat\/llar-elmar-bcn\/yy\/\"><\/a>Som la Llar d\u2019Infants El Mar, del barri de Sant Andreu, i acollim infants d&#8217;1 a 3 anys.<br \/>\nDepenem del Departament d\u2019Ensenyament de la Generalitat de Catalunya i ens gestiona el Consorci d\u2019Educaci\u00f3 de Barcelona.<br \/>\nEls infants de 1 a 3 anys troben a la llar&hellip;  <a href=\"https:\/\/agora.xtec.cat\/llar-elmar-bcn\/lescola\/\" title=\"Read La nostra escola\">Llegeix m\u00e9s\u00bb<\/a><\/p>\n","protected":false},"author":1,"featured_media":0,"parent":0,"menu_order":0,"comment_status":"closed","ping_status":"closed","template":"page-templates\/side-menu.php","meta":{"_bbp_topic_count":0,"_bbp_reply_count":0,"_bbp_total_topic_count":0,"_bbp_total_reply_count":0,"_bbp_voice_count":0,"_bbp_anonymous_reply_count":0,"_bbp_topic_count_hidden":0,"_bbp_reply_count_hidden":0,"_bbp_forum_subforum_count":0,"footnotes":""},"class_list":["post-22","page","type-page","status-publish","hentry"],"post_mailing_queue_ids":[],"_links":{"self":[{"href":"https:\/\/agora.xtec.cat\/llar-elmar-bcn\/wp-json\/wp\/v2\/pages\/22","targetHints":{"allow":["GET"]}}],"collection":[{"href":"https:\/\/agora.xtec.cat\/llar-elmar-bcn\/wp-json\/wp\/v2\/pages"}],"about":[{"href":"https:\/\/agora.xtec.cat\/llar-elmar-bcn\/wp-json\/wp\/v2\/types\/page"}],"author":[{"embeddable":true,"href":"https:\/\/agora.xtec.cat\/llar-elmar-bcn\/wp-json\/wp\/v2\/users\/1"}],"replies":[{"embeddable":true,"href":"https:\/\/agora.xtec.cat\/llar-elmar-bcn\/wp-json\/wp\/v2\/comments?post=22"}],"version-history":[{"count":3,"href":"https:\/\/agora.xtec.cat\/llar-elmar-bcn\/wp-json\/wp\/v2\/pages\/22\/revisions"}],"predecessor-version":[{"id":812,"href":"https:\/\/agora.xtec.cat\/llar-elmar-bcn\/wp-json\/wp\/v2\/pages\/22\/revisions\/812"}],"wp:attachment":[{"href":"https:\/\/agora.xtec.cat\/llar-elmar-bcn\/wp-json\/wp\/v2\/media?parent=22"}],"curies":[{"name":"wp","href":"https:\/\/api.w.org\/{rel}","templated":true}]}}