{"id":2,"date":"2014-09-12T11:10:47","date_gmt":"2014-09-12T09:10:47","guid":{"rendered":"http:\/\/agora.xtec.cat\/llar-elmar-bcn\/?page_id=2"},"modified":"2024-02-13T15:58:01","modified_gmt":"2024-02-13T14:58:01","slug":"pagina-exemple","status":"publish","type":"page","link":"https:\/\/agora.xtec.cat\/llar-elmar-bcn\/comunitat-educativa\/pagina-exemple\/","title":{"rendered":"La relaci\u00f3 amb les fam\u00edlies"},"content":{"rendered":"<h3 id=\"sites-page-title-header\" align=\"left\"><\/h3>\n<div id=\"sites-canvas-main\" class=\"sites-canvas-main\">\n<div id=\"sites-canvas-main-content\">\n<table class=\"sites-layout-name-two-column sites-layout-hbox\" cellspacing=\"0\">\n<tbody>\n<tr>\n<td class=\"sites-layout-tile sites-tile-name-content-1\">\n<div dir=\"ltr\">\n<div dir=\"ltr\">\n<p>Considerem molt important la relaci\u00f3 amb les fam\u00edlies i posem una atenci\u00f3 especial en el proc\u00e9s d\u2019adaptaci\u00f3 i la coneixen\u00e7a m\u00fatua entre la fam\u00edlia i l\u2019escola.<\/p>\n<table style=\"border-collapse: collapse; width: 100%;\">\n<tbody>\n<tr>\n<td style=\"width: 100%;\">\n<div dir=\"ltr\">\n<p><span style=\"font-size: medium;\"><b>El proc\u00e9s d&#8217;adaptaci\u00f3<\/b><\/span><\/p>\n<\/div>\n<h4 dir=\"ltr\">L\u2019adaptaci\u00f3 a la llar \u00e9s un proc\u00e9s que es desenvolupa de manera diferent per a cada infant i cada fam\u00edlia. Treballem per facilitar aquesta adaptaci\u00f3, sobretot des del punt de vista emocional.<\/h4>\n<div dir=\"ltr\"><\/div>\n<div dir=\"ltr\"><a href=\"https:\/\/agora.xtec.cat\/llar-elmar-bcn\/comunitat-educativa\/pagina-exemple\/attachment\/adaptacio\/\" rel=\"attachment wp-att-791\"><img loading=\"lazy\" decoding=\"async\" class=\"aligncenter size-full wp-image-791\" src=\"https:\/\/agora.xtec.cat\/llar-elmar-bcn\/wp-content\/uploads\/usu2384\/2024\/02\/adaptacio.jpg\" alt=\"\" width=\"1000\" height=\"1000\" srcset=\"https:\/\/agora.xtec.cat\/llar-elmar-bcn\/wp-content\/uploads\/usu2384\/2024\/02\/adaptacio.jpg 1000w, https:\/\/agora.xtec.cat\/llar-elmar-bcn\/wp-content\/uploads\/usu2384\/2024\/02\/adaptacio-300x300.jpg 300w, https:\/\/agora.xtec.cat\/llar-elmar-bcn\/wp-content\/uploads\/usu2384\/2024\/02\/adaptacio-150x150.jpg 150w, https:\/\/agora.xtec.cat\/llar-elmar-bcn\/wp-content\/uploads\/usu2384\/2024\/02\/adaptacio-768x768.jpg 768w\" sizes=\"auto, (max-width: 1000px) 100vw, 1000px\" \/><\/a><\/div>\n<div dir=\"ltr\"><\/div>\n<div dir=\"ltr\"><\/div>\n<div dir=\"ltr\"><\/div>\n<\/td>\n<\/tr>\n<\/tbody>\n<\/table>\n<table style=\"border-collapse: collapse; width: 100%;\">\n<tbody>\n<tr>\n<td style=\"width: 100%;\">\n<div dir=\"ltr\">\n<p><span style=\"font-size: medium;\"><b>El contacte amb les fam\u00edlies<\/b><\/span><\/p>\n<\/div>\n<div dir=\"ltr\">\n<h4>El contacte informal entre les fam\u00edlies i els educadors i educadores \u00e9s molt freq\u00fcent, i aix\u00f2 permet una comunicaci\u00f3 immediata i el trasp\u00e0s de les informacions necess\u00e0ries. Al llarg del curs s\u2019organitzen entrevistes i reunions per compartir amb les fam\u00edlies l\u2019adopci\u00f3 de mesures comunes per al benestar i el creixement dels infants.<\/h4>\n<p>&nbsp;<\/p>\n<p><a href=\"https:\/\/agora.xtec.cat\/llar-elmar-bcn\/comunitat-educativa\/pagina-exemple\/attachment\/contacte\/\" rel=\"attachment wp-att-792\"><img loading=\"lazy\" decoding=\"async\" class=\"aligncenter size-full wp-image-792\" src=\"https:\/\/agora.xtec.cat\/llar-elmar-bcn\/wp-content\/uploads\/usu2384\/2024\/02\/contacte.jpg\" alt=\"\" width=\"1000\" height=\"1000\" srcset=\"https:\/\/agora.xtec.cat\/llar-elmar-bcn\/wp-content\/uploads\/usu2384\/2024\/02\/contacte.jpg 1000w, https:\/\/agora.xtec.cat\/llar-elmar-bcn\/wp-content\/uploads\/usu2384\/2024\/02\/contacte-300x300.jpg 300w, https:\/\/agora.xtec.cat\/llar-elmar-bcn\/wp-content\/uploads\/usu2384\/2024\/02\/contacte-150x150.jpg 150w, https:\/\/agora.xtec.cat\/llar-elmar-bcn\/wp-content\/uploads\/usu2384\/2024\/02\/contacte-768x768.jpg 768w\" sizes=\"auto, (max-width: 1000px) 100vw, 1000px\" \/><\/a><\/p>\n<\/div>\n<\/td>\n<\/tr>\n<\/tbody>\n<\/table>\n<\/div>\n<div dir=\"ltr\"><\/div>\n<div dir=\"ltr\">\n<table style=\"border-collapse: collapse; width: 100%;\">\n<tbody>\n<tr>\n<td style=\"width: 100%;\">\n<div dir=\"ltr\">\n<p><span style=\"font-size: medium;\"><b>La participaci\u00f3 de les fam\u00edlies<\/b><\/span><\/p>\n<\/div>\n<div dir=\"ltr\">\n<h4>La llar est\u00e0 oberta a la participaci\u00f3 de les fam\u00edlies. El Consell Escolar \u00e9s l\u2019\u00f2rgan de participaci\u00f3 institucional: els diferents sectors de la comunitat educativa col\u00b7laboren en els diversos \u00e0mbits de gesti\u00f3 dels centres i esdevenen l\u2019espai de trobada de totes les persones implicades en l\u2019educaci\u00f3 dels infants i el funcionament de les escoles bressol. Les fam\u00edlies tamb\u00e9 poden col\u00b7laborar en la nostra llar a trav\u00e9s de l\u2019AFA, que proposa diferents activitats al llarg de tot el curs i participa en les festes de l\u2019escola.<\/h4>\n<p>&nbsp;<\/p>\n<p><a href=\"https:\/\/agora.xtec.cat\/llar-elmar-bcn\/comunitat-educativa\/pagina-exemple\/attachment\/participacio\/\" rel=\"attachment wp-att-793\"><img loading=\"lazy\" decoding=\"async\" class=\"aligncenter size-full wp-image-793\" src=\"https:\/\/agora.xtec.cat\/llar-elmar-bcn\/wp-content\/uploads\/usu2384\/2024\/02\/participacio.jpg\" alt=\"\" width=\"1000\" height=\"1000\" srcset=\"https:\/\/agora.xtec.cat\/llar-elmar-bcn\/wp-content\/uploads\/usu2384\/2024\/02\/participacio.jpg 1000w, https:\/\/agora.xtec.cat\/llar-elmar-bcn\/wp-content\/uploads\/usu2384\/2024\/02\/participacio-300x300.jpg 300w, https:\/\/agora.xtec.cat\/llar-elmar-bcn\/wp-content\/uploads\/usu2384\/2024\/02\/participacio-150x150.jpg 150w, https:\/\/agora.xtec.cat\/llar-elmar-bcn\/wp-content\/uploads\/usu2384\/2024\/02\/participacio-768x768.jpg 768w\" sizes=\"auto, (max-width: 1000px) 100vw, 1000px\" \/><\/a><\/p>\n<\/div>\n<\/td>\n<\/tr>\n<\/tbody>\n<\/table>\n<\/div>\n<div dir=\"ltr\"><\/div>\n<div dir=\"ltr\">\n<p>&nbsp;<\/p>\n<\/div>\n<\/div>\n<\/td>\n<\/tr>\n<\/tbody>\n<\/table>\n<\/div>\n<\/div>\n","protected":false},"excerpt":{"rendered":"<p>Considerem molt important la relaci\u00f3 amb les fam\u00edlies i posem una atenci\u00f3 especial en el proc\u00e9s d\u2019adaptaci\u00f3 i la coneixen\u00e7a m\u00fatua entre la fam\u00edlia i l\u2019escola.<\/p>\n<p>El proc\u00e9s d&#8217;adaptaci\u00f3<\/p>\n<p>L\u2019adaptaci\u00f3 a la llar \u00e9s un proc\u00e9s que es desenvolupa de manera diferent per a cada infant i&hellip;  <a href=\"https:\/\/agora.xtec.cat\/llar-elmar-bcn\/comunitat-educativa\/pagina-exemple\/\" title=\"Read La relaci\u00f3 amb les fam\u00edlies\">Llegeix m\u00e9s\u00bb<\/a><\/p>\n","protected":false},"author":1,"featured_media":0,"parent":710,"menu_order":0,"comment_status":"closed","ping_status":"closed","template":"page-templates\/side-menu.php","meta":{"_bbp_topic_count":0,"_bbp_reply_count":0,"_bbp_total_topic_count":0,"_bbp_total_reply_count":0,"_bbp_voice_count":0,"_bbp_anonymous_reply_count":0,"_bbp_topic_count_hidden":0,"_bbp_reply_count_hidden":0,"_bbp_forum_subforum_count":0,"footnotes":""},"class_list":["post-2","page","type-page","status-publish","hentry"],"post_mailing_queue_ids":[],"_links":{"self":[{"href":"https:\/\/agora.xtec.cat\/llar-elmar-bcn\/wp-json\/wp\/v2\/pages\/2","targetHints":{"allow":["GET"]}}],"collection":[{"href":"https:\/\/agora.xtec.cat\/llar-elmar-bcn\/wp-json\/wp\/v2\/pages"}],"about":[{"href":"https:\/\/agora.xtec.cat\/llar-elmar-bcn\/wp-json\/wp\/v2\/types\/page"}],"author":[{"embeddable":true,"href":"https:\/\/agora.xtec.cat\/llar-elmar-bcn\/wp-json\/wp\/v2\/users\/1"}],"replies":[{"embeddable":true,"href":"https:\/\/agora.xtec.cat\/llar-elmar-bcn\/wp-json\/wp\/v2\/comments?post=2"}],"version-history":[{"count":6,"href":"https:\/\/agora.xtec.cat\/llar-elmar-bcn\/wp-json\/wp\/v2\/pages\/2\/revisions"}],"predecessor-version":[{"id":796,"href":"https:\/\/agora.xtec.cat\/llar-elmar-bcn\/wp-json\/wp\/v2\/pages\/2\/revisions\/796"}],"up":[{"embeddable":true,"href":"https:\/\/agora.xtec.cat\/llar-elmar-bcn\/wp-json\/wp\/v2\/pages\/710"}],"wp:attachment":[{"href":"https:\/\/agora.xtec.cat\/llar-elmar-bcn\/wp-json\/wp\/v2\/media?parent=2"}],"curies":[{"name":"wp","href":"https:\/\/api.w.org\/{rel}","templated":true}]}}