{"id":874,"date":"2020-09-25T12:32:56","date_gmt":"2020-09-25T10:32:56","guid":{"rendered":"http:\/\/agora.xtec.cat\/llar-barrufets\/?page_id=874"},"modified":"2025-04-24T10:42:40","modified_gmt":"2025-04-24T08:42:40","slug":"caminants-p1-1-a-2-anys","status":"publish","type":"page","link":"https:\/\/agora.xtec.cat\/llar-barrufets\/nivells\/caminants-p1-1-a-2-anys\/","title":{"rendered":"Caminants I1 (1 a 2 anys)"},"content":{"rendered":"<p><strong>Espai de Caminants<\/strong><\/p>\n<p>Tenim tres aules de Caminants, a la Llar d&#8217;infants Barrufets distribu\u00efm els infants segons l&#8217;edat, els m\u00e9s petits van a la classe del Globus i els m\u00e9s grans a Llunes i Estels.<\/p>\n<p>A l\u2019etapa de caminants, continuem oferint un entorn segur, c\u00e0lid i preparat per afavorir l\u2019autonomia, la curiositat i el desenvolupament global dels infants.<\/p>\n<p><strong>La classe de Globus, el grup adaptat a les necessitats evolutives<\/strong><\/p>\n<p><a href=\"https:\/\/agora.xtec.cat\/llar-barrufets\/wp-content\/uploads\/usu1017\/2025\/04\/PRESENTACIO-PORTES-OBERTES-1.jpg\"><img loading=\"lazy\" decoding=\"async\" class=\"alignnone size-large wp-image-1268\" src=\"https:\/\/agora.xtec.cat\/llar-barrufets\/wp-content\/uploads\/usu1017\/2025\/04\/PRESENTACIO-PORTES-OBERTES-1-1024x576.jpg\" alt=\"\" width=\"1024\" height=\"576\" srcset=\"https:\/\/agora.xtec.cat\/llar-barrufets\/wp-content\/uploads\/usu1017\/2025\/04\/PRESENTACIO-PORTES-OBERTES-1-1024x576.jpg 1024w, https:\/\/agora.xtec.cat\/llar-barrufets\/wp-content\/uploads\/usu1017\/2025\/04\/PRESENTACIO-PORTES-OBERTES-1-300x169.jpg 300w, https:\/\/agora.xtec.cat\/llar-barrufets\/wp-content\/uploads\/usu1017\/2025\/04\/PRESENTACIO-PORTES-OBERTES-1-768x432.jpg 768w, https:\/\/agora.xtec.cat\/llar-barrufets\/wp-content\/uploads\/usu1017\/2025\/04\/PRESENTACIO-PORTES-OBERTES-1-1536x864.jpg 1536w, https:\/\/agora.xtec.cat\/llar-barrufets\/wp-content\/uploads\/usu1017\/2025\/04\/PRESENTACIO-PORTES-OBERTES-1.jpg 1920w\" sizes=\"auto, (max-width: 1024px) 100vw, 1024px\" \/><\/a><\/p>\n<p><strong>A la classe dels Globus<\/strong>, agrupem els infants m\u00e9s petits dins del nivell de caminants. Aix\u00f2 ens permet respectar els diferents ritmes maduratius, ja que en aquesta etapa encara hi ha molta diversitat:<\/p>\n<ul>\n<li style=\"list-style-type: none;\">\n<ul>\n<li>Alguns infants <strong>encara necessiten dormir a mig mat\u00ed<\/strong>.<\/li>\n<li>Altres ja caminen amb seguretat, mentre que alguns <strong>encara gategen o estan comen\u00e7ant a posar-se drets<\/strong>.<\/li>\n<\/ul>\n<\/li>\n<\/ul>\n<p>A l&#8217;aula hi trobem diferents espais com:<\/p>\n<ul>\n<li style=\"list-style-type: none;\">\n<ul>\n<li style=\"list-style-type: none;\">\n<ul>\n<li>Matal\u00e0s, mirall i barra: on el nen\/a descobreix la seva pr\u00f2pia imatge. Fem jocs de falda i massatges.<\/li>\n<li>Catifes de diferents textures on hi ha jocs de manipulaci\u00f3: panera dels tresors, jocs d&#8217;omplir i buidar, joc heur\u00edstic&#8230;<\/li>\n<li>Caseta: on s&#8217;estimula els jocs de relaci\u00f3 (joc del tat, amagar-se,&#8230;)<\/li>\n<li>Circuit amb peces d&#8217;escuma i triangles de fusta amb rampa per estimular el moviment; despla\u00e7ar-se, enfilar-se&#8230;<\/li>\n<li>Zona de canviador i de rentar mans, amb una pica i aixeta a l&#8217;al\u00e7ada dels infants.<\/li>\n<li>Zona de menjar amb taula i cadires-trona on dinem i berenem.<\/li>\n<li>Espais per descansar on cada nen\/a t\u00e9 la seva tombona per dormir a mig mat\u00ed quan ho necessitin i matal\u00e0s per cada nen\/a amb el seu sac per dormir la migdiada.<\/li>\n<li>Tamb\u00e9 tenim un pati per nosaltres que compartim amb els nens\/es de la classe dels Solets on hi sortim directament des de la nostre classe.<\/li>\n<\/ul>\n<\/li>\n<\/ul>\n<\/li>\n<\/ul>\n<p style=\"text-align: center;\"><a href=\"https:\/\/agora.xtec.cat\/llar-barrufets\/wp-content\/uploads\/usu1017\/2023\/09\/caminants-petits.png\"><img loading=\"lazy\" decoding=\"async\" class=\"alignnone size-full wp-image-1156\" src=\"https:\/\/agora.xtec.cat\/llar-barrufets\/wp-content\/uploads\/usu1017\/2023\/09\/caminants-petits.png\" alt=\"\" width=\"340\" height=\"267\" srcset=\"https:\/\/agora.xtec.cat\/llar-barrufets\/wp-content\/uploads\/usu1017\/2023\/09\/caminants-petits.png 340w, https:\/\/agora.xtec.cat\/llar-barrufets\/wp-content\/uploads\/usu1017\/2023\/09\/caminants-petits-300x236.png 300w\" sizes=\"auto, (max-width: 340px) 100vw, 340px\" \/><\/a><a href=\"https:\/\/agora.xtec.cat\/llar-barrufets\/wp-content\/uploads\/usu1017\/2023\/09\/caminants-petits2.png\"><img loading=\"lazy\" decoding=\"async\" class=\"alignnone size-full wp-image-1157\" src=\"https:\/\/agora.xtec.cat\/llar-barrufets\/wp-content\/uploads\/usu1017\/2023\/09\/caminants-petits2.png\" alt=\"\" width=\"340\" height=\"267\" srcset=\"https:\/\/agora.xtec.cat\/llar-barrufets\/wp-content\/uploads\/usu1017\/2023\/09\/caminants-petits2.png 340w, https:\/\/agora.xtec.cat\/llar-barrufets\/wp-content\/uploads\/usu1017\/2023\/09\/caminants-petits2-300x236.png 300w\" sizes=\"auto, (max-width: 340px) 100vw, 340px\" \/><\/a><\/p>\n<p>&nbsp;<\/p>\n<p><strong>A la classe de Llunes i Estels (Caminants grans):<a href=\"https:\/\/agora.xtec.cat\/llar-barrufets\/wp-content\/uploads\/usu1017\/2025\/04\/PRESENTACIO-PORTES-OBERTES.jpg\"><img loading=\"lazy\" decoding=\"async\" class=\"alignnone size-large wp-image-1267\" src=\"https:\/\/agora.xtec.cat\/llar-barrufets\/wp-content\/uploads\/usu1017\/2025\/04\/PRESENTACIO-PORTES-OBERTES-1024x576.jpg\" alt=\"\" width=\"1024\" height=\"576\" srcset=\"https:\/\/agora.xtec.cat\/llar-barrufets\/wp-content\/uploads\/usu1017\/2025\/04\/PRESENTACIO-PORTES-OBERTES-1024x576.jpg 1024w, https:\/\/agora.xtec.cat\/llar-barrufets\/wp-content\/uploads\/usu1017\/2025\/04\/PRESENTACIO-PORTES-OBERTES-300x169.jpg 300w, https:\/\/agora.xtec.cat\/llar-barrufets\/wp-content\/uploads\/usu1017\/2025\/04\/PRESENTACIO-PORTES-OBERTES-768x432.jpg 768w, https:\/\/agora.xtec.cat\/llar-barrufets\/wp-content\/uploads\/usu1017\/2025\/04\/PRESENTACIO-PORTES-OBERTES-1536x864.jpg 1536w, https:\/\/agora.xtec.cat\/llar-barrufets\/wp-content\/uploads\/usu1017\/2025\/04\/PRESENTACIO-PORTES-OBERTES.jpg 1920w\" sizes=\"auto, (max-width: 1024px) 100vw, 1024px\" \/><\/a><\/strong><\/p>\n<p>A les classes de Llunes i Estels hi conviuen els infants d&#8217;1 a 2 anys (els m\u00e9s grans). Les dues aules estan comunicades per una porta que ens permet en moments donats transitar lliurement pels dos espais.<\/p>\n<p>Cada un t\u00e9 una zona de canvi i higiene particular.<\/p>\n<p>Des de la pr\u00f2pia aula podem accedir directament al pati que compartim.<\/p>\n<p><span style=\"font-family: inherit; font-size: 1em;\">Ambd\u00f3s espais s\u00f3n acollidors i estan pensats perqu\u00e8 els nens i nenes trobin m\u00e9s possibilitats de descoberta, d&#8217;experimentaci\u00f3 i de relaci\u00f3, tan necessari pel seu desenvolupament integral.<\/span><\/p>\n<p><a href=\"https:\/\/agora.xtec.cat\/llar-barrufets\/wp-content\/uploads\/usu1017\/2023\/09\/llunes2.png\"><img loading=\"lazy\" decoding=\"async\" class=\"alignnone size-full wp-image-1161\" src=\"https:\/\/agora.xtec.cat\/llar-barrufets\/wp-content\/uploads\/usu1017\/2023\/09\/llunes2.png\" alt=\"\" width=\"1013\" height=\"557\" srcset=\"https:\/\/agora.xtec.cat\/llar-barrufets\/wp-content\/uploads\/usu1017\/2023\/09\/llunes2.png 1013w, https:\/\/agora.xtec.cat\/llar-barrufets\/wp-content\/uploads\/usu1017\/2023\/09\/llunes2-300x165.png 300w, https:\/\/agora.xtec.cat\/llar-barrufets\/wp-content\/uploads\/usu1017\/2023\/09\/llunes2-768x422.png 768w\" sizes=\"auto, (max-width: 1013px) 100vw, 1013px\" \/><\/a><\/p>\n<p><a href=\"https:\/\/agora.xtec.cat\/llar-barrufets\/wp-content\/uploads\/usu1017\/2023\/09\/llunes2-1.png\"><img loading=\"lazy\" decoding=\"async\" class=\"alignnone size-full wp-image-1162\" src=\"https:\/\/agora.xtec.cat\/llar-barrufets\/wp-content\/uploads\/usu1017\/2023\/09\/llunes2-1.png\" alt=\"\" width=\"1013\" height=\"557\" srcset=\"https:\/\/agora.xtec.cat\/llar-barrufets\/wp-content\/uploads\/usu1017\/2023\/09\/llunes2-1.png 1013w, https:\/\/agora.xtec.cat\/llar-barrufets\/wp-content\/uploads\/usu1017\/2023\/09\/llunes2-1-300x165.png 300w, https:\/\/agora.xtec.cat\/llar-barrufets\/wp-content\/uploads\/usu1017\/2023\/09\/llunes2-1-768x422.png 768w\" sizes=\"auto, (max-width: 1013px) 100vw, 1013px\" \/><\/a><\/p>\n<p class=\"\" data-start=\"170\" data-end=\"226\"><strong data-start=\"170\" data-end=\"226\">L\u2019Espai de Caminants: un m\u00f3n per descobrir pas a pas<\/strong><\/p>\n<p class=\"\" data-start=\"228\" data-end=\"515\">A l\u2019espai de caminants, acollim infants que comencen a guanyar autonomia i a explorar el m\u00f3n des d\u2019una nova perspectiva: drets, curiosos i amb moltes ganes de descobrir. \u00c9s una etapa plena de descobertes, on cada pas, cada gest i cada joc s\u00f3n una oportunitat d\u2019aprenentatge i creixement.<\/p>\n<p class=\"\" data-start=\"517\" data-end=\"776\">El nostre espai est\u00e0 pensat per acompanyar aquest moment tan especial amb propostes adaptades a les seves necessitats motrius, emocionals i sensorials. Oferim un entorn segur i ric en est\u00edmuls que afavoreix la iniciativa, la curiositat i l\u2019expressi\u00f3 personal.<\/p>\n<p class=\"\" data-start=\"778\" data-end=\"910\">A continuaci\u00f3, us expliquem algunes de les activitats i enfocaments que guien el nostre dia a dia en aquest espai tan viu i din\u00e0mic.<\/p>\n<ul>\n<li><strong>Desenvolupament motriu i exploraci\u00f3 :<\/strong>Afavorim el desenvolupament motriu mitjan\u00e7ant espais i materials que permeten l\u2019exploraci\u00f3 lliure i segura.<\/li>\n<li><strong>Joc heur\u00edstic i manipulaci\u00f3: <\/strong>Introdu\u00efm el <strong>joc heur\u00edstic<\/strong>, que ofereix als infants la possibilitat de descobrir, experimentar i combinar objectes del dia a dia de manera lliure. Tamb\u00e9 comptem amb <strong>taules de manipulaci\u00f3<\/strong> que proposem amb materials naturals i sensorials, sempre tenint en compte la seguretat i la supervisi\u00f3.<\/li>\n<li><strong>Primers contactes amb el llenguatge art\u00edstic: <\/strong>A trav\u00e9s de la pintura en diferents formats, els gomets i altres t\u00e8cniques, els infants comencen a expressar-se i a experimentar amb colors, textures i formes. No busquem un resultat, sin\u00f3 el gaudi i la descoberta.<\/li>\n<li><strong>Inici al joc simb\u00f2lic: <\/strong>Comencem a observar els primers indicis de <strong>joc simb\u00f2lic<\/strong>: fer veure que cuinen, que parlen per tel\u00e8fon, que cuiden un nino&#8230; Acompanyem aquestes iniciatives oferint materials adequats perqu\u00e8 puguin imitar el m\u00f3n que els envolta.<\/li>\n<\/ul>\n<p>&nbsp;<\/p>\n","protected":false},"excerpt":{"rendered":"<p>Espai de Caminants<br \/>\nTenim tres aules de Caminants, a la Llar d&#8217;infants Barrufets distribu\u00efm els infants segons l&#8217;edat, els m\u00e9s petits van a la classe del Globus i els m\u00e9s grans a Llunes i Estels.<br \/>\nA l\u2019etapa de caminants, continuem oferint un entorn segur, c\u00e0lid i preparat&hellip;  <a href=\"https:\/\/agora.xtec.cat\/llar-barrufets\/nivells\/caminants-p1-1-a-2-anys\/\" title=\"Read Caminants I1 (1 a 2 anys)\">Llegeix m\u00e9s\u00bb<\/a><\/p>\n","protected":false},"author":1,"featured_media":0,"parent":87,"menu_order":0,"comment_status":"closed","ping_status":"closed","template":"","meta":{"_bbp_topic_count":0,"_bbp_reply_count":0,"_bbp_total_topic_count":0,"_bbp_total_reply_count":0,"_bbp_voice_count":0,"_bbp_anonymous_reply_count":0,"_bbp_topic_count_hidden":0,"_bbp_reply_count_hidden":0,"_bbp_forum_subforum_count":0,"footnotes":""},"class_list":["post-874","page","type-page","status-publish","hentry"],"post_mailing_queue_ids":[],"_links":{"self":[{"href":"https:\/\/agora.xtec.cat\/llar-barrufets\/wp-json\/wp\/v2\/pages\/874","targetHints":{"allow":["GET"]}}],"collection":[{"href":"https:\/\/agora.xtec.cat\/llar-barrufets\/wp-json\/wp\/v2\/pages"}],"about":[{"href":"https:\/\/agora.xtec.cat\/llar-barrufets\/wp-json\/wp\/v2\/types\/page"}],"author":[{"embeddable":true,"href":"https:\/\/agora.xtec.cat\/llar-barrufets\/wp-json\/wp\/v2\/users\/1"}],"replies":[{"embeddable":true,"href":"https:\/\/agora.xtec.cat\/llar-barrufets\/wp-json\/wp\/v2\/comments?post=874"}],"version-history":[{"count":5,"href":"https:\/\/agora.xtec.cat\/llar-barrufets\/wp-json\/wp\/v2\/pages\/874\/revisions"}],"predecessor-version":[{"id":1269,"href":"https:\/\/agora.xtec.cat\/llar-barrufets\/wp-json\/wp\/v2\/pages\/874\/revisions\/1269"}],"up":[{"embeddable":true,"href":"https:\/\/agora.xtec.cat\/llar-barrufets\/wp-json\/wp\/v2\/pages\/87"}],"wp:attachment":[{"href":"https:\/\/agora.xtec.cat\/llar-barrufets\/wp-json\/wp\/v2\/media?parent=874"}],"curies":[{"name":"wp","href":"https:\/\/api.w.org\/{rel}","templated":true}]}}