{"id":87,"date":"2014-09-18T14:28:12","date_gmt":"2014-09-18T13:28:12","guid":{"rendered":"http:\/\/agora.xtec.cat\/llar-barrufets\/?page_id=87"},"modified":"2024-05-16T15:50:38","modified_gmt":"2024-05-16T13:50:38","slug":"nivells","status":"publish","type":"page","link":"https:\/\/agora.xtec.cat\/llar-barrufets\/nivells\/","title":{"rendered":"Nivells"},"content":{"rendered":"<p>La Llar d&#8217;infants Barrufets \u00e9s un centre educatiu, p\u00fablic, del Departament d&#8217;Educaci\u00f3, destinat a l&#8217;Infant de 4 mesos a 3 anys (1r cicle d&#8217;Educaci\u00f3 Infantil).<\/p>\n<p>Cal tenir present que aquest primera etapa de vida \u00e9s fonamental ja que \u00e9s la base de posteriors aprenentatges.<\/p>\n<p>Per aix\u00f2, el que pretenem, juntament amb vosaltres pares i mares, \u00e9s crear una bona relaci\u00f3 afectiva i estimuladora amb els infants, ajudant-los a desenvolupar harm\u00f2nicament la seva personalitat en un ambient de llibertat i autonomia.<\/p>\n<p><strong>COM ENS ORGANITZEM A BARRUFETS:<\/strong><\/p>\n<p>Acollim un m\u00e0xim de 90 infants distribu\u00efts en 7 grups segons l&#8217;edat.<\/p>\n<p>Cada classe t\u00e9 un nom que l&#8217;identifica.<\/p>\n<ul>\n<li style=\"list-style-type: none;\">\n<ul>\n<li>LACTANTS P0: <strong>Solets<\/strong>\n<ul>\n<li>Nens i nenes nascuts\/des a l&#8217;any 2024 (0-1 any)<\/li>\n<\/ul>\n<\/li>\n<li>CAMINANTS P1: <strong>Globus, Llunes i Estels<\/strong>\n<ul>\n<li>Nens i nenes nascuts\/des a l&#8217;any 2023 (1-2 anys)<\/li>\n<\/ul>\n<\/li>\n<li>MATERNALS P2:\u00a0 <strong>Avions Blaus, Grocs i Vermells<\/strong>.\n<ul>\n<li>Nens i nenes nascuts\/des a l&#8217;any 2022 (2-3 anys)<\/li>\n<\/ul>\n<\/li>\n<\/ul>\n<\/li>\n<\/ul>\n<p><strong>Personal que hi treballem:<\/strong><\/p>\n<ul>\n<li style=\"list-style-type: none;\">\n<ul style=\"list-style-type: square;\">\n<li>9 educadores (3 a mitja jornada)<\/li>\n<li>1 directora<\/li>\n<li>1 oficial de manteniment<\/li>\n<li>3 netejadores\/ajudants de cuina<\/li>\n<li>1 cuiner<\/li>\n<li>2 monitores pel servei d&#8217;acollida i menjador<\/li>\n<\/ul>\n<\/li>\n<\/ul>\n<p><a href=\"https:\/\/drive.google.com\/file\/d\/1jdz4f_oMQrWCKdH7IQPITFfJDOVb-m2D\/view?usp=sharing\" target=\"_blank\" rel=\"noopener\"><img loading=\"lazy\" decoding=\"async\" class=\"alignnone wp-image-1209 size-medium\" src=\"https:\/\/agora.xtec.cat\/llar-barrufets\/wp-content\/uploads\/usu1017\/2024\/05\/Disseny-sense-titol-2-169x300.png\" alt=\"\" width=\"169\" height=\"300\" srcset=\"https:\/\/agora.xtec.cat\/llar-barrufets\/wp-content\/uploads\/usu1017\/2024\/05\/Disseny-sense-titol-2-169x300.png 169w, https:\/\/agora.xtec.cat\/llar-barrufets\/wp-content\/uploads\/usu1017\/2024\/05\/Disseny-sense-titol-2-576x1024.png 576w, https:\/\/agora.xtec.cat\/llar-barrufets\/wp-content\/uploads\/usu1017\/2024\/05\/Disseny-sense-titol-2-768x1365.png 768w, https:\/\/agora.xtec.cat\/llar-barrufets\/wp-content\/uploads\/usu1017\/2024\/05\/Disseny-sense-titol-2-864x1536.png 864w, https:\/\/agora.xtec.cat\/llar-barrufets\/wp-content\/uploads\/usu1017\/2024\/05\/Disseny-sense-titol-2.png 1080w\" sizes=\"auto, (max-width: 169px) 100vw, 169px\" \/><\/a><\/p>\n","protected":false},"excerpt":{"rendered":"<p>La Llar d&#8217;infants Barrufets \u00e9s un centre educatiu, p\u00fablic, del Departament d&#8217;Educaci\u00f3, destinat a l&#8217;Infant de 4 mesos a 3 anys (1r cicle d&#8217;Educaci\u00f3 Infantil).<br \/>\nCal tenir present que aquest primera etapa de vida \u00e9s fonamental ja que \u00e9s la base de posteriors aprenentatges.<br \/>\nPer aix\u00f2, el&hellip;  <a href=\"https:\/\/agora.xtec.cat\/llar-barrufets\/nivells\/\" title=\"Read Nivells\">Llegeix m\u00e9s\u00bb<\/a><\/p>\n","protected":false},"author":1,"featured_media":0,"parent":0,"menu_order":0,"comment_status":"closed","ping_status":"closed","template":"page-templates\/side-menu.php","meta":{"_bbp_topic_count":0,"_bbp_reply_count":0,"_bbp_total_topic_count":0,"_bbp_total_reply_count":0,"_bbp_voice_count":0,"_bbp_anonymous_reply_count":0,"_bbp_topic_count_hidden":0,"_bbp_reply_count_hidden":0,"_bbp_forum_subforum_count":0,"footnotes":""},"class_list":["post-87","page","type-page","status-publish","hentry"],"post_mailing_queue_ids":[],"_links":{"self":[{"href":"https:\/\/agora.xtec.cat\/llar-barrufets\/wp-json\/wp\/v2\/pages\/87","targetHints":{"allow":["GET"]}}],"collection":[{"href":"https:\/\/agora.xtec.cat\/llar-barrufets\/wp-json\/wp\/v2\/pages"}],"about":[{"href":"https:\/\/agora.xtec.cat\/llar-barrufets\/wp-json\/wp\/v2\/types\/page"}],"author":[{"embeddable":true,"href":"https:\/\/agora.xtec.cat\/llar-barrufets\/wp-json\/wp\/v2\/users\/1"}],"replies":[{"embeddable":true,"href":"https:\/\/agora.xtec.cat\/llar-barrufets\/wp-json\/wp\/v2\/comments?post=87"}],"version-history":[{"count":5,"href":"https:\/\/agora.xtec.cat\/llar-barrufets\/wp-json\/wp\/v2\/pages\/87\/revisions"}],"predecessor-version":[{"id":1211,"href":"https:\/\/agora.xtec.cat\/llar-barrufets\/wp-json\/wp\/v2\/pages\/87\/revisions\/1211"}],"wp:attachment":[{"href":"https:\/\/agora.xtec.cat\/llar-barrufets\/wp-json\/wp\/v2\/media?parent=87"}],"curies":[{"name":"wp","href":"https:\/\/api.w.org\/{rel}","templated":true}]}}