{"id":846,"date":"2021-10-10T11:07:59","date_gmt":"2021-10-10T09:07:59","guid":{"rendered":"http:\/\/agora.xtec.cat\/llar-barrufets\/?page_id=846"},"modified":"2025-11-20T16:26:29","modified_gmt":"2025-11-20T15:26:29","slug":"ampa-2","status":"publish","type":"page","link":"https:\/\/agora.xtec.cat\/llar-barrufets\/ampa-2\/","title":{"rendered":"AFA"},"content":{"rendered":"<p data-pm-slice=\"1 1 []\"><a href=\"https:\/\/agora.xtec.cat\/llar-barrufets\/wp-content\/uploads\/usu1017\/2025\/11\/LOGO-2025-AFA-Llar-dInfants-Barrufets-1.png\"><img loading=\"lazy\" decoding=\"async\" class=\"wp-image-1320 aligncenter\" src=\"https:\/\/agora.xtec.cat\/llar-barrufets\/wp-content\/uploads\/usu1017\/2025\/11\/LOGO-2025-AFA-Llar-dInfants-Barrufets-1.png\" alt=\"\" width=\"221\" height=\"221\" srcset=\"https:\/\/agora.xtec.cat\/llar-barrufets\/wp-content\/uploads\/usu1017\/2025\/11\/LOGO-2025-AFA-Llar-dInfants-Barrufets-1.png 500w, https:\/\/agora.xtec.cat\/llar-barrufets\/wp-content\/uploads\/usu1017\/2025\/11\/LOGO-2025-AFA-Llar-dInfants-Barrufets-1-300x300.png 300w, https:\/\/agora.xtec.cat\/llar-barrufets\/wp-content\/uploads\/usu1017\/2025\/11\/LOGO-2025-AFA-Llar-dInfants-Barrufets-1-150x150.png 150w\" sizes=\"auto, (max-width: 221px) 100vw, 221px\" \/><\/a><\/p>\n<p data-pm-slice=\"1 1 []\">L\u2019AFA de la nostra llar d\u2019infants \u00e9s un espai de col\u00b7laboraci\u00f3 continuada entre les fam\u00edlies i l\u2019equip educatiu. Treballem plegats per enriquir el dia a dia dels infants i per crear un entorn acollidor, actiu i ple d\u2019oportunitats d\u2019aprenentatge.<br \/>\nLa quota anual per fam\u00edlia \u00e9s de 25 \u20ac, i es destina \u00edntegrament a finan\u00e7ar activitats, materials i iniciatives que repercuteixen directament en els infants. Gr\u00e0cies a aquesta col\u00b7laboraci\u00f3, podem dur a terme:<\/p>\n<p>&#8211; Contractaci\u00f3 de personal de refor\u00e7 per acompanyar els infants en experi\u00e8ncies i sortides.<br \/>\n&#8211; Pagament de l\u2019autob\u00fas per a la sortida de I2 a la granja (gratu\u00eft per a les fam\u00edlies amb la quota al dia).<br \/>\n&#8211; Organitzaci\u00f3 de la Festa de Nadal: animaci\u00f3, berenar, ti\u00f3 i altres propostes especials.<br \/>\n&#8211; Regal del conte de Sant Jordi a tots els infants.<br \/>\n&#8211; Organitzaci\u00f3 de la Festa de Final de Curs: animaci\u00f3, berenar i activitats l\u00fadiques.<br \/>\n&#8211; Taller i activitats durant el curs<br \/>\n&#8211; \u2060Obsequis i compra de material<br \/>\n\u2026 i moltes altres activitats.<\/p>\n<p>La implicaci\u00f3 de totes les fam\u00edlies \u00e9s essencial per continuar construint una llar d\u2019infants viva, propera i compartida entre tots.<\/p>\n<p>Gr\u00e0cies per formar-hi part!<\/p>\n<h4><\/h4>\n<h4>Canals de comunicaci\u00f3 amb l&#8217;AFA:<\/h4>\n<p><a href=\"https:\/\/agora.xtec.cat\/llar-barrufets\/wp-content\/uploads\/usu1017\/2025\/11\/CARTELL-CANALS-COMUNICACIO.png\"><img loading=\"lazy\" decoding=\"async\" class=\"alignnone wp-image-1316\" src=\"https:\/\/agora.xtec.cat\/llar-barrufets\/wp-content\/uploads\/usu1017\/2025\/11\/CARTELL-CANALS-COMUNICACIO-724x1024.png\" alt=\"\" width=\"377\" height=\"534\" srcset=\"https:\/\/agora.xtec.cat\/llar-barrufets\/wp-content\/uploads\/usu1017\/2025\/11\/CARTELL-CANALS-COMUNICACIO-724x1024.png 724w, https:\/\/agora.xtec.cat\/llar-barrufets\/wp-content\/uploads\/usu1017\/2025\/11\/CARTELL-CANALS-COMUNICACIO-212x300.png 212w, https:\/\/agora.xtec.cat\/llar-barrufets\/wp-content\/uploads\/usu1017\/2025\/11\/CARTELL-CANALS-COMUNICACIO-768x1086.png 768w, https:\/\/agora.xtec.cat\/llar-barrufets\/wp-content\/uploads\/usu1017\/2025\/11\/CARTELL-CANALS-COMUNICACIO-1086x1536.png 1086w, https:\/\/agora.xtec.cat\/llar-barrufets\/wp-content\/uploads\/usu1017\/2025\/11\/CARTELL-CANALS-COMUNICACIO-1448x2048.png 1448w, https:\/\/agora.xtec.cat\/llar-barrufets\/wp-content\/uploads\/usu1017\/2025\/11\/CARTELL-CANALS-COMUNICACIO.png 1587w\" sizes=\"auto, (max-width: 377px) 100vw, 377px\" \/><\/a><\/p>\n<p><a href=\"https:\/\/agora.xtec.cat\/llar-barrufets\/wp-content\/uploads\/usu1017\/2025\/11\/BUTLLETI-AFA-2025-a.png\"><img loading=\"lazy\" decoding=\"async\" class=\"alignnone wp-image-1317\" src=\"https:\/\/agora.xtec.cat\/llar-barrufets\/wp-content\/uploads\/usu1017\/2025\/11\/BUTLLETI-AFA-2025-a.png\" alt=\"\" width=\"376\" height=\"553\" srcset=\"https:\/\/agora.xtec.cat\/llar-barrufets\/wp-content\/uploads\/usu1017\/2025\/11\/BUTLLETI-AFA-2025-a.png 518w, https:\/\/agora.xtec.cat\/llar-barrufets\/wp-content\/uploads\/usu1017\/2025\/11\/BUTLLETI-AFA-2025-a-204x300.png 204w\" sizes=\"auto, (max-width: 376px) 100vw, 376px\" \/><\/a><\/p>\n<p>&nbsp;<\/p>\n<p>&nbsp;<\/p>\n<p>&nbsp;<\/p>\n<p>&nbsp;<\/p>\n","protected":false},"excerpt":{"rendered":"<p><a href=\"https:\/\/agora.xtec.cat\/llar-barrufets\/wp-content\/uploads\/usu1017\/2025\/11\/LOGO-2025-AFA-Llar-dInfants-Barrufets-1.png\"><\/a><br \/>\nL\u2019AFA de la nostra llar d\u2019infants \u00e9s un espai de col\u00b7laboraci\u00f3 continuada entre les fam\u00edlies i l\u2019equip educatiu. Treballem plegats per enriquir el dia a dia dels infants i per crear un entorn acollidor, actiu i ple d\u2019oportunitats d\u2019aprenentatge.<br \/>\nLa quota anual per fam\u00edlia \u00e9s&hellip;  <a href=\"https:\/\/agora.xtec.cat\/llar-barrufets\/ampa-2\/\" title=\"Read AFA\">Llegeix m\u00e9s\u00bb<\/a><\/p>\n","protected":false},"author":1,"featured_media":0,"parent":0,"menu_order":0,"comment_status":"closed","ping_status":"closed","template":"","meta":{"_bbp_topic_count":0,"_bbp_reply_count":0,"_bbp_total_topic_count":0,"_bbp_total_reply_count":0,"_bbp_voice_count":0,"_bbp_anonymous_reply_count":0,"_bbp_topic_count_hidden":0,"_bbp_reply_count_hidden":0,"_bbp_forum_subforum_count":0,"footnotes":""},"class_list":["post-846","page","type-page","status-publish","hentry"],"post_mailing_queue_ids":[],"_links":{"self":[{"href":"https:\/\/agora.xtec.cat\/llar-barrufets\/wp-json\/wp\/v2\/pages\/846","targetHints":{"allow":["GET"]}}],"collection":[{"href":"https:\/\/agora.xtec.cat\/llar-barrufets\/wp-json\/wp\/v2\/pages"}],"about":[{"href":"https:\/\/agora.xtec.cat\/llar-barrufets\/wp-json\/wp\/v2\/types\/page"}],"author":[{"embeddable":true,"href":"https:\/\/agora.xtec.cat\/llar-barrufets\/wp-json\/wp\/v2\/users\/1"}],"replies":[{"embeddable":true,"href":"https:\/\/agora.xtec.cat\/llar-barrufets\/wp-json\/wp\/v2\/comments?post=846"}],"version-history":[{"count":7,"href":"https:\/\/agora.xtec.cat\/llar-barrufets\/wp-json\/wp\/v2\/pages\/846\/revisions"}],"predecessor-version":[{"id":1321,"href":"https:\/\/agora.xtec.cat\/llar-barrufets\/wp-json\/wp\/v2\/pages\/846\/revisions\/1321"}],"wp:attachment":[{"href":"https:\/\/agora.xtec.cat\/llar-barrufets\/wp-json\/wp\/v2\/media?parent=846"}],"curies":[{"name":"wp","href":"https:\/\/api.w.org\/{rel}","templated":true}]}}