{"id":73,"date":"2014-09-07T14:01:51","date_gmt":"2014-09-07T12:01:51","guid":{"rendered":"http:\/\/agora.xtec.cat\/llar-barrufets\/?page_id=73"},"modified":"2026-01-19T14:41:16","modified_gmt":"2026-01-19T13:41:16","slug":"menjador-escolar","status":"publish","type":"page","link":"https:\/\/agora.xtec.cat\/llar-barrufets\/serveis\/menjador-escolar\/","title":{"rendered":"Menjador escolar"},"content":{"rendered":"<ul>\n<li>El menjar el confecciona el cuiner, compta amb la col\u00b7laboraci\u00f3 d\u2019una ajudant de cuina\/feinera en les hores m\u00e9s puntuals.<\/li>\n<li>Els men\u00fas s\u00f3n confeccionats per l\u2019equip, sota el criteri de la secci\u00f3 de salut del Departament d\u2019Ensenyament.<\/li>\n<li>Els r\u00e8gims per controlar un cas de descomposici\u00f3 (diarrea) no podr\u00e0 durar m\u00e9s de 2 dies.<\/li>\n<li>En cas de dietes o r\u00e8gims especials, per motius de salut (<strong>intoler\u00e0ncies<\/strong>), cal dur la prescripci\u00f3 del\/la pediatre\/a.<\/li>\n<li>Pel grup de Lactants P0, es respectaran sempre els men\u00fas que dicti el seu\/seva pediatre\/a i els horaris que estiguin acostumats, fins que, a poc a poc, i a mesura que vagin creixent, s\u2019aniran habituant al ritme de l\u2019escola.<\/li>\n<li>L\u2019horari dels \u00e0pats, s\u00f3n: \u00a0\u00a0<strong>12<\/strong>h. Dinar.<\/li>\n<\/ul>\n<p><strong>\u00a0 \u00a0 \u00a0 \u00a0 \u00a0 \u00a0 \u00a0 \u00a0 \u00a0 \u00a0 \u00a0 \u00a0 \u00a0 \u00a0 \u00a0 \u00a0 \u00a0 \u00a0 \u00a0 \u00a0 \u00a0 \u00a0 \u00a016<\/strong>h. Berenar (P0 i P1)<\/p>\n<p><a href=\"https:\/\/agora.xtec.cat\/llar-barrufets\/wp-content\/uploads\/usu1017\/2023\/09\/20230310_121349.jpg\"><img loading=\"lazy\" decoding=\"async\" class=\"alignnone size-full wp-image-1152\" src=\"https:\/\/agora.xtec.cat\/llar-barrufets\/wp-content\/uploads\/usu1017\/2023\/09\/20230310_121349.jpg\" alt=\"\" width=\"1024\" height=\"792\" srcset=\"https:\/\/agora.xtec.cat\/llar-barrufets\/wp-content\/uploads\/usu1017\/2023\/09\/20230310_121349.jpg 1024w, https:\/\/agora.xtec.cat\/llar-barrufets\/wp-content\/uploads\/usu1017\/2023\/09\/20230310_121349-300x232.jpg 300w, https:\/\/agora.xtec.cat\/llar-barrufets\/wp-content\/uploads\/usu1017\/2023\/09\/20230310_121349-768x594.jpg 768w\" sizes=\"auto, (max-width: 1024px) 100vw, 1024px\" \/><\/a><\/p>\n<p><strong>Men\u00fas:<\/strong><\/p>\n<p><a style=\"color: #2795b6;\" href=\"https:\/\/drive.google.com\/file\/d\/1RJ5pA-W1VWVRSRmmygdkYQU-hIkZoeDu\/view?usp=sharing\" target=\"_blank\" rel=\"noopener noreferrer\">Men\u00fa Caminants<\/a><\/p>\n<p><a style=\"color: #2795b6;\" href=\"https:\/\/drive.google.com\/file\/d\/1STuFaDmVyXtCeur5or94Ys-0EX5XRsXo\/view?usp=sharing\" target=\"_blank\" rel=\"noopener noreferrer\">Men\u00fa Maternal<\/a><\/p>\n<p><a href=\"https:\/\/drive.google.com\/file\/d\/1UXG7CkBydGr9nW92UDCwLkwB2malOKRP\/view?usp=sharing\" target=\"_blank\" rel=\"noopener\">Men\u00fa Vegetari\u00e0<\/a><\/p>\n","protected":false},"excerpt":{"rendered":"<ul>\n<li>El menjar el confecciona el cuiner, compta amb la col\u00b7laboraci\u00f3 d\u2019una ajudant de cuina\/feinera en les hores m\u00e9s puntuals.<\/li>\n<li>Els men\u00fas s\u00f3n confeccionats per l\u2019equip, sota el criteri de la secci\u00f3 de salut del Departament d\u2019Ensenyament.<\/li>\n<li>Els r\u00e8gims per controlar un cas de descomposici\u00f3 (diarrea) no podr\u00e0&hellip;  <a href=\"https:\/\/agora.xtec.cat\/llar-barrufets\/serveis\/menjador-escolar\/\" title=\"Read Menjador escolar\">Llegeix m\u00e9s\u00bb<\/a><br \/>\n","protected":false},"author":1,"featured_media":0,"parent":66,"menu_order":30,"comment_status":"closed","ping_status":"closed","template":"page-templates\/side-menu.php","meta":{"_bbp_topic_count":0,"_bbp_reply_count":0,"_bbp_total_topic_count":0,"_bbp_total_reply_count":0,"_bbp_voice_count":0,"_bbp_anonymous_reply_count":0,"_bbp_topic_count_hidden":0,"_bbp_reply_count_hidden":0,"_bbp_forum_subforum_count":0,"footnotes":""},"class_list":["post-73","page","type-page","status-publish","hentry"],"post_mailing_queue_ids":[],"_links":{"self":[{"href":"https:\/\/agora.xtec.cat\/llar-barrufets\/wp-json\/wp\/v2\/pages\/73","targetHints":{"allow":["GET"]}}],"collection":[{"href":"https:\/\/agora.xtec.cat\/llar-barrufets\/wp-json\/wp\/v2\/pages"}],"about":[{"href":"https:\/\/agora.xtec.cat\/llar-barrufets\/wp-json\/wp\/v2\/types\/page"}],"author":[{"embeddable":true,"href":"https:\/\/agora.xtec.cat\/llar-barrufets\/wp-json\/wp\/v2\/users\/1"}],"replies":[{"embeddable":true,"href":"https:\/\/agora.xtec.cat\/llar-barrufets\/wp-json\/wp\/v2\/comments?post=73"}],"version-history":[{"count":6,"href":"https:\/\/agora.xtec.cat\/llar-barrufets\/wp-json\/wp\/v2\/pages\/73\/revisions"}],"predecessor-version":[{"id":1322,"href":"https:\/\/agora.xtec.cat\/llar-barrufets\/wp-json\/wp\/v2\/pages\/73\/revisions\/1322"}],"up":[{"embeddable":true,"href":"https:\/\/agora.xtec.cat\/llar-barrufets\/wp-json\/wp\/v2\/pages\/66"}],"wp:attachment":[{"href":"https:\/\/agora.xtec.cat\/llar-barrufets\/wp-json\/wp\/v2\/media?parent=73"}],"curies":[{"name":"wp","href":"https:\/\/api.w.org\/{rel}","templated":true}]}}