{"id":26,"date":"2014-09-18T12:24:32","date_gmt":"2014-09-18T11:24:32","guid":{"rendered":"http:\/\/agora.xtec.cat\/llar-barrufets\/?page_id=26"},"modified":"2025-11-12T10:13:33","modified_gmt":"2025-11-12T09:13:33","slug":"historia","status":"publish","type":"page","link":"https:\/\/agora.xtec.cat\/llar-barrufets\/lescola\/historia\/","title":{"rendered":"Qui som"},"content":{"rendered":"<p>\u00c9s un centre educatiu, p\u00fablic, del Departament d\u2019Ensenyament per a nens i nenes des dels 4 mesos fins als 3 anys.<\/p>\n<p>Tenim com a finalitat col\u00b7laborar amb les fam\u00edlies en l\u2019educaci\u00f3 dels infants amb l\u2019objectiu de fer cr\u00e9ixer nens feli\u00e7os i respectuosos amb el m<span style=\"font-family: inherit; font-size: 1em;\">\u00f3n que els envolta.<\/span><\/p>\n<p>Partint del joc com a base de tot aprenentatge, intentem oferir un espai agradable i adequat als infants d\u2019aquesta edat que els aporti la possibilitat de tenir experi\u00e8ncies de descoberta i de relaci\u00f3 amb els dem\u00e9s que afavoreixin el seu desenvolupament global d\u2019una manera harm\u00f2nica.<\/p>\n<p>Donem especial import\u00e0ncia a l\u2019estreta relaci\u00f3 i comunicaci\u00f3 entre fam\u00edlia i escola basada en el di\u00e0leg, la confian\u00e7a i el respecte mutu.<\/p>\n<p>Comptem tamb\u00e9 amb la col\u00b7laboraci\u00f3 de l\u2019AFA (Associaci\u00f3 de Fam\u00edlies d&#8217;Alumnes) que participa de manera activa en l\u2019educaci\u00f3 dels nens i nenes de l\u2019escola.<\/p>\n<p><a href=\"https:\/\/agora.xtec.cat\/llar-barrufets\/wp-content\/uploads\/usu1017\/2025\/08\/cropped-BARRUFETS-2.png\"><img loading=\"lazy\" decoding=\"async\" class=\"wp-image-1280 alignright\" src=\"https:\/\/agora.xtec.cat\/llar-barrufets\/wp-content\/uploads\/usu1017\/2025\/08\/cropped-BARRUFETS-2.png\" alt=\"\" width=\"246\" height=\"246\" srcset=\"https:\/\/agora.xtec.cat\/llar-barrufets\/wp-content\/uploads\/usu1017\/2025\/08\/cropped-BARRUFETS-2.png 512w, https:\/\/agora.xtec.cat\/llar-barrufets\/wp-content\/uploads\/usu1017\/2025\/08\/cropped-BARRUFETS-2-300x300.png 300w, https:\/\/agora.xtec.cat\/llar-barrufets\/wp-content\/uploads\/usu1017\/2025\/08\/cropped-BARRUFETS-2-150x150.png 150w, https:\/\/agora.xtec.cat\/llar-barrufets\/wp-content\/uploads\/usu1017\/2025\/08\/cropped-BARRUFETS-2-270x270.png 270w, https:\/\/agora.xtec.cat\/llar-barrufets\/wp-content\/uploads\/usu1017\/2025\/08\/cropped-BARRUFETS-2-192x192.png 192w, https:\/\/agora.xtec.cat\/llar-barrufets\/wp-content\/uploads\/usu1017\/2025\/08\/cropped-BARRUFETS-2-180x180.png 180w, https:\/\/agora.xtec.cat\/llar-barrufets\/wp-content\/uploads\/usu1017\/2025\/08\/cropped-BARRUFETS-2-32x32.png 32w\" sizes=\"auto, (max-width: 246px) 100vw, 246px\" \/><\/a><\/p>\n<p>Les activitats i festes populars (Castanyada, Nadal, St. Jordi, etc) formen part de la programaci\u00f3 educativa com a actes tradicionals, amb la finalitat d\u2019incrementar els coneixements culturals i socials dels infants en interacci\u00f3 amb l\u2019entorn m\u00e9s immediat. Aix\u00ed doncs establim vincles de comunicaci\u00f3 amb les entitats m\u00e9s properes del poble: Llar i Resid\u00e8ncia d\u2019avis, FMI&#8230;<\/p>\n","protected":false},"excerpt":{"rendered":"<p>\u00c9s un centre educatiu, p\u00fablic, del Departament d\u2019Ensenyament per a nens i nenes des dels 4 mesos fins als 3 anys.<br \/>\nTenim com a finalitat col\u00b7laborar amb les fam\u00edlies en l\u2019educaci\u00f3 dels infants amb l\u2019objectiu de fer cr\u00e9ixer nens feli\u00e7os i respectuosos amb el m\u00f3n que&hellip;  <a href=\"https:\/\/agora.xtec.cat\/llar-barrufets\/lescola\/historia\/\" title=\"Read Qui som\">Llegeix m\u00e9s\u00bb<\/a><\/p>\n","protected":false},"author":1,"featured_media":0,"parent":22,"menu_order":20,"comment_status":"closed","ping_status":"closed","template":"page-templates\/side-menu.php","meta":{"_bbp_topic_count":0,"_bbp_reply_count":0,"_bbp_total_topic_count":0,"_bbp_total_reply_count":0,"_bbp_voice_count":0,"_bbp_anonymous_reply_count":0,"_bbp_topic_count_hidden":0,"_bbp_reply_count_hidden":0,"_bbp_forum_subforum_count":0,"footnotes":""},"class_list":["post-26","page","type-page","status-publish","hentry"],"post_mailing_queue_ids":[],"_links":{"self":[{"href":"https:\/\/agora.xtec.cat\/llar-barrufets\/wp-json\/wp\/v2\/pages\/26","targetHints":{"allow":["GET"]}}],"collection":[{"href":"https:\/\/agora.xtec.cat\/llar-barrufets\/wp-json\/wp\/v2\/pages"}],"about":[{"href":"https:\/\/agora.xtec.cat\/llar-barrufets\/wp-json\/wp\/v2\/types\/page"}],"author":[{"embeddable":true,"href":"https:\/\/agora.xtec.cat\/llar-barrufets\/wp-json\/wp\/v2\/users\/1"}],"replies":[{"embeddable":true,"href":"https:\/\/agora.xtec.cat\/llar-barrufets\/wp-json\/wp\/v2\/comments?post=26"}],"version-history":[{"count":6,"href":"https:\/\/agora.xtec.cat\/llar-barrufets\/wp-json\/wp\/v2\/pages\/26\/revisions"}],"predecessor-version":[{"id":1302,"href":"https:\/\/agora.xtec.cat\/llar-barrufets\/wp-json\/wp\/v2\/pages\/26\/revisions\/1302"}],"up":[{"embeddable":true,"href":"https:\/\/agora.xtec.cat\/llar-barrufets\/wp-json\/wp\/v2\/pages\/22"}],"wp:attachment":[{"href":"https:\/\/agora.xtec.cat\/llar-barrufets\/wp-json\/wp\/v2\/media?parent=26"}],"curies":[{"name":"wp","href":"https:\/\/api.w.org\/{rel}","templated":true}]}}